{"id":9682,"date":"2017-03-30T13:03:15","date_gmt":"2017-03-30T13:03:15","guid":{"rendered":"https:\/\/www.mairie-chailly-en-biere.fr\/?page_id=9682"},"modified":"2026-03-02T10:05:53","modified_gmt":"2026-03-02T10:05:53","slug":"assistantes-maternelles","status":"publish","type":"page","link":"https:\/\/www.mairie-chailly-en-biere.fr\/?page_id=9682","title":{"rendered":"Assistant(e)s maternel(le)s"},"content":{"rendered":"<p><img loading=\"lazy\" decoding=\"async\" class=\"wp-image-4261 alignleft\" src=\"https:\/\/www.mairie-chailly-en-biere.fr\/wp-content\/uploads\/ENFANTS-300x238.jpg\" alt=\"Enfants\" width=\"171\" height=\"136\" srcset=\"https:\/\/www.mairie-chailly-en-biere.fr\/wp-content\/uploads\/ENFANTS-300x238.jpg 300w, https:\/\/www.mairie-chailly-en-biere.fr\/wp-content\/uploads\/ENFANTS.jpg 533w\" sizes=\"auto, (max-width: 171px) 100vw, 171px\" \/><\/p>\n<p style=\"text-align: justify;\">Merci de bien vouloir contacter au 01.60.70.78.62* la pu\u00e9ricultrice du secteur pour conna\u00eetre les disponibilit\u00e9s.<\/p>\n<address><a href=\"https:\/\/www.mairie-chailly-en-biere.fr\/wp-content\/uploads\/Liste_assistants_maternels-x3A-4582924.pdf\">Liste des assistant(e)s maternel(le)s<\/a><\/address>\n<address>* Maison d\u00e9partementale des Solidarit\u00e9s de Fontainebleau<\/address>\n<address>Service de la PMI et de la sant\u00e9 sexuelle<\/address>\n<address>Secr\u00e9tariat assistantes maternelles<\/address>\n<address>33 route de la Bonne Dame<\/address>\n<address>77300 FONTAINEBLEAU<\/address>\n<p style=\"text-align: justify;\">Pensez au Relais Assistantes Maternelles (RAM). Yannick Francavilla est \u00e0 votre \u00e9coute au 06.43.62.59.04.. ou par mail <a href=\"mailto:yannick.francavilla@pays-fontainebleau.fr\">yannick.francavilla@pays-fontainebleau.fr<\/a>.<\/p>\n<ul>\n<li style=\"list-style-type: none;\">\n<ul>\n<li><a href=\"https:\/\/www.mairie-chailly-en-biere.fr\/wp-content\/uploads\/plaquette-ram-BD.pdf\">Consulter la plaquette du RAM<\/a><\/li>\n<\/ul>\n<\/li>\n<\/ul>\n","protected":false},"excerpt":{"rendered":"<p>Merci de bien vouloir contacter au 01.60.70.78.62* la pu\u00e9ricultrice du secteur pour conna\u00eetre les disponibilit\u00e9s. Liste des assistant(e)s maternel(le)s * Maison d\u00e9partementale des Solidarit\u00e9s de Fontainebleau Service de la PMI et de la sant\u00e9 sexuelle Secr\u00e9tariat assistantes maternelles 33 route de la Bonne Dame 77300 FONTAINEBLEAU Pensez au Relais Assistantes Maternelles (RAM). Yannick Francavilla est &hellip; <\/p>\n<p><a class=\"more-link btn\" href=\"https:\/\/www.mairie-chailly-en-biere.fr\/?page_id=9682\">Lire la suite<\/a><\/p>\n","protected":false},"author":2,"featured_media":0,"parent":9332,"menu_order":8,"comment_status":"closed","ping_status":"closed","template":"","meta":{"footnotes":""},"class_list":["post-9682","page","type-page","status-publish","hentry","nodate","item-wrap"],"_links":{"self":[{"href":"https:\/\/www.mairie-chailly-en-biere.fr\/index.php?rest_route=\/wp\/v2\/pages\/9682","targetHints":{"allow":["GET"]}}],"collection":[{"href":"https:\/\/www.mairie-chailly-en-biere.fr\/index.php?rest_route=\/wp\/v2\/pages"}],"about":[{"href":"https:\/\/www.mairie-chailly-en-biere.fr\/index.php?rest_route=\/wp\/v2\/types\/page"}],"author":[{"embeddable":true,"href":"https:\/\/www.mairie-chailly-en-biere.fr\/index.php?rest_route=\/wp\/v2\/users\/2"}],"replies":[{"embeddable":true,"href":"https:\/\/www.mairie-chailly-en-biere.fr\/index.php?rest_route=%2Fwp%2Fv2%2Fcomments&post=9682"}],"version-history":[{"count":44,"href":"https:\/\/www.mairie-chailly-en-biere.fr\/index.php?rest_route=\/wp\/v2\/pages\/9682\/revisions"}],"predecessor-version":[{"id":19605,"href":"https:\/\/www.mairie-chailly-en-biere.fr\/index.php?rest_route=\/wp\/v2\/pages\/9682\/revisions\/19605"}],"up":[{"embeddable":true,"href":"https:\/\/www.mairie-chailly-en-biere.fr\/index.php?rest_route=\/wp\/v2\/pages\/9332"}],"wp:attachment":[{"href":"https:\/\/www.mairie-chailly-en-biere.fr\/index.php?rest_route=%2Fwp%2Fv2%2Fmedia&parent=9682"}],"curies":[{"name":"wp","href":"https:\/\/api.w.org\/{rel}","templated":true}]}}