{"id":9341,"date":"2017-08-04T12:46:09","date_gmt":"2017-08-04T12:46:09","guid":{"rendered":"https:\/\/www.mairie-chailly-en-biere.fr\/?page_id=9341"},"modified":"2025-07-31T06:51:33","modified_gmt":"2025-07-31T06:51:33","slug":"inscriptions-restaurant-scolaire-et-accueil-scolaires","status":"publish","type":"page","link":"https:\/\/www.mairie-chailly-en-biere.fr\/?page_id=9341","title":{"rendered":"Inscriptions restaurant scolaire et accueil scolaire"},"content":{"rendered":"<p><img loading=\"lazy\" decoding=\"async\" class=\"size-medium wp-image-4240 alignright\" src=\"https:\/\/www.mairie-chailly-en-biere.fr\/wp-content\/uploads\/restaurant-scolaire2-225x300.jpg\" alt=\"salle Fran\u00e7ois Desportes - restaurant scolaire\" width=\"225\" height=\"300\" srcset=\"https:\/\/www.mairie-chailly-en-biere.fr\/wp-content\/uploads\/restaurant-scolaire2-225x300.jpg 225w, https:\/\/www.mairie-chailly-en-biere.fr\/wp-content\/uploads\/restaurant-scolaire2-420x560.jpg 420w, https:\/\/www.mairie-chailly-en-biere.fr\/wp-content\/uploads\/restaurant-scolaire2.jpg 480w\" sizes=\"auto, (max-width: 225px) 100vw, 225px\" \/><\/p>\n<p style=\"text-align: justify;\"><strong>Les inscriptions au restaurant scolaire, \u00e0 l&rsquo;accueil pr\u00e9 et post scolaire, \u00e0 l&rsquo;\u00e9tude, s&rsquo;effectuent en mairie.<\/strong><\/p>\n<p style=\"text-align: center;\"><a href=\"https:\/\/www.mairie-chailly-en-biere.fr\/wp-content\/uploads\/INSCRIPTIONS-CANTINE-2025-2026.xlsx\">Formulaire Inscriptions restaurant scolaire-accueil p\u00e9ri-scolaire 2025-2026<\/a><\/p>\n<p style=\"text-align: justify;\"><span style=\"color: #ff0000;\">Rappel : Le r\u00e8glement des repas et des accueils devra \u00eatre acquitt\u00e9 \u00e0 r\u00e9ception de la facture mensuelle. <span style=\"color: #000000;\">Vous pouvez d\u00e9poser votre ch\u00e8que \u00e0 l&rsquo;ordre de R\u00c9GIE ENFANCE dans la boite aux lettres.<br \/>\n<\/span><\/span><\/p>\n<p style=\"text-align: justify;\">Les inscriptions et\/ou\u00a0 annulations au restaurant scolaire et \u00e0 l&rsquo;accueil scolaire s\u2019effectuent par courrier postal, par courrier \u00e9lectronique (<a href=\"mailto:scolaire@chaillyenbiere.fr\">scolaire@chaillyenbiere.fr<\/a>) ou en mairie aux heures d&rsquo;ouverture.<\/p>\n<p>Pour tout renseignement, contacter Val\u00e9rie LEBARQ au 01.60.66.44.39.<\/p>\n<h3><strong>Restaurant scolaire<\/strong> :<\/h3>\n<p>&#8211; Maternelle \/\u00a0 \u00c9l\u00e9mentaire<\/p>\n<p style=\"text-align: center;\"><a href=\"https:\/\/www.mairie-chailly-en-biere.fr\/wp-content\/uploads\/REGLEMENT-RESTAURANT-SCOLAIRE-2022.pdf\">R\u00e8glement int\u00e9rieur du restaurant scolaire<\/a><\/p>\n<h3><strong>Accueils scolaires <\/strong>:<\/h3>\n<p style=\"text-align: justify;\">Les inscriptions \u00e0 l&rsquo;accueil pr\u00e9 et post-scolaire s\u2019effectueront en Mairie. Ce service est ouvert \u00e0 tous les enfants scolaris\u00e9s, sans restriction, selon les horaires suivants :<\/p>\n<p style=\"text-align: justify;\">Matin : de 07 h 30 \u00e0 08 h 30 &#8211; Soir : de 16 h 30 \u00e0 19 h 00<\/p>\n<p style=\"text-align: center;\"><a href=\"https:\/\/www.mairie-chailly-en-biere.fr\/wp-content\/uploads\/REGLEMENT-ACCUEIL-SCOLAIRE-2022.pdf\">R\u00e8glement int\u00e9rieur accueil p\u00e9riscolaire et \u00e9tude surveill\u00e9e<\/a><\/p>\n<h3 style=\"text-align: justify;\">Tarifs 2025-2026<\/h3>\n<ul>\n<li><a href=\"https:\/\/www.mairie-chailly-en-biere.fr\/wp-content\/uploads\/TARIFS-2023-2024-RESTAURANT-SCOLAIRE.pdf\" target=\"_blank\" rel=\"noopener\">Restaurant scolaire<\/a><\/li>\n<li><a href=\"https:\/\/www.mairie-chailly-en-biere.fr\/wp-content\/uploads\/CM282025-Tarifs-periscolaire-tampon.pdf\">Accueil p\u00e9ri-scolaire<\/a><\/li>\n<\/ul>\n","protected":false},"excerpt":{"rendered":"<p>Les inscriptions au restaurant scolaire, \u00e0 l&rsquo;accueil pr\u00e9 et post scolaire, \u00e0 l&rsquo;\u00e9tude, s&rsquo;effectuent en mairie. Formulaire Inscriptions restaurant scolaire-accueil p\u00e9ri-scolaire 2025-2026 Rappel : Le r\u00e8glement des repas et des accueils devra \u00eatre acquitt\u00e9 \u00e0 r\u00e9ception de la facture mensuelle. Vous pouvez d\u00e9poser votre ch\u00e8que \u00e0 l&rsquo;ordre de R\u00c9GIE ENFANCE dans la boite aux lettres. &hellip; <\/p>\n<p><a class=\"more-link btn\" href=\"https:\/\/www.mairie-chailly-en-biere.fr\/?page_id=9341\">Lire la suite<\/a><\/p>\n","protected":false},"author":2,"featured_media":0,"parent":9332,"menu_order":3,"comment_status":"closed","ping_status":"closed","template":"","meta":{"footnotes":""},"class_list":["post-9341","page","type-page","status-publish","hentry","nodate","item-wrap"],"_links":{"self":[{"href":"https:\/\/www.mairie-chailly-en-biere.fr\/index.php?rest_route=\/wp\/v2\/pages\/9341","targetHints":{"allow":["GET"]}}],"collection":[{"href":"https:\/\/www.mairie-chailly-en-biere.fr\/index.php?rest_route=\/wp\/v2\/pages"}],"about":[{"href":"https:\/\/www.mairie-chailly-en-biere.fr\/index.php?rest_route=\/wp\/v2\/types\/page"}],"author":[{"embeddable":true,"href":"https:\/\/www.mairie-chailly-en-biere.fr\/index.php?rest_route=\/wp\/v2\/users\/2"}],"replies":[{"embeddable":true,"href":"https:\/\/www.mairie-chailly-en-biere.fr\/index.php?rest_route=%2Fwp%2Fv2%2Fcomments&post=9341"}],"version-history":[{"count":51,"href":"https:\/\/www.mairie-chailly-en-biere.fr\/index.php?rest_route=\/wp\/v2\/pages\/9341\/revisions"}],"predecessor-version":[{"id":18892,"href":"https:\/\/www.mairie-chailly-en-biere.fr\/index.php?rest_route=\/wp\/v2\/pages\/9341\/revisions\/18892"}],"up":[{"embeddable":true,"href":"https:\/\/www.mairie-chailly-en-biere.fr\/index.php?rest_route=\/wp\/v2\/pages\/9332"}],"wp:attachment":[{"href":"https:\/\/www.mairie-chailly-en-biere.fr\/index.php?rest_route=%2Fwp%2Fv2%2Fmedia&parent=9341"}],"curies":[{"name":"wp","href":"https:\/\/api.w.org\/{rel}","templated":true}]}}