{"id":9332,"date":"2017-03-30T12:40:16","date_gmt":"2017-03-30T12:40:16","guid":{"rendered":"https:\/\/www.mairie-chailly-en-biere.fr\/?page_id=9332"},"modified":"2024-03-15T09:58:46","modified_gmt":"2024-03-15T09:58:46","slug":"enfance-vie-scolaire","status":"publish","type":"page","link":"https:\/\/www.mairie-chailly-en-biere.fr\/?page_id=9332","title":{"rendered":"Jeunesse"},"content":{"rendered":"<p><img loading=\"lazy\" decoding=\"async\" class=\"alignleft wp-image-7535\" src=\"https:\/\/www.mairie-chailly-en-biere.fr\/wp-content\/uploads\/ECOLIERS-271x300.jpg\" alt=\"\" width=\"156\" height=\"173\" srcset=\"https:\/\/www.mairie-chailly-en-biere.fr\/wp-content\/uploads\/ECOLIERS-271x300.jpg 271w, https:\/\/www.mairie-chailly-en-biere.fr\/wp-content\/uploads\/ECOLIERS.jpg 350w\" sizes=\"auto, (max-width: 156px) 100vw, 156px\" \/><\/p>\n<ol>\n<li><a href=\"https:\/\/www.mairie-chailly-en-biere.fr\/?page_id=9676\">Groupe scolaire Rosa Bonheur : \u00c9coles maternelle et \u00e9l\u00e9mentaire<\/a><\/li>\n<li><a href=\"https:\/\/www.mairie-chailly-en-biere.fr\/?page_id=9337\">Menus scolaires<\/a><\/li>\n<li><a href=\"https:\/\/www.mairie-chailly-en-biere.fr\/?page_id=9341\">Inscriptions restaurant scolaire et accueil scolaires<\/a><\/li>\n<li><a href=\"https:\/\/www.mairie-chailly-en-biere.fr\/?page_id=9456\">Espace\u00a0Famille<\/a><\/li>\n<li><a href=\"https:\/\/www.mairie-chailly-en-biere.fr\/?page_id=12088\" target=\"_blank\" rel=\"noopener noreferrer\">Activit\u00e9s jeunesse du Pays de Fontainebleau<\/a><\/li>\n<li><a href=\"https:\/\/www.mairie-chailly-en-biere.fr\/?page_id=9682\">Assistantes maternelles<\/a><\/li>\n<\/ol>\n","protected":false},"excerpt":{"rendered":"<p>Groupe scolaire Rosa Bonheur : \u00c9coles maternelle et \u00e9l\u00e9mentaire Menus scolaires Inscriptions restaurant scolaire et accueil scolaires Espace\u00a0Famille Activit\u00e9s jeunesse du Pays de Fontainebleau Assistantes maternelles<\/p>\n","protected":false},"author":2,"featured_media":0,"parent":0,"menu_order":4,"comment_status":"closed","ping_status":"closed","template":"","meta":{"footnotes":""},"class_list":["post-9332","page","type-page","status-publish","hentry","nodate","item-wrap"],"_links":{"self":[{"href":"https:\/\/www.mairie-chailly-en-biere.fr\/index.php?rest_route=\/wp\/v2\/pages\/9332","targetHints":{"allow":["GET"]}}],"collection":[{"href":"https:\/\/www.mairie-chailly-en-biere.fr\/index.php?rest_route=\/wp\/v2\/pages"}],"about":[{"href":"https:\/\/www.mairie-chailly-en-biere.fr\/index.php?rest_route=\/wp\/v2\/types\/page"}],"author":[{"embeddable":true,"href":"https:\/\/www.mairie-chailly-en-biere.fr\/index.php?rest_route=\/wp\/v2\/users\/2"}],"replies":[{"embeddable":true,"href":"https:\/\/www.mairie-chailly-en-biere.fr\/index.php?rest_route=%2Fwp%2Fv2%2Fcomments&post=9332"}],"version-history":[{"count":18,"href":"https:\/\/www.mairie-chailly-en-biere.fr\/index.php?rest_route=\/wp\/v2\/pages\/9332\/revisions"}],"predecessor-version":[{"id":17476,"href":"https:\/\/www.mairie-chailly-en-biere.fr\/index.php?rest_route=\/wp\/v2\/pages\/9332\/revisions\/17476"}],"wp:attachment":[{"href":"https:\/\/www.mairie-chailly-en-biere.fr\/index.php?rest_route=%2Fwp%2Fv2%2Fmedia&parent=9332"}],"curies":[{"name":"wp","href":"https:\/\/api.w.org\/{rel}","templated":true}]}}