{"id":8244,"date":"2016-02-06T07:38:02","date_gmt":"2016-02-06T07:38:02","guid":{"rendered":"https:\/\/www.mairie-chailly-en-biere.fr\/?page_id=8244"},"modified":"2019-08-12T14:25:41","modified_gmt":"2019-08-12T14:25:41","slug":"impots","status":"publish","type":"page","link":"https:\/\/www.mairie-chailly-en-biere.fr\/?page_id=8244","title":{"rendered":"Simplifier le paiement de vos imp\u00f4ts"},"content":{"rendered":"<p style=\"text-align: justify;\">Le site internet <em>impots.gouv.fr <\/em>de la Direction g\u00e9n\u00e9rale des Finances publiques permet aux particuliers d&rsquo;effectuer en ligne l\u2019essentiel de leurs d\u00e9marches fiscales courantes sans avoir \u00e0 se d\u00e9placer et ce 7 jours sur 7 et 24 h sur 24.<\/p>\n<p><a href=\"https:\/\/www.impots.gouv.fr\/portail\/\" target=\"_blank\" rel=\"noopener noreferrer\">Depuis votre espace personnel, <\/a>vous pouvez en toute s\u00e9curit\u00e9 :<\/p>\n<ul>\n<li><strong>consulter votre\u00a0situation fiscale <\/strong>(\u00e9ch\u00e9ancier de paiement, historique des d\u00e9clarations et avis\u2026) ;<\/li>\n<li><strong>effectuer vos\u00a0d\u00e9marches <\/strong>(changer d&rsquo;adresse, d\u00e9poser une r\u00e9clamation&#8230;) ;<\/li>\n<li><strong>payer en ligne vos\u00a0imp\u00f4ts<\/strong>.<\/li>\n<\/ul>\n<p>En choisissant de payer vos\u00a0imp\u00f4ts en ligne ou par smartphone, les usagers b\u00e9n\u00e9ficient <strong><u>d&rsquo;un d\u00e9lai suppl\u00e9mentaire de 5 jours et la somme est pr\u00e9lev\u00e9e 10 jours apr\u00e8s la date limite de paiement<\/u>.<\/strong><\/p>\n","protected":false},"excerpt":{"rendered":"<p>Le site internet impots.gouv.fr de la Direction g\u00e9n\u00e9rale des Finances publiques permet aux particuliers d&rsquo;effectuer en ligne l\u2019essentiel de leurs d\u00e9marches fiscales courantes sans avoir \u00e0 se d\u00e9placer et ce 7 jours sur 7 et 24 h sur 24. Depuis votre espace personnel, vous pouvez en toute s\u00e9curit\u00e9 : consulter votre\u00a0situation fiscale (\u00e9ch\u00e9ancier de paiement, &hellip; <\/p>\n<p><a class=\"more-link btn\" href=\"https:\/\/www.mairie-chailly-en-biere.fr\/?page_id=8244\">Lire la suite<\/a><\/p>\n","protected":false},"author":2,"featured_media":0,"parent":35,"menu_order":16,"comment_status":"closed","ping_status":"closed","template":"","meta":{"footnotes":""},"class_list":["post-8244","page","type-page","status-publish","hentry","nodate","item-wrap"],"_links":{"self":[{"href":"https:\/\/www.mairie-chailly-en-biere.fr\/index.php?rest_route=\/wp\/v2\/pages\/8244","targetHints":{"allow":["GET"]}}],"collection":[{"href":"https:\/\/www.mairie-chailly-en-biere.fr\/index.php?rest_route=\/wp\/v2\/pages"}],"about":[{"href":"https:\/\/www.mairie-chailly-en-biere.fr\/index.php?rest_route=\/wp\/v2\/types\/page"}],"author":[{"embeddable":true,"href":"https:\/\/www.mairie-chailly-en-biere.fr\/index.php?rest_route=\/wp\/v2\/users\/2"}],"replies":[{"embeddable":true,"href":"https:\/\/www.mairie-chailly-en-biere.fr\/index.php?rest_route=%2Fwp%2Fv2%2Fcomments&post=8244"}],"version-history":[{"count":12,"href":"https:\/\/www.mairie-chailly-en-biere.fr\/index.php?rest_route=\/wp\/v2\/pages\/8244\/revisions"}],"predecessor-version":[{"id":12330,"href":"https:\/\/www.mairie-chailly-en-biere.fr\/index.php?rest_route=\/wp\/v2\/pages\/8244\/revisions\/12330"}],"up":[{"embeddable":true,"href":"https:\/\/www.mairie-chailly-en-biere.fr\/index.php?rest_route=\/wp\/v2\/pages\/35"}],"wp:attachment":[{"href":"https:\/\/www.mairie-chailly-en-biere.fr\/index.php?rest_route=%2Fwp%2Fv2%2Fmedia&parent=8244"}],"curies":[{"name":"wp","href":"https:\/\/api.w.org\/{rel}","templated":true}]}}