{"id":71,"date":"2010-12-14T14:36:03","date_gmt":"2010-12-14T14:36:03","guid":{"rendered":"https:\/\/www.mairie-chailly-en-biere.fr\/?page_id=71"},"modified":"2015-04-24T11:48:14","modified_gmt":"2015-04-24T11:48:14","slug":"tombeau-des-chiens","status":"publish","type":"page","link":"https:\/\/www.mairie-chailly-en-biere.fr\/?page_id=71","title":{"rendered":"Tombeau des chiens"},"content":{"rendered":"<div id=\"attachment_2081\" style=\"width: 500px\" class=\"wp-caption alignleft\"><a href=\"https:\/\/www.mairie-chailly-en-biere.fr\/?attachment_id=2081\" rel=\"attachment wp-att-2081\"><img loading=\"lazy\" decoding=\"async\" aria-describedby=\"caption-attachment-2081\" class=\"size-full wp-image-2081\" title=\"Le tombeau des chiens\" src=\"https:\/\/www.mairie-chailly-en-biere.fr\/wp-content\/uploads\/tombeaudeschiens1.jpg\" alt=\"Le tombeau des chiens\" width=\"500\" height=\"384\" srcset=\"https:\/\/www.mairie-chailly-en-biere.fr\/wp-content\/uploads\/tombeaudeschiens1.jpg 500w, https:\/\/www.mairie-chailly-en-biere.fr\/wp-content\/uploads\/tombeaudeschiens1-300x230.jpg 300w\" sizes=\"auto, (max-width: 500px) 100vw, 500px\" \/><\/a><p id=\"caption-attachment-2081\" class=\"wp-caption-text\">Le tombeau des chiens<\/p><\/div>\n<p style=\"text-align: justify;\">A la limite de Chailly en direction de Melun par la D64 au lieudit \u00ab la Roche Cass\u00e9e \u00bb, une propri\u00e9t\u00e9 entour\u00e9e de murs, renferme dans son enceinte un mausol\u00e9e circulaire construit vers 1870 \u00ab Le Tombeau des Chiens \u00bb. La b\u00e2tisse de style roman s\u2019orne de corniches du m\u00eame style sur une partie du pourtour.<\/p>\n<p style=\"text-align: justify;\">Le portail pr\u00e9sente plus d\u2019int\u00e9r\u00eat : les armes des CHATEAUVILLARD sont tr\u00e8s reconnaissables et la porte de fer assez rouill\u00e9e reste tr\u00e8s solide. L\u2019int\u00e9rieur doit \u00eatre enti\u00e8rement restaur\u00e9. Monsieur VIDAL, le propri\u00e9taire actuel, s\u2019y emploie selon ses moyens.<\/p>\n<p style=\"text-align: justify;\">Sous le second Empire, le propri\u00e9taire \u00e9tait un \u00e9trange personnage, le Comte Alfred de Chateauvillard grand seigneur, poss\u00e9dait \u00e9galement le domaine de Fortoiseau, le ch\u00e2teau de Br\u00e9au et plus de 1 500 hectares de terres. Il exer\u00e7ait la fonction de Veneur et \u00e9levait \u00e0 la Roche Cass\u00e9e chiens et chevaux. C\u2019\u00e9tait un amoureux des b\u00eates. Il adorait aussi les grosses farces d\u2019un go\u00fbt assez macabre. Il fit un jour attaquer la cal\u00e8che de sa femme par de faux bandits pour avoir la gloire de la sauver. Une autre fois, il se fit passer pour mort devant son entourage pour, ensuite, revenir comme fant\u00f4me vivant et se r\u00e9jouir de la surprise.<\/p>\n<p>Le comble arriva par son testament, au moment de sa vraie mort.<\/p>\n<p style=\"text-align: justify;\">Il d\u00e9sira que la c\u00e9r\u00e9monie fun\u00e8bre eut lieu dans la Chapelle seigneuriale et que son cercueil fut entour\u00e9 des bustes de ses dix ma\u00eetresses favorites. L\u2019Ev\u00eaque qui officiait se refusa au sacril\u00e8ge. Il exigeait aussi d\u2019\u00eatre enterr\u00e9 avec ses chevaux et ses chiens. Jugeant leur p\u00e8re s\u00e9v\u00e8rement, le fils et la fille du Comte attaqu\u00e8rent le testament. La Comtesse plus digne, afin de ne pas choquer la moralit\u00e9 publique, consentit \u00e0 remplacer les images desdites ma\u00eetresses par une statue sacr\u00e9e de la Vierge entour\u00e9e de marbres antiques.<\/p>\n<p style=\"text-align: justify;\">Par l\u2019acte du 3 f\u00e9vrier 1870, que j\u2019ai retrouv\u00e9, le tribunal de la Seine donne raison \u00e0 la veuve et d\u00e9signe Ma\u00eetre Cottin pour d\u00e9truire les portraits maudits et t\u00e9moigner des ex\u00e9cutions testamentaires. Le tombeau des chiens est en r\u00e9alit\u00e9 le tombeau du Comte de Chateauvillard.<\/p>\n<p style=\"text-align: justify;\">Apr\u00e8s la guerre de 1870, le Tombeau revient \u00e0 l\u2019institution Saint Aspais. Laiss\u00e9 \u00e0 l\u2019abandon, le monument subira, au fils des ann\u00e9es, des d\u00e9pr\u00e9dations consid\u00e9rables et seul subsiste le gros \u0153uvre. Fort heureusement, la propri\u00e9t\u00e9 reprend aujourd\u2019hui ses activit\u00e9s d\u2019origine. Monsieur Vidal dirige le \u00ab Poney Club de Chailly \u00bb pour la joie de nombreux cavaliers qui viennent s\u2019y d\u00e9tendre au beau milieu du site forestier. On d\u00e9couvre devant le Tombeau un splendide ch\u00eane plus que bicentenaire dont le f\u00fbt trapu et la majestueuse ramure r\u00e9sista \u00e0 bien des temp\u00eates.<\/p>\n<p>Le Tombeau de la Roche Cass\u00e9e reste en quelque sorte, pour Chailly, un \u00e9l\u00e9ment de son patrimoine historique qui n\u2019est pas pr\u00eat de s\u2019\u00e9teindre.<\/p>\n<p>J.P. LEFLOCH<\/p>\n<p>B.M. n\u00b0 27 \u2013 Printemps 1991<\/p>\n<p style=\"text-align: justify;\"><strong><em><a href=\"https:\/\/www.mairie-chailly-en-biere.fr\/wp-content\/uploads\/TOMBEAU-DES-CHIENS-1.jpg\"><img loading=\"lazy\" decoding=\"async\" class=\"alignleft wp-image-7303 size-thumbnail\" src=\"https:\/\/www.mairie-chailly-en-biere.fr\/wp-content\/uploads\/TOMBEAU-DES-CHIENS-1-150x150.jpg\" alt=\"TOMBEAU-DES-CHIENS---1\" width=\"150\" height=\"150\" \/><\/a>Sous l\u2019effet conjugu\u00e9 de l\u2019\u00e2ge, des intemp\u00e9ries\u00a0et d\u2019un manque d\u2019entretien, le mausol\u00e9e\u00a0du comte de Chateauvillard, sur le domaine des\u00a0\u00c9curies\u00a0Richez, s\u2019est\u00a0effondr\u00e9 dans la nuit du 1er\u00a0au 2 mai 2014.\u00a0La tourelle, qui abritait l\u2019escalier d\u2019acc\u00e8s \u00e0\u00a0la terrasse, s\u2019est \u00e9croul\u00e9e la semaine suivante.\u00a0Seuls des d\u00e9g\u00e2ts mat\u00e9riels ont \u00e9t\u00e9\u00a0constat\u00e9s, la zone concern\u00e9e par l\u2019effondrement\u00a0a \u00e9t\u00e9 s\u00e9curis\u00e9e.\u00a0Le mausol\u00e9e du comte de Chateauvillard,\u00a0<\/em><\/strong><strong><em>situ\u00e9 au lieu-dit \u00ab la Roche cass\u00e9e\u00bb, route\u00a0de la Gland\u00e9e, sur le domaine des \u00c9curies\u00a0<\/em><\/strong><strong><em>Richez, fut \u00e9difi\u00e9 en 1870.<\/em><\/strong><\/p>\n<p style=\"text-align: justify;\"><a href=\"https:\/\/www.mairie-chailly-en-biere.fr\/wp-content\/uploads\/TOMBEAU-DES-CHIENS-2.jpg\"><img loading=\"lazy\" decoding=\"async\" class=\" size-medium wp-image-7304 aligncenter\" src=\"https:\/\/www.mairie-chailly-en-biere.fr\/wp-content\/uploads\/TOMBEAU-DES-CHIENS-2-300x225.jpg\" alt=\"TOMBEAU-DES-CHIENS-2\" width=\"300\" height=\"225\" srcset=\"https:\/\/www.mairie-chailly-en-biere.fr\/wp-content\/uploads\/TOMBEAU-DES-CHIENS-2-300x225.jpg 300w, https:\/\/www.mairie-chailly-en-biere.fr\/wp-content\/uploads\/TOMBEAU-DES-CHIENS-2-560x420.jpg 560w, https:\/\/www.mairie-chailly-en-biere.fr\/wp-content\/uploads\/TOMBEAU-DES-CHIENS-2.jpg 800w\" sizes=\"auto, (max-width: 300px) 100vw, 300px\" \/><\/a><\/p>\n<p style=\"text-align: justify; padding-left: 90px;\">\n","protected":false},"excerpt":{"rendered":"<p>A la limite de Chailly en direction de Melun par la D64 au lieudit \u00ab la Roche Cass\u00e9e \u00bb, une propri\u00e9t\u00e9 entour\u00e9e de murs, renferme dans son enceinte un mausol\u00e9e circulaire construit vers 1870 \u00ab Le Tombeau des Chiens \u00bb. La b\u00e2tisse de style roman s\u2019orne de corniches du m\u00eame style sur une partie du &hellip; <\/p>\n<p><a class=\"more-link btn\" href=\"https:\/\/www.mairie-chailly-en-biere.fr\/?page_id=71\">Lire la suite<\/a><\/p>\n","protected":false},"author":2,"featured_media":0,"parent":96,"menu_order":6,"comment_status":"closed","ping_status":"closed","template":"","meta":{"footnotes":""},"class_list":["post-71","page","type-page","status-publish","hentry","nodate","item-wrap"],"_links":{"self":[{"href":"https:\/\/www.mairie-chailly-en-biere.fr\/index.php?rest_route=\/wp\/v2\/pages\/71","targetHints":{"allow":["GET"]}}],"collection":[{"href":"https:\/\/www.mairie-chailly-en-biere.fr\/index.php?rest_route=\/wp\/v2\/pages"}],"about":[{"href":"https:\/\/www.mairie-chailly-en-biere.fr\/index.php?rest_route=\/wp\/v2\/types\/page"}],"author":[{"embeddable":true,"href":"https:\/\/www.mairie-chailly-en-biere.fr\/index.php?rest_route=\/wp\/v2\/users\/2"}],"replies":[{"embeddable":true,"href":"https:\/\/www.mairie-chailly-en-biere.fr\/index.php?rest_route=%2Fwp%2Fv2%2Fcomments&post=71"}],"version-history":[{"count":13,"href":"https:\/\/www.mairie-chailly-en-biere.fr\/index.php?rest_route=\/wp\/v2\/pages\/71\/revisions"}],"predecessor-version":[{"id":7308,"href":"https:\/\/www.mairie-chailly-en-biere.fr\/index.php?rest_route=\/wp\/v2\/pages\/71\/revisions\/7308"}],"up":[{"embeddable":true,"href":"https:\/\/www.mairie-chailly-en-biere.fr\/index.php?rest_route=\/wp\/v2\/pages\/96"}],"wp:attachment":[{"href":"https:\/\/www.mairie-chailly-en-biere.fr\/index.php?rest_route=%2Fwp%2Fv2%2Fmedia&parent=71"}],"curies":[{"name":"wp","href":"https:\/\/api.w.org\/{rel}","templated":true}]}}