{"id":7080,"date":"2015-03-27T09:15:31","date_gmt":"2015-03-27T09:15:31","guid":{"rendered":"https:\/\/www.mairie-chailly-en-biere.fr\/?page_id=7080"},"modified":"2026-01-06T12:29:43","modified_gmt":"2026-01-06T12:29:43","slug":"c-c-a-s","status":"publish","type":"page","link":"https:\/\/www.mairie-chailly-en-biere.fr\/?page_id=7080","title":{"rendered":"C.C.A.S."},"content":{"rendered":"<p style=\"text-align: justify;\">Le <strong><span style=\"color: #ff0000;\">C<\/span><\/strong>entre<strong><span style=\"color: #ff0000;\"> C<\/span><\/strong>ommunal d\u2019<strong><span style=\"color: #ff0000;\">A<\/span><\/strong>ction <strong><span style=\"color: #ff0000;\">S<\/span><\/strong>ociale (C.C.A.S.) met diff\u00e9rents services \u00e0 votre disposition :<\/p>\n<ul style=\"list-style-type: square;\">\n<li style=\"text-align: justify;\"><span style=\"color: #0000ff;\"><b>INDEMNIT\u00c9<\/b><strong>\u00a0CHAUFFAGE<\/strong><\/span><\/li>\n<\/ul>\n<p style=\"text-align: justify;\">Une indemnit\u00e9 chauffage est pr\u00e9vue pour tous foyers dont l&rsquo;un des membres est \u00e2g\u00e9 de 70 ans et plus, une seule aide sera vers\u00e9e par foyer, les conditions requises pour l&rsquo;obtention de celle-ci sont les suivantes ::<\/p>\n<ul>\n<li style=\"list-style-type: none;\">\n<ul style=\"list-style-type: disc;\">\n<li style=\"text-align: justify;\">Pour toutes personnes seules dont le revenu fiscal de r\u00e9f\u00e9rence ne d\u00e9passe pas la somme de 15 000 \u20ac, une aide de 130 \u20ac pourrait lui \u00eatre attribu\u00e9e.<\/li>\n<li style=\"text-align: justify;\">Pour toutes personnes seules dont le revenu fiscal de r\u00e9f\u00e9rence entre 15 000 \u20ac et 19 000 \u20ac, une aide de 110 \u20ac pourrait lui \u00eatre attribu\u00e9e.<\/li>\n<li style=\"text-align: justify;\">Pour un couple dont le revenu fiscal ne d\u00e9passe pas 18 000 \u20ac, une aide de 130 \u20ac pourrait lui \u00eatre attribu\u00e9e.<\/li>\n<li style=\"text-align: justify;\">Pour une couple dont le revenu fiscal entre 18 000 \u20ac et 24 000 \u20ac, une aide de 110 \u20ac pourrait lui \u00eatre attribu\u00e9e.<\/li>\n<li style=\"text-align: justify;\">Une aide exceptionnelle de 110 \u20ac pourrait \u00eatre attribu\u00e9e aux personnes seules sans crit\u00e8re d&rsquo;\u00e2ge, ayant un ou plusieurs enfants \u00e0 charge, si son revenu fiscal ne d\u00e9passe pas la somme de 19 000 \u20ac.<\/li>\n<li>Une aide exceptionnelle de 110 \u20ac pourrait \u00eatre attribu\u00e9e aux veufs (homme ou femme) sans crit\u00e8re d&rsquo;\u00e2ge, si son revenu fiscal ne d\u00e9passe pas la somme de 19 000 \u20ac.<\/li>\n<\/ul>\n<\/li>\n<\/ul>\n<p>&nbsp;<\/p>\n<p style=\"text-align: justify;\"><strong>Cette indemnit\u00e9 sera vers\u00e9e sur pr\u00e9sentation de l&rsquo;avis d&rsquo;imposition et d&rsquo;un relev\u00e9 d&rsquo;identit\u00e9 bancaire ou postal.<\/strong><\/p>\n<ul>\n<li style=\"text-align: justify;\"><span style=\"color: #0000ff;\"><strong>T\u00c9L\u00c9ALARME<\/strong><\/span><\/li>\n<\/ul>\n<p style=\"text-align: justify;\">Ce syst\u00e8me d\u2019appel directement reli\u00e9 \u00e0 un central ouvert 24 heures sur 24, peut vous rendre de grands services surtout lorsque vous \u00eates seul(e) qu\u2019il s\u2019agisse de probl\u00e8mes de sant\u00e9 ou de visites importunes. Mme <span style=\"color: #000000;\">V\u00e9ronique MIGLIORATI (<a href=\"mailto:veronique.migliorati@chaillyenbiere.fr\" target=\"_blank\" rel=\"noopener\">veronique.migliorati@chaillyenbiere.fr<\/a>) se<\/span> tient \u00e0 votre disposition \u00e0 la Mairie pour vous \u00e9tablir une \u00e9tude sur la mise en place de ce mat\u00e9riel, Vous pouvez lui t\u00e9l\u00e9phoner au<span style=\"color: #000000;\"><span style=\"color: #cc99ff;\"><span style=\"color: #993366;\"> 01.60.66.48.42<\/span>.<\/span>.<\/span><\/p>\n<ul>\n<li style=\"text-align: justify;\"><strong><span style=\"color: #0000ff;\">DISTRIBUTION DES COLIS<\/span> <\/strong><\/li>\n<\/ul>\n<p style=\"text-align: justify;\">Ces colis sont port\u00e9s, en fin d&rsquo;ann\u00e9e, aux personnes qui ont r\u00e9pondu et dont l\u2019\u00e2ge est de 70 ans et plus par les membres du C.C.A.S. . <strong>Ils sont distribu\u00e9s en fin d&rsquo;ann\u00e9e sous r\u00e9serve de ne pas avoir participer au banquet annuel.<br \/>\n<\/strong><\/p>\n<ul>\n<li><strong><span style=\"color: #0000ff;\">BANQUET ANNUEL<\/span><\/strong><\/li>\n<\/ul>\n<p style=\"text-align: justify;\">Tou(te)s les chaillotins et chaillotines \u00e2g\u00e9es de 65 ans et plus sont invit\u00e9s \u00e0 y participer.<\/p>\n<h2><\/h2>\n<h2 style=\"text-align: center;\"><span style=\"color: #ff0000;\"><strong>INFORMATION<\/strong><\/span><\/h2>\n<ul>\n<li><strong><span style=\"color: #ff0000;\">LA COLOMBE DES AIDANTS<\/span><\/strong><\/li>\n<\/ul>\n<p style=\"text-align: justify;\"><img loading=\"lazy\" decoding=\"async\" class=\" wp-image-17505 alignleft\" src=\"https:\/\/www.mairie-chailly-en-biere.fr\/wp-content\/uploads\/logo-colombe-des-aidants-300x187.jpg\" alt=\"\" width=\"258\" height=\"161\" srcset=\"https:\/\/www.mairie-chailly-en-biere.fr\/wp-content\/uploads\/logo-colombe-des-aidants-300x187.jpg 300w, https:\/\/www.mairie-chailly-en-biere.fr\/wp-content\/uploads\/logo-colombe-des-aidants.jpg 369w\" sizes=\"auto, (max-width: 258px) 100vw, 258px\" \/>Association regroupant des b\u00e9n\u00e9voles qui agissent pour les Aidants. Son objet est de venir en soutien des Aidants : ces derniers sont un membre de la famille, ou un ami, un proche, qui prend soin d\u2019une personne de tout \u00e2ge , en perte d\u2019autonomie due \u00e0 la maladie ou au handicap\u2026<\/p>\n<p style=\"text-align: center;\"><a href=\"https:\/\/lcda77.org\/\" target=\"_blank\" rel=\"noopener\">https:\/\/lcda77.org\/<\/a><\/p>\n<p style=\"text-align: center;\"><a href=\"mailto:lacolombedesaidants77@orange.fr\" target=\"_blank\" rel=\"noopener\">lacolombedesaidants77@orange.fr<\/a><\/p>\n<p style=\"text-align: center;\"><span style=\"color: #3366ff;\"><strong>Permanences gratuites, confidentielles et sans rendez-vous <\/strong><strong>le 3e vendredi de chaque mois <\/strong><strong>de 14 h \u00e0 17 h \u00e0 la <\/strong><strong>M\u00e9diath\u00e8que &#8211; 2 place du G\u00e9n\u00e9ral Leclers \u00e0 Chailly-en-Bi\u00e8re &#8211; 06.75.20.91.28.<br \/>\n<\/strong><\/span><\/p>\n<ul>\n<li style=\"text-align: justify;\"><span style=\"color: #0000ff;\"><strong><span style=\"color: #ff0000;\">FORFAITS AM\u00c9THYSTE &amp; MOBILIS<\/span><br \/>\n<\/strong><\/span><\/li>\n<\/ul>\n<p style=\"text-align: justify;\">Le D\u00e9partement d\u00e9livre des <a href=\"https:\/\/www.seine-et-marne.fr\/fr\/forfaits-amethyste-et-mobilis\" target=\"_blank\" rel=\"noopener noreferrer\">titres de transport \u00ab Am\u00e9thyste \u00bb <\/a>aux Personnes \u00e2g\u00e9es de + de 65 ans, aux Adultes handicap\u00e9s, aux Anciens combattants et Veuves de guerre, moyennant des frais de dossier ou de participation de 25 \u20ac .<\/p>\n<p style=\"text-align: justify;\">L\u2019encaissement de ces frais s\u2019effectue par le biais d\u2019une r\u00e9gie de recettes, soit par ch\u00e8que bancaire, soit par mandat cash\u00a0libell\u00e9s \u00e0 l\u2019ordre de <strong><u>\u00ab R\u00e9gie 77 Am\u00e9thyste \u00bb<\/u><\/strong> <strong>.<\/strong><\/p>\n<ul>\n<li><span style=\"color: #ff0000;\"><strong>AIDE AU PAIEMENT D&rsquo;UNE COMPL\u00c9MENTAIRE SANT\u00c9<\/strong><\/span><\/li>\n<\/ul>\n<p style=\"text-align: justify;\">L&rsquo;Aide au paiement d\u2019une Compl\u00e9mentaire Sant\u00e9 (ACS) de l\u2019Assurance Maladie est une aide financi\u00e8re que vous propose la CPAM pour payer une compl\u00e9mentaire sant\u00e9 (mutuelle). Elle est destin\u00e9e aux personnes dont les ressources sont l\u00e9g\u00e8rement sup\u00e9rieures \u00e0 celles ouvrant droit \u00e0 la couverture maladie universelle (CMU) compl\u00e9mentaire.<\/p>\n<p style=\"text-align: left;\">Plus d\u2019informations :<br \/>\n\u00b7 <a href=\"https:\/\/www.ameli.fr\/seine-et-marne\/assure\/droits-demarches\/difficultes-acces-droits-soins\/complementaire-sante\/complementaire-sante-solidaire-qui-peut-en-beneficier-et-comment\" target=\"_blank\" rel=\"noopener\">https:\/\/www.ameli.fr\/seine-et-marne\/assure\/droits-demarches\/difficultes-acces-droits-soins\/complementaire-sante\/complementaire-sante-solidaire-qui-peut-en-beneficier-et-comment<\/a><\/p>\n<p><span style=\"color: #ff0000;\"><strong>MAISONS D\u00c9PARTEMENTALES DES SOLIDARIT\u00c9S<\/strong><\/span><\/p>\n<p>Les 14 <a href=\"https:\/\/www.seine-et-marne.fr\/fr\/maisons-departementales-des-solidarites\" target=\"_blank\" rel=\"noopener\">Maisons D\u00e9partementales des Solidarit\u00e9s<\/a> (MDS) de Seine-et-Marne sont r\u00e9parties sur l&rsquo;ensemble du territoire. Au service de tous, elles agissent au plus proche des r\u00e9alit\u00e9s et des besoins des Seine-et-Marnais. Elles informent, orientent et apportent une aide ponctuelle ou durable adapt\u00e9e \u00e0 la situation personnelle de chacun.<\/p>\n<p style=\"text-align: center;\"><a href=\"https:\/\/www.seine-et-marne.fr\/fr\/annuaire-lieu\/mds-fontainebleau\">https:\/\/www.seine-et-marne.fr\/fr\/annuaire-lieu\/mds-fontainebleau<\/a><\/p>\n<p style=\"text-align: center;\"><span class=\"text\">01 60 70 78 00 \/ 01 60 70 79 06<br \/>\n<\/span><\/p>\n<p style=\"text-align: center;\"><span class=\"text\">Du lundi au vendredi de 8 h 30 \u00e0 12 h 30 et de 13 h 30 \u00e0 17 h\u00a0 (sauf mardi matin)<\/span><\/p>\n<p style=\"text-align: justify;\"><strong><a href=\"https:\/\/www.ameli-sophia.fr\/\" target=\"_blank\" rel=\"noopener noreferrer\"><span style=\"color: #ff0000;\">SOPHIA, SERVICE DE L&rsquo;ASSURANCE MALADIE DE SEINE-ET-MARNE<\/span> : <\/a><\/strong>Sophia est un service en sant\u00e9 adapt\u00e9 aux besoins des personnes diab\u00e9tiques qui les aide \u00e0 limiter les cons\u00e9quences de la maladie sur leur quotidien en relais des recommandations du m\u00e9decin traitant et en compl\u00e9ment des autres offres mises en place sur le d\u00e9partement.<\/p>\n<p style=\"text-align: justify;\"><span style=\"color: #ff0000;\"><strong>MAISONS DE RETRAITE<\/strong> <\/span>: Le site<a title=\"www.lesmaisonsderetraite.fr\" href=\"https:\/\/www.lesmaisonsderetraite.fr\/maisons-de-retraite\/77-seine-et-marne\" target=\"_blank\" rel=\"noopener noreferrer\"> www.lesmaisonsderetraite.fr<\/a> est l&rsquo;annuaire le plus utilis\u00e9 sur internet pour la recherche d&rsquo;un h\u00e9bergement pour personnes \u00e2g\u00e9es (400.000 visiteurs par mois). Il recense la totalit\u00e9 des \u00e9tablissements fran\u00e7ais et permet \u00e0 l&rsquo;internaute d&rsquo;effectuer une recherche par localit\u00e9.<\/p>\n<p style=\"text-align: justify;\">Dans l&rsquo;annuaire des \u00e9tablissements de votre d\u00e9partement et pour simplifier vos recherches, vous y trouverez une source d&rsquo;informations pratiques (aides, \u00e9valuation de la d\u00e9pendance, dossier unique d&rsquo;admission, informations tarifaires&#8230;) et vous pourrez effectuer vos recherches ais\u00e9ment via un annuaire exhaustif d&rsquo;\u00e9tablissements pour personnes \u00e2g\u00e9es.<\/p>\n<p style=\"text-align: justify;\"><span style=\"color: #ff0000;\"><a style=\"color: #ff0000;\" href=\"https:\/\/www.rt2s77.fr\/\" target=\"_blank\" rel=\"noopener\"><strong>R\u00e9seau Territorial de Sant\u00e9 SUD 77<\/strong><\/a><\/span> : Ce r\u00e9seau de sant\u00e9 (Oncologie, soins palliatifs, g\u00e9rontologie) a pour but de favoriser l&rsquo;acc\u00e8s \u00e0 des soins et des aides de proximit\u00e9. Il est financ\u00e9 par des fonds publics, et l&rsquo;intervention du r\u00e9seau est gratuite pour les usagers. Il intervient au domicile afin de r\u00e9aliser des \u00e9valuations, \u00e9tablir un plan d&rsquo;aides et de soins et ainsi favoriser le maintien et le retour \u00e0 domicile des patients. N&rsquo;h\u00e9sitez pas \u00e0 contacter ce r\u00e9seau qui saura vous apporter tant une aide m\u00e9dicale que mobiliser les ressources sanitaires ou sociales locales.<\/p>\n<p style=\"text-align: center;\">32 rue Grande 77210 Samoreau &#8211; t\u00e9l. 01.60.71.05.93.<\/p>\n<p style=\"text-align: justify;\"><a href=\"https:\/\/Maison d\u00e9partementale des personnes handicap\u00e9es\" target=\"_blank\" rel=\"noopener\"><img loading=\"lazy\" decoding=\"async\" class=\"size-medium wp-image-15209 alignleft\" src=\"https:\/\/www.mairie-chailly-en-biere.fr\/wp-content\/uploads\/MDPH77-210x300.jpg\" alt=\"\" width=\"210\" height=\"300\" srcset=\"https:\/\/www.mairie-chailly-en-biere.fr\/wp-content\/uploads\/MDPH77-210x300.jpg 210w, https:\/\/www.mairie-chailly-en-biere.fr\/wp-content\/uploads\/MDPH77-489x700.jpg 489w, https:\/\/www.mairie-chailly-en-biere.fr\/wp-content\/uploads\/MDPH77.jpg 545w\" sizes=\"auto, (max-width: 210px) 100vw, 210px\" \/><span style=\"color: #ff0000;\">MDPH 77 (Maison d\u00e9partementale des personnes ha<\/span>ndicap\u00e9es)<\/a> : Les Maisons d\u00e9partementales des personnes handicap\u00e9es, cr\u00e9\u00e9es par la loi du 11 f\u00e9vrier 2005, repr\u00e9sentent, chacune dans leur d\u00e9partement, un guichet unique permettant ainsi de faciliter l&rsquo;acc\u00e8s aux droits et prestations des personnes en situation de handicap.<\/p>\n","protected":false},"excerpt":{"rendered":"<p>Le Centre Communal d\u2019Action Sociale (C.C.A.S.) met diff\u00e9rents services \u00e0 votre disposition : INDEMNIT\u00c9\u00a0CHAUFFAGE Une indemnit\u00e9 chauffage est pr\u00e9vue pour tous foyers dont l&rsquo;un des membres est \u00e2g\u00e9 de 70 ans et plus, une seule aide sera vers\u00e9e par foyer, les conditions requises pour l&rsquo;obtention de celle-ci sont les suivantes :: Pour toutes personnes seules &hellip; <\/p>\n<p><a class=\"more-link btn\" href=\"https:\/\/www.mairie-chailly-en-biere.fr\/?page_id=7080\">Lire la suite<\/a><\/p>\n","protected":false},"author":2,"featured_media":0,"parent":0,"menu_order":4,"comment_status":"closed","ping_status":"closed","template":"","meta":{"footnotes":""},"class_list":["post-7080","page","type-page","status-publish","hentry","nodate","item-wrap"],"_links":{"self":[{"href":"https:\/\/www.mairie-chailly-en-biere.fr\/index.php?rest_route=\/wp\/v2\/pages\/7080","targetHints":{"allow":["GET"]}}],"collection":[{"href":"https:\/\/www.mairie-chailly-en-biere.fr\/index.php?rest_route=\/wp\/v2\/pages"}],"about":[{"href":"https:\/\/www.mairie-chailly-en-biere.fr\/index.php?rest_route=\/wp\/v2\/types\/page"}],"author":[{"embeddable":true,"href":"https:\/\/www.mairie-chailly-en-biere.fr\/index.php?rest_route=\/wp\/v2\/users\/2"}],"replies":[{"embeddable":true,"href":"https:\/\/www.mairie-chailly-en-biere.fr\/index.php?rest_route=%2Fwp%2Fv2%2Fcomments&post=7080"}],"version-history":[{"count":55,"href":"https:\/\/www.mairie-chailly-en-biere.fr\/index.php?rest_route=\/wp\/v2\/pages\/7080\/revisions"}],"predecessor-version":[{"id":19425,"href":"https:\/\/www.mairie-chailly-en-biere.fr\/index.php?rest_route=\/wp\/v2\/pages\/7080\/revisions\/19425"}],"wp:attachment":[{"href":"https:\/\/www.mairie-chailly-en-biere.fr\/index.php?rest_route=%2Fwp%2Fv2%2Fmedia&parent=7080"}],"curies":[{"name":"wp","href":"https:\/\/api.w.org\/{rel}","templated":true}]}}