{"id":7075,"date":"2015-03-27T09:12:50","date_gmt":"2015-03-27T09:12:50","guid":{"rendered":"https:\/\/www.mairie-chailly-en-biere.fr\/?page_id=7075"},"modified":"2019-08-13T11:46:45","modified_gmt":"2019-08-13T11:46:45","slug":"le-mediateur-de-la-republique","status":"publish","type":"page","link":"https:\/\/www.mairie-chailly-en-biere.fr\/?page_id=7075","title":{"rendered":"M\u00e9diateur de la R\u00e9publique"},"content":{"rendered":"<p style=\"text-align: justify;\">Vous avez tent\u00e9, en vain, de r\u00e9gler un litige avec un service de l&rsquo;Administration.Le M\u00e9diateur de la R\u00e9publique peut vous aider \u00e0 trouver une solution concert\u00e9e. Le recours au M\u00e9diateur de la R\u00e9publique est gratuit. Le m\u00e9diateur est repr\u00e9sent\u00e9 sur le terrain par des d\u00e9l\u00e9gu\u00e9s, actuellement pr\u00e8s de 300 .Leur r\u00f4le peut se r\u00e9sumer ainsi : \u00e9couter, expliquer, orienter, intervenir.<\/p>\n<p style=\"text-align: justify;\">Les d\u00e9l\u00e9gu\u00e9s assurent des permanences dans les pr\u00e9fectures et sous-pr\u00e9fectures ou dans des Maisons de la Justice et du Droit et autres structures de proximit\u00e9. Ils re\u00e7oivent les citoyens sur simple demande.<\/p>\n<p style=\"text-align: justify;\">Si vous souhaitez faire appel au M\u00e9diateur de la R\u00e9publique, cliquez sur <a href=\"https:\/\/www.mediateur-republique.fr\/Accueil\" target=\"_blank\" rel=\"noopener noreferrer\">le lien<\/a>, vous pourrez obtenir toutes les informations indispensables \u00e0 l&rsquo;ouverture d&rsquo;un dossier.<\/p>\n<p>Voici le d\u00e9l\u00e9gu\u00e9 du M\u00e9diateur en Seine et Marne sur Melun :<\/p>\n<p>Monsieur Jacques PERICAT<br \/>\nPr\u00e9fecture de Seine et Marne<\/p>\n<p>12 rue des Saints P\u00e8res<\/p>\n<p>77010 MELUN cedex<\/p>\n<p>Permanence : Mercredi sur rendez-vous<\/p>\n<p>&#8211; par courrier \u00e9lectronique jacques.pericat@mediateur-republique.fr<\/p>\n<p>&#8211; par fax au 0164717596<\/p>\n<p>&nbsp;<\/p>\n","protected":false},"excerpt":{"rendered":"<p>Vous avez tent\u00e9, en vain, de r\u00e9gler un litige avec un service de l&rsquo;Administration.Le M\u00e9diateur de la R\u00e9publique peut vous aider \u00e0 trouver une solution concert\u00e9e. Le recours au M\u00e9diateur de la R\u00e9publique est gratuit. Le m\u00e9diateur est repr\u00e9sent\u00e9 sur le terrain par des d\u00e9l\u00e9gu\u00e9s, actuellement pr\u00e8s de 300 .Leur r\u00f4le peut se r\u00e9sumer ainsi &hellip; <\/p>\n<p><a class=\"more-link btn\" href=\"https:\/\/www.mairie-chailly-en-biere.fr\/?page_id=7075\">Lire la suite<\/a><\/p>\n","protected":false},"author":2,"featured_media":0,"parent":35,"menu_order":11,"comment_status":"closed","ping_status":"closed","template":"","meta":{"footnotes":""},"class_list":["post-7075","page","type-page","status-publish","hentry","nodate","item-wrap"],"_links":{"self":[{"href":"https:\/\/www.mairie-chailly-en-biere.fr\/index.php?rest_route=\/wp\/v2\/pages\/7075","targetHints":{"allow":["GET"]}}],"collection":[{"href":"https:\/\/www.mairie-chailly-en-biere.fr\/index.php?rest_route=\/wp\/v2\/pages"}],"about":[{"href":"https:\/\/www.mairie-chailly-en-biere.fr\/index.php?rest_route=\/wp\/v2\/types\/page"}],"author":[{"embeddable":true,"href":"https:\/\/www.mairie-chailly-en-biere.fr\/index.php?rest_route=\/wp\/v2\/users\/2"}],"replies":[{"embeddable":true,"href":"https:\/\/www.mairie-chailly-en-biere.fr\/index.php?rest_route=%2Fwp%2Fv2%2Fcomments&post=7075"}],"version-history":[{"count":9,"href":"https:\/\/www.mairie-chailly-en-biere.fr\/index.php?rest_route=\/wp\/v2\/pages\/7075\/revisions"}],"predecessor-version":[{"id":12358,"href":"https:\/\/www.mairie-chailly-en-biere.fr\/index.php?rest_route=\/wp\/v2\/pages\/7075\/revisions\/12358"}],"up":[{"embeddable":true,"href":"https:\/\/www.mairie-chailly-en-biere.fr\/index.php?rest_route=\/wp\/v2\/pages\/35"}],"wp:attachment":[{"href":"https:\/\/www.mairie-chailly-en-biere.fr\/index.php?rest_route=%2Fwp%2Fv2%2Fmedia&parent=7075"}],"curies":[{"name":"wp","href":"https:\/\/api.w.org\/{rel}","templated":true}]}}