{"id":6930,"date":"2015-02-19T13:53:58","date_gmt":"2015-02-19T13:53:58","guid":{"rendered":"https:\/\/www.mairie-chailly-en-biere.fr\/?page_id=6930"},"modified":"2023-08-31T08:35:25","modified_gmt":"2023-08-31T08:35:25","slug":"tresorerie-de-saint-fargeau-ponthierry","status":"publish","type":"page","link":"https:\/\/www.mairie-chailly-en-biere.fr\/?page_id=6930","title":{"rendered":"Tr\u00e9sorerie de Fontainebleau"},"content":{"rendered":"<p>Vous devez vous adresser \u00e0 la tr\u00e9sorerie de Fontainebleau (77300) &#8211; 28 rue d&rsquo;Avon (t\u00e9l. 01.64.69.45.00.).<\/p>\n<p><span style=\"text-decoration: underline;\">Jours et heures d&rsquo;ouverture<\/span> :<\/p>\n<ul>\n<li class=\"_gqh\">Ouvert les lundi, mardi, jeudi et vendredi de 08:30 heures \u00e0 12:00 heures et uniquement sur rendez vous le mardi, jeudi et vendredi de 14:00<\/li>\n<\/ul>\n<p>&nbsp;<\/p>\n<p>Le centre des finances publiques de Melun regroupant :<\/p>\n<ul>\n<li>le service des imp\u00f4ts des entreprises<\/li>\n<li>le service des imp\u00f4ts des particuliers,<\/li>\n<li>le service de la publicit\u00e9 fonci\u00e8re<\/li>\n<\/ul>\n<p>est ouvert \u00a0les lundi, mercredi et vendredi de 8 h 30 \u00e0 12 h et de 13 h 30 \u00e0 16 h ainsi que les mardi et jeudi de 8 h 30 \u00e0 12 h.<\/p>\n<p>&nbsp;<\/p>\n","protected":false},"excerpt":{"rendered":"<p>Vous devez vous adresser \u00e0 la tr\u00e9sorerie de Fontainebleau (77300) &#8211; 28 rue d&rsquo;Avon (t\u00e9l. 01.64.69.45.00.). Jours et heures d&rsquo;ouverture : Ouvert les lundi, mardi, jeudi et vendredi de 08:30 heures \u00e0 12:00 heures et uniquement sur rendez vous le mardi, jeudi et vendredi de 14:00 &nbsp; Le centre des finances publiques de Melun regroupant &hellip; <\/p>\n<p><a class=\"more-link btn\" href=\"https:\/\/www.mairie-chailly-en-biere.fr\/?page_id=6930\">Lire la suite<\/a><\/p>\n","protected":false},"author":2,"featured_media":0,"parent":35,"menu_order":18,"comment_status":"closed","ping_status":"closed","template":"","meta":{"footnotes":""},"class_list":["post-6930","page","type-page","status-publish","hentry","nodate","item-wrap"],"_links":{"self":[{"href":"https:\/\/www.mairie-chailly-en-biere.fr\/index.php?rest_route=\/wp\/v2\/pages\/6930","targetHints":{"allow":["GET"]}}],"collection":[{"href":"https:\/\/www.mairie-chailly-en-biere.fr\/index.php?rest_route=\/wp\/v2\/pages"}],"about":[{"href":"https:\/\/www.mairie-chailly-en-biere.fr\/index.php?rest_route=\/wp\/v2\/types\/page"}],"author":[{"embeddable":true,"href":"https:\/\/www.mairie-chailly-en-biere.fr\/index.php?rest_route=\/wp\/v2\/users\/2"}],"replies":[{"embeddable":true,"href":"https:\/\/www.mairie-chailly-en-biere.fr\/index.php?rest_route=%2Fwp%2Fv2%2Fcomments&post=6930"}],"version-history":[{"count":11,"href":"https:\/\/www.mairie-chailly-en-biere.fr\/index.php?rest_route=\/wp\/v2\/pages\/6930\/revisions"}],"predecessor-version":[{"id":16856,"href":"https:\/\/www.mairie-chailly-en-biere.fr\/index.php?rest_route=\/wp\/v2\/pages\/6930\/revisions\/16856"}],"up":[{"embeddable":true,"href":"https:\/\/www.mairie-chailly-en-biere.fr\/index.php?rest_route=\/wp\/v2\/pages\/35"}],"wp:attachment":[{"href":"https:\/\/www.mairie-chailly-en-biere.fr\/index.php?rest_route=%2Fwp%2Fv2%2Fmedia&parent=6930"}],"curies":[{"name":"wp","href":"https:\/\/api.w.org\/{rel}","templated":true}]}}