{"id":65,"date":"2010-12-14T14:34:30","date_gmt":"2010-12-14T14:34:30","guid":{"rendered":"https:\/\/www.mairie-chailly-en-biere.fr\/?page_id=65"},"modified":"2011-03-09T12:54:14","modified_gmt":"2011-03-09T12:54:14","slug":"la-mare-aux-evees","status":"publish","type":"page","link":"https:\/\/www.mairie-chailly-en-biere.fr\/?page_id=65","title":{"rendered":"La Mare aux Ev\u00e9es"},"content":{"rendered":"<div id=\"attachment_766\" style=\"width: 567px\" class=\"wp-caption alignleft\"><a href=\"https:\/\/www.mairie-chailly-en-biere.fr\/?attachment_id=766\" rel=\"attachment wp-att-766\"><img loading=\"lazy\" decoding=\"async\" aria-describedby=\"caption-attachment-766\" src=\"https:\/\/www.mairie-chailly-en-biere.fr\/wp-content\/uploads\/chaillymareauxevees.jpg\" alt=\"La Mare aux Ev\u00e9es\" title=\"La Mare aux Ev\u00e9es\" width=\"567\" height=\"162\" class=\"size-full wp-image-766\" \/><\/a><p id=\"caption-attachment-766\" class=\"wp-caption-text\">La Mare aux Ev\u00e9es<\/p><\/div>\n<p>\n<strong><\/p>\n<blockquote>\n<p>La Mare aux Ev\u00e9es<\/p>\n<\/blockquote>\n<blockquote>\n<p><\/strong><\/p>\n<p>Je vous emm\u00e8ne aujourd\u2019hui dans une promenade plus touristique qu\u2019historique et je souhaite que les Chaillotins m\u2019y accompagnent pour red\u00e9couvrir la nature.<\/p>\n<p>Ils trouveront en ces lieux calme et repos.<\/p>\n<p>L\u2019acc\u00e8s est facile : prendre la route de Fa\u00ff \u00e0 Brolles et s\u2019arr\u00eater au Carrefour de l\u2019Epine Foreuse, ce nom provient d\u2019une \u00e9pine noire qui se trouvait l\u00e0 autrefois et qui transper\u00e7ait un ch\u00eane sans le g\u00eaner dans sa v\u00e9g\u00e9tation. De l\u00e0 prendre \u00e0 droite sur 400 m\u00e8tres le chemin de Chailly \u00e0 Bois-Le-Roi et toujours sur votre droite, \u00e0 la premi\u00e8re intersection, vous d\u00e9couvrirez la mare \u00e0 150 m\u00e8tres.<\/p>\n<p>La Mare aux Ev\u00e9es est artificielle. Elle occupe le fond d\u2019une cuvette imperm\u00e9able dont l\u2019\u00e9paisseur d\u2019argile atteint plusieurs m\u00e8tres.<\/p>\n<p>Son nom provient de oeuv\u00e9e, lieu o\u00f9 les oiseaux et les serpents d\u00e9posaient leurs \u0153ufs ; c\u2019\u00e9tait autrefois une vaste crapaudi\u00e8re mar\u00e9cageuse.<\/p>\n<p>Sous le r\u00e8gne de Louis Philippe de 1833 \u00e0 1835, des travaux importants furent entrepris pour assainir ce canton et donner du travail aux ch\u00f4meurs de cette \u00e9poque. Plus de 20 km de foss\u00e9s furent creus\u00e9s rayonnant autour d\u2019un bassin central de 12 000 m3 d\u2019apr\u00e8s les plans d\u2019Achille Marier de Bois d\u2019Hyver. Les talus furent plant\u00e9s de ch\u00eanes p\u00e9doncul\u00e9s mais aussi de divers ch\u00eanes am\u00e9ricains, de sapins, d\u2019\u00e9pic\u00e9as et surtout de cypr\u00e8s pr\u00e8s du bassin central. Une r\u00e9serve botanique \u00e9tait envisag\u00e9e sur le plan de 1835. L\u2019ensemble des travaux dur\u00e8rent plus de 9 ann\u00e9es.<\/p>\n<p>Un foss\u00e9, le petit ruisseau des Ev\u00e9es envoyait l\u2019exc\u00e8s d\u2019eau dans la Seine. Son \u00e9coulement \u00e0 l\u2019origine \u00e9tait naturel. Il fut retrac\u00e9 pour lui donner plus de profondeur. Il traverse les terres agricoles de Chailly sur 1 900 m. Il joue un r\u00f4le important pour le drainage de la plaine de Bi\u00e8re.<\/p>\n<p>Les foss\u00e9s de la mare furent \u00e0 plusieurs reprises cur\u00e9s entre 1859 et 1982. Selon des t\u00e9moignages de Chaillotins, on employait m\u00eame des prisonniers de la maison p\u00e9nitentiaire de Melun aux travaux de nettoyage des foss\u00e9s et ouvrages forestiers.<\/p>\n<p>Le niveau d\u2019eau de la mare suit un cycle tr\u00e8s variable. Dans les ann\u00e9es 20, elle \u00e9tait presque \u00e0 sec, en 1980 l\u2019eau d\u00e9bordait des foss\u00e9s. Aujourd\u2019hui son niveau est assez bas. Certains hivers assez rudes, les promeneurs la traverse \u00e0 pied, les eaux bloqu\u00e9es en une \u00e9paisseur de glace assez solide pour les soutenir.<\/p>\n<p>Plus pr\u00e8s de Chailly, le long de la route de Marchais Artois, prenant naissance sur la D 115 au Carrefour des Billebaults, la mare \u00e0 Baug\u00e9 du nom d\u2019un propri\u00e9taire ancien, pr\u00e9sente en son centre une \u00eele plant\u00e9e de pins d\u2019Am\u00e9rique. Afin de drainer les eaux de cette section foresti\u00e8re n\u00b0 844, elle fut recreus\u00e9e en 1991, l\u2019eau y revient lentement.<\/p>\n<p>Ces lieux naturels sont tout proche de notre village.<\/p>\n<p>Allez les d\u00e9couvrir et bonne promenade\u2026<\/p>\n<p>JP. LEFLOCH<br \/>\nB.M. n\u00b0 31 \u2013 JUIN 1992<\/p>\n","protected":false},"excerpt":{"rendered":"<p>La Mare aux Ev\u00e9es Je vous emm\u00e8ne aujourd\u2019hui dans une promenade plus touristique qu\u2019historique et je souhaite que les Chaillotins m\u2019y accompagnent pour red\u00e9couvrir la nature. Ils trouveront en ces lieux calme et repos. L\u2019acc\u00e8s est facile : prendre la route de Fa\u00ff \u00e0 Brolles et s\u2019arr\u00eater au Carrefour de l\u2019Epine Foreuse, ce nom provient &hellip; <\/p>\n<p><a class=\"more-link btn\" href=\"https:\/\/www.mairie-chailly-en-biere.fr\/?page_id=65\">Lire la suite<\/a><\/p>\n","protected":false},"author":2,"featured_media":0,"parent":1257,"menu_order":4,"comment_status":"closed","ping_status":"closed","template":"","meta":{"footnotes":""},"class_list":["post-65","page","type-page","status-publish","hentry","nodate","item-wrap"],"_links":{"self":[{"href":"https:\/\/www.mairie-chailly-en-biere.fr\/index.php?rest_route=\/wp\/v2\/pages\/65","targetHints":{"allow":["GET"]}}],"collection":[{"href":"https:\/\/www.mairie-chailly-en-biere.fr\/index.php?rest_route=\/wp\/v2\/pages"}],"about":[{"href":"https:\/\/www.mairie-chailly-en-biere.fr\/index.php?rest_route=\/wp\/v2\/types\/page"}],"author":[{"embeddable":true,"href":"https:\/\/www.mairie-chailly-en-biere.fr\/index.php?rest_route=\/wp\/v2\/users\/2"}],"replies":[{"embeddable":true,"href":"https:\/\/www.mairie-chailly-en-biere.fr\/index.php?rest_route=%2Fwp%2Fv2%2Fcomments&post=65"}],"version-history":[{"count":21,"href":"https:\/\/www.mairie-chailly-en-biere.fr\/index.php?rest_route=\/wp\/v2\/pages\/65\/revisions"}],"predecessor-version":[{"id":1064,"href":"https:\/\/www.mairie-chailly-en-biere.fr\/index.php?rest_route=\/wp\/v2\/pages\/65\/revisions\/1064"}],"up":[{"embeddable":true,"href":"https:\/\/www.mairie-chailly-en-biere.fr\/index.php?rest_route=\/wp\/v2\/pages\/1257"}],"wp:attachment":[{"href":"https:\/\/www.mairie-chailly-en-biere.fr\/index.php?rest_route=%2Fwp%2Fv2%2Fmedia&parent=65"}],"curies":[{"name":"wp","href":"https:\/\/api.w.org\/{rel}","templated":true}]}}