{"id":6336,"date":"2014-07-18T08:37:55","date_gmt":"2014-07-18T08:37:55","guid":{"rendered":"https:\/\/www.mairie-chailly-en-biere.fr\/?page_id=6336"},"modified":"2023-12-13T09:19:23","modified_gmt":"2023-12-13T09:19:23","slug":"location-de-la-salle-claude-cottereau","status":"publish","type":"page","link":"https:\/\/www.mairie-chailly-en-biere.fr\/?page_id=6336","title":{"rendered":"Location de la salle Claude Cottereau"},"content":{"rendered":"<h4 style=\"text-align: left;\"><a href=\"https:\/\/www.mairie-chailly-en-biere.fr\/wp-content\/uploads\/Salle-Claude-Cottereau.jpg\"><img loading=\"lazy\" decoding=\"async\" class=\"alignleft wp-image-6340\" src=\"https:\/\/www.mairie-chailly-en-biere.fr\/wp-content\/uploads\/Salle-Claude-Cottereau-150x150.jpg\" alt=\"Salle-Claude-Cottereau\" width=\"143\" height=\"143\" \/><\/a><strong><span style=\"color: #ff0000;\">TARIFS LOCATION DE LA SALLE<\/span><span style=\"text-decoration: underline;\"><br \/>\n<\/span><\/strong><\/h4>\n<ul>\n<li>pour les ext\u00e9rieurs : 2 000 \u20ac<\/li>\n<li>pour les chaillotins : 600 \u20ac<\/li>\n<\/ul>\n<p>&nbsp;<\/p>\n<p><span style=\"text-decoration: underline;\"><strong>\u00a0<\/strong><\/span><\/p>\n<h4><span style=\"color: #ff0000;\"><strong>TARIFS LOCATION DU PODIUM<\/strong><\/span><\/h4>\n<ul>\n<li>pour les ext\u00e9rieurs : 1 000 \u20ac<\/li>\n<li>pour les chaillotins : 500 \u20ac<\/li>\n<\/ul>\n<p>&nbsp;<\/p>\n<p><span style=\"color: #ff0000;\">En cas de d\u00e9t\u00e9rioration du mat\u00e9riel,\u00a0 les tarifs suivants sont appliqu\u00e9s :<\/span><\/p>\n<ul>\n<li>tables cass\u00e9es 100 \u20ac<\/li>\n<li>chaises cass\u00e9es 50 \u20ac<\/li>\n<li>r\u00e9frig\u00e9rateur ab\u00eem\u00e9 1 000 \u20ac<\/li>\n<\/ul>\n<p>&nbsp;<\/p>\n<h4><span style=\"color: #ff0000;\">FORFAIT NETTOYAGE<\/span><\/h4>\n<p>Le forfait nettoyage de 250 \u20ac sera demand\u00e9 dans le cas o\u00f9 le m\u00e9nage n&rsquo;est pas effectu\u00e9 par les locataires, ou qu&rsquo;il n&rsquo;a pas \u00e9t\u00e9 fait correctement.<\/p>\n<p>(d\u00e9lib\u00e9ration du conseil municipal du 4 d\u00e9cembre 2023)<\/p>\n<p style=\"text-align: center;\"><strong><span style=\"color: #0000ff;\">Pour toute information : 01.60.66.44.39.<\/span><\/strong><\/p>\n<p style=\"text-align: justify;\"><em>Petite histoire : La salle Claude-Cottereau a \u00e9t\u00e9 inaugur\u00e9e le 24 janvier 1997 par Henri LEBARQ, Maire de Chailly-en-Bi\u00e8re et a re\u00e7u officiellement , le 13 d\u00e9cembre 2006, le nom de \u00a0\u00ab\u00a0SALLE CLAUDE-COTTEREAU\u00a0\u00bb en l&rsquo;honneur de Monsieur Claude Cottereau, Maire honoraire de Chailly-en-Bi\u00e8re, \u00a0Maire de Chailly-en-Bi\u00e8re de 1983 \u00e0 1995,\u00a0Conseiller Municipal de 1977 \u00e0 1983.<\/em><\/p>\n","protected":false},"excerpt":{"rendered":"<p>TARIFS LOCATION DE LA SALLE pour les ext\u00e9rieurs : 2 000 \u20ac pour les chaillotins : 600 \u20ac &nbsp; \u00a0 TARIFS LOCATION DU PODIUM pour les ext\u00e9rieurs : 1 000 \u20ac pour les chaillotins : 500 \u20ac &nbsp; En cas de d\u00e9t\u00e9rioration du mat\u00e9riel,\u00a0 les tarifs suivants sont appliqu\u00e9s : tables cass\u00e9es 100 \u20ac chaises &hellip; <\/p>\n<p><a class=\"more-link btn\" href=\"https:\/\/www.mairie-chailly-en-biere.fr\/?page_id=6336\">Lire la suite<\/a><\/p>\n","protected":false},"author":2,"featured_media":0,"parent":35,"menu_order":10,"comment_status":"closed","ping_status":"closed","template":"","meta":{"footnotes":""},"class_list":["post-6336","page","type-page","status-publish","hentry","nodate","item-wrap"],"_links":{"self":[{"href":"https:\/\/www.mairie-chailly-en-biere.fr\/index.php?rest_route=\/wp\/v2\/pages\/6336","targetHints":{"allow":["GET"]}}],"collection":[{"href":"https:\/\/www.mairie-chailly-en-biere.fr\/index.php?rest_route=\/wp\/v2\/pages"}],"about":[{"href":"https:\/\/www.mairie-chailly-en-biere.fr\/index.php?rest_route=\/wp\/v2\/types\/page"}],"author":[{"embeddable":true,"href":"https:\/\/www.mairie-chailly-en-biere.fr\/index.php?rest_route=\/wp\/v2\/users\/2"}],"replies":[{"embeddable":true,"href":"https:\/\/www.mairie-chailly-en-biere.fr\/index.php?rest_route=%2Fwp%2Fv2%2Fcomments&post=6336"}],"version-history":[{"count":14,"href":"https:\/\/www.mairie-chailly-en-biere.fr\/index.php?rest_route=\/wp\/v2\/pages\/6336\/revisions"}],"predecessor-version":[{"id":17168,"href":"https:\/\/www.mairie-chailly-en-biere.fr\/index.php?rest_route=\/wp\/v2\/pages\/6336\/revisions\/17168"}],"up":[{"embeddable":true,"href":"https:\/\/www.mairie-chailly-en-biere.fr\/index.php?rest_route=\/wp\/v2\/pages\/35"}],"wp:attachment":[{"href":"https:\/\/www.mairie-chailly-en-biere.fr\/index.php?rest_route=%2Fwp%2Fv2%2Fmedia&parent=6336"}],"curies":[{"name":"wp","href":"https:\/\/api.w.org\/{rel}","templated":true}]}}