{"id":6334,"date":"2014-07-18T08:22:03","date_gmt":"2014-07-18T08:22:03","guid":{"rendered":"https:\/\/www.mairie-chailly-en-biere.fr\/?page_id=6334"},"modified":"2021-04-26T07:46:41","modified_gmt":"2021-04-26T07:46:41","slug":"taxes-directes-locales","status":"publish","type":"page","link":"https:\/\/www.mairie-chailly-en-biere.fr\/?page_id=6334","title":{"rendered":"Taxes directes locales"},"content":{"rendered":"<p><em><strong>Taux d&rsquo;imposition des taxes directes locales<\/strong><\/em> :<\/p>\n<p>&#8211;\u00a0 Taxe fonci\u00e8re (b\u00e2ti)&#8230;&#8230;&#8230;&#8230; 39,39 %<br \/>\n&#8211; Taxe fonci\u00e8re (non b\u00e2ti)&#8230;&#8230; 51,36 %<\/p>\n<p>Conseil municipal du <a href=\"https:\/\/www.mairie-chailly-en-biere.fr\/wp-content\/uploads\/CR-DU-CM-DU-12042021.pdf\">du 12 avril 2021<\/a><\/p>\n<p>&nbsp;<\/p>\n","protected":false},"excerpt":{"rendered":"<p>Taux d&rsquo;imposition des taxes directes locales : &#8211;\u00a0 Taxe fonci\u00e8re (b\u00e2ti)&#8230;&#8230;&#8230;&#8230; 39,39 % &#8211; Taxe fonci\u00e8re (non b\u00e2ti)&#8230;&#8230; 51,36 % Conseil municipal du du 12 avril 2021 &nbsp;<\/p>\n","protected":false},"author":2,"featured_media":0,"parent":12037,"menu_order":5,"comment_status":"closed","ping_status":"closed","template":"","meta":{"footnotes":""},"class_list":["post-6334","page","type-page","status-publish","hentry","nodate","item-wrap"],"_links":{"self":[{"href":"https:\/\/www.mairie-chailly-en-biere.fr\/index.php?rest_route=\/wp\/v2\/pages\/6334","targetHints":{"allow":["GET"]}}],"collection":[{"href":"https:\/\/www.mairie-chailly-en-biere.fr\/index.php?rest_route=\/wp\/v2\/pages"}],"about":[{"href":"https:\/\/www.mairie-chailly-en-biere.fr\/index.php?rest_route=\/wp\/v2\/types\/page"}],"author":[{"embeddable":true,"href":"https:\/\/www.mairie-chailly-en-biere.fr\/index.php?rest_route=\/wp\/v2\/users\/2"}],"replies":[{"embeddable":true,"href":"https:\/\/www.mairie-chailly-en-biere.fr\/index.php?rest_route=%2Fwp%2Fv2%2Fcomments&post=6334"}],"version-history":[{"count":5,"href":"https:\/\/www.mairie-chailly-en-biere.fr\/index.php?rest_route=\/wp\/v2\/pages\/6334\/revisions"}],"predecessor-version":[{"id":14510,"href":"https:\/\/www.mairie-chailly-en-biere.fr\/index.php?rest_route=\/wp\/v2\/pages\/6334\/revisions\/14510"}],"up":[{"embeddable":true,"href":"https:\/\/www.mairie-chailly-en-biere.fr\/index.php?rest_route=\/wp\/v2\/pages\/12037"}],"wp:attachment":[{"href":"https:\/\/www.mairie-chailly-en-biere.fr\/index.php?rest_route=%2Fwp%2Fv2%2Fmedia&parent=6334"}],"curies":[{"name":"wp","href":"https:\/\/api.w.org\/{rel}","templated":true}]}}