{"id":6306,"date":"2021-05-18T14:02:24","date_gmt":"2021-05-18T14:02:24","guid":{"rendered":"https:\/\/www.mairie-chailly-en-biere.fr\/?page_id=6306"},"modified":"2024-05-16T11:33:06","modified_gmt":"2024-05-16T11:33:06","slug":"salaries","status":"publish","type":"page","link":"https:\/\/www.mairie-chailly-en-biere.fr\/?page_id=6306","title":{"rendered":"Information aux salari\u00e9s : liste des personnes"},"content":{"rendered":"<p style=\"text-align: justify;\">Dans les entreprises d\u00e9pourvues d\u2019institution repr\u00e9sentative du personnel (comit\u00e9 d\u2019entreprise, d\u00e9l\u00e9gu\u00e9s du personnel, d\u00e9l\u00e9gu\u00e9s syndicaux), le salari\u00e9 a la facult\u00e9 de se faire assister lors de l\u2019entretien pr\u00e9alable au licenciement ou \u00e0 une rupture conventionnelle du contrat de travail, par un conseiller du salari\u00e9. \u00a0Les conseillers du salari\u00e9 figurent sur une liste arr\u00eat\u00e9e par le pr\u00e9fet du d\u00e9partement.\u00a0Elle peut \u00eatre consult\u00e9e :<br \/>\ndans chaque section d\u2019inspection du travail ;<br \/>\ndans toutes les mairies.<\/p>\n<p style=\"text-align: justify;\">Vous pouvez consulter le site de la <a href=\"https:\/\/idf.drieets.gouv.fr\/Les-conseillers-du-salarie-7640\" target=\"_blank\" rel=\"noopener\">R\u00e9gion Ile-de-France<\/a>\u00a0pour plus d&rsquo;informations.<\/p>\n<ul>\n<li style=\"text-align: justify;\"><a href=\"https:\/\/www.mairie-chailly-en-biere.fr\/wp-content\/uploads\/Arrete-prefectoral-n\u00b02024-DDETS-UD77-05-2-du-28-avril-2024-signe.pdf\" target=\"_blank\" rel=\"noopener\">Liste des personnes pouvant assister les salari\u00e9s lors de l&rsquo;entretien pr\u00e9alable en cas de licenciement<\/a><\/li>\n<li><a href=\"https:\/\/www.mairie-chailly-en-biere.fr\/wp-content\/uploads\/Depliant_sur_les_conseillers_du_salarie.pdf\" target=\"_blank\" rel=\"noopener\">D\u00e9pliant sur les conseillers du salari\u00e9<\/a><\/li>\n<\/ul>\n","protected":false},"excerpt":{"rendered":"<p>Dans les entreprises d\u00e9pourvues d\u2019institution repr\u00e9sentative du personnel (comit\u00e9 d\u2019entreprise, d\u00e9l\u00e9gu\u00e9s du personnel, d\u00e9l\u00e9gu\u00e9s syndicaux), le salari\u00e9 a la facult\u00e9 de se faire assister lors de l\u2019entretien pr\u00e9alable au licenciement ou \u00e0 une rupture conventionnelle du contrat de travail, par un conseiller du salari\u00e9. \u00a0Les conseillers du salari\u00e9 figurent sur une liste arr\u00eat\u00e9e par le &hellip; <\/p>\n<p><a class=\"more-link btn\" href=\"https:\/\/www.mairie-chailly-en-biere.fr\/?page_id=6306\">Lire la suite<\/a><\/p>\n","protected":false},"author":2,"featured_media":0,"parent":35,"menu_order":8,"comment_status":"closed","ping_status":"closed","template":"","meta":{"footnotes":""},"class_list":["post-6306","page","type-page","status-publish","hentry","nodate","item-wrap"],"_links":{"self":[{"href":"https:\/\/www.mairie-chailly-en-biere.fr\/index.php?rest_route=\/wp\/v2\/pages\/6306","targetHints":{"allow":["GET"]}}],"collection":[{"href":"https:\/\/www.mairie-chailly-en-biere.fr\/index.php?rest_route=\/wp\/v2\/pages"}],"about":[{"href":"https:\/\/www.mairie-chailly-en-biere.fr\/index.php?rest_route=\/wp\/v2\/types\/page"}],"author":[{"embeddable":true,"href":"https:\/\/www.mairie-chailly-en-biere.fr\/index.php?rest_route=\/wp\/v2\/users\/2"}],"replies":[{"embeddable":true,"href":"https:\/\/www.mairie-chailly-en-biere.fr\/index.php?rest_route=%2Fwp%2Fv2%2Fcomments&post=6306"}],"version-history":[{"count":11,"href":"https:\/\/www.mairie-chailly-en-biere.fr\/index.php?rest_route=\/wp\/v2\/pages\/6306\/revisions"}],"predecessor-version":[{"id":17635,"href":"https:\/\/www.mairie-chailly-en-biere.fr\/index.php?rest_route=\/wp\/v2\/pages\/6306\/revisions\/17635"}],"up":[{"embeddable":true,"href":"https:\/\/www.mairie-chailly-en-biere.fr\/index.php?rest_route=\/wp\/v2\/pages\/35"}],"wp:attachment":[{"href":"https:\/\/www.mairie-chailly-en-biere.fr\/index.php?rest_route=%2Fwp%2Fv2%2Fmedia&parent=6306"}],"curies":[{"name":"wp","href":"https:\/\/api.w.org\/{rel}","templated":true}]}}