{"id":57,"date":"2010-12-14T14:32:34","date_gmt":"2010-12-14T14:32:34","guid":{"rendered":"https:\/\/www.mairie-chailly-en-biere.fr\/?page_id=57"},"modified":"2011-03-09T12:50:00","modified_gmt":"2011-03-09T12:50:00","slug":"foret-de-biere","status":"publish","type":"page","link":"https:\/\/www.mairie-chailly-en-biere.fr\/?page_id=57","title":{"rendered":"For\u00eat chaillotine"},"content":{"rendered":"<p>Arpent\u00e9e \u00e0 plusieurs reprises, la for\u00eat de Bi\u00e8re couvre 17 300 hectares. Avec les premiers balbutiements de l\u2019agriculture, les moines Saints P\u00e8res de Melun d\u00e9frichent en partie la plaine pour la cultiver. Dans cette m\u00eame p\u00e9riode, au XII\u00e8me si\u00e8cle, le roi Louis XI le Gros fait construire un mur d\u2019enceinte de la for\u00eat contre le gibier. Nous poss\u00e9dons du c\u00f4t\u00e9 de FAY les vestiges de ces murs qui remontent \u00e0 1120.<\/p>\n<p>En 1664, un autre roi, Louis XIV, fit borner la for\u00eat aux endroits o\u00f9 les murs \u00e9taient d\u00e9truits ou n\u2019existaient pas. Ces bornes furent plac\u00e9es \u00e0 la charge des propri\u00e9taires riverains. Elles devaient mesurer quatre pieds de haut sur neuf pouces au carr\u00e9. Apr\u00e8s parution de l\u2019ordonnance, les Chaillotins eurent huit jours pour installer lesdites bornes, les retardataires \u00e9tant menac\u00e9s de la saisie de leurs biens. Nous poss\u00e9dons de nombreuses bornes en limite de commune.<\/p>\n<p>Le premier administrateur forestier fut Philippe Auguste. Il d\u00e9signa des officiers pour g\u00e9rer ses biens. La famille de Chailly y sera associ\u00e9e, ainsi nous pourrons suivre les dynasties des Chailly li\u00e9es aux Villiers et aux de la Boissi\u00e8re qui organiseront la for\u00eat jusqu\u2019au XVIe si\u00e8cle.<\/p>\n<p>Je trouve en 1412 comme \u00ab forestier de Bi\u00e8re \u00bb Jean Guillebaud de Chailly, en octobre 1415 Denis son fils, apr\u00e8s 1482 Jean de Villiers puis Fran\u00e7ois de la Boissi\u00e8re. En 1499, son fils, Jean de la Boissi\u00e8re \u00e9pouse Marie de Chailly. En 1513 Jean II de Villiers \u2013 \u00e9cuyer \u2013 seigneur de Chailly, s\u2019adjoint en plus de la charge foresti\u00e8re celle de \u00ab Grand Louvetier de France \u00bb.<\/p>\n<p>Son fils Claude de Villiers prend la succession en 1529. Il est condamn\u00e9 en 1538 pour des faits criminels \u00e0 160 livres d\u2019amende, ses terres de Chailly confisqu\u00e9es, sa charge donn\u00e9e \u00e0 Alof de l\u2019H\u00f4pital. Il doit, en outre, d\u00e9truire un four \u00e0 chaux construit \u00e0 Chailly d\u2019o\u00f9 l\u2019origine du nom de la rue. Fran\u00e7ois de Villiers r\u00e9cup\u00e8re la charge de son p\u00e8re en 1563. Henri Clausse \u2013 seigneur de Fleury \u2013 lui succ\u00e8dera. Le r\u00f4le du \u00ab forestier de Bi\u00e8re \u00bb \u00e9tait de servir les int\u00e9r\u00eats royaux. Gardien des usages, il indiquait aux usagers le lieu o\u00f9 ils pouvaient exercer leurs droits, dressait les comptes annuels, organisait les ventes de bois. Il exer\u00e7ait \u00e9galement un r\u00f4le judiciaire pour les d\u00e9lits forestiers. Les gages attribu\u00e9s au forestier s\u2019\u00e9levaient \u00e0 4 sous par jour en 1412, Guillebaud de Chailly et Denis recevront en plus 100 sous par an pour indemnit\u00e9 d\u2019habillement.<\/p>\n<p>L\u2019importance pour les chaillotins que leurs seigneurs soient officier forestier repose sur les droits d\u2019usage qu\u2019ils poss\u00e9daient en for\u00eat. Ils furent difficile \u00e0 prouver, remis en cause \u00e0 chaque nouvelle souverainet\u00e9.<\/p>\n<p>Ces droits \u00e9taient ainsi \u00e9tablis :<\/p>\n<p>&#8211; Droit de p\u00e2turage pour les b\u0153ufs et les vaches au lieu dit Mortemer (la Mare aux Ev\u00e9es) et dans les vall\u00e9es environnantes, accord\u00e9 en 1261 sous Louis IX (Saint Louis).<br \/>\n&#8211; Droit au bois sec, \u00e0 la feuille et aux cueillettes, accord\u00e9 en janvier 14348 par Philippe VI de Valois.<br \/>\n&#8211; Droit de Paisson \u00ab hors Gland\u00e9e et en la Gland\u00e9e \u00bb, il s\u2019agit de p\u00e9riode accord\u00e9e en 1583 mais limit\u00e9e \u00e0 trois parcs par m\u00e9nage.<\/p>\n<p>En 1664, l\u2019inventaire forestier de Barillon d\u2019Am\u00e9court recense 146 maisons usag\u00e8res pour le bois de chauffage \u00e0 Chailly, Barbizon et Fa\u00ff, les artisans en sont exclus.<\/p>\n<p>Il semble, d\u2019apr\u00e8s les historiens locaux, que ce droit de chauffage ait toujours exist\u00e9 comme pour tous les villages inclus dans la for\u00eat.<\/p>\n<p>La position politique de nos nobles seigneurs tr\u00e8s proches du pouvoir souverain fait que jamais pour Chailly, aucun acte \u00e9crit de droit de chauffage ne fut \u00e9tabli.<\/p>\n<p>Napol\u00e9on met en place en 1806 le Code Civil ; par son application il fera dispara\u00eetre progressivement ces droits.<\/p>\n<p>Une page d\u2019histoire foresti\u00e8re chaillotine est tourn\u00e9e.<\/p>\n<p>J.P. LEFLOCH<br \/>\nBM n\u00b0 30 \u2013 Printemps 1992.<\/p>\n","protected":false},"excerpt":{"rendered":"<p>Arpent\u00e9e \u00e0 plusieurs reprises, la for\u00eat de Bi\u00e8re couvre 17 300 hectares. Avec les premiers balbutiements de l\u2019agriculture, les moines Saints P\u00e8res de Melun d\u00e9frichent en partie la plaine pour la cultiver. Dans cette m\u00eame p\u00e9riode, au XII\u00e8me si\u00e8cle, le roi Louis XI le Gros fait construire un mur d\u2019enceinte de la for\u00eat contre le &hellip; <\/p>\n<p><a class=\"more-link btn\" href=\"https:\/\/www.mairie-chailly-en-biere.fr\/?page_id=57\">Lire la suite<\/a><\/p>\n","protected":false},"author":2,"featured_media":0,"parent":1257,"menu_order":3,"comment_status":"closed","ping_status":"closed","template":"","meta":{"footnotes":""},"class_list":["post-57","page","type-page","status-publish","hentry","nodate","item-wrap"],"_links":{"self":[{"href":"https:\/\/www.mairie-chailly-en-biere.fr\/index.php?rest_route=\/wp\/v2\/pages\/57","targetHints":{"allow":["GET"]}}],"collection":[{"href":"https:\/\/www.mairie-chailly-en-biere.fr\/index.php?rest_route=\/wp\/v2\/pages"}],"about":[{"href":"https:\/\/www.mairie-chailly-en-biere.fr\/index.php?rest_route=\/wp\/v2\/types\/page"}],"author":[{"embeddable":true,"href":"https:\/\/www.mairie-chailly-en-biere.fr\/index.php?rest_route=\/wp\/v2\/users\/2"}],"replies":[{"embeddable":true,"href":"https:\/\/www.mairie-chailly-en-biere.fr\/index.php?rest_route=%2Fwp%2Fv2%2Fcomments&post=57"}],"version-history":[{"count":7,"href":"https:\/\/www.mairie-chailly-en-biere.fr\/index.php?rest_route=\/wp\/v2\/pages\/57\/revisions"}],"predecessor-version":[{"id":1383,"href":"https:\/\/www.mairie-chailly-en-biere.fr\/index.php?rest_route=\/wp\/v2\/pages\/57\/revisions\/1383"}],"up":[{"embeddable":true,"href":"https:\/\/www.mairie-chailly-en-biere.fr\/index.php?rest_route=\/wp\/v2\/pages\/1257"}],"wp:attachment":[{"href":"https:\/\/www.mairie-chailly-en-biere.fr\/index.php?rest_route=%2Fwp%2Fv2%2Fmedia&parent=57"}],"curies":[{"name":"wp","href":"https:\/\/api.w.org\/{rel}","templated":true}]}}