{"id":51,"date":"2010-12-14T14:30:37","date_gmt":"2010-12-14T14:30:37","guid":{"rendered":"https:\/\/www.mairie-chailly-en-biere.fr\/?page_id=51"},"modified":"2017-04-07T11:56:17","modified_gmt":"2017-04-07T11:56:17","slug":"centenaire-de-lucie-drulle","status":"publish","type":"page","link":"https:\/\/www.mairie-chailly-en-biere.fr\/?page_id=51","title":{"rendered":"Centenaire de Lucie Drulle"},"content":{"rendered":"<div id=\"attachment_1458\" style=\"width: 300px\" class=\"wp-caption alignright\"><a href=\"https:\/\/www.mairie-chailly-en-biere.fr\/?attachment_id=1458\" rel=\"attachment wp-att-1458\"><img loading=\"lazy\" decoding=\"async\" aria-describedby=\"caption-attachment-1458\" class=\"size-full wp-image-1458\" title=\"Le centenaire de Mme Drulle\" src=\"https:\/\/www.mairie-chailly-en-biere.fr\/wp-content\/uploads\/Le-centenaire-de-Mme-Drulle.jpg\" alt=\"Le centenaire de Mme Drulle\" width=\"300\" height=\"225\" \/><\/a><p id=\"caption-attachment-1458\" class=\"wp-caption-text\">Le centenaire de Mme Drulle<\/p><\/div>\n<p style=\"text-align: justify;\">Le samedi 17 septembre, les portes de la mairie \u00e9taient grandes ouvertes \u00e0 l\u2019occasion du centenaire de Mme Lucie DRULLE.<\/p>\n<p style=\"text-align: justify;\">Entour\u00e9e de sa fille et son gendre, Jeanne et Paul D\u2019ETIENNE (ancien maire d\u2019Arbonne-la-For\u00eat), de ses 2 petites filles, Dominique et Chantal, de ses 3 arri\u00e8res petits enfants, Nadia, Slim et Joan, elle a \u00e9t\u00e9 accueillie \u00e0 11 heures dans la salle des mariages par le Maire, M. Henri LEBARQ.<\/p>\n<p style=\"text-align: justify;\">Une nombreuse assistance s\u2019y pressait d\u00e9j\u00e0 dans laquelle on pouvait remarquer les \u00e9lus du Canton de Perthes, entre autres notamment, Monsieur Jean-Claude MIGNON D\u00e9put\u00e9 Maire de Dammarie-les-Lys, Monsieur Lionel WALKER, Vice-Pr\u00e9sident du Conseil G\u00e9n\u00e9ral et Maire de Saint-Fargeau-Ponthierry, les membres du Conseil Municipal et du personnel Communal de Chailly-en-Bi\u00e8re, de nombreux amis de Mme DRULLE et de toute sa famille.<\/p>\n<p style=\"text-align: justify;\">Dans une allocution tr\u00e8s attentivement suivie, M. le Maire retrace tout d\u2019abord la vie de Mme DRULLE en insistant sur le fait qu\u2019elle \u00e9tait une \u00ab v\u00e9ritable chaillotine \u00bb. En effet, Lucie, Augustine, Claire LEFEVRE est n\u00e9e \u00e0 Chailly-en-Bi\u00e8re le 14 septembre 1905 chez sa grand-m\u00e8re, Mme FRISON n\u00e9e Augustine GERMAIN qui l\u2019\u00e9l\u00e8ve ensuite.<\/p>\n<p style=\"text-align: justify;\">A 17 ans, elle se marie, encore \u00e0 Chailly-en-Bi\u00e8re, le 23 juin 1923 avec M. Ren\u00e9 DRULLE et enfin y c\u00e9l\u00e8bre ses noces d\u2019or le 23 juillet 1973.<\/p>\n<p style=\"text-align: justify;\">M. LEBARQ \u00e9voque \u00e9galement les engagements de Mme DRULLE dans la vie du village. Conseill\u00e8re Municipale de 1959 \u00e0 1983, elle s\u2019occupe alors du \u00ab bureau de bienfaisance \u00bb notamment en distribuant les colis aux personnes \u00e2g\u00e9es. Elle assure \u00e9galement l\u2019enseignement du cat\u00e9chisme pendant de longues ann\u00e9es et quelques fois \u00e0 plusieurs g\u00e9n\u00e9rations d\u2019une m\u00eame famille. Elle se d\u00e9pense \u00e9galement pour les personnes \u00e2g\u00e9es du village en animant le Club des Hirondelles et en assurant sa pr\u00e9sidence tr\u00e8s longtemps.<\/p>\n<p style=\"text-align: justify;\">M. le Maire termine alors son discours par la lecture d\u2019un compliment \u00e0 l\u2019intention de Mme DRULLE, lui remet la m\u00e9daille d\u2019honneur de la commune ainsi qu\u2019une composition florale et une plaquette compos\u00e9e des copies de ses diff\u00e9rents actes d\u2019\u00e9tat civil, de quelques photographies marquant diff\u00e9rentes p\u00e9riodes de sa vie et dont la derni\u00e8re page est orn\u00e9e du compliment sign\u00e9 de tous les participants \u00e0 cette c\u00e9r\u00e9monie. (le fac simil\u00e9 de cette derni\u00e8re page est imprim\u00e9 ci-contre).<\/p>\n<p>Un tr\u00e8s appr\u00e9ci\u00e9 vin d\u2019honneur, pr\u00e9par\u00e9 par notre traiteur M. Vareille, conclut fort agr\u00e9ablement cette tr\u00e8s amicale c\u00e9r\u00e9monie au milieu des tr\u00e8s nombreuses fleurs offertes \u00e0 notre centenaire.<\/p>\n<p>RD<\/p>\n","protected":false},"excerpt":{"rendered":"<p>Le samedi 17 septembre, les portes de la mairie \u00e9taient grandes ouvertes \u00e0 l\u2019occasion du centenaire de Mme Lucie DRULLE. Entour\u00e9e de sa fille et son gendre, Jeanne et Paul D\u2019ETIENNE (ancien maire d\u2019Arbonne-la-For\u00eat), de ses 2 petites filles, Dominique et Chantal, de ses 3 arri\u00e8res petits enfants, Nadia, Slim et Joan, elle a \u00e9t\u00e9 &hellip; <\/p>\n<p><a class=\"more-link btn\" href=\"https:\/\/www.mairie-chailly-en-biere.fr\/?page_id=51\">Lire la suite<\/a><\/p>\n","protected":false},"author":2,"featured_media":0,"parent":124,"menu_order":3,"comment_status":"closed","ping_status":"closed","template":"","meta":{"footnotes":""},"class_list":["post-51","page","type-page","status-publish","hentry","nodate","item-wrap"],"_links":{"self":[{"href":"https:\/\/www.mairie-chailly-en-biere.fr\/index.php?rest_route=\/wp\/v2\/pages\/51","targetHints":{"allow":["GET"]}}],"collection":[{"href":"https:\/\/www.mairie-chailly-en-biere.fr\/index.php?rest_route=\/wp\/v2\/pages"}],"about":[{"href":"https:\/\/www.mairie-chailly-en-biere.fr\/index.php?rest_route=\/wp\/v2\/types\/page"}],"author":[{"embeddable":true,"href":"https:\/\/www.mairie-chailly-en-biere.fr\/index.php?rest_route=\/wp\/v2\/users\/2"}],"replies":[{"embeddable":true,"href":"https:\/\/www.mairie-chailly-en-biere.fr\/index.php?rest_route=%2Fwp%2Fv2%2Fcomments&post=51"}],"version-history":[{"count":10,"href":"https:\/\/www.mairie-chailly-en-biere.fr\/index.php?rest_route=\/wp\/v2\/pages\/51\/revisions"}],"predecessor-version":[{"id":9754,"href":"https:\/\/www.mairie-chailly-en-biere.fr\/index.php?rest_route=\/wp\/v2\/pages\/51\/revisions\/9754"}],"up":[{"embeddable":true,"href":"https:\/\/www.mairie-chailly-en-biere.fr\/index.php?rest_route=\/wp\/v2\/pages\/124"}],"wp:attachment":[{"href":"https:\/\/www.mairie-chailly-en-biere.fr\/index.php?rest_route=%2Fwp%2Fv2%2Fmedia&parent=51"}],"curies":[{"name":"wp","href":"https:\/\/api.w.org\/{rel}","templated":true}]}}