{"id":49,"date":"2010-12-14T14:30:03","date_gmt":"2010-12-14T14:30:03","guid":{"rendered":"https:\/\/www.mairie-chailly-en-biere.fr\/?page_id=49"},"modified":"2011-03-11T13:59:44","modified_gmt":"2011-03-11T13:59:44","slug":"armoiries-de-chailly","status":"publish","type":"page","link":"https:\/\/www.mairie-chailly-en-biere.fr\/?page_id=49","title":{"rendered":"Les Armoiries de Chailly"},"content":{"rendered":"<div id=\"attachment_758\" style=\"width: 100px\" class=\"wp-caption alignleft\"><a href=\"https:\/\/www.mairie-chailly-en-biere.fr\/?attachment_id=758\" rel=\"attachment wp-att-758\"><img loading=\"lazy\" decoding=\"async\" aria-describedby=\"caption-attachment-758\" src=\"https:\/\/www.mairie-chailly-en-biere.fr\/wp-content\/uploads\/blason.jpg\" alt=\"Blason\" title=\"Blason\" width=\"100\" height=\"115\" class=\"size-full wp-image-758\" \/><\/a><p id=\"caption-attachment-758\" class=\"wp-caption-text\">Blason<\/p><\/div>\n<p>Chailly-en-Bi\u00e8re n\u2019avait jamais eu de v\u00e9ritables armoiries. Le blason utilis\u00e9 pour repr\u00e9senter la commune \u00e9tait l\u2019\u00e9cu de Denis de Chailly. Apr\u00e8s plusieurs mois d\u2019\u00e9change de courriers aupr\u00e8s de la Commission Nationale d\u2019H\u00e9raldique, de retouches aux projets, le Conseil Municipal a choisi le blason officiel de la commune.<\/p>\n<p>Les armoiries rassemblent les principaux aspects du village : historiques, \u00e9conomiques, artistiques sans oublier le hameau de Fa\u00ff qui s\u2019y rattache.<\/p>\n<p>D\u00e9finition h\u00e9raldique officielle : CHAILLY-en-BIERE<\/p>\n<p>\u00ab D\u2019azur au chef retrait, Vair\u00e9 d\u2019argent et de sable, aux \u00e9pis d\u2019or pass\u00e9s en sautoir, \u00e0 la palette du m\u00eame brochant \u00bb.<\/p>\n<p>Description :<\/p>\n<p>&#8211; Les tourelles montrent qu\u2019il s\u2019agit d\u2019armoiries communales.<br \/>\n&#8211; La partie sup\u00e9rieure (le chef) repr\u00e9sente un \u00e9l\u00e9ment de l\u2019\u00e9cu de Denis de Chailly, un des principaux seigneurs du Village au XIVe si\u00e8cle (Vair\u00e9 d\u2019argent et de sable) ou succession de clochettes de couleurs altern\u00e9es pour Chailly, blanches et noires. Les clochettes symbolisent \u00e9galement la cloche de l\u2019Ang\u00e9lus.<br \/>\n&#8211; Le corps du blason de couleur bleue (azur) symbolise la loyaut\u00e9.<br \/>\n&#8211; Les \u00e9pis d\u2019or expriment la dominance de l\u2019activit\u00e9 agricole du village.<br \/>\n&#8211; La palette d\u2019or : origine de la peinture anticonformiste et paysag\u00e8re de Chailly.<br \/>\n&#8211; L\u2019ensemble du \u00ab meuble \u00bb o\u00f9 ces figures assembl\u00e9es symbolisent \u00e9galement la peinture de Jean-Fran\u00e7ois Millet \u00ab Les Glaneuses \u00bb, r\u00e9alis\u00e9es dans la plaine entre Chailly et Barbizon.<br \/>\n&#8211; Les feuilles de ch\u00eanes et de h\u00eatres constituent le support.<br \/>\n&#8211; Le Ch\u00eane situe Chailly dans la r\u00e9gion en lisi\u00e8re de la for\u00eat de Bi\u00e8re.<br \/>\n&#8211; Le H\u00eatre ou fagus repr\u00e9sente le hameau de Fa\u00ff o\u00f9 cette essence d\u2019arbre se retrouve.<\/p>\n<p>Devise :<\/p>\n<p>\u00ab la Main \u00e0 l\u2019\u0153uvre \u00bb de la famille de Villiers de l\u2019Isle-Adam et plus particuli\u00e8rement de Philippe de Villiers. Ceux-ci furent seigneurs de Chailly pendant plus d\u2019un si\u00e8cle.<\/p>\n<p>Cette devise vieille de quatre si\u00e8cles reste encore tr\u00e8s moderne.<\/p>\n<p>J.P.L.<br \/>\nB.M. n\u00b0 25 \u2013 octobre 1990<\/p>\n","protected":false},"excerpt":{"rendered":"<p>Chailly-en-Bi\u00e8re n\u2019avait jamais eu de v\u00e9ritables armoiries. Le blason utilis\u00e9 pour repr\u00e9senter la commune \u00e9tait l\u2019\u00e9cu de Denis de Chailly. Apr\u00e8s plusieurs mois d\u2019\u00e9change de courriers aupr\u00e8s de la Commission Nationale d\u2019H\u00e9raldique, de retouches aux projets, le Conseil Municipal a choisi le blason officiel de la commune. Les armoiries rassemblent les principaux aspects du village &hellip; <\/p>\n<p><a class=\"more-link btn\" href=\"https:\/\/www.mairie-chailly-en-biere.fr\/?page_id=49\">Lire la suite<\/a><\/p>\n","protected":false},"author":2,"featured_media":0,"parent":101,"menu_order":1,"comment_status":"closed","ping_status":"closed","template":"","meta":{"footnotes":""},"class_list":["post-49","page","type-page","status-publish","hentry","nodate","item-wrap"],"_links":{"self":[{"href":"https:\/\/www.mairie-chailly-en-biere.fr\/index.php?rest_route=\/wp\/v2\/pages\/49","targetHints":{"allow":["GET"]}}],"collection":[{"href":"https:\/\/www.mairie-chailly-en-biere.fr\/index.php?rest_route=\/wp\/v2\/pages"}],"about":[{"href":"https:\/\/www.mairie-chailly-en-biere.fr\/index.php?rest_route=\/wp\/v2\/types\/page"}],"author":[{"embeddable":true,"href":"https:\/\/www.mairie-chailly-en-biere.fr\/index.php?rest_route=\/wp\/v2\/users\/2"}],"replies":[{"embeddable":true,"href":"https:\/\/www.mairie-chailly-en-biere.fr\/index.php?rest_route=%2Fwp%2Fv2%2Fcomments&post=49"}],"version-history":[{"count":11,"href":"https:\/\/www.mairie-chailly-en-biere.fr\/index.php?rest_route=\/wp\/v2\/pages\/49\/revisions"}],"predecessor-version":[{"id":1691,"href":"https:\/\/www.mairie-chailly-en-biere.fr\/index.php?rest_route=\/wp\/v2\/pages\/49\/revisions\/1691"}],"up":[{"embeddable":true,"href":"https:\/\/www.mairie-chailly-en-biere.fr\/index.php?rest_route=\/wp\/v2\/pages\/101"}],"wp:attachment":[{"href":"https:\/\/www.mairie-chailly-en-biere.fr\/index.php?rest_route=%2Fwp%2Fv2%2Fmedia&parent=49"}],"curies":[{"name":"wp","href":"https:\/\/api.w.org\/{rel}","templated":true}]}}