{"id":4745,"date":"2012-10-31T15:25:51","date_gmt":"2012-10-31T15:25:51","guid":{"rendered":"https:\/\/www.mairie-chailly-en-biere.fr\/?page_id=4745"},"modified":"2012-10-31T15:28:31","modified_gmt":"2012-10-31T15:28:31","slug":"hommage-a-monsieur-moreau-2","status":"publish","type":"page","link":"https:\/\/www.mairie-chailly-en-biere.fr\/?page_id=4745","title":{"rendered":"Hommage \u00e0 Monsieur Moreau (*)"},"content":{"rendered":"<p>Ao\u00fbt 1914 : dans la chaleur du soir, le soleil caresse la paille des chaumes, de loin en loin, les meules, \u00e9normes et ventrues, attendent l\u2019automne et le moment des battages. La caille, discr\u00e8te, fait entendre son chant fl\u00fbt\u00e9, les perdreaux rappellent. Le 4 ao\u00fbt 1914 \u00e0 18 heures \u00e9clate la Grande Guerre et, du jour au lendemain, Chailly-en-Bi\u00e8re se mobilise comme toutes les communes de France.<\/p>\n<p>Chailly c\u2019est 750 habitants, pour la plupart paysans. Une quarantaine d\u2019exploitations agricoles de la \u00ab Bricole \u00bb \u00e0 la grosse ferme. Trois exploitations font plus de 100 hectares. Elles cultivent 800 hectares : bl\u00e9 300, seigle 100, avoine 250, pomme de terre 23, betterave 108. Une centaine de chevaux de trait fournissent l\u2019\u00e9nergie n\u00e9cessaire ; on compte 109 vaches et b\u0153ufs. 1300 moutons r\u00e9partis en 5 troupeaux iront bient\u00f4t aux champs brouter l\u2019herbe dans les chaumes sous l\u2019\u0153il attentif des chiens et du berger. Chaque famille a son cochon. Trois \u00e9piceries charg\u00e9es, entre autres, de distribuer 510 kilos mensuels de sucre ; le boulanger \u00e9changera son pain contre des tickets. Les cultivatrices et les femmes rest\u00e9es au foyer jouent un r\u00f4le d\u00e9terminant dans le fonctionnement des villages.<\/p>\n<p>\u00abLors de ses inspections, Mr l\u2019Inspecteur R\u00e9gional a pu constater qu\u2019en plusieurs localit\u00e9s, surtout dans la campagne, des boulangeries, tenues exclusivement par des femmes, se tiraient d\u2019affaire, gr\u00e2ce \u00e0 l\u2019emploi des p\u00e9trins m\u00e9caniques, tandis que de grosses boulangeries manquaient de ces engins et devaient employer des ouvriers civils et militaires pour le p\u00e9trissage du pain \u00bb. (extrait d\u2019une note de M. le Pr\u00e9fet aux Maires de Seine-et-Marne).<\/p>\n<p>Les enfants des \u00e9coles sont charg\u00e9s de la collecte des chiffons de coton, du ramassage des marrons d\u2019inde et des ch\u00e2taignes sauvages pour la fabrication d\u2019alcool et d\u2019ac\u00e9tone. Cinquante mille jeunes de la Seine de 12 \u00e0 18 ans sont mis \u00e0 la disposition des d\u00e9partements de Seine-et-Marne et de Seine-et-Oise.<\/p>\n<p>Une foule de m\u00e9tiers se retrouvent d\u00e9pourvus de personnel qualifi\u00e9 : boulangers, charrons, mar\u00e9chaux-ferrants, forgerons, bourreliers, m\u00e9caniciens se font rare. Il faut \u00e0 la h\u00e2te que les Vieux reprennent leurs activit\u00e9s et forment des apprentis.<\/p>\n<p>Le Service du Ravitaillement, et notamment le service de r\u00e9ception de Melun, a des besoins \u00e9normes \u00e0 satisfaire aupr\u00e8s des forces arm\u00e9es : avoine, paille, foin pour les chevaux. Les roulantes de la Troupe doivent \u00eatre approvisionn\u00e9s et manifestent leurs besoins aupr\u00e8s des Maires via les Intendants.<\/p>\n<p>Le village est en prise directe avec l\u2019effort de guerre. Le Minist\u00e8re de la Guerre et des \u00e9tats-majors traitent avec les Pr\u00e9fets qui transmettent aux Maires.<\/p>\n<p>Le Maire R\u00e9my MOREAU est sollicit\u00e9 de toutes parts : ravitaillement de la commune, fournitures aux Arm\u00e9es, cantonnement de la Troupe de passage, obtention de sursis notamment au moment des battages et des semis, approvisionnement en charbon des batteuses, r\u00e9partition des engrais, r\u00e9quisition des chevaux, h\u00e9bergement des r\u00e9fugi\u00e9s et des saisonniers. Il au aussi le triste privil\u00e8ge d\u2019annoncer aux familles la mort d\u2019\u00eatres chers tomb\u00e9s au front.<\/p>\n<p>On s\u2019\u00e9tonne parfois de voir si peu de participation aux C\u00e9r\u00e9monies du 11 novembre\u2026<\/p>\n<p>(*) Monsieur R\u00e9my MOREAU, n\u00e9 en 1842, fut Maire de Chailly-en-Bi\u00e8re de 1890 au 30 avril 1918.<\/p>\n<p>B.M. n\u00b0 53 \u2013 Janvier 2001<\/p>\n","protected":false},"excerpt":{"rendered":"<p>Ao\u00fbt 1914 : dans la chaleur du soir, le soleil caresse la paille des chaumes, de loin en loin, les meules, \u00e9normes et ventrues, attendent l\u2019automne et le moment des battages. La caille, discr\u00e8te, fait entendre son chant fl\u00fbt\u00e9, les perdreaux rappellent. Le 4 ao\u00fbt 1914 \u00e0 18 heures \u00e9clate la Grande Guerre et, du &hellip; <\/p>\n<p><a class=\"more-link btn\" href=\"https:\/\/www.mairie-chailly-en-biere.fr\/?page_id=4745\">Lire la suite<\/a><\/p>\n","protected":false},"author":2,"featured_media":0,"parent":1670,"menu_order":12,"comment_status":"closed","ping_status":"closed","template":"","meta":{"footnotes":""},"class_list":["post-4745","page","type-page","status-publish","hentry","nodate","item-wrap"],"_links":{"self":[{"href":"https:\/\/www.mairie-chailly-en-biere.fr\/index.php?rest_route=\/wp\/v2\/pages\/4745","targetHints":{"allow":["GET"]}}],"collection":[{"href":"https:\/\/www.mairie-chailly-en-biere.fr\/index.php?rest_route=\/wp\/v2\/pages"}],"about":[{"href":"https:\/\/www.mairie-chailly-en-biere.fr\/index.php?rest_route=\/wp\/v2\/types\/page"}],"author":[{"embeddable":true,"href":"https:\/\/www.mairie-chailly-en-biere.fr\/index.php?rest_route=\/wp\/v2\/users\/2"}],"replies":[{"embeddable":true,"href":"https:\/\/www.mairie-chailly-en-biere.fr\/index.php?rest_route=%2Fwp%2Fv2%2Fcomments&post=4745"}],"version-history":[{"count":3,"href":"https:\/\/www.mairie-chailly-en-biere.fr\/index.php?rest_route=\/wp\/v2\/pages\/4745\/revisions"}],"predecessor-version":[{"id":4750,"href":"https:\/\/www.mairie-chailly-en-biere.fr\/index.php?rest_route=\/wp\/v2\/pages\/4745\/revisions\/4750"}],"up":[{"embeddable":true,"href":"https:\/\/www.mairie-chailly-en-biere.fr\/index.php?rest_route=\/wp\/v2\/pages\/1670"}],"wp:attachment":[{"href":"https:\/\/www.mairie-chailly-en-biere.fr\/index.php?rest_route=%2Fwp%2Fv2%2Fmedia&parent=4745"}],"curies":[{"name":"wp","href":"https:\/\/api.w.org\/{rel}","templated":true}]}}