{"id":4739,"date":"2012-10-31T15:05:29","date_gmt":"2012-10-31T15:05:29","guid":{"rendered":"https:\/\/www.mairie-chailly-en-biere.fr\/?page_id=4739"},"modified":"2014-10-27T09:15:06","modified_gmt":"2014-10-27T09:15:06","slug":"1914-1918-la-grande-guerre","status":"publish","type":"page","link":"https:\/\/www.mairie-chailly-en-biere.fr\/?page_id=4739","title":{"rendered":"1914-1918 : la Grande Guerre"},"content":{"rendered":"<p style=\"text-align: justify;\">Le 28 juin 1914, \u00e0 Sarajevo, un nationaliste serbe assassine l&rsquo;archiduc Fran\u00e7ois-Ferdinand d&rsquo;Autriche-Hongrie et son \u00e9pouse. L&rsquo;engrenage des alliances pr\u00e9cipite alors l\u2019Europe dans la guerre. Le 28 juillet l\u2019Autriche-Hongrie d\u00e9clare la guerre \u00e0 la Serbie. Le 1er ao\u00fbt l\u2019Allemagne d\u00e9clare la guerre \u00e0 la Russie puis le 3 ao\u00fbt \u00e0 la France alors que son arm\u00e9e franchit la fronti\u00e8re belge. L\u2019Empire Britannique entre en guerre d\u00e8s le 4 ao\u00fbt suite \u00e0 la violation de la neutralit\u00e9 belge. Le conflit s\u2019\u00e9tend bient\u00f4t \u00e0 toute l\u2019Europe et implique la Gr\u00e8ce, l\u2019Italie, la Roumanie, la Bulgarie, l\u2019Empire Ottoman\u2026 Les Etats-Unis entre dans le conflit le 6 avril 1917.Sur le front fran\u00e7ais et durant quatre ans, la guerre de positions s&rsquo;enlise dans les tranch\u00e9es, et ce malgr\u00e9 de nombreuses tentatives de perc\u00e9e, comme la bataille de Verdun. La guerre s\u2019\u00e9tend aussi \u00e0 l\u2019Asie Mineure, \u00e0 l\u2019Afrique et \u00e0 l\u2019Asie (le Japon a d\u00e9clar\u00e9 la guerre \u00e0 l\u2019Allemagne d\u00e8s 1914). L\u2019entr\u00e9e des \u00c9tats-Unis dans le conflit modifie les rapports de force et rapidement, les alli\u00e9s remportent une victoire d\u00e9cisive.<\/p>\n<p style=\"text-align: justify;\">L\u2019Armistice est sign\u00e9 le 11 novembre 1918 \u00e0 5 h 15 \u00e0 Rethondes, dans la for\u00eat de Compi\u00e8gne, dans un wagon-restaurant apr\u00e8s 1 561 jours de guerre (4 ans 3 mois et 9 jours).<\/p>\n<p style=\"text-align: justify;\">La d\u00e9l\u00e9gation allemande est conduite par Matthias Erzberger, le g\u00e9n\u00e9ral von Winterfeldt et le capitaine de vaisseau Vanselow. Lui font face dans le wagon l&rsquo;amiral Sir Rosslyn Wemyss, Premier Lord de l&rsquo;Amiraut\u00e9 britannique, et le mar\u00e9chal Ferdinand Foch. Le g\u00e9n\u00e9ral Maxime Weygand assiste les deux pl\u00e9nipotentiaires alli\u00e9s. L&rsquo;armistice est conclu pour 36 jours mais sera r\u00e9guli\u00e8rement renouvel\u00e9 jusqu&rsquo;au trait\u00e9 de paix du 28 juin 1919.<\/p>\n<p style=\"text-align: justify;\">La France sort certes victorieuse mais tr\u00e8s affaiblie de la Grande Guerre. Elle a perdu 10 % de sa population active, le \u00bc de ses hommes de 18 \u00e0 27 ans, et le 1\/6 de son revenu national. Les poilus \u00e9taient ouvriers, instituteurs, paysans\u2026 Quelques chiffres suffisent pour imaginer l\u2019ampleur de ce conflit :<\/p>\n<p>Les militaires :<\/p>\n<p>1 357 800 morts (dont 252 900 disparus et 18 222 morts en captivit\u00e9)<br \/>\n4 300 000 bless\u00e9s<br \/>\n557 000 prisonniers (18 222 moururent en captivit\u00e9 soit 3,93 %)<\/p>\n<p>Les civils :<\/p>\n<p>210 000 civils morts + 400 000 morts de la grippe espagnole en 1918<br \/>\n600 000 veuves avec orphelins<\/p>\n<p>Les grandes batailles :<\/p>\n<p>1914 &#8211; Marne (250 000 morts)<br \/>\n1915 &#8211; Artois Champagne (232 000 morts)<br \/>\n1916 &#8211; Verdun (221 000 morts), Somme (104 000 morts)<br \/>\n1917 &#8211; Chemin des Dames (78 000 morts)<\/p>\n<p>Comme dans chaque commune rurale de France, Chailly-en-Bi\u00e8re vit au rythme des communiqu\u00e9s de la Pr\u00e9fecture, des r\u00e9quisitions, de l\u2019arriv\u00e9e de r\u00e9fugi\u00e9s,\u2026 Des militaires (du 40e et du 8e R.I.) sont mis \u00e0 la disposition des agriculteurs comme travailleurs agricoles pour faire face aux d\u00e9parts des hommes mobilis\u00e9s\u2026 La p\u00e9nurie alimentaire se fait sentir, les carnets d\u2019alimentation entrent en vigueur\u2026 Les familles vivent dans l\u2019angoisse des mauvaises nouvelles du front.<\/p>\n<p><a title=\"Hommage \u00e0 Monsieur Moreau (*)\" href=\"https:\/\/www.mairie-chailly-en-biere.fr\/?page_id=4745\">Le Maire R\u00e9my MOREAU est sollicit\u00e9 de toutes parts.<\/a><\/p>\n<p>C&rsquo;est une France meurtrie qui sort de la guerre : des r\u00e9gions ravag\u00e9es, des villages an\u00e9antis\u2026 Chailly-en-Bi\u00e8re a \u00e9galement honor\u00e9 ses \u00ab Morts pour la France \u00bb, 42 noms sont grav\u00e9s sur le marbre\u2026 L\u2019horreur de la guerre n\u2019a pas permis de rapatrier tous les corps des soldats, certains sont inhum\u00e9s dans les n\u00e9cropoles nationales comme Georges Peguy, Jules Rochet \u00e0 Montauville\u2026<\/p>\n<p><strong>ALBERT Eug\u00e8ne, Joseph, Mar\u00e9chal des Logis, 29e R.A.<\/strong><br \/>\nD\u00e9c\u00e9d\u00e9 le 11 avril 1915 \u00e0 l\u2019H\u00f4pital temporaire n\u00b0 3 \u00e0 Verdun (Meuse)<br \/>\n<strong>AUMAITRE Henri, Lucien, Mar\u00e9chal des logis Pilote \u00e0 l\u2019escadrille V116,<\/strong><br \/>\nd\u00e9c\u00e9d\u00e9 le 29\/11\/1917 sur le terrain d\u2019aviation de Bergues (59), \u00abdes suites de blessures re\u00e7ues en service command\u00e9\u00bb, d\u00e9cor\u00e9 de la croix de guerre, \u00e0 l\u2019\u00e2ge de 29 ans<br \/>\n<strong>BATTEREAU Louis, Antonin, 20 ans, 2e classe \u00e0 la 4e compagnie du 2e bataillon de chasseurs \u00e0 pied,<\/strong> d\u00e9c\u00e9d\u00e9 le 28\/04\/1915 devant Boesinghe (Belgique), sur le champ de bataille<br \/>\n<strong>BILLAULT Ernest, Soldat au 31e R.I., prisonnier de guerre<\/strong>, d\u00e9c\u00e9d\u00e9 le 25\/05\/1915 \u00e0 Darmstasd (Allemagne) \u00e0 l\u2019\u00e2ge de 25 ans<br \/>\n<strong>BENARDON Camille, 29 ans, 2e classe au 315e R.I., 21e compagnie,<\/strong> d\u00e9c\u00e9d\u00e9 le 24\/08\/1916 \u00e0 Braun Sainte Cohi\u00e8re (51)<br \/>\n<strong>BOUCHENY Emile Eug\u00e8ne, 2e classe au 52e R.I. Coloniale,<\/strong> d\u00e9c\u00e9d\u00e9 le 25\/09\/1915 \u00e0 Souain (51)<br \/>\n<strong>BOUCHENY Marcel, Caporal au 231e R.I.<\/strong>, d\u00e9c\u00e9d\u00e9 le 28\/09\/1915, tomb\u00e9 au champ d\u2019honneur dans le combat de la c\u00f4te 119 pr\u00e8s de Souchez (62)<br \/>\n<strong>BUTHIER Rodolphe, Louis, 2e classe au 89e R.I.,<\/strong> d\u00e9c\u00e9d\u00e9 le 08\/09\/1914 \u00e0 Boureilles (55)<br \/>\n<strong>CHEVALIER Georges, Gaston, sergent au 17e R.I.,<\/strong> d\u00e9c\u00e9d\u00e9 le 01\/10\/1918 \u00e0 la c\u00f4te 184, commune de Somme-Py (51) sur le champ de bataille<br \/>\n<strong>CHEVALIER Marcel, Jules, 2e classe au 146e R.I.<\/strong>, d\u00e9c\u00e9d\u00e9 le 21\/09\/1914 \u00e0 Champenoux (Meurthe et Moselle)<br \/>\n<strong>COUTE Emile, Albert, clairon au 346e R.I.,<\/strong> d\u00e9c\u00e9d\u00e9 le 23\/09\/1914 \u00e0 Lironville (54)<br \/>\n<strong>DHUICQ Camille, Lucien, 2e classe au 146e R.I.,<\/strong> d\u00e9c\u00e9d\u00e9 le 20\/12\/1914 \u00e0 St Julien (Belgique)<br \/>\n<strong>DUDIOT Maurice, 25 ans, 2e classe au 31e R.I., 8e bataillon, 30e compagnie,<\/strong> d\u00e9c\u00e9d\u00e9 le 09\/11\/1915 \u00e0 Chailly-en-Bi\u00e8re (77)<br \/>\n<strong>DURAND Fran\u00e7ois, Etienne, 40 ans, 2e classe au 38e R\u00e9giment Territorial d\u2019Infanterie,<\/strong> d\u00e9c\u00e9d\u00e9 le 06\/02\/1917 au D\u00e9versoir, commune de Paroy (54)<br \/>\n<strong>DURAND Pierre, Soldat \u00e0 la 1\u00e8re compagnie du 153e R.I., prisonnier de guerre du 3e camp allemand<\/strong>, d\u00e9c\u00e9d\u00e9 le 13\/07\/1915 \u00e0 Grossbreesen (Allemagne) \u00e0 l\u2019\u00e2ge de 33 ans<br \/>\n<strong>FIDELAIRE Camille, Victor, 2e classe, R\u00e9giment de Chasseurs \u00e0 Pied,<\/strong> d\u00e9c\u00e9d\u00e9 le 15\/09\/1914 \u00e0 Vineux le Ch\u00e2teau (51)<br \/>\n<strong>FORTEL Louis , 2e classe au 279e R.I.,<\/strong> d\u00e9c\u00e9d\u00e9 le 25\/08\/1914 \u00e0 Courbesseaux (54) \u00e0 l\u2019\u00e2ge de 33 ans<br \/>\n<strong>GERMAIN Emile, Louis, Mar\u00e9chal des logis au 114e R.A. lourde, 51e section des munitions,<\/strong> d\u00e9c\u00e9d\u00e9 le 11\/05\/1918 \u00e0 Haringhe (Belgique) \u00e0 l\u2019\u00e2ge de 39 ans<br \/>\n<strong>GERMAIN Gaston, soldat 2e classe \u00e0 la 13e compagnie du 246e R\u00e9giment,<\/strong> d\u00e9c\u00e9d\u00e9 le 28\/08\/1918 \u00e0 Auxerre (89)<br \/>\n<strong>GERMAIN Georges, Caporal au 42e bataillon de chasseurs,<\/strong> d\u00e9c\u00e9d\u00e9 le 11\/05\/1915 \u00e0 Carency (62) \u00e0 l\u2019\u00e2ge de 30 ans<br \/>\n<strong>GERMAIN Ren\u00e9, Chasseur 2e classe au 17e bataillon de chasseurs alpins,<\/strong> d\u00e9c\u00e9d\u00e9 le 11\/05\/1915 \u00e0 Notre Dame de Lorette \u00e0 l\u2019\u00e2ge de 21 ans<br \/>\n<strong>GUILBERT Ren\u00e9, Fran\u00e7ois, 2e canonnier conducteur au 32e R.I. de campagne,<\/strong> d\u00e9c\u00e9d\u00e9 le 26\/09\/1914 \u00e0 Fismes (51) \u00ab des suites des blessures re\u00e7ues sur le champ de bataille \u00bb \u00e0 l\u2019\u00e2ge de 24 ans<br \/>\n<strong>GUILLEMAIN Robert, Alexandre, Chasseur 1\u00e8re classe au 20e bataillon de chasseurs \u00e0 pied, 3e compagnie,<\/strong> d\u00e9c\u00e9d\u00e9 le 25\/07\/1917 devant Laffaux (02), d\u00e9cor\u00e9 de la croix de guerre<br \/>\n<strong>JARRY Emile, Armand, 2e classe au 346e R\u00e9giment d\u2019infanterie,<\/strong> d\u00e9c\u00e9d\u00e9 le 12 d\u00e9cembre 1914 \u00e0 Bois le Pr\u00eatre (54) \u00e0 l\u2019\u00e2ge de 30 ans<br \/>\n<strong>JESSIN Ren\u00e9, Abel, Louis, 2e classe au 82e R.I.,<\/strong> d\u00e9c\u00e9d\u00e9 le 03\/05\/1917 \u00e0 Auxerre<br \/>\n<strong>LALANDE Ars\u00e8ne, Th\u00e9odore, 2e classe au 20e bataillon de chasseurs \u00e0 pied,<\/strong> d\u00e9c\u00e9d\u00e9 le 18\/12\/1914 \u00e0 Notre Dame de Lorette (62) \u00e0 l\u2019\u00e2ge de 20 ans,<br \/>\n<strong>LABUSSIERE Prosper, L\u00e9on, 2e classe au 31e R.I.<\/strong>, d\u00e9c\u00e9d\u00e9 le 17\/02\/1915 \u00e0 Vauquois (55) \u00e0 l\u2019\u00e2ge de 25 ans<br \/>\n<strong>LESEURE Edouard 2e classe au 4e r\u00e9giment de cuirassiers,<\/strong> d\u00e9c\u00e9d\u00e9 le 24\/03\/1918 \u00e0 Chauny (02), d\u00e9cor\u00e9 de la Croix de guerre<br \/>\n<strong>LESEVE Cyr Alexandre, Toussaint, 20 ans, 2e classe au 246e R.I. 22e compagnie<\/strong>, d\u00e9c\u00e9d\u00e9 le 16\/05\/1917 en for\u00eat d\u2019Apremont, commune de Marlotte (55)<br \/>\n<strong>LIORET Henri, 2e classe au 2e bataillon de chasseurs \u00e0 pie<\/strong>d, \u00abmort pour la France le 4 d\u00e9cembre 1914 \u00e0 Keydendreft (Belgique)<br \/>\n<strong>LIORET Marcel, 2e classe au 31e r\u00e9giment d\u2019infanterie,<\/strong> d\u00e9c\u00e9d\u00e9 le 06\/09\/1914 \u00e0 Layecourt (55) \u00e0 l\u2019\u00e2ge de 24 ans,<br \/>\n<strong>MARTIN Jules<\/strong> (si vous avez des renseignements, merci de contacter la Mairie de Chailly-en-Bi\u00e8re)<br \/>\n<strong>NOIROT Jean, Louis, Mar\u00e9chal des logis au 13e R\u00e9giments de dragons,<\/strong> d\u00e9c\u00e9d\u00e9 le 01\/02\/1916 aux tranch\u00e9es de la 7e DC, commune de Wez (51) \u00e0 l\u2019\u00e2ge de 26 ans<br \/>\n<strong>PEGUY Alfred, Th\u00e9odore, 2e classe au 2e bataillon de chasseurs \u00e0 pied,<\/strong> d\u00e9c\u00e9d\u00e9 le 30\/09\/1915 \u00e0 Ripont (51)<br \/>\n<strong>PEGUY Georges, Camille, 30 ans, 2e classe au 60e bataillon de chasseurs \u00e0 pied 10e compagnie,<\/strong> d\u00e9c\u00e9d\u00e9 le 05\/06\/1915 \u00e0 Villers Ch\u00e2tel (62), inhum\u00e9 \u00e0 Notre-Dame-de-Lorette (62), n\u00e9cropole nationale<br \/>\n<strong>PEGUY Louis, F\u00e9lix, 2e classe au 31e R.I.,<\/strong> d\u00e9c\u00e9d\u00e9 le 24\/08\/1914 \u00e0 Longuyon (54) \u00e0 l\u2019\u00e2ge de 25 ans<br \/>\n<strong>PELLETIER Didier, 2e classe au 31e R\u00e9giment d\u2019infanterie,<\/strong> d\u00e9c\u00e9d\u00e9 le 23\/09\/1914 \u00e0 Cheppy (55)<br \/>\n<strong>RENAULT Ars\u00e8ne, L\u00e9opold, 2e classe au 146e R.I.,<\/strong> d\u00e9c\u00e9d\u00e9 le 27\/09\/1915 \u00abaux combats des abords de Beaus\u00e9jour (51) \u00e0 l\u2019\u00e2ge de 34 ans<br \/>\n<strong>ROCHET Jules, 2e classe au 346e R.I.,<\/strong> d\u00e9c\u00e9d\u00e9 le 23\/10\/1915 \u00e0 Montauville (Bois-le-Pr\u00eatre) \u00e0 l\u2019\u00e2ge de 29 ans<br \/>\n<strong>ROUSSEAU Louis, 31 ans, 2e classe au 171e R.I., 2e bataillon, 7e compagnie,<\/strong> d\u00e9c\u00e9d\u00e9 le 05\/05\/1917 au Chemin des Dames &#8211; Ferme de la Roy\u00e8re (02)<br \/>\n<strong>SAUVANET Marcel, Ren\u00e9, 2e classe au 4e R.I.<\/strong>, d\u00e9c\u00e9d\u00e9 le 20\/07\/1915 \u00e0 Argonne (55)<br \/>\n<strong>SAUVANET Lucien, Camille, soldat<\/strong><\/p>\n","protected":false},"excerpt":{"rendered":"<p>Le 28 juin 1914, \u00e0 Sarajevo, un nationaliste serbe assassine l&rsquo;archiduc Fran\u00e7ois-Ferdinand d&rsquo;Autriche-Hongrie et son \u00e9pouse. L&rsquo;engrenage des alliances pr\u00e9cipite alors l\u2019Europe dans la guerre. Le 28 juillet l\u2019Autriche-Hongrie d\u00e9clare la guerre \u00e0 la Serbie. Le 1er ao\u00fbt l\u2019Allemagne d\u00e9clare la guerre \u00e0 la Russie puis le 3 ao\u00fbt \u00e0 la France alors que son &hellip; <\/p>\n<p><a class=\"more-link btn\" href=\"https:\/\/www.mairie-chailly-en-biere.fr\/?page_id=4739\">Lire la suite<\/a><\/p>\n","protected":false},"author":2,"featured_media":0,"parent":1670,"menu_order":9,"comment_status":"closed","ping_status":"closed","template":"","meta":{"footnotes":""},"class_list":["post-4739","page","type-page","status-publish","hentry","nodate","item-wrap"],"_links":{"self":[{"href":"https:\/\/www.mairie-chailly-en-biere.fr\/index.php?rest_route=\/wp\/v2\/pages\/4739","targetHints":{"allow":["GET"]}}],"collection":[{"href":"https:\/\/www.mairie-chailly-en-biere.fr\/index.php?rest_route=\/wp\/v2\/pages"}],"about":[{"href":"https:\/\/www.mairie-chailly-en-biere.fr\/index.php?rest_route=\/wp\/v2\/types\/page"}],"author":[{"embeddable":true,"href":"https:\/\/www.mairie-chailly-en-biere.fr\/index.php?rest_route=\/wp\/v2\/users\/2"}],"replies":[{"embeddable":true,"href":"https:\/\/www.mairie-chailly-en-biere.fr\/index.php?rest_route=%2Fwp%2Fv2%2Fcomments&post=4739"}],"version-history":[{"count":9,"href":"https:\/\/www.mairie-chailly-en-biere.fr\/index.php?rest_route=\/wp\/v2\/pages\/4739\/revisions"}],"predecessor-version":[{"id":6602,"href":"https:\/\/www.mairie-chailly-en-biere.fr\/index.php?rest_route=\/wp\/v2\/pages\/4739\/revisions\/6602"}],"up":[{"embeddable":true,"href":"https:\/\/www.mairie-chailly-en-biere.fr\/index.php?rest_route=\/wp\/v2\/pages\/1670"}],"wp:attachment":[{"href":"https:\/\/www.mairie-chailly-en-biere.fr\/index.php?rest_route=%2Fwp%2Fv2%2Fmedia&parent=4739"}],"curies":[{"name":"wp","href":"https:\/\/api.w.org\/{rel}","templated":true}]}}