{"id":47,"date":"2010-12-14T14:29:34","date_gmt":"2010-12-14T14:29:34","guid":{"rendered":"https:\/\/www.mairie-chailly-en-biere.fr\/?page_id=47"},"modified":"2017-04-07T11:41:17","modified_gmt":"2017-04-07T11:41:17","slug":"claude-cottereau","status":"publish","type":"page","link":"https:\/\/www.mairie-chailly-en-biere.fr\/?page_id=47","title":{"rendered":"Claude Cottereau"},"content":{"rendered":"<div id=\"attachment_1523\" style=\"width: 245px\" class=\"wp-caption aligncenter\"><a href=\"https:\/\/www.mairie-chailly-en-biere.fr\/?attachment_id=1523\" rel=\"attachment wp-att-1523\"><img loading=\"lazy\" decoding=\"async\" aria-describedby=\"caption-attachment-1523\" class=\"size-medium wp-image-1523\" title=\"Claude Cottereau\" src=\"https:\/\/www.mairie-chailly-en-biere.fr\/wp-content\/uploads\/ClaudeCottereau-245x300.jpg\" alt=\"Claude Cottereau\" width=\"245\" height=\"300\" srcset=\"https:\/\/www.mairie-chailly-en-biere.fr\/wp-content\/uploads\/ClaudeCottereau-245x300.jpg 245w, https:\/\/www.mairie-chailly-en-biere.fr\/wp-content\/uploads\/ClaudeCottereau.jpg 300w\" sizes=\"auto, (max-width: 245px) 100vw, 245px\" \/><\/a><p id=\"caption-attachment-1523\" class=\"wp-caption-text\">Claude Cottereau<\/p><\/div>\n<p>CLAUDE COTTEREAU 1928-2005<\/p>\n<p>Le vendredi 11 f\u00e9vrier 2005, \u00e0 17 heures, une foule impressionnante se pressait en notre \u00e9glise Saint Paul pour rendre un dernier hommage \u00e0 M. Claude COTTEREAU, maire honoraire de la commune de Chailly-en-Bi\u00e8re, d\u00e9c\u00e9d\u00e9 le 9 f\u00e9vrier.<\/p>\n<p>Outre sa famille et ses amis, \u00e9taient venus assister \u00e0 cette c\u00e9r\u00e9monie le Conseil Municipal, les maires, adjoints et conseillers municipaux des communes voisines, de nombreuses personnalit\u00e9s \u00e9lues ou issues du milieu professionnel, le personnel communal de Chailly et beaucoup de chaillotines et chaillotins.<\/p>\n<p>Les relations que nous avons entretenues, lui et moi, au cours des deux mandats pendant lesquels je fus son premier adjoint et aussi par la suite, ont \u00e9t\u00e9 la base d\u2019une consid\u00e9ration mutuelle et surtout la source d\u2019une v\u00e9ritable amiti\u00e9 qui aujourd\u2019hui me permettent de r\u00e9diger ces quelques lignes pour rappeler non seulement ce que fut sa vie publique mais aussi les \u00e9v\u00e8nements importants de son existence comme je l\u2019ai dit lors de ses obs\u00e8ques.<\/p>\n<p>N\u00e9 le 25 ao\u00fbt 1928 dans le 15\u00e8me arrondissement de Paris, sa jeunesse s\u2019est pass\u00e9e entre scolarit\u00e9 \u00e0 Paris et vacances \u00e0 Chailly, Rue de la Fosse aux Loups, chez son grand-p\u00e8re, dans la maison qui est devenue la sienne. Ce grand-p\u00e8re, L\u00e9on COTTEREAU, fut lui-m\u00eame Maire de Chailly-en-Bi\u00e8re de 1933 \u00e0 1935. C\u2019est lui qui, je crois, lui a donn\u00e9 l\u2019amour de notre village avec des promenades et chasses dans la plaine de Bi\u00e8re et en for\u00eat de Fontainebleau, mais aussi lui a transmis cette fibre politique qui le fit s\u2019engager pour notre commune.<\/p>\n<p>Apr\u00e8s des \u00e9tudes brillantes \u00e0 l\u2019\u00e9cole Violet (grande \u00e9cole d\u2019\u00e9lectricit\u00e9) et son dipl\u00f4me d\u2019ing\u00e9nieur en poche, il entre \u00e0 P\u00e9chiney-Ugine-Khulmann o\u00f9 se d\u00e9roulera toute sa carri\u00e8re. Il est en poste \u00e0 Lyon \u00e0 la t\u00eate d\u2019un grand service de cette entreprise quand il devient Maire de Chailly-en-Bi\u00e8re en 1983.<\/p>\n<p>En fait, sa vie publique a d\u00e9j\u00e0 commenc\u00e9 d\u00e8s 1977 quand il a \u00e9t\u00e9 \u00e9lu conseiller municipal pendant le dernier mandat de maire de M. Jacques BERTHEAU. Il reste premier magistrat de la commune jusqu\u2019en 1995, date \u00e0 laquelle il a d\u00e9cid\u00e9 de mettre un terme \u00e0 son mandat. N\u00e9anmoins, il avait gard\u00e9 la pr\u00e9sidence du Syndicat Intercommunal du R\u00fb de la Mare aux Ev\u00e9es qu\u2019il dirigeait depuis qu\u2019il en avait \u00e9t\u00e9 \u00e9lu membre en 1989.<\/p>\n<p>C\u2019\u00e9tait un homme paus\u00e9, attentif \u00e0 tous les probl\u00e8mes, et qui apportait toujours le bon conseil aux nombreuses personnes qui le sollicitaient. C\u2019est lui qui a donn\u00e9 \u00e0 Chailly-en-Bi\u00e8re la repr\u00e9sentativit\u00e9 que tout le monde lui accorde aujourd\u2019hui. C\u2019est l\u2019image qu\u2019il a laiss\u00e9 aupr\u00e8s de tous les \u00e9lus, fonctionnaires, professionnels et administr\u00e9s qui ont pu le fr\u00e9quenter depuis plus de 20 ans.<\/p>\n<p>De plus, la commune lui doit un certain nombre de r\u00e9alisations qu\u2019il a voulues, engag\u00e9es et suivies. Il a su notamment n\u00e9gocier, pour la commune, 2 contrats ruraux. qui ont revitalis\u00e9 notre village et lui ont donn\u00e9 un nouvel essor. Sans faire une liste exhaustive de ce qu\u2019il a entrepris, on peut citer diff\u00e9rents chantiers : r\u00e9fection de l\u2019\u00e9clairage public, ravalement int\u00e9rieur de l\u2019\u00e9glise, am\u00e9nagement de la salle Fran\u00e7ois Desportes, ouverture d\u2019un restaurant scolaire dans cette m\u00eame salle, remise en \u00e9tat de l\u2019annexe-mairie, construction des vestiaires sportifs sur le stade, am\u00e9nagement du square Jean Monet et de l\u2019all\u00e9e Ferdinand Salvaterra, acquisition de l\u2019immeuble Plancke 18 Rue de Melun et surtout, ce dont je crois qu\u2019il \u00e9tait \u00e0 juste titre le plus fier, la construction de notre salle polyvalente dont il avait personnellement r\u00e9dig\u00e9 le cahier des charges techniques et qui aujourd\u2019hui encore fait de nombreux envieux dans les communes voisines.<\/p>\n<p>C\u2019est pour tout cela, et aussi pour ses 3 mandats communaux (18 ann\u00e9es) que le Pr\u00e9fet de Seine-et-Marne lui a conf\u00e9r\u00e9 en 1995, \u00e0 ma demande, le titre de Maire honoraire.<\/p>\n<p>Il a laiss\u00e9 son empreinte sur la commune qui ne pourra l\u2019oublier. Certes les hommes de sa carrure ne disparaissent jamais tout \u00e0 fait, mais je crois que le moment venu il conviendra d\u2019inscrire son souvenir dans la m\u00e9moire collective du village en gravant son nom dans la pierre.<\/p>\n<p>Je terminerai enfin en m\u2019adressant encore une fois \u00e0 sa famille, sa femme Marie-Louise, ses fils Robert et Fran\u00e7ois, sa petite fille Sophie, pour leur renouveler au nom de toutes les chaillotines et tous les chaillotins, et mon nom propre toutes nos plus sinc\u00e8res condol\u00e9ances.<\/p>\n<p>Claude COTTEREAU restera toujours avec nous.<\/p>\n<p>Henri LEBARQ<br \/>\nB.M. n\u00b0 66 &#8211; juin 2005<\/p>\n","protected":false},"excerpt":{"rendered":"<p>CLAUDE COTTEREAU 1928-2005 Le vendredi 11 f\u00e9vrier 2005, \u00e0 17 heures, une foule impressionnante se pressait en notre \u00e9glise Saint Paul pour rendre un dernier hommage \u00e0 M. Claude COTTEREAU, maire honoraire de la commune de Chailly-en-Bi\u00e8re, d\u00e9c\u00e9d\u00e9 le 9 f\u00e9vrier. Outre sa famille et ses amis, \u00e9taient venus assister \u00e0 cette c\u00e9r\u00e9monie le Conseil &hellip; <\/p>\n<p><a class=\"more-link btn\" href=\"https:\/\/www.mairie-chailly-en-biere.fr\/?page_id=47\">Lire la suite<\/a><\/p>\n","protected":false},"author":2,"featured_media":0,"parent":45,"menu_order":1,"comment_status":"closed","ping_status":"closed","template":"","meta":{"footnotes":""},"class_list":["post-47","page","type-page","status-publish","hentry","nodate","item-wrap"],"_links":{"self":[{"href":"https:\/\/www.mairie-chailly-en-biere.fr\/index.php?rest_route=\/wp\/v2\/pages\/47","targetHints":{"allow":["GET"]}}],"collection":[{"href":"https:\/\/www.mairie-chailly-en-biere.fr\/index.php?rest_route=\/wp\/v2\/pages"}],"about":[{"href":"https:\/\/www.mairie-chailly-en-biere.fr\/index.php?rest_route=\/wp\/v2\/types\/page"}],"author":[{"embeddable":true,"href":"https:\/\/www.mairie-chailly-en-biere.fr\/index.php?rest_route=\/wp\/v2\/users\/2"}],"replies":[{"embeddable":true,"href":"https:\/\/www.mairie-chailly-en-biere.fr\/index.php?rest_route=%2Fwp%2Fv2%2Fcomments&post=47"}],"version-history":[{"count":12,"href":"https:\/\/www.mairie-chailly-en-biere.fr\/index.php?rest_route=\/wp\/v2\/pages\/47\/revisions"}],"predecessor-version":[{"id":9741,"href":"https:\/\/www.mairie-chailly-en-biere.fr\/index.php?rest_route=\/wp\/v2\/pages\/47\/revisions\/9741"}],"up":[{"embeddable":true,"href":"https:\/\/www.mairie-chailly-en-biere.fr\/index.php?rest_route=\/wp\/v2\/pages\/45"}],"wp:attachment":[{"href":"https:\/\/www.mairie-chailly-en-biere.fr\/index.php?rest_route=%2Fwp%2Fv2%2Fmedia&parent=47"}],"curies":[{"name":"wp","href":"https:\/\/api.w.org\/{rel}","templated":true}]}}