{"id":45,"date":"2010-12-14T14:29:08","date_gmt":"2010-12-14T14:29:08","guid":{"rendered":"https:\/\/www.mairie-chailly-en-biere.fr\/?page_id=45"},"modified":"2011-03-12T08:03:55","modified_gmt":"2011-03-12T08:03:55","slug":"histoire-des-maires-challotins","status":"publish","type":"page","link":"https:\/\/www.mairie-chailly-en-biere.fr\/?page_id=45","title":{"rendered":"Histoire des Maires Chaillotins"},"content":{"rendered":"<p>La fonction de Maire remonte \u00e0 un peu plus de deux cent ans. L\u2019Edit de juin 1787 annonce la cr\u00e9ation d\u2019assembl\u00e9es provinciales compos\u00e9es du seigneur, du cur\u00e9, de trois, six ou neuf membres choisis dans le village, \u00e0 leur t\u00eate un syndic municipal.<\/p>\n<p>A Chailly, c\u2019est M. Sauv\u00e9 Philippe et le cure l\u2019Abb\u00e9 Ledoux.<\/p>\n<p>Apr\u00e8s la R\u00e9volution, la loi du 14 d\u00e9cembre 1789 r\u00e9git les municipalit\u00e9s. Dans chaque commune, &#8211; c\u2019est le nom nouveau des paroisses \u2013 les citoyens actifs \u00e9lisent au suffrage direct les membres du Conseil G\u00e9n\u00e9ral de la Commune (10 membres pour les communes de moins de 2 500 habitants) et ceux-ci d\u00e9signent le Maire, qui se substituera au syndic.<\/p>\n<p>Pour \u00eatre \u00e9ligible au titre de conseiller, il faut satisfaire d\u2019une imposition fonci\u00e8re ou personnelle de 10 livres au moins. Pour le Maire, l\u2019imposition doit d\u00e9passer 30 livres ; ceci dispara\u00eetra avec l\u2019Empire.<\/p>\n<p>La m\u00e9thode de vote \u00e9voluera lentement durant ces deux si\u00e8cles. Louis Napol\u00e9on Bonaparte institue le suffrage universel pour les hommes. Charles de Gaulle donne le droit de vote aux femmes le 21 avril 1944 et Val\u00e9ry Giscard d\u2019Estaing autorise le vote des jeunes \u00e0 partir de 18 ans en juillet 1974.<\/p>\n<p>Voici pour Chailly les Maires qui se sont succ\u00e9d\u00e9s jusqu\u2019\u00e0 aujourd\u2019hui :<br \/><div id=\"attachment_1695\" style=\"width: 500px\" class=\"wp-caption aligncenter\"><a href=\"https:\/\/www.mairie-chailly-en-biere.fr\/?attachment_id=1695\" rel=\"attachment wp-att-1695\"><img loading=\"lazy\" decoding=\"async\" aria-describedby=\"caption-attachment-1695\" src=\"https:\/\/www.mairie-chailly-en-biere.fr\/wp-content\/uploads\/Les-maires-de-Chailly-1789-.jpg\" alt=\"Les maires de Chailly de 1789 \u00e0 1995\" title=\"Les maires de Chailly de 1789 \u00e0 1995\" width=\"500\" height=\"405\" class=\"size-full wp-image-1695\" srcset=\"https:\/\/www.mairie-chailly-en-biere.fr\/wp-content\/uploads\/Les-maires-de-Chailly-1789-.jpg 500w, https:\/\/www.mairie-chailly-en-biere.fr\/wp-content\/uploads\/Les-maires-de-Chailly-1789--300x243.jpg 300w\" sizes=\"auto, (max-width: 500px) 100vw, 500px\" \/><\/a><p id=\"caption-attachment-1695\" class=\"wp-caption-text\">Les maires de Chailly de 1789 \u00e0 1995<\/p><\/div><br \/>\nLe nouveau Maire est \u00e9lu, je lui souhaite bonne chance. L\u2019histoire continue\u2026<\/p>\n<p>Jean-Paul LEFLOCH<br \/>\nB.M. 1995<\/p>\n<div id=\"attachment_1689\" style=\"width: 600px\" class=\"wp-caption aligncenter\"><a href=\"https:\/\/www.mairie-chailly-en-biere.fr\/?attachment_id=1689\" rel=\"attachment wp-att-1689\"><img loading=\"lazy\" decoding=\"async\" aria-describedby=\"caption-attachment-1689\" src=\"https:\/\/www.mairie-chailly-en-biere.fr\/wp-content\/uploads\/salle-cm.jpg\" alt=\"Salle du Conseil Municipal\" title=\"Salle du Conseil Municipal\" width=\"600\" height=\"450\" class=\"size-full wp-image-1689\" srcset=\"https:\/\/www.mairie-chailly-en-biere.fr\/wp-content\/uploads\/salle-cm.jpg 600w, https:\/\/www.mairie-chailly-en-biere.fr\/wp-content\/uploads\/salle-cm-300x225.jpg 300w, https:\/\/www.mairie-chailly-en-biere.fr\/wp-content\/uploads\/salle-cm-560x420.jpg 560w\" sizes=\"auto, (max-width: 600px) 100vw, 600px\" \/><\/a><p id=\"caption-attachment-1689\" class=\"wp-caption-text\">Salle du Conseil Municipal<\/p><\/div>\n","protected":false},"excerpt":{"rendered":"<p>La fonction de Maire remonte \u00e0 un peu plus de deux cent ans. L\u2019Edit de juin 1787 annonce la cr\u00e9ation d\u2019assembl\u00e9es provinciales compos\u00e9es du seigneur, du cur\u00e9, de trois, six ou neuf membres choisis dans le village, \u00e0 leur t\u00eate un syndic municipal. A Chailly, c\u2019est M. Sauv\u00e9 Philippe et le cure l\u2019Abb\u00e9 Ledoux. Apr\u00e8s &hellip; <\/p>\n<p><a class=\"more-link btn\" href=\"https:\/\/www.mairie-chailly-en-biere.fr\/?page_id=45\">Lire la suite<\/a><\/p>\n","protected":false},"author":2,"featured_media":0,"parent":101,"menu_order":2,"comment_status":"closed","ping_status":"closed","template":"","meta":{"footnotes":""},"class_list":["post-45","page","type-page","status-publish","hentry","nodate","item-wrap"],"_links":{"self":[{"href":"https:\/\/www.mairie-chailly-en-biere.fr\/index.php?rest_route=\/wp\/v2\/pages\/45","targetHints":{"allow":["GET"]}}],"collection":[{"href":"https:\/\/www.mairie-chailly-en-biere.fr\/index.php?rest_route=\/wp\/v2\/pages"}],"about":[{"href":"https:\/\/www.mairie-chailly-en-biere.fr\/index.php?rest_route=\/wp\/v2\/types\/page"}],"author":[{"embeddable":true,"href":"https:\/\/www.mairie-chailly-en-biere.fr\/index.php?rest_route=\/wp\/v2\/users\/2"}],"replies":[{"embeddable":true,"href":"https:\/\/www.mairie-chailly-en-biere.fr\/index.php?rest_route=%2Fwp%2Fv2%2Fcomments&post=45"}],"version-history":[{"count":12,"href":"https:\/\/www.mairie-chailly-en-biere.fr\/index.php?rest_route=\/wp\/v2\/pages\/45\/revisions"}],"predecessor-version":[{"id":1694,"href":"https:\/\/www.mairie-chailly-en-biere.fr\/index.php?rest_route=\/wp\/v2\/pages\/45\/revisions\/1694"}],"up":[{"embeddable":true,"href":"https:\/\/www.mairie-chailly-en-biere.fr\/index.php?rest_route=\/wp\/v2\/pages\/101"}],"wp:attachment":[{"href":"https:\/\/www.mairie-chailly-en-biere.fr\/index.php?rest_route=%2Fwp%2Fv2%2Fmedia&parent=45"}],"curies":[{"name":"wp","href":"https:\/\/api.w.org\/{rel}","templated":true}]}}