{"id":39,"date":"2010-12-14T14:26:38","date_gmt":"2010-12-14T14:26:38","guid":{"rendered":"https:\/\/www.mairie-chailly-en-biere.fr\/?page_id=39"},"modified":"2025-04-22T09:29:36","modified_gmt":"2025-04-22T09:29:36","slug":"numeros-utiles","status":"publish","type":"page","link":"https:\/\/www.mairie-chailly-en-biere.fr\/?page_id=39","title":{"rendered":"Num\u00e9ros d&rsquo;urgence \/ Num\u00e9ros utiles"},"content":{"rendered":"<p style=\"padding-left: 30px;\"><span style=\"color: #ff0000;\"><img loading=\"lazy\" decoding=\"async\" class=\"size-medium wp-image-18602 alignleft\" src=\"https:\/\/www.mairie-chailly-en-biere.fr\/wp-content\/uploads\/RAPPEL-NUM-URGENCE-239x300.jpg\" alt=\"\" width=\"239\" height=\"300\" srcset=\"https:\/\/www.mairie-chailly-en-biere.fr\/wp-content\/uploads\/RAPPEL-NUM-URGENCE-239x300.jpg 239w, https:\/\/www.mairie-chailly-en-biere.fr\/wp-content\/uploads\/RAPPEL-NUM-URGENCE-612x768.jpg 612w, https:\/\/www.mairie-chailly-en-biere.fr\/wp-content\/uploads\/RAPPEL-NUM-URGENCE-555x696.jpg 555w, https:\/\/www.mairie-chailly-en-biere.fr\/wp-content\/uploads\/RAPPEL-NUM-URGENCE.jpg 622w\" sizes=\"auto, (max-width: 239px) 100vw, 239px\" \/>Num\u00e9ros d&rsquo;urgence<\/span><br \/>\nPompiers\u00a0:\u00a018<\/p>\n<p style=\"padding-left: 30px;\">SOS 77 SUD :\u00a00 820 0 77 505<\/p>\n<p style=\"padding-left: 30px;\">SOS M\u00e9decin : 36 24<\/p>\n<p style=\"text-align: left; padding-left: 30px;\">Centre Antipoison :\u00a001 40 05 48 48<br \/>\nMU 77 :\u00a00 820 826 505<br \/>\nUrgence Europe et t\u00e9l. portable :\u00a0\u00a0 112<br \/>\nGendarmerie Urgence :\u00a0\u00a0\u00a0 17<br \/>\nPharmacies de garde : 3915<\/p>\n<p>&nbsp;<\/p>\n<p style=\"text-align: left; padding-left: 30px;\"><a href=\"https:\/\/www.enedis.fr\/reagir-une-perturbation-de-lalimentation-electrique-de-votre-logement\" target=\"_blank\" rel=\"noopener noreferrer\">D\u00e9pannage ENEDIS <\/a>24h\/24 :\u00a0\u00a0 <strong>09 726 750 77<\/strong><br \/>\n<a href=\"https:\/\/www.grdf.fr\/fuite-de-gaz\" target=\"_blank\" rel=\"noopener noreferrer\">D\u00e9pannage GRDF <\/a>24h\/24 :\u00a0\u00a0 <strong>0 800 47 33 33<\/strong><\/p>\n<p style=\"padding-left: 30px;\"><a href=\"https:\/\/connect-racco.enedis.fr\/prac-internet\/login\/\" target=\"_blank\" rel=\"noopener noreferrer\">Accueil raccordement ENEDIS<\/a> : <strong>0 969 321 833<\/strong><\/p>\n<p>Pour contacter VEOLIA EAU : 0969 360 400* (lundi au vendredi 8 h \u00e0 19 h &#8211; samedi de 9 h \u00e0 12 h) &#8211; urgences techniques 0969 368 624* (7j\/7 24h\/24 (* num\u00e9ro non surtax\u00e9)<\/p>\n<p>VEOLIA Eau : \u00a0 0969 360 542<\/p>\n<p>La liste des autres fournisseurs de gaz naturel et d&rsquo;\u00e9lectricit\u00e9 pr\u00e9sents dans la commune est disponible sur le site de la Commission de R\u00e9gulation de l&rsquo;Energie : <a href=\"https:\/\/www.cre.fr\/\">www.cre.fr<\/a><\/p>\n<p><strong>Abonnement t\u00e9l\u00e9phonique<\/strong><\/p>\n<p>Orange : Pour obtenir un nouvel abonnement t\u00e9l\u00e9phonique, il est recommand\u00e9 de <a href=\"https:\/\/espace-client.orange.fr\/rdv\/creation?advCode=77PHSTMELU\">prendre un rdv en amont<\/a> pour \u00e9viter l&rsquo;attente en boutique, qui se situe au 35 rue Ren\u00e9 Pouteau 77000 MELUN. Il est aussi possible d&rsquo;appeler le service commercial Orange au 1014.<\/p>\n<p>Retrouver \u00e9galement la liste de <a href=\"https:\/\/www.echosdunet.net\/fournisseurs\">l\u2019ensemble des fournisseurs de t\u00e9l\u00e9phonie<\/a> en France.<\/p>\n<p><span style=\"text-decoration: underline;\">Autres num\u00e9ros utiles, services, imp\u00f4ts\u2026<\/span><\/p>\n<p>&#8211; Imp\u00f4ts et Services :\u00a0\u00a0 0 820 33 45 52<br \/>\n&#8211; Caisse Primaire d&rsquo;Assurance Maladie : 3646<br \/>\n&#8211; Informations administratives- All\u00f4 Service Public :\u00a0\u00a0 3939<br \/>\n&#8211; Accueil sans abri &#8211; Urgences sociales :\u00a0\u00a0 115<br \/>\n&#8211; All\u00f4 Enfance Maltrait\u00e9e :\u00a0\u00a0 119<br \/>\n&#8211; SIDA Info service :\u00a0\u00a0 0 800 840 800<br \/>\n&#8211; SOS Amiti\u00e9 disponible 24h \/ 24 :\u00a0\u00a0\u00a0 01 42 96 26 26<br \/>\n&#8211; Femmes viol\u00e9es :\u00a0 0 800 05 95 95<br \/>\n&#8211; SOS femmes battues : 01 43 48 20 40<br \/>\n&#8211; Drogues, alcool, Tabac, Info service :\u00a0\u00a0\u00a0 0 800 00 92 92<br \/>\n&#8211; Jeunes violence \u00e9coute :\u00a0 0 800 20 22 23<\/p>\n<p>A PARTIR DU SITE <a href=\"https:\/\/www.service-public.fr\/\">Service-Public.fr<\/a> , vous pouvez effectuer de nombreuses d\u00e9marches, vous renseigner sur celles-ci, et la rubrique Mon Service-Public vous offre la possibilit\u00e9 de sauvegarder l\u00e9galement toutes vos donn\u00e9es priv\u00e9es (\u00e9tat civil, carte d&rsquo;identit\u00e9 et passeport&#8230;) gr\u00e2ce \u00e0 un acc\u00e8s priv\u00e9 s\u00e9curis\u00e9. N&rsquo;h\u00e9sitez pas \u00e0 vous connecter&#8230;<\/p>\n","protected":false},"excerpt":{"rendered":"<p>Num\u00e9ros d&rsquo;urgence Pompiers\u00a0:\u00a018 SOS 77 SUD :\u00a00 820 0 77 505 SOS M\u00e9decin : 36 24 Centre Antipoison :\u00a001 40 05 48 48 MU 77 :\u00a00 820 826 505 Urgence Europe et t\u00e9l. portable :\u00a0\u00a0 112 Gendarmerie Urgence :\u00a0\u00a0\u00a0 17 Pharmacies de garde : 3915 &nbsp; D\u00e9pannage ENEDIS 24h\/24 :\u00a0\u00a0 09 726 750 77 D\u00e9pannage &hellip; <\/p>\n<p><a class=\"more-link btn\" href=\"https:\/\/www.mairie-chailly-en-biere.fr\/?page_id=39\">Lire la suite<\/a><\/p>\n","protected":false},"author":2,"featured_media":0,"parent":35,"menu_order":14,"comment_status":"closed","ping_status":"closed","template":"","meta":{"footnotes":""},"class_list":["post-39","page","type-page","status-publish","hentry","nodate","item-wrap"],"_links":{"self":[{"href":"https:\/\/www.mairie-chailly-en-biere.fr\/index.php?rest_route=\/wp\/v2\/pages\/39","targetHints":{"allow":["GET"]}}],"collection":[{"href":"https:\/\/www.mairie-chailly-en-biere.fr\/index.php?rest_route=\/wp\/v2\/pages"}],"about":[{"href":"https:\/\/www.mairie-chailly-en-biere.fr\/index.php?rest_route=\/wp\/v2\/types\/page"}],"author":[{"embeddable":true,"href":"https:\/\/www.mairie-chailly-en-biere.fr\/index.php?rest_route=\/wp\/v2\/users\/2"}],"replies":[{"embeddable":true,"href":"https:\/\/www.mairie-chailly-en-biere.fr\/index.php?rest_route=%2Fwp%2Fv2%2Fcomments&post=39"}],"version-history":[{"count":21,"href":"https:\/\/www.mairie-chailly-en-biere.fr\/index.php?rest_route=\/wp\/v2\/pages\/39\/revisions"}],"predecessor-version":[{"id":18607,"href":"https:\/\/www.mairie-chailly-en-biere.fr\/index.php?rest_route=\/wp\/v2\/pages\/39\/revisions\/18607"}],"up":[{"embeddable":true,"href":"https:\/\/www.mairie-chailly-en-biere.fr\/index.php?rest_route=\/wp\/v2\/pages\/35"}],"wp:attachment":[{"href":"https:\/\/www.mairie-chailly-en-biere.fr\/index.php?rest_route=%2Fwp%2Fv2%2Fmedia&parent=39"}],"curies":[{"name":"wp","href":"https:\/\/api.w.org\/{rel}","templated":true}]}}