{"id":37,"date":"2021-02-05T14:26:06","date_gmt":"2021-02-05T14:26:06","guid":{"rendered":"https:\/\/www.mairie-chailly-en-biere.fr\/?page_id=37"},"modified":"2026-01-12T13:40:43","modified_gmt":"2026-01-12T13:40:43","slug":"elections","status":"publish","type":"page","link":"https:\/\/www.mairie-chailly-en-biere.fr\/?page_id=37","title":{"rendered":"\u00c9lections"},"content":{"rendered":"<p style=\"text-align: justify;\"><img loading=\"lazy\" decoding=\"async\" class=\"alignleft size-full wp-image-5586\" src=\"https:\/\/www.mairie-chailly-en-biere.fr\/wp-content\/uploads\/carte-electorale.jpg\" alt=\"\" width=\"200\" height=\"268\" \/><span style=\"color: #ff0000;\"><strong>Il est d\u00e9sormais possible de s&rsquo;inscrire sur les listes \u00e9lectorales et de voter la m\u00eame ann\u00e9e. Il faut toutefois respecter une date limite d&rsquo;inscription.<\/strong><\/span><\/p>\n<p style=\"text-align: justify;\">Pour pouvoir voter pour les prochaines \u00e9lections, il faut demander \u00e0 \u00eatre inscrit sur les listes \u00e9lectorales :<\/p>\n<ul>\n<li style=\"text-align: justify;\">au plus tard le 6<sup>e<\/sup> vendredi pr\u00e9c\u00e9dant le 1<sup>er<\/sup> tour de l&rsquo;\u00e9lection ou,<\/li>\n<li style=\"text-align: justify;\">avant <span style=\"color: #ff0000;\"><strong>le 10e jour pr\u00e9c\u00e9dent le 1er tour des \u00e9lections<\/strong><\/span>, si vous vous trouvez dans une situation particuli\u00e8re apr\u00e8s cette date (Fran\u00e7ais atteignant 18 ans, d\u00e9m\u00e9nagement, acquisition de la nationalit\u00e9 fran\u00e7aise, droit de vote recouvr\u00e9).<\/li>\n<\/ul>\n<p style=\"text-align: justify;\"><strong><span style=\"text-decoration: underline;\">Pour pouvoir voter, il faut\u00a0remplir les conditions suivantes<\/span> :<\/strong><\/p>\n<ul>\n<li style=\"text-align: justify;\">avoir au moins 18 ans la veille du 1er tour de scrutin,<\/li>\n<li style=\"text-align: justify;\">\u00eatre de nationalit\u00e9 fran\u00e7aise (un citoyen europ\u00e9en qui vit en France peut s&rsquo;inscrire sur les listes compl\u00e9mentaires mais seulement pour participer aux \u00e9lections municipales et\/ou europ\u00e9ennes),<\/li>\n<li>jouir de ses droits civils et politiques.<\/li>\n<\/ul>\n<p style=\"text-align: justify;\">\u00c0 savoir : \u00a0\u00e0 18 ans, l&rsquo;inscription est automatique si les formalit\u00e9s de recensement ont \u00e9t\u00e9 accomplies \u00e0 16 ans.<\/p>\n<p>(Les citoyens europ\u00e9ens r\u00e9sidant en France peuvent s&rsquo;inscrire sur les listes compl\u00e9mentaires pour participer aux \u00e9lections municipales et\/ou europ\u00e9ennes).<\/p>\n<p>Pi\u00e8ces \u00e0 fournir :<\/p>\n<ul style=\"list-style-type: square;\">\n<li>Formulaire d&rsquo;inscription disponible en Mairie ou sur le site <a href=\"https:\/\/vosdroits.service-public.fr\/particuliers\/R16024.xhtml\">service-public.fr<\/a>\u00a0 ou<a href=\"https:\/\/www.demarches.interieur.gouv.fr\/\"> inscription en ligne\u00a0<\/a><\/li>\n<li style=\"text-align: justify;\">Pi\u00e8ce d&rsquo;identit\u00e9 :\u00a0\u00a0La pi\u00e8ce doit prouver la nationalit\u00e9 fran\u00e7aise (passeport ou carte nationale d&rsquo;identit\u00e9). Elle doit \u00eatre r\u00e9cente (en cours de validit\u00e9, ou expir\u00e9e depuis moins d&rsquo;1 an). Toute personne venant d&rsquo;acqu\u00e9rir la nationalit\u00e9 fran\u00e7aise et n&rsquo;\u00e9tant pas encore en possession d&rsquo;un pi\u00e8ce d&rsquo;identit\u00e9 fran\u00e7aise peut pr\u00e9senter \u00e0 la place sa pi\u00e8ce d&rsquo;identit\u00e9 d&rsquo;origine + une preuve de sa nationalit\u00e9 fran\u00e7aise (d\u00e9cret de naturalisation, certificat de nationalit\u00e9)<\/li>\n<li>Justificatif de domicile :\u00a0Selon les situations, le demandeur doit fournir l&rsquo;une de ces pi\u00e8ces : \u00a0justificatif de domicile dans la commune (Si la personne habite chez ses parents : attestation des parents (sur papier libre), certifiant qu&rsquo;il habite chez eux + un justificatif de domicile des parents.), Justificatif de la r\u00e9sidence depuis + de 6 mois dans la commune ou Justificatif d&rsquo;inscription au r\u00f4le des imp\u00f4ts locaux depuis plus de 5 ans.<\/li>\n<\/ul>\n<p style=\"text-align: justify;\"><span style=\"text-decoration: underline;\"><strong>Quand s&rsquo;inscrire<\/strong><\/span> :<\/p>\n<div id=\"fiche-item-3situation1\" class=\"fiche-item-content collapse in\" aria-hidden=\"false\">\n<p>Il est possible de s&rsquo;inscrire toute l&rsquo;ann\u00e9e.<\/p>\n<\/div>\n<p>Cas particuliers : inscription l&rsquo;ann\u00e9e de l&rsquo;\u00e9lection<\/p>\n<p>Si vous \u00eates dans l&rsquo;une des situations suivantes, vous pouvez vous inscrire et voter la m\u00eame ann\u00e9e :<\/p>\n<ul>\n<li>Jeune ayant atteint l&rsquo;\u00e2ge de 18 ans entre le 1er mars et le jour de l&rsquo;\u00e9lection<\/li>\n<li>Personne qui d\u00e9m\u00e9nage pour des motifs professionnels et fonctionnaire admis \u00e0 la retraite apr\u00e8s le 1er janvier<\/li>\n<li>Militaire retournant \u00e0 la vie civile apr\u00e8s le 1er janvier<\/li>\n<li>Acquisition de la nationalit\u00e9 fran\u00e7aise apr\u00e8s le 1er janvier<\/li>\n<li>Recouvrement de l&rsquo;exercice du droit de vote apr\u00e8s le 1er janvier<\/li>\n<\/ul>\n<p>&nbsp;<\/p>\n<p><a href=\"https:\/\/www.mairie-chailly-en-biere.fr\/wp-content\/uploads\/arrete-n-2025-17.pdf\">Commission de contr\u00f4le charg\u00e9e de la r\u00e9gularit\u00e9 des listes \u00e9lectorales dans les communes de Seine-et-Marne relevant de l&rsquo;arrondissement de Fontainebleau<\/a><\/p>\n<p style=\"text-align: justify;\"><span style=\"text-decoration: underline; color: #ff0000;\"><strong>Derni\u00e8res actualit\u00e9s<\/strong><\/span> :<\/p>\n<ol>\n<li>Trois lois facilitant les r\u00e8gles d&rsquo;inscription sur les listes \u00e9lectorales ont \u00e9t\u00e9 publi\u00e9es au Journal officiel du 2 ao\u00fbt 2016. Cette r\u00e9forme qui a pour objectif de lutter notamment contre l&rsquo;abstention va entrer en vigueur selon des modalit\u00e9s fix\u00e9es par d\u00e9cret en Conseil d&rsquo;\u00c9tat et, au plus tard, le 31 d\u00e9cembre 2019.<\/li>\n<li><a href=\"https:\/\/www.legifrance.gouv.fr\/eli\/loi\/2016\/8\/1\/INTX1612146L\/jo\/texte\">Loi n\u00b0 2016-1048 du 1er ao\u00fbt 2016 r\u00e9novant les modalit\u00e9s d&rsquo;inscription sur les listes \u00e9lectorales <\/a><\/li>\n<li><a href=\"https:\/\/www.mairie-chailly-en-biere.fr\/wp-content\/uploads\/ARRETE-PREF-ELECTIONS.pdf\">Arr\u00eat\u00e9 pr\u00e9fectoral n\u00b0 2026-DRCL-BDE-002<\/a> fixant pour les \u00e9lections municipales et communautaires des 15 et 22 mars 2026 le nombre de conseillers municipaux et de conseillers communautaires \u00e0 \u00e9lire<\/li>\n<li><a href=\"https:\/\/www.mairie-chailly-en-biere.fr\/wp-content\/uploads\/decret-2025-848-convocation.pdf\">D\u00e9cret n\u00b0 2025-848 du 27\/08\/2025 fixant la date du renouvellement des conseillers municipaux et communautaires&#8230;<\/a><\/li>\n<\/ol>\n<p>&nbsp;<\/p>\n<p>Pour en savoir plus, <a href=\"https:\/\/www.service-public.fr\/particuliers\/vosdroits\/N47\" target=\"_blank\" rel=\"noopener\">https:\/\/www.service-public.fr\/particuliers\/vosdroits\/N47<\/a><\/p>\n<p><strong><span style=\"text-decoration: underline;\">Prochaines \u00e9lections<\/span> :\u00a0<\/strong><\/p>\n<ul>\n<li><strong><a href=\"https:\/\/www.vie-publique.fr\/questions-reponses\/269405-10-questions-sur-les-elections-europeennes-de-juin-2024\" target=\"_blank\" rel=\"noopener\">\u00c9lections municipales &#8211; dimanche 15 et 22 mars 2026<\/a><\/strong><\/li>\n<\/ul>\n","protected":false},"excerpt":{"rendered":"<p>Il est d\u00e9sormais possible de s&rsquo;inscrire sur les listes \u00e9lectorales et de voter la m\u00eame ann\u00e9e. Il faut toutefois respecter une date limite d&rsquo;inscription. Pour pouvoir voter pour les prochaines \u00e9lections, il faut demander \u00e0 \u00eatre inscrit sur les listes \u00e9lectorales : au plus tard le 6e vendredi pr\u00e9c\u00e9dant le 1er tour de l&rsquo;\u00e9lection ou, &hellip; <\/p>\n<p><a class=\"more-link btn\" href=\"https:\/\/www.mairie-chailly-en-biere.fr\/?page_id=37\">Lire la suite<\/a><\/p>\n","protected":false},"author":2,"featured_media":0,"parent":35,"menu_order":7,"comment_status":"closed","ping_status":"closed","template":"","meta":{"footnotes":""},"class_list":["post-37","page","type-page","status-publish","hentry","nodate","item-wrap"],"_links":{"self":[{"href":"https:\/\/www.mairie-chailly-en-biere.fr\/index.php?rest_route=\/wp\/v2\/pages\/37","targetHints":{"allow":["GET"]}}],"collection":[{"href":"https:\/\/www.mairie-chailly-en-biere.fr\/index.php?rest_route=\/wp\/v2\/pages"}],"about":[{"href":"https:\/\/www.mairie-chailly-en-biere.fr\/index.php?rest_route=\/wp\/v2\/types\/page"}],"author":[{"embeddable":true,"href":"https:\/\/www.mairie-chailly-en-biere.fr\/index.php?rest_route=\/wp\/v2\/users\/2"}],"replies":[{"embeddable":true,"href":"https:\/\/www.mairie-chailly-en-biere.fr\/index.php?rest_route=%2Fwp%2Fv2%2Fcomments&post=37"}],"version-history":[{"count":71,"href":"https:\/\/www.mairie-chailly-en-biere.fr\/index.php?rest_route=\/wp\/v2\/pages\/37\/revisions"}],"predecessor-version":[{"id":19473,"href":"https:\/\/www.mairie-chailly-en-biere.fr\/index.php?rest_route=\/wp\/v2\/pages\/37\/revisions\/19473"}],"up":[{"embeddable":true,"href":"https:\/\/www.mairie-chailly-en-biere.fr\/index.php?rest_route=\/wp\/v2\/pages\/35"}],"wp:attachment":[{"href":"https:\/\/www.mairie-chailly-en-biere.fr\/index.php?rest_route=%2Fwp%2Fv2%2Fmedia&parent=37"}],"curies":[{"name":"wp","href":"https:\/\/api.w.org\/{rel}","templated":true}]}}