{"id":33,"date":"2021-09-14T14:25:05","date_gmt":"2021-09-14T14:25:05","guid":{"rendered":"https:\/\/www.mairie-chailly-en-biere.fr\/?page_id=33"},"modified":"2021-11-24T09:53:15","modified_gmt":"2021-11-24T09:53:15","slug":"conciliateur-de-justice","status":"publish","type":"page","link":"https:\/\/www.mairie-chailly-en-biere.fr\/?page_id=33","title":{"rendered":"Conciliateur de justice"},"content":{"rendered":"<p><a href=\"https:\/\/www.mairie-chailly-en-biere.fr\/?attachment_id=922\" rel=\"attachment wp-att-922\"><img loading=\"lazy\" decoding=\"async\" class=\"wp-image-922  alignleft\" title=\"conciliation\" src=\"https:\/\/www.mairie-chailly-en-biere.fr\/wp-content\/uploads\/conciliation1-300x171.jpg\" alt=\"conciliation\" width=\"232\" height=\"132\" \/><\/a>Vous pouvez saisir le conciliateur si un diff\u00e9rend vous oppose \u00e0 un particulier :<\/p>\n<ul>\n<li style=\"text-align: justify;\">pour tous les litiges li\u00e9s \u00e0 des droits dont les int\u00e9ress\u00e9s ont la libre disposition. Sont donc exclus de la comp\u00e9tence du conciliateur, les probl\u00e8mes concernant l&rsquo;\u00e9tat des personnes (le nom, la filiation, le divorce&#8230;) et le droit public (les relations entre l&rsquo;individu et l&rsquo;\u00e9tat ou une collectivit\u00e9 publique).<\/li>\n<\/ul>\n<p style=\"text-align: justify;\">Le conciliateur peut donc vous aider dans de tr\u00e8s nombreuses situations. En voici quelques exemples :<\/p>\n<ul>\n<li style=\"text-align: justify;\">recouvrement de cr\u00e9ances, difficult\u00e9s de voisinage, conflits familiaux (hors divorce, pensions alimentaires, garde d&rsquo;enfants&#8230;), rapports entre copropri\u00e9taires, rapports bailleurs-locataires, rapports commer\u00e7ants-consommateurs.<\/li>\n<li style=\"text-align: justify;\">et d&rsquo;une fa\u00e7on g\u00e9n\u00e9rale, toutes les difficult\u00e9s d&rsquo;ex\u00e9cution des contrats.<\/li>\n<\/ul>\n<p>&nbsp;<\/p>\n<p style=\"text-align: justify;\">Il faut noter que n&rsquo;importe quel particulier (except\u00e9 les mineurs) int\u00e9ress\u00e9 dans un litige pourra soumettre ce litige au conciliateur.<\/p>\n<p style=\"text-align: center;\"><a href=\"https:\/\/www.conciliateurs.fr\/\" target=\"_blank\" rel=\"noopener\">https:\/\/www.conciliateurs.fr\/<\/a><\/p>\n<p style=\"text-align: justify;\">A d\u00e9faut, le Palais de justice de Melun dispose de la liste des conciliateurs de notre secteur.<\/p>\n","protected":false},"excerpt":{"rendered":"<p>Vous pouvez saisir le conciliateur si un diff\u00e9rend vous oppose \u00e0 un particulier : pour tous les litiges li\u00e9s \u00e0 des droits dont les int\u00e9ress\u00e9s ont la libre disposition. Sont donc exclus de la comp\u00e9tence du conciliateur, les probl\u00e8mes concernant l&rsquo;\u00e9tat des personnes (le nom, la filiation, le divorce&#8230;) et le droit public (les relations &hellip; <\/p>\n<p><a class=\"more-link btn\" href=\"https:\/\/www.mairie-chailly-en-biere.fr\/?page_id=33\">Lire la suite<\/a><\/p>\n","protected":false},"author":2,"featured_media":0,"parent":35,"menu_order":6,"comment_status":"closed","ping_status":"closed","template":"","meta":{"footnotes":""},"class_list":["post-33","page","type-page","status-publish","hentry","nodate","item-wrap"],"_links":{"self":[{"href":"https:\/\/www.mairie-chailly-en-biere.fr\/index.php?rest_route=\/wp\/v2\/pages\/33","targetHints":{"allow":["GET"]}}],"collection":[{"href":"https:\/\/www.mairie-chailly-en-biere.fr\/index.php?rest_route=\/wp\/v2\/pages"}],"about":[{"href":"https:\/\/www.mairie-chailly-en-biere.fr\/index.php?rest_route=\/wp\/v2\/types\/page"}],"author":[{"embeddable":true,"href":"https:\/\/www.mairie-chailly-en-biere.fr\/index.php?rest_route=\/wp\/v2\/users\/2"}],"replies":[{"embeddable":true,"href":"https:\/\/www.mairie-chailly-en-biere.fr\/index.php?rest_route=%2Fwp%2Fv2%2Fcomments&post=33"}],"version-history":[{"count":34,"href":"https:\/\/www.mairie-chailly-en-biere.fr\/index.php?rest_route=\/wp\/v2\/pages\/33\/revisions"}],"predecessor-version":[{"id":15055,"href":"https:\/\/www.mairie-chailly-en-biere.fr\/index.php?rest_route=\/wp\/v2\/pages\/33\/revisions\/15055"}],"up":[{"embeddable":true,"href":"https:\/\/www.mairie-chailly-en-biere.fr\/index.php?rest_route=\/wp\/v2\/pages\/35"}],"wp:attachment":[{"href":"https:\/\/www.mairie-chailly-en-biere.fr\/index.php?rest_route=%2Fwp%2Fv2%2Fmedia&parent=33"}],"curies":[{"name":"wp","href":"https:\/\/api.w.org\/{rel}","templated":true}]}}