{"id":2,"date":"2010-12-14T11:54:12","date_gmt":"2010-12-14T11:54:12","guid":{"rendered":"https:\/\/www.mairie-chailly-en-biere.fr\/?page_id=2"},"modified":"2023-08-31T09:23:50","modified_gmt":"2023-08-31T09:23:50","slug":"a-propos","status":"publish","type":"page","link":"https:\/\/www.mairie-chailly-en-biere.fr\/?page_id=2","title":{"rendered":"Votre Mairie"},"content":{"rendered":"<p><img loading=\"lazy\" decoding=\"async\" class=\"size-full wp-image-2889 alignleft\" src=\"https:\/\/www.mairie-chailly-en-biere.fr\/wp-content\/uploads\/Mairie-e1312812070263.jpg\" alt=\"Mairie de Chailly-en-Bi\u00e8re\" width=\"250\" height=\"187\" \/><\/p>\n<p><strong>Chailly en Bi\u00e8re<\/strong><\/p>\n<p>2 Place du G\u00e9n\u00e9ral Leclerc 77930<\/p>\n<p>Tel : 0 160 664 341<\/p>\n<p>Fax : 0 160 662 694<\/p>\n<p>Contact : <a href=\"mailto:mairie@chaillyenbiere.fr\">mairie@chaillyenbiere.fr<\/a><\/p>\n<p>La commune de Chailly-en-Bi\u00e8re fait partie de la <a href=\"https:\/\/www.pays-fontainebleau.fr\/\" target=\"_blank\" rel=\"noopener noreferrer\">Communaut\u00e9 d\u2019Agglom\u00e9ration du Pays de Fontainebleau<\/a> comprenant 26 communes.<\/p>\n<p style=\"text-align: center;\"><a href=\"https:\/\/www.mairie-chailly-en-biere.fr\/wp-content\/uploads\/arr\u00eat\u00e9-pr\u00e9fectoral-CAPF.pdf\"><img loading=\"lazy\" decoding=\"async\" class=\"aligncenter size-large wp-image-9359\" src=\"https:\/\/www.mairie-chailly-en-biere.fr\/wp-content\/uploads\/carte-interco-2017-700x617.jpg\" alt=\"\" width=\"555\" height=\"489\" srcset=\"https:\/\/www.mairie-chailly-en-biere.fr\/wp-content\/uploads\/carte-interco-2017-700x617.jpg 700w, https:\/\/www.mairie-chailly-en-biere.fr\/wp-content\/uploads\/carte-interco-2017-300x264.jpg 300w, https:\/\/www.mairie-chailly-en-biere.fr\/wp-content\/uploads\/carte-interco-2017.jpg 908w\" sizes=\"auto, (max-width: 555px) 100vw, 555px\" \/>arr\u00eat\u00e9-pr\u00e9fectoral-CAPF<\/a><\/p>\n<ul>\n<li><a href=\"https:\/\/www.mairie-chailly-en-biere.fr\/?page_id=6005\">Vos \u00e9lus<\/a><\/li>\n<li><a href=\"https:\/\/www.mairie-chailly-en-biere.fr\/?page_id=6279\">Permanences des \u00e9lus<\/a><\/li>\n<li><a href=\"https:\/\/www.mairie-chailly-en-biere.fr\/?page_id=16864\">Les services communaux<\/a><\/li>\n<li><a href=\"https:\/\/www.mairie-chailly-en-biere.fr\/?page_id=3638\">Conseils municipaux<\/a><\/li>\n<li><a href=\"https:\/\/www.mairie-chailly-en-biere.fr\/?page_id=6111\">\u00c9tablissement communal \/ C.C.A.S.<\/a><\/li>\n<li><a href=\"https:\/\/www.mairie-chailly-en-biere.fr\/?page_id=6101\">Commissions communales<\/a><\/li>\n<li><a href=\"https:\/\/www.mairie-chailly-en-biere.fr\/?page_id=3817\">Syndicats intercommunaux<\/a><\/li>\n<li><a href=\"https:\/\/www.mairie-chailly-en-biere.fr\/?page_id=6113\">Autres repr\u00e9sentations<\/a><\/li>\n<li><a href=\"https:\/\/www.mairie-chailly-en-biere.fr\/?page_id=13698\">Commission de contr\u00f4le des listes \u00e9lectorales<\/a><\/li>\n<\/ul>\n<p>&nbsp;<\/p>\n<p>&nbsp;<\/p>\n<p>&nbsp;<\/p>\n<p>&nbsp;<\/p>\n","protected":false},"excerpt":{"rendered":"<p>Chailly en Bi\u00e8re 2 Place du G\u00e9n\u00e9ral Leclerc 77930 Tel : 0 160 664 341 Fax : 0 160 662 694 Contact : mairie@chaillyenbiere.fr La commune de Chailly-en-Bi\u00e8re fait partie de la Communaut\u00e9 d\u2019Agglom\u00e9ration du Pays de Fontainebleau comprenant 26 communes. arr\u00eat\u00e9-pr\u00e9fectoral-CAPF Vos \u00e9lus Permanences des \u00e9lus Les services communaux Conseils municipaux \u00c9tablissement communal \/ &hellip; <\/p>\n<p><a class=\"more-link btn\" href=\"https:\/\/www.mairie-chailly-en-biere.fr\/?page_id=2\">Lire la suite<\/a><\/p>\n","protected":false},"author":2,"featured_media":0,"parent":35,"menu_order":1,"comment_status":"open","ping_status":"open","template":"","meta":{"footnotes":""},"class_list":["post-2","page","type-page","status-publish","hentry","nodate","item-wrap"],"_links":{"self":[{"href":"https:\/\/www.mairie-chailly-en-biere.fr\/index.php?rest_route=\/wp\/v2\/pages\/2","targetHints":{"allow":["GET"]}}],"collection":[{"href":"https:\/\/www.mairie-chailly-en-biere.fr\/index.php?rest_route=\/wp\/v2\/pages"}],"about":[{"href":"https:\/\/www.mairie-chailly-en-biere.fr\/index.php?rest_route=\/wp\/v2\/types\/page"}],"author":[{"embeddable":true,"href":"https:\/\/www.mairie-chailly-en-biere.fr\/index.php?rest_route=\/wp\/v2\/users\/2"}],"replies":[{"embeddable":true,"href":"https:\/\/www.mairie-chailly-en-biere.fr\/index.php?rest_route=%2Fwp%2Fv2%2Fcomments&post=2"}],"version-history":[{"count":19,"href":"https:\/\/www.mairie-chailly-en-biere.fr\/index.php?rest_route=\/wp\/v2\/pages\/2\/revisions"}],"predecessor-version":[{"id":16871,"href":"https:\/\/www.mairie-chailly-en-biere.fr\/index.php?rest_route=\/wp\/v2\/pages\/2\/revisions\/16871"}],"up":[{"embeddable":true,"href":"https:\/\/www.mairie-chailly-en-biere.fr\/index.php?rest_route=\/wp\/v2\/pages\/35"}],"wp:attachment":[{"href":"https:\/\/www.mairie-chailly-en-biere.fr\/index.php?rest_route=%2Fwp%2Fv2%2Fmedia&parent=2"}],"curies":[{"name":"wp","href":"https:\/\/api.w.org\/{rel}","templated":true}]}}