{"id":188,"date":"2010-12-17T06:51:25","date_gmt":"2010-12-17T06:51:25","guid":{"rendered":"https:\/\/www.mairie-chailly-en-biere.fr\/?page_id=188"},"modified":"2011-03-08T13:01:56","modified_gmt":"2011-03-08T13:01:56","slug":"theodore-rousseau","status":"publish","type":"page","link":"https:\/\/www.mairie-chailly-en-biere.fr\/?page_id=188","title":{"rendered":"Th\u00e9odore Rousseau"},"content":{"rendered":"<p>Pierre Etienne Th\u00e9odore ROUSSEAU, artiste peintre, officier de l\u2019ordre imp\u00e9rial de la L\u00e9gion d\u2019honneur, est d\u00e9c\u00e9d\u00e9 le 22 d\u00e9cembre 1867 \u00e0 Chailly-en-Bi\u00e8re\u00a0 \u00e0 l\u2019\u00e2ge de 55 ans. Il r\u00e9sidait \u00e0 Barbizon, \u00e0 l\u2019\u00e9poque hameau de Chailly-en-Bi\u00e8re. Sa \u00ab maisonnette \u00bb est aujourd\u2019hui l\u2019annexe du mus\u00e9e de l\u2019\u00e9cole de Barbizon au 55 Grande Rue. Il a fr\u00e9quent\u00e9 tous les \u00ab peintres de Ganne \u00bb et \u00e9tait plus particuli\u00e8rement li\u00e9 avec Millet et Daumier. Il \u00e9tait parrain d\u2019un des fils Millet et sa femme, marraine d\u2019une des filles).<\/p>\n<p>Sp\u00e9cialis\u00e9 dans la peinture de paysages, il voyage dans diff\u00e9rentes r\u00e9gions de France pour retrouver les lieux peints par Constable et par les paysagistes anglais, qui ont introduit une nouvelle repr\u00e9sentation de la nature. Il s\u2019installe d\u00e9finitivement \u00e0 Barbizon o\u00f9 il continuera \u00e0 peindre des paysages.<\/p>\n<p>\u00abNotre art est capable d\u2019atteindre au path\u00e9tique que nous voulons retrouver par la sinc\u00e9rit\u00e9 de la portraiture, par la v\u00e9rit\u00e9 exacte ; en observant avec toute la religion de notre c\u0153ur, on finit par songer \u00e0 la vie, on ne copie pas ce qu\u2019on voit avec la pr\u00e9cision math\u00e9matique, mais on sent et on traduit un monde r\u00e9el dont toutes les fatalit\u00e9s vous enlacent. \u00bb<\/p>\n<p>Th. Rousseau<\/p>\n","protected":false},"excerpt":{"rendered":"<p>Pierre Etienne Th\u00e9odore ROUSSEAU, artiste peintre, officier de l\u2019ordre imp\u00e9rial de la L\u00e9gion d\u2019honneur, est d\u00e9c\u00e9d\u00e9 le 22 d\u00e9cembre 1867 \u00e0 Chailly-en-Bi\u00e8re\u00a0 \u00e0 l\u2019\u00e2ge de 55 ans. Il r\u00e9sidait \u00e0 Barbizon, \u00e0 l\u2019\u00e9poque hameau de Chailly-en-Bi\u00e8re. Sa \u00ab maisonnette \u00bb est aujourd\u2019hui l\u2019annexe du mus\u00e9e de l\u2019\u00e9cole de Barbizon au 55 Grande Rue. Il a &hellip; <\/p>\n<p><a class=\"more-link btn\" href=\"https:\/\/www.mairie-chailly-en-biere.fr\/?page_id=188\">Lire la suite<\/a><\/p>\n","protected":false},"author":2,"featured_media":0,"parent":1069,"menu_order":7,"comment_status":"closed","ping_status":"closed","template":"","meta":{"footnotes":""},"class_list":["post-188","page","type-page","status-publish","hentry","nodate","item-wrap"],"_links":{"self":[{"href":"https:\/\/www.mairie-chailly-en-biere.fr\/index.php?rest_route=\/wp\/v2\/pages\/188","targetHints":{"allow":["GET"]}}],"collection":[{"href":"https:\/\/www.mairie-chailly-en-biere.fr\/index.php?rest_route=\/wp\/v2\/pages"}],"about":[{"href":"https:\/\/www.mairie-chailly-en-biere.fr\/index.php?rest_route=\/wp\/v2\/types\/page"}],"author":[{"embeddable":true,"href":"https:\/\/www.mairie-chailly-en-biere.fr\/index.php?rest_route=\/wp\/v2\/users\/2"}],"replies":[{"embeddable":true,"href":"https:\/\/www.mairie-chailly-en-biere.fr\/index.php?rest_route=%2Fwp%2Fv2%2Fcomments&post=188"}],"version-history":[{"count":6,"href":"https:\/\/www.mairie-chailly-en-biere.fr\/index.php?rest_route=\/wp\/v2\/pages\/188\/revisions"}],"predecessor-version":[{"id":1073,"href":"https:\/\/www.mairie-chailly-en-biere.fr\/index.php?rest_route=\/wp\/v2\/pages\/188\/revisions\/1073"}],"up":[{"embeddable":true,"href":"https:\/\/www.mairie-chailly-en-biere.fr\/index.php?rest_route=\/wp\/v2\/pages\/1069"}],"wp:attachment":[{"href":"https:\/\/www.mairie-chailly-en-biere.fr\/index.php?rest_route=%2Fwp%2Fv2%2Fmedia&parent=188"}],"curies":[{"name":"wp","href":"https:\/\/api.w.org\/{rel}","templated":true}]}}