{"id":184,"date":"2010-12-17T06:50:24","date_gmt":"2010-12-17T06:50:24","guid":{"rendered":"https:\/\/www.mairie-chailly-en-biere.fr\/?page_id=184"},"modified":"2021-09-13T08:09:36","modified_gmt":"2021-09-13T08:09:36","slug":"magali-rey","status":"publish","type":"page","link":"https:\/\/www.mairie-chailly-en-biere.fr\/?page_id=184","title":{"rendered":"Magali Rey"},"content":{"rendered":"<p style=\"text-align: justify;\"><a href=\"https:\/\/www.mairie-chailly-en-biere.fr\/?attachment_id=1188\" rel=\"attachment wp-att-1188\"><img loading=\"lazy\" decoding=\"async\" class=\"aligncenter wp-image-1188 size-full\" title=\"Magali REY\" src=\"https:\/\/www.mairie-chailly-en-biere.fr\/wp-content\/uploads\/REY10.jpg\" alt=\"Magali REY\" width=\"400\" height=\"296\" srcset=\"https:\/\/www.mairie-chailly-en-biere.fr\/wp-content\/uploads\/REY10.jpg 400w, https:\/\/www.mairie-chailly-en-biere.fr\/wp-content\/uploads\/REY10-300x222.jpg 300w\" sizes=\"auto, (max-width: 400px) 100vw, 400px\" \/><\/a>Magali REY est une chaillotine active, au sourire franc et communicatif.<a href=\"https:\/\/www.mairie-chailly-en-biere.fr\/?attachment_id=1190\" rel=\"attachment wp-att-1190\"><img loading=\"lazy\" decoding=\"async\" class=\"aligncenter wp-image-1190 size-full\" title=\"Magali REY\" src=\"https:\/\/www.mairie-chailly-en-biere.fr\/wp-content\/uploads\/REY1.jpg\" alt=\"Magali REY\" width=\"400\" height=\"233\" srcset=\"https:\/\/www.mairie-chailly-en-biere.fr\/wp-content\/uploads\/REY1.jpg 400w, https:\/\/www.mairie-chailly-en-biere.fr\/wp-content\/uploads\/REY1-300x174.jpg 300w\" sizes=\"auto, (max-width: 400px) 100vw, 400px\" \/><\/a>Elle se qualifie de peintre amateur. Pourtant vous avez pu appr\u00e9cier ses \u0153uvres \u00e0 Chailly-en-Bi\u00e8re aux expositions de l\u2019Acad\u00e9mie des Arts, mais aussi au salon des Artistes R\u00e9gionaux \u00e0 Dammarie-L\u00e8s-Lys, aux salons de F\u00e9ricy, Pringy, Saint Sauveur sur \u00c9cole,\u2026 ainsi que lors de diff\u00e9rentes expositions collectives (\u00ab Une commune, Un art \u00bb, Bois-Le-Roi, Moisenay, Vert-Saint-Denis,\u2026) mais aussi individuelles \u00e0 la Fondation Poidatz \u00e0 St Fargeau, \u00e0 Pringy, \u00e0 Savigny-Le-Temple. Elle est \u00e9galement l\u2019auteur d\u2019affiches de quelques-unes de ces manifestations.<a href=\"https:\/\/www.mairie-chailly-en-biere.fr\/?attachment_id=1189\" rel=\"attachment wp-att-1189\"><img loading=\"lazy\" decoding=\"async\" class=\"aligncenter wp-image-1189 size-medium\" title=\"Magali REY\" src=\"https:\/\/www.mairie-chailly-en-biere.fr\/wp-content\/uploads\/REY3-300x221.jpg\" alt=\"Magali REY\" width=\"300\" height=\"221\" srcset=\"https:\/\/www.mairie-chailly-en-biere.fr\/wp-content\/uploads\/REY3-300x221.jpg 300w, https:\/\/www.mairie-chailly-en-biere.fr\/wp-content\/uploads\/REY3.jpg 400w\" sizes=\"auto, (max-width: 300px) 100vw, 300px\" \/><\/a><em>\u00abune bo\u00eete de pastels secs offerte et voil\u00e0 que je joue avec cette douce mati\u00e8re que j\u2019affectionne particuli\u00e8rement pour les portraits et les animaux\u00bb<\/em><\/p>\n<p>Magali<\/p>\n","protected":false},"excerpt":{"rendered":"<p>Magali REY est une chaillotine active, au sourire franc et communicatif.Elle se qualifie de peintre amateur. Pourtant vous avez pu appr\u00e9cier ses \u0153uvres \u00e0 Chailly-en-Bi\u00e8re aux expositions de l\u2019Acad\u00e9mie des Arts, mais aussi au salon des Artistes R\u00e9gionaux \u00e0 Dammarie-L\u00e8s-Lys, aux salons de F\u00e9ricy, Pringy, Saint Sauveur sur \u00c9cole,\u2026 ainsi que lors de diff\u00e9rentes expositions &hellip; <\/p>\n<p><a class=\"more-link btn\" href=\"https:\/\/www.mairie-chailly-en-biere.fr\/?page_id=184\">Lire la suite<\/a><\/p>\n","protected":false},"author":2,"featured_media":0,"parent":1081,"menu_order":8,"comment_status":"closed","ping_status":"closed","template":"","meta":{"footnotes":""},"class_list":["post-184","page","type-page","status-publish","hentry","nodate","item-wrap"],"_links":{"self":[{"href":"https:\/\/www.mairie-chailly-en-biere.fr\/index.php?rest_route=\/wp\/v2\/pages\/184","targetHints":{"allow":["GET"]}}],"collection":[{"href":"https:\/\/www.mairie-chailly-en-biere.fr\/index.php?rest_route=\/wp\/v2\/pages"}],"about":[{"href":"https:\/\/www.mairie-chailly-en-biere.fr\/index.php?rest_route=\/wp\/v2\/types\/page"}],"author":[{"embeddable":true,"href":"https:\/\/www.mairie-chailly-en-biere.fr\/index.php?rest_route=\/wp\/v2\/users\/2"}],"replies":[{"embeddable":true,"href":"https:\/\/www.mairie-chailly-en-biere.fr\/index.php?rest_route=%2Fwp%2Fv2%2Fcomments&post=184"}],"version-history":[{"count":13,"href":"https:\/\/www.mairie-chailly-en-biere.fr\/index.php?rest_route=\/wp\/v2\/pages\/184\/revisions"}],"predecessor-version":[{"id":14822,"href":"https:\/\/www.mairie-chailly-en-biere.fr\/index.php?rest_route=\/wp\/v2\/pages\/184\/revisions\/14822"}],"up":[{"embeddable":true,"href":"https:\/\/www.mairie-chailly-en-biere.fr\/index.php?rest_route=\/wp\/v2\/pages\/1081"}],"wp:attachment":[{"href":"https:\/\/www.mairie-chailly-en-biere.fr\/index.php?rest_route=%2Fwp%2Fv2%2Fmedia&parent=184"}],"curies":[{"name":"wp","href":"https:\/\/api.w.org\/{rel}","templated":true}]}}