{"id":182,"date":"2010-12-17T06:50:02","date_gmt":"2010-12-17T06:50:02","guid":{"rendered":"https:\/\/www.mairie-chailly-en-biere.fr\/?page_id=182"},"modified":"2023-06-19T12:29:54","modified_gmt":"2023-06-19T12:29:54","slug":"jean-francois-millet","status":"publish","type":"page","link":"https:\/\/www.mairie-chailly-en-biere.fr\/?page_id=182","title":{"rendered":"Jean Fran\u00e7ois Millet"},"content":{"rendered":"<p><img loading=\"lazy\" decoding=\"async\" class=\"size-full wp-image-1219 alignleft\" src=\"https:\/\/www.mairie-chailly-en-biere.fr\/wp-content\/uploads\/LettredeJeanFran\u00e7oisMILLET.jpg\" alt=\"Lettre de Jean Fran\u00e7ois MILLET\" width=\"137\" height=\"197\" \/><\/p>\n<p style=\"text-align: justify;\">Jean-Fran\u00e7ois Millet, figure embl\u00e9matique de l\u2019\u00c9cole de Barbizon est surtout connu au travers de quelques \u0153uvres ma\u00eetresses, comme \u00ab\u00a0l&rsquo;Ang\u00e9lus\u00a0\u00bb ou \u00ab\u00a0les Glaneuses\u00a0\u00bb, malgr\u00e9 tout d&rsquo;autres tableaux admirables sont expos\u00e9s dans les plus grands mus\u00e9es du Monde, ou dans les collections particuli\u00e8res.<\/p>\n<p style=\"text-align: justify;\">D\u00e8s le d\u00e9but du si\u00e8cle dernier, le hameau de Barbizon qui d\u00e9pendait, \u00e0 l&rsquo;\u00e9poque, du village de Chailly-en-Bi\u00e8re, attirait d\u00e9j\u00e0 quelques peintres paysagistes \u00e9pris, avant l&rsquo;heure, de cette nature que les traditions d&rsquo;alors enseignaient si peu \u00e0 regarder. Michalln, Berlin, Aligny, Brascassat et m\u00eame Corot, devinrent des habitu\u00e9s notamment de l&rsquo;<a href=\"https:\/\/www.mairie-chailly-en-biere.fr\/?page_id=1475\">Auberge du Cheval Blanc<\/a> qui conserve d&rsquo;\u00e9mouvantes fresques murales que l&rsquo;on peut encore y voir. Un artiste qui allait devenir un des p\u00e8res de l&rsquo;Impressionnisme, comme \u00c9douard Manet, r\u00e9alisa \u00e0 Chailly le \u00ab\u00a0D\u00e9jeuner sur l&rsquo;herbe\u00a0\u00bb (1862) qui, par son naturalisme et son audace picturale, allait le r\u00e9v\u00e9ler comme un des meilleurs peintres de sa g\u00e9n\u00e9ration.<\/p>\n<p style=\"text-align: justify;\">Barbizon devint commune \u00e0 part enti\u00e8re \u00e0 partir de 1903, mais son destin reste intimement li\u00e9 \u00e0 celui de Chailly-en-Bi\u00e8re pour de multiples raisons. Les enfants de Jean-Fran\u00e7ois Millet furent baptis\u00e9s dans notre \u00c9glise Saint-Paul, les sites o\u00f9 il peignit, en particulier la Plaine de <a href=\"https:\/\/www.mairie-chailly-en-biere.fr\/wp-content\/uploads\/LANGELUS-DE-JF-MILLET.pdf\">l&rsquo;Ang\u00e9lus<\/a>, le Moulin de Chailly ou la Plaine aux corbeaux font partie de notre patrimoine et notre cimeti\u00e8re communal accueille sa derni\u00e8re demeure comme celle de Th\u00e9odore Rousseau, son meilleur ami.<\/p>\n<p style=\"text-align: justify;\">Roger Karampournis, Pr\u00e9sident de l&rsquo;Association Jean-Fran\u00e7ois Millet, dont on conna\u00eet la passion pour l\u2019\u00c9cole de Barbizon et ses c\u00e9l\u00e8bres peintres, avec une probit\u00e9 qui l&rsquo;honore, n&rsquo;a jamais dissoci\u00e9 le destin des deux villages briards. Apr\u00e8s plusieurs ouvrages consacr\u00e9s \u00e0 son enthousiasme, il est aujourd&rsquo;hui l&rsquo;auteur d&rsquo;une vid\u00e9ocassette de 26 minutes, hommage \u00e0 Jean-Fran\u00e7ois Millet \u00ab\u00a0Itin\u00e9raire d&rsquo;un peintre de la vie rurale\u00a0\u00bb, r\u00e9alis\u00e9e par Eric Delacour et distribu\u00e9 par Challenge Production, qui est le survol de la vie du peintre depuis sa naissance de 1814 \u00e0 Gr\u00e9ville-Hague dans la Manche, jusqu&rsquo;\u00e0 sa mort, \u00e0 Barbizon, en 1875. Cette remarquable r\u00e9alisation a \u00e9t\u00e9 rendue possible gr\u00e2ce \u00e0 l&rsquo;appui des Conseils G\u00e9n\u00e9raux de la Manche et de la Seine et Marne, comme celui de nombreux partenaires. Cette cassette, d\u00e9j\u00e0 traduite en anglais et en japonais, est offerte aux visiteurs de l&rsquo;Exposition Millet \/ Van Gogh qui se tient au Mus\u00e9e d&rsquo;Orsay jusqu&rsquo;\u00e0 la fin du mois de D\u00e9cembre 1998.<\/p>\n<p>B.M. n\u00b0 47 \u2013 Octobre 1998<\/p>\n<p>&nbsp;<\/p>\n<p><strong>LETTRE DE JEAN-FRANCOIS MILLET adress\u00e9e \u00e0 son ami Alfred Sensier(1) en 1850.<\/strong><\/p>\n<p style=\"text-align: justify;\">Si vous voyez comme la for\u00eat est belle ! J\u2019y cours quelquefois \u00e0 la fin du jour et apr\u00e8s ma journ\u00e9e, et j\u2019en reviens \u00e0 chaque fois \u00e9cras\u00e9.<\/p>\n<p style=\"text-align: justify;\">C\u2019est d\u2019un calme, d\u2019une grandeur \u00e9pouvantables, au point que je me surprends ayant v\u00e9ritablement peur. Je ne sais pas ce que ces gueux d\u2019arbres-l\u00e0 se disent entre eux, mais ils se disent quelque chose que nous n\u2019entendons pas, parce que nous ne parlons pas la m\u00eame langue, voil\u00e0 tout. Je crois seulement qu\u2019\u00e0 l\u2019inverse de Messieurs les journalistes de Caf\u00e9 Tortoni, ils font tr\u00e8s peu de calembours.<\/p>\n<p style=\"text-align: justify;\">La for\u00eat, la nuit, avec ses effondrements de rochers aux proportions d\u00e9mesur\u00e9es, me fait penser \u00e0 l\u2019origine du monde, quand le chaos en mouvement broyait des g\u00e9n\u00e9rations d\u2019\u00eatres humains ou que l\u2019esprit de Dieu planait sur les eaux.<\/p>\n<p style=\"text-align: justify;\">J\u2019irai tout \u00e0 l\u2019heure demander \u00e0 Rousseau s\u2019il veut y faire un tour avec moi. La for\u00eat, le silence, la solitude, Rousseau les aime encore mieux que moi. Il y est comme le marin sur la mer.<\/p>\n<p style=\"text-align: justify;\">Au plateau de Belle-Croix, pendant des heures, immobile sur un rocher comme un capitaine sur sa dunette, il a l\u2019air de faire son quart. Il ne peint pas, il contemple, il laisse ses chers arbres lui entrer lentement et profond\u00e9ment dans l\u2019\u00e2me.<\/p>\n<p>C\u2019est un homme fort que Rousseau.<\/p>\n<p>J.F. MILLET, lettre \u00e0 Sensier, 1850<\/p>\n<p>(1) Alfred SENSIER (1815-1877) \u00e9tait un ami de J.F. MILLET. C\u2019est par ce fonctionnaire parisien, devenu critique d\u2019art et admirateur des peintres de Barbizon, que l\u2019on conna\u00eet leur histoire.<\/p>\n<p style=\"text-align: justify;\">Rappelons que Jean-Fran\u00e7ois MILLET et Th\u00e9odore Rousseau reposent tous deux dans le Cimeti\u00e8re de Chailly.<\/p>\n<p>R. RONK<br \/>\nB.M. n\u00b0 31 \u2013 juin 1992<\/p>\n<p>&nbsp;<\/p>\n<p><strong>LA STATUE DE MILLET DE RETOUR AU PAYS<\/strong><\/p>\n<p style=\"text-align: justify;\">Quoi de plus naturel pour le village de Gr\u00e9ville-Hague dans la Manche que d&rsquo;honorer l&rsquo;enfant du pays, l&rsquo;illustre Jean-Fran\u00e7ois Millet, immortel auteur de l&rsquo;Ang\u00e9lus &#8211; tableau mythique peint dans la plaine de Chailly en Bi\u00e8re. Ce 25 septembre 1898, vingt trois ann\u00e9es apr\u00e8s sa mort, le village tout entier se pressait pour admirer la monumentale statue oeuvre d&rsquo;un sculpteur cherbourgeois Marcel Jacques qui devait, \u00e0 l&rsquo;ombre de l&rsquo;Eglise de Gr\u00e9ville, rappeler le souvenir du grand peintre. Jusqu&rsquo;\u00e0 ce jour du 11 avril 1942 en pleine occupation allemande, o\u00f9 la statue de bronze fut enlev\u00e9e pour prendre le chemin des fonderies de la Ruhr et alimenter l&rsquo;effort de guerre de l&rsquo;occupant. Mais c&rsquo;\u00e9tait sans compter avec l&rsquo;h\u00e9ro\u00efsme de quelques Haguais qui r\u00e9cup\u00e8rent le buste de la statue, le cachent durant la dur\u00e9e du conflit, pour finalement en 1947 l&rsquo;exposer \u00e0 nouveau, sur un socle de granit.<\/p>\n<p style=\"text-align: justify;\">Cinquante ans apr\u00e8s, en avril 1997, le Conseil Municipal de Gr\u00e9ville s&rsquo;est employ\u00e9 \u00e0 r\u00e9parer le dommage subi, incomparable affront fait \u00e0 la m\u00e9moire du grand peintre. Une tr\u00e8s importante somme a \u00e9t\u00e9 rassembl\u00e9e provenant des collectivit\u00e9s locales, comme de l&rsquo;association \u00ab\u00a0M\u00e9moire de J.F. Millet\u00a0\u00bb et, le 25 septembre 1998, la seconde inauguration de la statue de J.F. Millet, copie identique de la premi\u00e8re, r\u00e9alis\u00e9e par le grand cr\u00e9ateur Louis Derbr\u00e9, auteur du c\u00e9l\u00e8bre m\u00e9morial pour la Paix d&rsquo;Hiroshima, rassemblait une tr\u00e8s nombreuse foule qui, apr\u00e8s les habituels discours d&rsquo;usage, se retrouvait autour du verre de l&rsquo;amiti\u00e9.<\/p>\n<p style=\"text-align: justify;\">Les liens amicaux qui unissent depuis de nombreuses ann\u00e9es les villages de Chailly en Bi\u00e8re, Barbizon et Gr\u00e9ville-Hague, ne pouvaient laisser indiff\u00e9rents nos \u00e9lus qui avaient r\u00e9pondu, en \u00e9tant pr\u00e9sents, \u00e0 l&rsquo;invitation du \u00abMaire de Gr\u00e9ville, M. Bonnissent. Le grand retour de J.F. Millet vers son village natal \u00e9tait enfin achev\u00e9.<\/p>\n<p>&nbsp;<\/p>\n","protected":false},"excerpt":{"rendered":"<p>Jean-Fran\u00e7ois Millet, figure embl\u00e9matique de l\u2019\u00c9cole de Barbizon est surtout connu au travers de quelques \u0153uvres ma\u00eetresses, comme \u00ab\u00a0l&rsquo;Ang\u00e9lus\u00a0\u00bb ou \u00ab\u00a0les Glaneuses\u00a0\u00bb, malgr\u00e9 tout d&rsquo;autres tableaux admirables sont expos\u00e9s dans les plus grands mus\u00e9es du Monde, ou dans les collections particuli\u00e8res. D\u00e8s le d\u00e9but du si\u00e8cle dernier, le hameau de Barbizon qui d\u00e9pendait, \u00e0 l&rsquo;\u00e9poque, &hellip; <\/p>\n<p><a class=\"more-link btn\" href=\"https:\/\/www.mairie-chailly-en-biere.fr\/?page_id=182\">Lire la suite<\/a><\/p>\n","protected":false},"author":2,"featured_media":0,"parent":1069,"menu_order":6,"comment_status":"closed","ping_status":"closed","template":"","meta":{"footnotes":""},"class_list":["post-182","page","type-page","status-publish","hentry","nodate","item-wrap"],"_links":{"self":[{"href":"https:\/\/www.mairie-chailly-en-biere.fr\/index.php?rest_route=\/wp\/v2\/pages\/182","targetHints":{"allow":["GET"]}}],"collection":[{"href":"https:\/\/www.mairie-chailly-en-biere.fr\/index.php?rest_route=\/wp\/v2\/pages"}],"about":[{"href":"https:\/\/www.mairie-chailly-en-biere.fr\/index.php?rest_route=\/wp\/v2\/types\/page"}],"author":[{"embeddable":true,"href":"https:\/\/www.mairie-chailly-en-biere.fr\/index.php?rest_route=\/wp\/v2\/users\/2"}],"replies":[{"embeddable":true,"href":"https:\/\/www.mairie-chailly-en-biere.fr\/index.php?rest_route=%2Fwp%2Fv2%2Fcomments&post=182"}],"version-history":[{"count":20,"href":"https:\/\/www.mairie-chailly-en-biere.fr\/index.php?rest_route=\/wp\/v2\/pages\/182\/revisions"}],"predecessor-version":[{"id":16673,"href":"https:\/\/www.mairie-chailly-en-biere.fr\/index.php?rest_route=\/wp\/v2\/pages\/182\/revisions\/16673"}],"up":[{"embeddable":true,"href":"https:\/\/www.mairie-chailly-en-biere.fr\/index.php?rest_route=\/wp\/v2\/pages\/1069"}],"wp:attachment":[{"href":"https:\/\/www.mairie-chailly-en-biere.fr\/index.php?rest_route=%2Fwp%2Fv2%2Fmedia&parent=182"}],"curies":[{"name":"wp","href":"https:\/\/api.w.org\/{rel}","templated":true}]}}