{"id":180,"date":"2010-12-17T06:49:37","date_gmt":"2010-12-17T06:49:37","guid":{"rendered":"https:\/\/www.mairie-chailly-en-biere.fr\/?page_id=180"},"modified":"2011-03-31T08:37:11","modified_gmt":"2011-03-31T08:37:11","slug":"gaston-lafenestre","status":"publish","type":"page","link":"https:\/\/www.mairie-chailly-en-biere.fr\/?page_id=180","title":{"rendered":"Gaston Lafenestre"},"content":{"rendered":"<p>Gaston LAFENESTRE est n\u00e9 \u00e0 Melun le 11 juin 1840. Il est d\u00e9c\u00e9d\u00e9 \u00e0 Chailly-en-Bi\u00e8re le 15 f\u00e9vrier 1877 \u00e0 l\u2019\u00e2ge de 37 ans. Artiste peintre, \u00e9l\u00e8ve de Charles JACQUE. Il faisait partie avec Georges GASSIES, G\u00e9libert et Th\u00e9odore LAFFITE du groupe des exposants annuels de Barbizon. La for\u00eat de Fontainebleau, des sc\u00e8nes rustiques \u00e9taient les sujets pr\u00e9f\u00e9r\u00e9s de ses dessins et de ses tableaux.<\/p>\n<p>\u00ab un des fid\u00e8les de chez Siron fut l\u2019aimable Gaston Lafenestre qui avait appris de Ch. Jacque \u00e0 peindre des moutons et qui fut un de ses bons \u00e9l\u00e8ves \u00bb. G. Gassies<\/p>\n<p>Il habitat longtemps Barbizon qu\u2019il quitta pour aller r\u00e9sider, quelques ann\u00e9es, \u00e0 Roscoff. En 1864, alors qu\u2019il se trouvait \u00e0 Barbizon, il pr\u00e9senta trois \u0153uvres \u00e0 l\u2019exposition des Beaux-Arts de Melun. A partir de 1866, il exposa r\u00e9guli\u00e8rement au Salon.<\/p>\n<p>A la guerre de 1870, il est lieutenant de garde mobile \u00e0 Barbizon, \u00e0 l\u2019\u00e9poque hameau de Chailly-en-Bi\u00e8re.<\/p>\n<div id=\"attachment_947\" style=\"width: 400px\" class=\"wp-caption aligncenter\"><a href=\"https:\/\/www.mairie-chailly-en-biere.fr\/?attachment_id=947\" rel=\"attachment wp-att-947\"><img loading=\"lazy\" decoding=\"async\" aria-describedby=\"caption-attachment-947\" src=\"https:\/\/www.mairie-chailly-en-biere.fr\/wp-content\/uploads\/Lafesnestredoc1.jpg\" alt=\"Gaston Lafenestre\" title=\"Gaston Lafenestre\" width=\"400\" height=\"154\" class=\"size-full wp-image-947\" srcset=\"https:\/\/www.mairie-chailly-en-biere.fr\/wp-content\/uploads\/Lafesnestredoc1.jpg 400w, https:\/\/www.mairie-chailly-en-biere.fr\/wp-content\/uploads\/Lafesnestredoc1-300x115.jpg 300w\" sizes=\"auto, (max-width: 400px) 100vw, 400px\" \/><\/a><p id=\"caption-attachment-947\" class=\"wp-caption-text\">Gaston Lafenestre<\/p><\/div>\n","protected":false},"excerpt":{"rendered":"<p>Gaston LAFENESTRE est n\u00e9 \u00e0 Melun le 11 juin 1840. Il est d\u00e9c\u00e9d\u00e9 \u00e0 Chailly-en-Bi\u00e8re le 15 f\u00e9vrier 1877 \u00e0 l\u2019\u00e2ge de 37 ans. Artiste peintre, \u00e9l\u00e8ve de Charles JACQUE. Il faisait partie avec Georges GASSIES, G\u00e9libert et Th\u00e9odore LAFFITE du groupe des exposants annuels de Barbizon. La for\u00eat de Fontainebleau, des sc\u00e8nes rustiques \u00e9taient &hellip; <\/p>\n<p><a class=\"more-link btn\" href=\"https:\/\/www.mairie-chailly-en-biere.fr\/?page_id=180\">Lire la suite<\/a><\/p>\n","protected":false},"author":2,"featured_media":0,"parent":1069,"menu_order":5,"comment_status":"closed","ping_status":"closed","template":"","meta":{"footnotes":""},"class_list":["post-180","page","type-page","status-publish","hentry","nodate","item-wrap"],"_links":{"self":[{"href":"https:\/\/www.mairie-chailly-en-biere.fr\/index.php?rest_route=\/wp\/v2\/pages\/180","targetHints":{"allow":["GET"]}}],"collection":[{"href":"https:\/\/www.mairie-chailly-en-biere.fr\/index.php?rest_route=\/wp\/v2\/pages"}],"about":[{"href":"https:\/\/www.mairie-chailly-en-biere.fr\/index.php?rest_route=\/wp\/v2\/types\/page"}],"author":[{"embeddable":true,"href":"https:\/\/www.mairie-chailly-en-biere.fr\/index.php?rest_route=\/wp\/v2\/users\/2"}],"replies":[{"embeddable":true,"href":"https:\/\/www.mairie-chailly-en-biere.fr\/index.php?rest_route=%2Fwp%2Fv2%2Fcomments&post=180"}],"version-history":[{"count":7,"href":"https:\/\/www.mairie-chailly-en-biere.fr\/index.php?rest_route=\/wp\/v2\/pages\/180\/revisions"}],"predecessor-version":[{"id":2382,"href":"https:\/\/www.mairie-chailly-en-biere.fr\/index.php?rest_route=\/wp\/v2\/pages\/180\/revisions\/2382"}],"up":[{"embeddable":true,"href":"https:\/\/www.mairie-chailly-en-biere.fr\/index.php?rest_route=\/wp\/v2\/pages\/1069"}],"wp:attachment":[{"href":"https:\/\/www.mairie-chailly-en-biere.fr\/index.php?rest_route=%2Fwp%2Fv2%2Fmedia&parent=180"}],"curies":[{"name":"wp","href":"https:\/\/api.w.org\/{rel}","templated":true}]}}