{"id":18,"date":"2010-12-14T14:18:27","date_gmt":"2010-12-14T14:18:27","guid":{"rendered":"https:\/\/www.mairie-chailly-en-biere.fr\/?page_id=18"},"modified":"2025-03-08T08:47:07","modified_gmt":"2025-03-08T08:47:07","slug":"patrimoine-histoire","status":"publish","type":"page","link":"https:\/\/www.mairie-chailly-en-biere.fr\/?page_id=18","title":{"rendered":"Patrimoine-Tourisme"},"content":{"rendered":"<div id=\"attachment_7607\" style=\"width: 208px\" class=\"wp-caption alignleft\"><a href=\"https:\/\/www.mairie-chailly-en-biere.fr\/wp-content\/uploads\/LIVRE-CHAILLY-FAY.jpg\" target=\"_blank\" rel=\"noopener noreferrer\"><img loading=\"lazy\" decoding=\"async\" aria-describedby=\"caption-attachment-7607\" class=\"wp-image-7607 size-medium\" src=\"https:\/\/www.mairie-chailly-en-biere.fr\/wp-content\/uploads\/LIVRE-CHAILLY-FAY-208x300.jpg\" alt=\"Livre en vente au prix de 18\u20ac en mairie\" width=\"208\" height=\"300\" srcset=\"https:\/\/www.mairie-chailly-en-biere.fr\/wp-content\/uploads\/LIVRE-CHAILLY-FAY-208x300.jpg 208w, https:\/\/www.mairie-chailly-en-biere.fr\/wp-content\/uploads\/LIVRE-CHAILLY-FAY-388x560.jpg 388w, https:\/\/www.mairie-chailly-en-biere.fr\/wp-content\/uploads\/LIVRE-CHAILLY-FAY.jpg 554w\" sizes=\"auto, (max-width: 208px) 100vw, 208px\" \/><\/a><p id=\"caption-attachment-7607\" class=\"wp-caption-text\">Livre en vente au prix de 18 \u20ac en mairie<\/p><\/div>\n<p style=\"text-align: justify;\">Chailly-en-Bi\u00e8re est un village anim\u00e9 avec sa petite Histoire. Il y a deux si\u00e8cles, on comptait \u00e0 Chailly \u00ab\u00a0133 feux, 82 chevaux, 136 vaches et 1310 b\u00eates \u00e0 laine\u00a0\u00bb. Aujourd&rsquo;hui, Chailly-en-Bi\u00e8re et son hameau de Fa\u00ff regroupent plus de 2000 personnes. Au si\u00e8cle dernier, l&rsquo;\u00e9l\u00e9ment principal de la richesse du village \u00e9tait ses auberges. Aujourd&rsquo;hui plus de la moiti\u00e9 de la superficie de la commune est consacr\u00e9e aux cultures : de l&rsquo;agriculture et du b\u00fbcheronnage, elle est pass\u00e9e aux cultures florales et mara\u00eech\u00e8res.<\/p>\n<p style=\"text-align: justify;\">Chailly-en-Bi\u00e8re, \u00e9troitement li\u00e9e \u00e0 l&rsquo;histoire de la plaine et de la for\u00eat de Bi\u00e8re, \u00e9tait situ\u00e9e sur une route de la Rome de C\u00e9sar : on a retrouv\u00e9 des vestiges romains d\u00e8s le VIe si\u00e8cle. Jusqu&rsquo;au Xe si\u00e8cle, elle a subi an\u00e9antissement et mise \u00e0 sac par diff\u00e9rentes invasions barbares.<\/p>\n<p style=\"text-align: justify;\">En 1430, Jeanne d&rsquo;Arc est pass\u00e9e par Chailly, sur sa route entre Sully-sur-Loire et Melun, comme elle pourchassait les Anglais. Denis de Chailly, seigneur du lieu, l&rsquo;a aid\u00e9 \u00e0 d\u00e9livrer Melun. Par sa situation g\u00e9ographique, Chailly a \u00e9t\u00e9 un lieu de passage : elle a vu l&rsquo;arm\u00e9e de Charles Quint, celle de Louis XV, celle de Napol\u00e9on 1er.<\/p>\n<p style=\"text-align: justify;\">En 1713, sous Louis XIV fut commenc\u00e9 le premier tron\u00e7on de l&rsquo;actuelle RD 607, qui reliait Paris et Versailles au Palais de Fontainebleau. La l\u00e9gende dit que c&rsquo;\u00e9tait sur cette route que les brigands, de leur caverne \u00e0 Barbizon, exer\u00e7aient leur activit\u00e9, sous le commandement du nomme Tissier, habitant de Chailly.<\/p>\n<p style=\"text-align: justify;\">Au si\u00e8cle dernier, l&rsquo;Auberge du Cheval Blanc \u00e9tait assid\u00fbment fr\u00e9quent\u00e9e par les Peintres de l&rsquo;\u00e9cole de Barbizon (alors hameau de Chailly). C&rsquo;est \u00e0 Chailly que Jean-Fran\u00e7ois Millet a peint en 1859 son si c\u00e9l\u00e8bre tableau \u00ab\u00a0l&rsquo;Angelus\u00a0\u00bb, que Claude Monet a peint son \u00ab\u00a0d\u00e9jeuner sur l&rsquo;herbe\u00a0\u00bb en avril 1865, que Fr\u00e9d\u00e9ric Bazille a peint Monet alit\u00e9 \u00e0 l&rsquo;auberge de Chailly en 1865.<\/p>\n<p style=\"text-align: justify;\">Si les paysages et la luminosit\u00e9 de la Plaine ont tant inspir\u00e9 les artistes, certains b\u00e2timents attirent par leur architecture exemplaire : <a href=\"https:\/\/www.mairie-chailly-en-biere.fr\/?page_id=96\">l\u2019\u00c9glise Saint-Paul, la ferme dite de la Fromagerie, le tombeau des chiens.<\/a><\/p>\n<ol>\n<li><a href=\"https:\/\/www.mairie-chailly-en-biere.fr\/?page_id=3406\">Les Gazettes de Chailly-Fa\u00ff<\/a><\/li>\n<li><a href=\"https:\/\/www.mairie-chailly-en-biere.fr\/?page_id=10693\">G\u00e9ocaching \u2013 A vous de jouer !<\/a><\/li>\n<li><a href=\"https:\/\/www.mairie-chailly-en-biere.fr\/?page_id=8797\">H\u00e9bergements<\/a><\/li>\n<li>Parcours du Patrimoine<\/li>\n<li><a href=\"https:\/\/www.mairie-chailly-en-biere.fr\/?page_id=12690\">A la d\u00e9couverte du Chailly d\u2019Autrefois<\/a><\/li>\n<li><a href=\"https:\/\/www.mairie-chailly-en-biere.fr\/?page_id=1319\">Fermes et mara\u00eechage<\/a><\/li>\n<li><a href=\"https:\/\/www.mairie-chailly-en-biere.fr\/?page_id=1257\">For\u00eat de Bi\u00e8re\u2026<\/a><\/li>\n<li><a href=\"https:\/\/www.mairie-chailly-en-biere.fr\/?page_id=96\">Patrimoine<\/a><\/li>\n<li><a href=\"https:\/\/www.mairie-chailly-en-biere.fr\/?page_id=20\">Peintres de Chailly<\/a><\/li>\n<li><a href=\"https:\/\/www.mairie-chailly-en-biere.fr\/?page_id=1670\" target=\"_blank\" rel=\"noopener\">Pendant les guerres<\/a><\/li>\n<li><a href=\"https:\/\/www.mairie-chailly-en-biere.fr\/?page_id=1361\" target=\"_blank\" rel=\"noopener\">Prochain arr\u00eat : Chailly<\/a><\/li>\n<li><a href=\"https:\/\/www.mairie-chailly-en-biere.fr\/?page_id=124\" target=\"_blank\" rel=\"noopener\">Souvenirs d\u2019antan<\/a><\/li>\n<\/ol>\n<p>&nbsp;<\/p>\n<p>&nbsp;<\/p>\n<p>&nbsp;<\/p>\n<p>&nbsp;<\/p>\n<p>&nbsp;<\/p>\n<p>&nbsp;<\/p>\n<p>&nbsp;<\/p>\n","protected":false},"excerpt":{"rendered":"<p>Chailly-en-Bi\u00e8re est un village anim\u00e9 avec sa petite Histoire. Il y a deux si\u00e8cles, on comptait \u00e0 Chailly \u00ab\u00a0133 feux, 82 chevaux, 136 vaches et 1310 b\u00eates \u00e0 laine\u00a0\u00bb. Aujourd&rsquo;hui, Chailly-en-Bi\u00e8re et son hameau de Fa\u00ff regroupent plus de 2000 personnes. Au si\u00e8cle dernier, l&rsquo;\u00e9l\u00e9ment principal de la richesse du village \u00e9tait ses auberges. Aujourd&rsquo;hui &hellip; <\/p>\n<p><a class=\"more-link btn\" href=\"https:\/\/www.mairie-chailly-en-biere.fr\/?page_id=18\">Lire la suite<\/a><\/p>\n","protected":false},"author":2,"featured_media":0,"parent":0,"menu_order":4,"comment_status":"closed","ping_status":"closed","template":"","meta":{"footnotes":""},"class_list":["post-18","page","type-page","status-publish","hentry","nodate","item-wrap"],"_links":{"self":[{"href":"https:\/\/www.mairie-chailly-en-biere.fr\/index.php?rest_route=\/wp\/v2\/pages\/18","targetHints":{"allow":["GET"]}}],"collection":[{"href":"https:\/\/www.mairie-chailly-en-biere.fr\/index.php?rest_route=\/wp\/v2\/pages"}],"about":[{"href":"https:\/\/www.mairie-chailly-en-biere.fr\/index.php?rest_route=\/wp\/v2\/types\/page"}],"author":[{"embeddable":true,"href":"https:\/\/www.mairie-chailly-en-biere.fr\/index.php?rest_route=\/wp\/v2\/users\/2"}],"replies":[{"embeddable":true,"href":"https:\/\/www.mairie-chailly-en-biere.fr\/index.php?rest_route=%2Fwp%2Fv2%2Fcomments&post=18"}],"version-history":[{"count":29,"href":"https:\/\/www.mairie-chailly-en-biere.fr\/index.php?rest_route=\/wp\/v2\/pages\/18\/revisions"}],"predecessor-version":[{"id":18451,"href":"https:\/\/www.mairie-chailly-en-biere.fr\/index.php?rest_route=\/wp\/v2\/pages\/18\/revisions\/18451"}],"wp:attachment":[{"href":"https:\/\/www.mairie-chailly-en-biere.fr\/index.php?rest_route=%2Fwp%2Fv2%2Fmedia&parent=18"}],"curies":[{"name":"wp","href":"https:\/\/api.w.org\/{rel}","templated":true}]}}