{"id":174,"date":"2010-12-17T06:48:10","date_gmt":"2010-12-17T06:48:10","guid":{"rendered":"https:\/\/www.mairie-chailly-en-biere.fr\/?page_id=174"},"modified":"2011-03-08T13:59:23","modified_gmt":"2011-03-08T13:59:23","slug":"pino-galliano","status":"publish","type":"page","link":"https:\/\/www.mairie-chailly-en-biere.fr\/?page_id=174","title":{"rendered":"Pino Galliano"},"content":{"rendered":"<div id=\"attachment_1139\" style=\"width: 235px\" class=\"wp-caption alignright\"><a href=\"https:\/\/www.mairie-chailly-en-biere.fr\/?attachment_id=1139\" rel=\"attachment wp-att-1139\"><img loading=\"lazy\" decoding=\"async\" aria-describedby=\"caption-attachment-1139\" src=\"https:\/\/www.mairie-chailly-en-biere.fr\/wp-content\/uploads\/galianoruechamaillard-235x300.jpg\" alt=\"Pino GALIANO-rue chamaillard\" title=\"Pino GALIANO-rue chamaillard\" width=\"235\" height=\"300\" class=\"size-medium wp-image-1139\" \/><\/a><p id=\"caption-attachment-1139\" class=\"wp-caption-text\">Pino GALIANO-rue chamaillard<\/p><\/div>\n<p>Ici, nous ne ferons que vous pr\u00e9sentez bri\u00e8vement Pino GALLIANO. Il a son propre site qui pr\u00e9sente son \u0153uvre mieux que nous ne pourrions le faire. Faites-y donc un tour et d\u00e9couvrez-y Chailly (la rue de la fosse aux loups, la rue Chamaillard, la plaine de Chailly, le jardin&#8230;) et aussi Santa Margherita Ligure, o\u00f9 il est n\u00e9 et tant d\u2019autres choses\u2026<\/p>\n<p>Peintre, po\u00e8te, sculpteur, Pino GALLIANO est un artiste et quel artiste ! \u00abItalo-chaillotin\u00bb, il a gard\u00e9 l\u2019accent et la douceur de son pays, l\u2019Italie.<\/p>\n<div id=\"attachment_1138\" style=\"width: 174px\" class=\"wp-caption alignleft\"><a href=\"https:\/\/www.mairie-chailly-en-biere.fr\/?attachment_id=1138\" rel=\"attachment wp-att-1138\"><img loading=\"lazy\" decoding=\"async\" aria-describedby=\"caption-attachment-1138\" src=\"https:\/\/www.mairie-chailly-en-biere.fr\/wp-content\/uploads\/GALLIANO-174x300.jpg\" alt=\"Pino GALLIANO\" title=\"Pino GALLIANO \" width=\"174\" height=\"300\" class=\"size-medium wp-image-1138\" \/><\/a><p id=\"caption-attachment-1138\" class=\"wp-caption-text\">Pino GALLIANO<\/p><\/div>\n<p>A la fois peintre, sculpteur, po\u00e8te, Pino GALLIANO sait vous communiquer sa passion. Amateur \u00e9clair\u00e9, promeneur du dimanche ou simple curieux, n\u2019h\u00e9sitez \u00e0 vous arr\u00eater \u00e0 son atelier (21 route de Paris).<\/p>\n<p>Vous pensez n\u2019\u00eatre qu\u2019un pi\u00e8tre artiste. Mais avec Pino GALLIANO, vous vous ne sentirez jamais ridicule. D\u2019un coup de crayon, d\u2019une touche de pinceau, ou d\u2019un coup de couteau, ou d\u2019une simple observation, il vous fera partager son talent.<\/p>\n<p>allez donc vous promener avec Pino\u2026<\/p>\n<p><a href=\"https:\/\/www.pinogalliano.com\" target=\"_blank\">https:\/\/www.pinogalliano.com<\/a><\/p>\n<p>et laissez-vous porter\u2026<\/p>\n<p>Il mio pi\u00f9 bel quadro non l&rsquo;ho ancora fatto &#8230;<\/p>\n<p>mon plus beau tableau je ne l&rsquo;ai pas encore peint&#8230;<\/p>\n<p>(Pino GALLIANO)<\/p>\n<div id=\"attachment_1140\" style=\"width: 300px\" class=\"wp-caption aligncenter\"><a href=\"https:\/\/www.mairie-chailly-en-biere.fr\/?attachment_id=1140\" rel=\"attachment wp-att-1140\"><img loading=\"lazy\" decoding=\"async\" aria-describedby=\"caption-attachment-1140\" src=\"https:\/\/www.mairie-chailly-en-biere.fr\/wp-content\/uploads\/gallianoruefosseauxloups-300x211.jpg\" alt=\"Pino GALIANO-rue fosse aux loups\" title=\"Pino GALIANO-rue fosse aux loups\" width=\"300\" height=\"211\" class=\"size-medium wp-image-1140\" \/><\/a><p id=\"caption-attachment-1140\" class=\"wp-caption-text\">Pino GALIANO-rue fosse aux loups<\/p><\/div>\n","protected":false},"excerpt":{"rendered":"<p>Ici, nous ne ferons que vous pr\u00e9sentez bri\u00e8vement Pino GALLIANO. Il a son propre site qui pr\u00e9sente son \u0153uvre mieux que nous ne pourrions le faire. Faites-y donc un tour et d\u00e9couvrez-y Chailly (la rue de la fosse aux loups, la rue Chamaillard, la plaine de Chailly, le jardin&#8230;) et aussi Santa Margherita Ligure, o\u00f9 &hellip; <\/p>\n<p><a class=\"more-link btn\" href=\"https:\/\/www.mairie-chailly-en-biere.fr\/?page_id=174\">Lire la suite<\/a><\/p>\n","protected":false},"author":2,"featured_media":0,"parent":1081,"menu_order":4,"comment_status":"closed","ping_status":"closed","template":"","meta":{"footnotes":""},"class_list":["post-174","page","type-page","status-publish","hentry","nodate","item-wrap"],"_links":{"self":[{"href":"https:\/\/www.mairie-chailly-en-biere.fr\/index.php?rest_route=\/wp\/v2\/pages\/174","targetHints":{"allow":["GET"]}}],"collection":[{"href":"https:\/\/www.mairie-chailly-en-biere.fr\/index.php?rest_route=\/wp\/v2\/pages"}],"about":[{"href":"https:\/\/www.mairie-chailly-en-biere.fr\/index.php?rest_route=\/wp\/v2\/types\/page"}],"author":[{"embeddable":true,"href":"https:\/\/www.mairie-chailly-en-biere.fr\/index.php?rest_route=\/wp\/v2\/users\/2"}],"replies":[{"embeddable":true,"href":"https:\/\/www.mairie-chailly-en-biere.fr\/index.php?rest_route=%2Fwp%2Fv2%2Fcomments&post=174"}],"version-history":[{"count":16,"href":"https:\/\/www.mairie-chailly-en-biere.fr\/index.php?rest_route=\/wp\/v2\/pages\/174\/revisions"}],"predecessor-version":[{"id":1169,"href":"https:\/\/www.mairie-chailly-en-biere.fr\/index.php?rest_route=\/wp\/v2\/pages\/174\/revisions\/1169"}],"up":[{"embeddable":true,"href":"https:\/\/www.mairie-chailly-en-biere.fr\/index.php?rest_route=\/wp\/v2\/pages\/1081"}],"wp:attachment":[{"href":"https:\/\/www.mairie-chailly-en-biere.fr\/index.php?rest_route=%2Fwp%2Fv2%2Fmedia&parent=174"}],"curies":[{"name":"wp","href":"https:\/\/api.w.org\/{rel}","templated":true}]}}