{"id":170,"date":"2010-12-17T06:47:00","date_gmt":"2010-12-17T06:47:00","guid":{"rendered":"https:\/\/www.mairie-chailly-en-biere.fr\/?page_id=170"},"modified":"2011-03-08T13:02:04","modified_gmt":"2011-03-08T13:02:04","slug":"francois-desportes","status":"publish","type":"page","link":"https:\/\/www.mairie-chailly-en-biere.fr\/?page_id=170","title":{"rendered":"Fran\u00e7ois Desportes"},"content":{"rendered":"<p>La commune de Chailly-en-Bi\u00e8re dispose d\u2019un riche patrimoine mobilier, notamment quelques peintures l\u00e9gu\u00e9es par les impressionnistes qui habitaient Chailly \u00e0 la fin du XIXe si\u00e8cle, dont deux \u0153uvres de Fran\u00e7ois Desportes pr\u00e9sent\u00e9es en couverture de ce bulletin.<\/p>\n<p>Quelques mots sur Fran\u00e7ois Desportes : au d\u00e9part, Francisque DE PORTES (peut-\u00eatre d\u2019origine espagnole) a commenc\u00e9 \u00e0 signer \u00ab Fran\u00e7ois Desportes \u00bb \u00e0 partir de 1874. N\u00e9 le 22 f\u00e9vrier 1849 dans la r\u00e9gion lyonnaise, il devient artiste peintre, apr\u00e8s avoir \u00e9t\u00e9 l\u2019\u00e9l\u00e8ve de PILS, Robert FLEVRY, VOLLON. Il exposa \u00e0 Paris \u00e0 partir de 1865. Son \u0153uvre est constitu\u00e9 de portraits, figures, sujets religieux et de genres divers (huiles, pastels, aquarelles, fusains). Parmi ses \u0153uvres les plus connues, on peut citer :<\/p>\n<p>\u2022C\u00e9sar de Bazan (1869), sc\u00e8ne de la Saint Barth\u00e9l\u00e9my (1879), la Nymphe des Fontaines (1886),<br \/>\n\u2022 le Printemps (1887), sous-bois au Bas-Br\u00e9au, panneau d\u00e9coratif et pastel de 1891.<br \/>\nIl \u00e9tait \u00e9galement r\u00e9put\u00e9 comme restaurateur de tableaux anciens. Il mourut \u00e0 Paris le 2 juin 1909 et fut enterr\u00e9 dans le Cimeti\u00e8re \u00e0 Chailly.<\/p>\n<p>F. DESPORTES eut, en son temps, une certaine renomm\u00e9e. Il v\u00e9cut plusieurs ann\u00e9es \u00e0 Chailly o\u00f9 il eut une maison situ\u00e9 sur la gauche de la RN7 en allant vers Paris d\u2019o\u00f9 d\u2019une part la rue \u00ab Fran\u00e7ois Desportes \u00bb et d\u2019autre part la salle \u00e9galement baptis\u00e9e de son nom (restaurant scolaire). Il fr\u00e9quenta plusieurs maisons de Chailly o\u00f9 il peignit des fresques et tableaux muraux que l\u2019on peut encore voir. Il fit don \u00e0 la commune de plusieurs toiles. Il est le descendant de Fran\u00e7ois Desportes peintre des chasses de Louis XIV.<\/p>\n<p>\u2022Peinture \u00e0 l\u2019huile sur toile et montant bois : \u00ab Faucheur et Charron \u00bb repr\u00e9sent\u00e9s en pied, sign\u00e9e en bas \u00e0 droite F. DESPORTES et dat\u00e9e de 1887, visible en mairie, salle du Conseil Municipal.<br \/>\n\u2022Peinture \u00e0 l\u2019huile sur toile : \u00ab Vierge assise tenant l\u2019enfant \u00bb avec en arri\u00e8re plan un paysage buissonneux. Visible dans l\u2019\u00e9glise Saint Paul de Chailly<br \/>\n\u2022Vitrail en verre de couleur avec motif central et 2 registres. \u0152uvre contemporaine situ\u00e9 \u00e0 gauche\u00a0 la 3e \u0153uvre du ch\u0153ur pr\u00e8s de la porte de la sacristie \u00abVierge \u00e0 l\u2019enfant avec Saint Joseph\u00bb et \u00abannonciation\u00bb.<\/p>\n<p>B.B.<\/p>\n<p>B.M. n\u00b0 61 \u2013 Octobre 2003<\/p>\n","protected":false},"excerpt":{"rendered":"<p>La commune de Chailly-en-Bi\u00e8re dispose d\u2019un riche patrimoine mobilier, notamment quelques peintures l\u00e9gu\u00e9es par les impressionnistes qui habitaient Chailly \u00e0 la fin du XIXe si\u00e8cle, dont deux \u0153uvres de Fran\u00e7ois Desportes pr\u00e9sent\u00e9es en couverture de ce bulletin. Quelques mots sur Fran\u00e7ois Desportes : au d\u00e9part, Francisque DE PORTES (peut-\u00eatre d\u2019origine espagnole) a commenc\u00e9 \u00e0 signer &hellip; <\/p>\n<p><a class=\"more-link btn\" href=\"https:\/\/www.mairie-chailly-en-biere.fr\/?page_id=170\">Lire la suite<\/a><\/p>\n","protected":false},"author":2,"featured_media":0,"parent":1069,"menu_order":3,"comment_status":"closed","ping_status":"closed","template":"","meta":{"footnotes":""},"class_list":["post-170","page","type-page","status-publish","hentry","nodate","item-wrap"],"_links":{"self":[{"href":"https:\/\/www.mairie-chailly-en-biere.fr\/index.php?rest_route=\/wp\/v2\/pages\/170","targetHints":{"allow":["GET"]}}],"collection":[{"href":"https:\/\/www.mairie-chailly-en-biere.fr\/index.php?rest_route=\/wp\/v2\/pages"}],"about":[{"href":"https:\/\/www.mairie-chailly-en-biere.fr\/index.php?rest_route=\/wp\/v2\/types\/page"}],"author":[{"embeddable":true,"href":"https:\/\/www.mairie-chailly-en-biere.fr\/index.php?rest_route=\/wp\/v2\/users\/2"}],"replies":[{"embeddable":true,"href":"https:\/\/www.mairie-chailly-en-biere.fr\/index.php?rest_route=%2Fwp%2Fv2%2Fcomments&post=170"}],"version-history":[{"count":6,"href":"https:\/\/www.mairie-chailly-en-biere.fr\/index.php?rest_route=\/wp\/v2\/pages\/170\/revisions"}],"predecessor-version":[{"id":1110,"href":"https:\/\/www.mairie-chailly-en-biere.fr\/index.php?rest_route=\/wp\/v2\/pages\/170\/revisions\/1110"}],"up":[{"embeddable":true,"href":"https:\/\/www.mairie-chailly-en-biere.fr\/index.php?rest_route=\/wp\/v2\/pages\/1069"}],"wp:attachment":[{"href":"https:\/\/www.mairie-chailly-en-biere.fr\/index.php?rest_route=%2Fwp%2Fv2%2Fmedia&parent=170"}],"curies":[{"name":"wp","href":"https:\/\/api.w.org\/{rel}","templated":true}]}}