{"id":16881,"date":"2023-08-31T09:50:13","date_gmt":"2023-08-31T09:50:13","guid":{"rendered":"https:\/\/www.mairie-chailly-en-biere.fr\/?page_id=16881"},"modified":"2023-08-31T12:54:23","modified_gmt":"2023-08-31T12:54:23","slug":"le-cimetiere-communal","status":"publish","type":"page","link":"https:\/\/www.mairie-chailly-en-biere.fr\/?page_id=16881","title":{"rendered":"Le cimeti\u00e8re communal"},"content":{"rendered":"<p><img loading=\"lazy\" decoding=\"async\" class=\"size-medium wp-image-774\" src=\"https:\/\/www.mairie-chailly-en-biere.fr\/wp-content\/uploads\/CIMETIERE-300x225.jpg\" alt=\"\" width=\"300\" height=\"225\" srcset=\"https:\/\/www.mairie-chailly-en-biere.fr\/wp-content\/uploads\/CIMETIERE-300x225.jpg 300w, https:\/\/www.mairie-chailly-en-biere.fr\/wp-content\/uploads\/CIMETIERE.jpg 360w\" sizes=\"auto, (max-width: 300px) 100vw, 300px\" \/><\/p>\n<p style=\"text-align: justify;\">Le cimeti\u00e8re de Chailly-en-Bi\u00e8re doit sa c\u00e9l\u00e9brit\u00e9 aux nombreux peintres qui y sont enterr\u00e9s, la plupart appartenant \u00e0 ce groupe de peintres paysagistes, l\u2019\u00c9cole de Barbizon. La disposition des tombes rappelle parfois les liens tiss\u00e9s entre ces artistes qui se sont c\u00f4toy\u00e9s durant de nombreuses ann\u00e9es. Ainsi Jean-Fran\u00e7ois MILLET et Th\u00e9odore ROUSSEAU gisent l\u2019un \u00e0 c\u00f4t\u00e9 de l\u2019autre en t\u00e9moignage de leur amiti\u00e9. Le critique d\u2019art Alfred SENSIER, l\u2019un de leurs proches amis, est inhum\u00e9 derri\u00e8re eux.<\/p>\n<p style=\"text-align: justify;\">Mais ces peintres ne sont pas les seules c\u00e9l\u00e9brit\u00e9s inhum\u00e9es au cimeti\u00e8re de Chailly. A la faveur de l\u2019histoire, d\u2019autres artistes comme Antoine-Louis BARYE ou Karl BODMER ou m\u00eame d\u2019autres personnages comme Antoine-L\u00e9on DELIONS, ma\u00eetre de poste, ou Andr\u00e9 MIGOT, explorateur, y sont enterr\u00e9s.<\/p>\n<p style=\"text-align: justify;\">Sans compter toutes celles dont Georges BERNANOS disait\u00a0: \u00ab <em>Compagnons inconnus, vieux fr\u00e8res, nous arriverons ensemble, un jour, aux portes du royaume de Dieu. Troupe fourbue, troupe harass\u00e9e, blanches de la poussi\u00e8re de nos routes, chers visages durs dont je n\u2019ai pas su essuyer la sueur, regards qui ont vu le bien et le mal, rempli leur t\u00e2che, assum\u00e9 la vie et la mort, \u00f4 regards qui ne se sont jamais rendus ! Ainsi vous retrouverai-je, vieux fr\u00e8res\u2026<\/em>\u00a0\u00bb (Extrait de la pr\u00e9face des <em>Grands Cimeti\u00e8res sous la lune<\/em>)<\/p>\n<p style=\"text-align: justify;\">En fl\u00e2nant dans ce havre de paix, puissiez-vous, chers visiteurs, d\u00e9couvrir notre h\u00e9ritage culturel\u00a0: les tombes sont le t\u00e9moin des diff\u00e9rentes \u00e9poques travers\u00e9es par notre village, vieux de plus de mille ans \u2013 tombes insolites, tombes\u00a0artistiques, tombes touchantes, cachant toutes des vies particuli\u00e8res et uniques, parties pour l\u2019\u00e9ternit\u00e9.<\/p>\n<p style=\"text-align: center;\"><a href=\"https:\/\/www.mairie-chailly-en-biere.fr\/wp-content\/uploads\/Panneau-16-personnages-050520.pdf\" target=\"_blank\" rel=\"noopener\">Panneau 16 personnages <\/a><\/p>\n<p style=\"text-align: center;\"><a href=\"https:\/\/www.mairie-chailly-en-biere.fr\/wp-content\/uploads\/plan-cimetiere-chailly-BON-05-2020.pdf\">Plan et histoires du cimeti\u00e8re<\/a><\/p>\n<p>&nbsp;<\/p>\n","protected":false},"excerpt":{"rendered":"<p>Le cimeti\u00e8re de Chailly-en-Bi\u00e8re doit sa c\u00e9l\u00e9brit\u00e9 aux nombreux peintres qui y sont enterr\u00e9s, la plupart appartenant \u00e0 ce groupe de peintres paysagistes, l\u2019\u00c9cole de Barbizon. La disposition des tombes rappelle parfois les liens tiss\u00e9s entre ces artistes qui se sont c\u00f4toy\u00e9s durant de nombreuses ann\u00e9es. Ainsi Jean-Fran\u00e7ois MILLET et Th\u00e9odore ROUSSEAU gisent l\u2019un \u00e0 &hellip; <\/p>\n<p><a class=\"more-link btn\" href=\"https:\/\/www.mairie-chailly-en-biere.fr\/?page_id=16881\">Lire la suite<\/a><\/p>\n","protected":false},"author":2,"featured_media":0,"parent":96,"menu_order":5,"comment_status":"closed","ping_status":"closed","template":"","meta":{"footnotes":""},"class_list":["post-16881","page","type-page","status-publish","hentry","nodate","item-wrap"],"_links":{"self":[{"href":"https:\/\/www.mairie-chailly-en-biere.fr\/index.php?rest_route=\/wp\/v2\/pages\/16881","targetHints":{"allow":["GET"]}}],"collection":[{"href":"https:\/\/www.mairie-chailly-en-biere.fr\/index.php?rest_route=\/wp\/v2\/pages"}],"about":[{"href":"https:\/\/www.mairie-chailly-en-biere.fr\/index.php?rest_route=\/wp\/v2\/types\/page"}],"author":[{"embeddable":true,"href":"https:\/\/www.mairie-chailly-en-biere.fr\/index.php?rest_route=\/wp\/v2\/users\/2"}],"replies":[{"embeddable":true,"href":"https:\/\/www.mairie-chailly-en-biere.fr\/index.php?rest_route=%2Fwp%2Fv2%2Fcomments&post=16881"}],"version-history":[{"count":6,"href":"https:\/\/www.mairie-chailly-en-biere.fr\/index.php?rest_route=\/wp\/v2\/pages\/16881\/revisions"}],"predecessor-version":[{"id":16898,"href":"https:\/\/www.mairie-chailly-en-biere.fr\/index.php?rest_route=\/wp\/v2\/pages\/16881\/revisions\/16898"}],"up":[{"embeddable":true,"href":"https:\/\/www.mairie-chailly-en-biere.fr\/index.php?rest_route=\/wp\/v2\/pages\/96"}],"wp:attachment":[{"href":"https:\/\/www.mairie-chailly-en-biere.fr\/index.php?rest_route=%2Fwp%2Fv2%2Fmedia&parent=16881"}],"curies":[{"name":"wp","href":"https:\/\/api.w.org\/{rel}","templated":true}]}}