{"id":16864,"date":"2023-08-31T09:13:09","date_gmt":"2023-08-31T09:13:09","guid":{"rendered":"https:\/\/www.mairie-chailly-en-biere.fr\/?page_id=16864"},"modified":"2024-08-14T08:02:36","modified_gmt":"2024-08-14T08:02:36","slug":"les-services-communaux","status":"publish","type":"page","link":"https:\/\/www.mairie-chailly-en-biere.fr\/?page_id=16864","title":{"rendered":"Les services communaux"},"content":{"rendered":"<p><img loading=\"lazy\" decoding=\"async\" class=\"aligncenter wp-image-8297 size-medium\" src=\"https:\/\/www.mairie-chailly-en-biere.fr\/wp-content\/uploads\/HD-Logotype-Chailly-300x269.jpg\" alt=\"\" width=\"300\" height=\"269\" \/><strong>Pour toutes d\u00e9marches administratives, la mairie est ouverte :<\/strong><\/p>\n<ul>\n<li>les lundis, mercredis et vendredis de 8 h 45 \u00e0 12 h et de 14 h \u00e0 16 h,<\/li>\n<li>les mardis et jeudis de 8 h 45 \u00e0 12 h,<\/li>\n<li>les samedis de 8 h 45 \u00e0 12 h (sauf juillet et ao\u00fbt).<\/li>\n<\/ul>\n<p>&nbsp;<\/p>\n<p>Vous pouvez joindre les services communaux :<\/p>\n<ul>\n<li>standard\/secr\u00e9tariat 01.60.66.43.41. &#8211; <a href=\"https:\/\/www.mairie-chailly-en-biere.fr\/?page_id=2\" target=\"_blank\" rel=\"noopener\">mairie@chaillyenbiere.fr<\/a><\/li>\n<li>C.C.A.S. 01.60.66.48.42. &#8211; <a href=\"mailto:veronique.migliorati@chaillyenbiere.fr\" target=\"_blank\" rel=\"noopener\">veronique.migliorati@chaillyenbiere.fr<\/a><\/li>\n<li>Comptabilit\u00e9 01.60.66.48.42.<\/li>\n<li>\u00c9tat civil 01.60.66.43.41.<\/li>\n<li>Cimeti\u00e8re 01.60.66.47.91.<\/li>\n<li>Police municipale 07.84.78.17.28. &#8211; <a href=\"mailto:policemunicipale@chaillyenbiere.fr\" target=\"_blank\" rel=\"noopener\">policemunicipale@chaillyenbiere.fr<\/a><\/li>\n<li>services scolaires 01.60.66.44.39. &#8211; <a href=\"mailto:scolaire@chaillyenbiere.fr\">scolaire@chaillyenbiere.fr<\/a><\/li>\n<li>service urbanisme 01.60.66.47.91. &#8211; <a href=\"mailto:urba@chaillyenbiere.fr\" target=\"_blank\" rel=\"noopener\">urba@chaillyenbiere.fr<\/a><\/li>\n<li>services techniques 01.60.66.43.41.<\/li>\n<\/ul>\n<p>&nbsp;<\/p>\n<p><strong><span style=\"color: #ff0000;\">Le d\u00e9p\u00f4t de dossiers de PACS, de tout dossier d&rsquo;autorisation d&rsquo;urbanisme (permis de construire, d\u00e9claration pr\u00e9alable&#8230;) se font uniquement sur rendez-vous.<\/span><\/strong><\/p>\n","protected":false},"excerpt":{"rendered":"<p>Pour toutes d\u00e9marches administratives, la mairie est ouverte : les lundis, mercredis et vendredis de 8 h 45 \u00e0 12 h et de 14 h \u00e0 16 h, les mardis et jeudis de 8 h 45 \u00e0 12 h, les samedis de 8 h 45 \u00e0 12 h (sauf juillet et ao\u00fbt). &nbsp; Vous pouvez &hellip; <\/p>\n<p><a class=\"more-link btn\" href=\"https:\/\/www.mairie-chailly-en-biere.fr\/?page_id=16864\">Lire la suite<\/a><\/p>\n","protected":false},"author":2,"featured_media":0,"parent":2,"menu_order":3,"comment_status":"closed","ping_status":"closed","template":"","meta":{"footnotes":""},"class_list":["post-16864","page","type-page","status-publish","hentry","nodate","item-wrap"],"_links":{"self":[{"href":"https:\/\/www.mairie-chailly-en-biere.fr\/index.php?rest_route=\/wp\/v2\/pages\/16864","targetHints":{"allow":["GET"]}}],"collection":[{"href":"https:\/\/www.mairie-chailly-en-biere.fr\/index.php?rest_route=\/wp\/v2\/pages"}],"about":[{"href":"https:\/\/www.mairie-chailly-en-biere.fr\/index.php?rest_route=\/wp\/v2\/types\/page"}],"author":[{"embeddable":true,"href":"https:\/\/www.mairie-chailly-en-biere.fr\/index.php?rest_route=\/wp\/v2\/users\/2"}],"replies":[{"embeddable":true,"href":"https:\/\/www.mairie-chailly-en-biere.fr\/index.php?rest_route=%2Fwp%2Fv2%2Fcomments&post=16864"}],"version-history":[{"count":20,"href":"https:\/\/www.mairie-chailly-en-biere.fr\/index.php?rest_route=\/wp\/v2\/pages\/16864\/revisions"}],"predecessor-version":[{"id":17813,"href":"https:\/\/www.mairie-chailly-en-biere.fr\/index.php?rest_route=\/wp\/v2\/pages\/16864\/revisions\/17813"}],"up":[{"embeddable":true,"href":"https:\/\/www.mairie-chailly-en-biere.fr\/index.php?rest_route=\/wp\/v2\/pages\/2"}],"wp:attachment":[{"href":"https:\/\/www.mairie-chailly-en-biere.fr\/index.php?rest_route=%2Fwp%2Fv2%2Fmedia&parent=16864"}],"curies":[{"name":"wp","href":"https:\/\/api.w.org\/{rel}","templated":true}]}}