{"id":16845,"date":"2023-08-31T08:03:10","date_gmt":"2023-08-31T08:03:10","guid":{"rendered":"https:\/\/www.mairie-chailly-en-biere.fr\/?page_id=16845"},"modified":"2025-09-30T09:52:24","modified_gmt":"2025-09-30T09:52:24","slug":"mushin-karate-club-de-chailly-en-biere-mkcceb","status":"publish","type":"page","link":"https:\/\/www.mairie-chailly-en-biere.fr\/?page_id=16845","title":{"rendered":"Mushin Karat\u00e9 Club de Chailly-en-Bi\u00e8re (MKCCEB)"},"content":{"rendered":"<p>&nbsp;<\/p>\n<p><img loading=\"lazy\" decoding=\"async\" class=\"aligncenter wp-image-19080 size-medium\" src=\"https:\/\/www.mairie-chailly-en-biere.fr\/wp-content\/uploads\/MUSHIN-KARATE-1-212x300.jpg\" alt=\"\" width=\"212\" height=\"300\" srcset=\"https:\/\/www.mairie-chailly-en-biere.fr\/wp-content\/uploads\/MUSHIN-KARATE-1-212x300.jpg 212w, https:\/\/www.mairie-chailly-en-biere.fr\/wp-content\/uploads\/MUSHIN-KARATE-1-543x768.jpg 543w, https:\/\/www.mairie-chailly-en-biere.fr\/wp-content\/uploads\/MUSHIN-KARATE-1-555x785.jpg 555w, https:\/\/www.mairie-chailly-en-biere.fr\/wp-content\/uploads\/MUSHIN-KARATE-1.jpg 595w\" sizes=\"auto, (max-width: 212px) 100vw, 212px\" \/><\/p>\n<p style=\"text-align: center;\"><a href=\"https:\/\/www.mairie-chailly-en-biere.fr\/wp-content\/uploads\/MUSHIN-KARATE-saison-2025-2026.pdf\">MUSHIN KARATE saison 2025-2026<\/a><\/p>\n<p>Contact : Laurence RAKOTONDRAINIBE (T\u00e9l: 06.20 58 16 03)<\/p>\n<p>Enseignant dipl\u00f4m\u00e9 BEES1: Bien Aim\u00e9 RAKOTONDRAINIBE (T\u00e9l: 06 21 85 30 57)<\/p>\n<p><u><a href=\"mailto:bienaime.rakoton@me.com\">bienaime.rakoton@me.com<\/a><\/u><\/p>\n","protected":false},"excerpt":{"rendered":"<p>&nbsp; MUSHIN KARATE saison 2025-2026 Contact : Laurence RAKOTONDRAINIBE (T\u00e9l: 06.20 58 16 03) Enseignant dipl\u00f4m\u00e9 BEES1: Bien Aim\u00e9 RAKOTONDRAINIBE (T\u00e9l: 06 21 85 30 57) bienaime.rakoton@me.com<\/p>\n","protected":false},"author":2,"featured_media":0,"parent":12422,"menu_order":5,"comment_status":"closed","ping_status":"closed","template":"","meta":{"footnotes":""},"class_list":["post-16845","page","type-page","status-publish","hentry","nodate","item-wrap"],"_links":{"self":[{"href":"https:\/\/www.mairie-chailly-en-biere.fr\/index.php?rest_route=\/wp\/v2\/pages\/16845","targetHints":{"allow":["GET"]}}],"collection":[{"href":"https:\/\/www.mairie-chailly-en-biere.fr\/index.php?rest_route=\/wp\/v2\/pages"}],"about":[{"href":"https:\/\/www.mairie-chailly-en-biere.fr\/index.php?rest_route=\/wp\/v2\/types\/page"}],"author":[{"embeddable":true,"href":"https:\/\/www.mairie-chailly-en-biere.fr\/index.php?rest_route=\/wp\/v2\/users\/2"}],"replies":[{"embeddable":true,"href":"https:\/\/www.mairie-chailly-en-biere.fr\/index.php?rest_route=%2Fwp%2Fv2%2Fcomments&post=16845"}],"version-history":[{"count":4,"href":"https:\/\/www.mairie-chailly-en-biere.fr\/index.php?rest_route=\/wp\/v2\/pages\/16845\/revisions"}],"predecessor-version":[{"id":19082,"href":"https:\/\/www.mairie-chailly-en-biere.fr\/index.php?rest_route=\/wp\/v2\/pages\/16845\/revisions\/19082"}],"up":[{"embeddable":true,"href":"https:\/\/www.mairie-chailly-en-biere.fr\/index.php?rest_route=\/wp\/v2\/pages\/12422"}],"wp:attachment":[{"href":"https:\/\/www.mairie-chailly-en-biere.fr\/index.php?rest_route=%2Fwp%2Fv2%2Fmedia&parent=16845"}],"curies":[{"name":"wp","href":"https:\/\/api.w.org\/{rel}","templated":true}]}}