{"id":168,"date":"2010-12-17T06:46:22","date_gmt":"2010-12-17T06:46:22","guid":{"rendered":"https:\/\/www.mairie-chailly-en-biere.fr\/?page_id=168"},"modified":"2011-03-30T09:20:08","modified_gmt":"2011-03-30T09:20:08","slug":"leon-pierre-delambre","status":"publish","type":"page","link":"https:\/\/www.mairie-chailly-en-biere.fr\/?page_id=168","title":{"rendered":"L\u00e9on Pierre Delambre"},"content":{"rendered":"<p>ARTISTE PEINTRE<\/p>\n<p>1846-1916<\/p>\n<p>\u00c9l\u00e8ve de M. J.B. Boulange, L\u00e9on-Pierre DELAMBRE, peintre paysagiste,d\u00e9buta au salon de 1870 avec : \u00abmatin\u00e9e de printemps en Artois \u00bb.<\/p>\n<div id=\"attachment_2360\" style=\"width: 650px\" class=\"wp-caption aligncenter\"><a href=\"https:\/\/www.mairie-chailly-en-biere.fr\/?attachment_id=2360\" rel=\"attachment wp-att-2360\"><img loading=\"lazy\" decoding=\"async\" aria-describedby=\"caption-attachment-2360\" src=\"https:\/\/www.mairie-chailly-en-biere.fr\/wp-content\/uploads\/DELAMBRE-TABLEAU.jpg\" alt=\"Tableau de L\u00e9on DELAMBRE\" title=\"L\u00e9on DELAMBRE\" width=\"650\" height=\"374\" class=\"size-full wp-image-2360\" srcset=\"https:\/\/www.mairie-chailly-en-biere.fr\/wp-content\/uploads\/DELAMBRE-TABLEAU.jpg 650w, https:\/\/www.mairie-chailly-en-biere.fr\/wp-content\/uploads\/DELAMBRE-TABLEAU-300x172.jpg 300w, https:\/\/www.mairie-chailly-en-biere.fr\/wp-content\/uploads\/DELAMBRE-TABLEAU-560x322.jpg 560w\" sizes=\"auto, (max-width: 650px) 100vw, 650px\" \/><\/a><p id=\"caption-attachment-2360\" class=\"wp-caption-text\">Tableau de L. DELAMBRE<\/p><\/div>\n","protected":false},"excerpt":{"rendered":"<p>ARTISTE PEINTRE 1846-1916 \u00c9l\u00e8ve de M. J.B. Boulange, L\u00e9on-Pierre DELAMBRE, peintre paysagiste,d\u00e9buta au salon de 1870 avec : \u00abmatin\u00e9e de printemps en Artois \u00bb.<\/p>\n","protected":false},"author":2,"featured_media":0,"parent":1069,"menu_order":2,"comment_status":"closed","ping_status":"closed","template":"","meta":{"footnotes":""},"class_list":["post-168","page","type-page","status-publish","hentry","nodate","item-wrap"],"_links":{"self":[{"href":"https:\/\/www.mairie-chailly-en-biere.fr\/index.php?rest_route=\/wp\/v2\/pages\/168","targetHints":{"allow":["GET"]}}],"collection":[{"href":"https:\/\/www.mairie-chailly-en-biere.fr\/index.php?rest_route=\/wp\/v2\/pages"}],"about":[{"href":"https:\/\/www.mairie-chailly-en-biere.fr\/index.php?rest_route=\/wp\/v2\/types\/page"}],"author":[{"embeddable":true,"href":"https:\/\/www.mairie-chailly-en-biere.fr\/index.php?rest_route=\/wp\/v2\/users\/2"}],"replies":[{"embeddable":true,"href":"https:\/\/www.mairie-chailly-en-biere.fr\/index.php?rest_route=%2Fwp%2Fv2%2Fcomments&post=168"}],"version-history":[{"count":8,"href":"https:\/\/www.mairie-chailly-en-biere.fr\/index.php?rest_route=\/wp\/v2\/pages\/168\/revisions"}],"predecessor-version":[{"id":2362,"href":"https:\/\/www.mairie-chailly-en-biere.fr\/index.php?rest_route=\/wp\/v2\/pages\/168\/revisions\/2362"}],"up":[{"embeddable":true,"href":"https:\/\/www.mairie-chailly-en-biere.fr\/index.php?rest_route=\/wp\/v2\/pages\/1069"}],"wp:attachment":[{"href":"https:\/\/www.mairie-chailly-en-biere.fr\/index.php?rest_route=%2Fwp%2Fv2%2Fmedia&parent=168"}],"curies":[{"name":"wp","href":"https:\/\/api.w.org\/{rel}","templated":true}]}}