{"id":164,"date":"2010-12-17T06:45:21","date_gmt":"2010-12-17T06:45:21","guid":{"rendered":"https:\/\/www.mairie-chailly-en-biere.fr\/?page_id=164"},"modified":"2015-09-18T07:28:36","modified_gmt":"2015-09-18T07:28:36","slug":"michel-buret","status":"publish","type":"page","link":"https:\/\/www.mairie-chailly-en-biere.fr\/?page_id=164","title":{"rendered":"Michel Buret"},"content":{"rendered":"<div id=\"attachment_1244\" style=\"width: 300px\" class=\"wp-caption alignright\"><a href=\"https:\/\/www.mairie-chailly-en-biere.fr\/?attachment_id=1244\" rel=\"attachment wp-att-1244\"><img loading=\"lazy\" decoding=\"async\" aria-describedby=\"caption-attachment-1244\" class=\"size-medium wp-image-1244\" title=\"Michel Buret - night vision\" src=\"https:\/\/www.mairie-chailly-en-biere.fr\/wp-content\/uploads\/michelburet-night-vision-300x300.jpg\" alt=\"Michel Buret - night vision\" width=\"300\" height=\"300\" \/><\/a><p id=\"caption-attachment-1244\" class=\"wp-caption-text\">Michel Buret &#8211; night vision<\/p><\/div>\n<p>Autodidacte, Michel Buret voue une r\u00e9elle passion pour la peinture depuis toujours. Malgr\u00e9 une autre vie, celle d&rsquo;ing\u00e9nieur, marqu\u00e9e par de fr\u00e9quents voyages (propices \u00e0 la r\u00e9flexion et aux \u00e9changes), l&rsquo;artiste n&rsquo;a cess\u00e9 de s&rsquo;affirmer. La facture de ses toiles acryliques est devenue totalement originale et novatrice. Elles ne s&rsquo;en r\u00e9clament pas moins des grands ma\u00eetres du pass\u00e9.<\/p>\n<p>Assistons-nous \u00e0 une tentative de synth\u00e8se des ma\u00eetres que l&rsquo;artiste admire ? Synth\u00e8se impossible tant leurs influences sont contradictoires : Piet Mondrian pour la rigueur de pens\u00e9e, Jackson Pollock pour son \u00ab\u00a0chaos\u00a0\u00bb et Max Ernst pour ses \u00e9blouissantes techniques mises au service du r\u00eave ?<\/p>\n<p>Vous pouvez d\u00e9couvrir ses \u0153uvres \u00e0 travers deux sites :<\/p>\n<p><a href=\"https:\/\/www.urban-graff.com\">https:\/\/www.urban-graff.com<\/a><\/p>\n<p><a href=\"https:\/\/www.michelburet.com\">https:\/\/www.michelburet.com<\/a><\/p>\n<p>Michel BURET a re\u00e7u la m\u00e9daille d\u2019argent du Salon 2008 de l\u2019Acad\u00e9mie Europ\u00e9enne des Arts &#8211; France<\/p>\n<p><a href=\"https:\/\/www.mairie-chailly-en-biere.fr\/wp-content\/uploads\/exposition-MBURET.jpg\"><img loading=\"lazy\" decoding=\"async\" class=\"alignright size-medium wp-image-7759\" src=\"https:\/\/www.mairie-chailly-en-biere.fr\/wp-content\/uploads\/exposition-MBURET-300x300.jpg\" alt=\"exposition-MICHEL BURET\" width=\"300\" height=\"300\" \/><\/a><\/p>\n","protected":false},"excerpt":{"rendered":"<p>Autodidacte, Michel Buret voue une r\u00e9elle passion pour la peinture depuis toujours. Malgr\u00e9 une autre vie, celle d&rsquo;ing\u00e9nieur, marqu\u00e9e par de fr\u00e9quents voyages (propices \u00e0 la r\u00e9flexion et aux \u00e9changes), l&rsquo;artiste n&rsquo;a cess\u00e9 de s&rsquo;affirmer. La facture de ses toiles acryliques est devenue totalement originale et novatrice. Elles ne s&rsquo;en r\u00e9clament pas moins des grands &hellip; <\/p>\n<p><a class=\"more-link btn\" href=\"https:\/\/www.mairie-chailly-en-biere.fr\/?page_id=164\">Lire la suite<\/a><\/p>\n","protected":false},"author":2,"featured_media":0,"parent":1081,"menu_order":2,"comment_status":"closed","ping_status":"closed","template":"","meta":{"footnotes":""},"class_list":["post-164","page","type-page","status-publish","hentry","nodate","item-wrap"],"_links":{"self":[{"href":"https:\/\/www.mairie-chailly-en-biere.fr\/index.php?rest_route=\/wp\/v2\/pages\/164","targetHints":{"allow":["GET"]}}],"collection":[{"href":"https:\/\/www.mairie-chailly-en-biere.fr\/index.php?rest_route=\/wp\/v2\/pages"}],"about":[{"href":"https:\/\/www.mairie-chailly-en-biere.fr\/index.php?rest_route=\/wp\/v2\/types\/page"}],"author":[{"embeddable":true,"href":"https:\/\/www.mairie-chailly-en-biere.fr\/index.php?rest_route=\/wp\/v2\/users\/2"}],"replies":[{"embeddable":true,"href":"https:\/\/www.mairie-chailly-en-biere.fr\/index.php?rest_route=%2Fwp%2Fv2%2Fcomments&post=164"}],"version-history":[{"count":13,"href":"https:\/\/www.mairie-chailly-en-biere.fr\/index.php?rest_route=\/wp\/v2\/pages\/164\/revisions"}],"predecessor-version":[{"id":7760,"href":"https:\/\/www.mairie-chailly-en-biere.fr\/index.php?rest_route=\/wp\/v2\/pages\/164\/revisions\/7760"}],"up":[{"embeddable":true,"href":"https:\/\/www.mairie-chailly-en-biere.fr\/index.php?rest_route=\/wp\/v2\/pages\/1081"}],"wp:attachment":[{"href":"https:\/\/www.mairie-chailly-en-biere.fr\/index.php?rest_route=%2Fwp%2Fv2%2Fmedia&parent=164"}],"curies":[{"name":"wp","href":"https:\/\/api.w.org\/{rel}","templated":true}]}}