{"id":16260,"date":"2023-01-31T09:03:15","date_gmt":"2023-01-31T09:03:15","guid":{"rendered":"https:\/\/www.mairie-chailly-en-biere.fr\/?page_id=16260"},"modified":"2023-06-12T06:53:12","modified_gmt":"2023-06-12T06:53:12","slug":"les-lutins-chaillotins","status":"publish","type":"page","link":"https:\/\/www.mairie-chailly-en-biere.fr\/?page_id=16260","title":{"rendered":"Les Lutins chaillotins"},"content":{"rendered":"<p>Cette association regroupe les anciens membres de la FCPE (<em>F\u00e9d\u00e9ration des Conseils de Parents d&rsquo;El\u00e8ves<\/em>) et la PEI (Parents d\u2019\u00c9l\u00e8ves Ind\u00e9pendants)<\/p>\n<p>Contact : <a href=\"mailto:leslutinschaillotins@gmail.com\" target=\"_blank\" rel=\"noopener\">leslutinschaillotins@gmail.com<\/a><\/p>\n<p>&nbsp;<\/p>\n","protected":false},"excerpt":{"rendered":"<p>Cette association regroupe les anciens membres de la FCPE (F\u00e9d\u00e9ration des Conseils de Parents d&rsquo;El\u00e8ves) et la PEI (Parents d\u2019\u00c9l\u00e8ves Ind\u00e9pendants) Contact : leslutinschaillotins@gmail.com &nbsp;<\/p>\n","protected":false},"author":2,"featured_media":0,"parent":12426,"menu_order":9,"comment_status":"closed","ping_status":"closed","template":"","meta":{"footnotes":""},"class_list":["post-16260","page","type-page","status-publish","hentry","nodate","item-wrap"],"_links":{"self":[{"href":"https:\/\/www.mairie-chailly-en-biere.fr\/index.php?rest_route=\/wp\/v2\/pages\/16260","targetHints":{"allow":["GET"]}}],"collection":[{"href":"https:\/\/www.mairie-chailly-en-biere.fr\/index.php?rest_route=\/wp\/v2\/pages"}],"about":[{"href":"https:\/\/www.mairie-chailly-en-biere.fr\/index.php?rest_route=\/wp\/v2\/types\/page"}],"author":[{"embeddable":true,"href":"https:\/\/www.mairie-chailly-en-biere.fr\/index.php?rest_route=\/wp\/v2\/users\/2"}],"replies":[{"embeddable":true,"href":"https:\/\/www.mairie-chailly-en-biere.fr\/index.php?rest_route=%2Fwp%2Fv2%2Fcomments&post=16260"}],"version-history":[{"count":2,"href":"https:\/\/www.mairie-chailly-en-biere.fr\/index.php?rest_route=\/wp\/v2\/pages\/16260\/revisions"}],"predecessor-version":[{"id":16599,"href":"https:\/\/www.mairie-chailly-en-biere.fr\/index.php?rest_route=\/wp\/v2\/pages\/16260\/revisions\/16599"}],"up":[{"embeddable":true,"href":"https:\/\/www.mairie-chailly-en-biere.fr\/index.php?rest_route=\/wp\/v2\/pages\/12426"}],"wp:attachment":[{"href":"https:\/\/www.mairie-chailly-en-biere.fr\/index.php?rest_route=%2Fwp%2Fv2%2Fmedia&parent=16260"}],"curies":[{"name":"wp","href":"https:\/\/api.w.org\/{rel}","templated":true}]}}