{"id":1601,"date":"2011-03-11T09:26:12","date_gmt":"2011-03-11T09:26:12","guid":{"rendered":"https:\/\/www.mairie-chailly-en-biere.fr\/?page_id=1601"},"modified":"2024-11-22T10:12:36","modified_gmt":"2024-11-22T10:12:36","slug":"appel-a-la-memoire","status":"publish","type":"page","link":"https:\/\/www.mairie-chailly-en-biere.fr\/?page_id=1601","title":{"rendered":"Appel \u00e0 la m\u00e9moire"},"content":{"rendered":"<p>APPEL A LA MEMOIRE DES ENFANTS MORTS POUR LA FRANCE<br \/>\nSOUVENEZ- VOUS<\/p>\n<div id=\"attachment_1584\" style=\"width: 115px\" class=\"wp-caption alignright\"><a href=\"https:\/\/www.mairie-chailly-en-biere.fr\/?attachment_id=1584\" rel=\"attachment wp-att-1584\"><img loading=\"lazy\" decoding=\"async\" aria-describedby=\"caption-attachment-1584\" class=\"size-full wp-image-1584\" title=\"1914-1918\" src=\"https:\/\/www.mairie-chailly-en-biere.fr\/wp-content\/uploads\/Appel-\u00e0-la-m\u00e9moire_image002.jpg\" alt=\"1914-1918\" width=\"115\" height=\"140\" \/><\/a><p id=\"caption-attachment-1584\" class=\"wp-caption-text\">1914-1918<\/p><\/div>\n<p>Premi\u00e8re Guerre Mondiale (1914-1918) dite \u00abLa Grande Guerre\u00bb<br \/>\nMobilis\u00e9s&#8230;&#8230;&#8230; 8 410 000<br \/>\nMorts&#8230;&#8230;&#8230;&#8230;&#8230; 1 357 800<br \/>\nBless\u00e9s&#8230;&#8230;&#8230;&#8230;. 2 595 000<br \/>\nPrisonniers&#8230;.. 510 000<\/p>\n<p>Seconde Guerre Mondiale (1939-1945) dite \u00abDr\u00f4le de Guerre\u00bb<\/p>\n<p>Mobilis\u00e9s&#8230;&#8230;&#8230;&#8230;&#8230;&#8230;&#8230;&#8230;&#8230;&#8230;&#8230;&#8230;.4 300 000<br \/>\nPertes civiles et militaires&#8230;&#8230;&#8230;.330 000<br \/>\nDont morts au combat&#8230;&#8230;&#8230;&#8230;&#8230;210 671<br \/>\nD\u00e9port\u00e9s&#8230;&#8230;&#8230;&#8230;&#8230;&#8230;&#8230;&#8230;&#8230;&#8230;&#8230;&#8230;..182 000<br \/>\nBless\u00e9s estim\u00e9s&#8230;&#8230;&#8230;&#8230;&#8230;&#8230;&#8230;&#8230;&#8230;.1 100 000<\/p>\n<div id=\"attachment_1585\" style=\"width: 292px\" class=\"wp-caption aligncenter\"><a href=\"https:\/\/www.mairie-chailly-en-biere.fr\/?attachment_id=1585\" rel=\"attachment wp-att-1585\"><img loading=\"lazy\" decoding=\"async\" aria-describedby=\"caption-attachment-1585\" class=\"size-full wp-image-1585\" title=\"1939-1945\" src=\"https:\/\/www.mairie-chailly-en-biere.fr\/wp-content\/uploads\/Appel-\u00e0-la-m\u00e9moire_image004.jpg\" alt=\"1939-1945\" width=\"292\" height=\"135\" \/><\/a><p id=\"caption-attachment-1585\" class=\"wp-caption-text\">1939-1945<\/p><\/div>\n<p>La Guerre d&rsquo;Alg\u00e9rie (1954-1962)<\/p>\n<p>Le nombre d&rsquo;Appel\u00e9s du contingent<\/p>\n<p>qui ont particip\u00e9 \u00e0 cette guerre&#8230;&#8230;&#8230;&#8230;2 800 000<br \/>\nMorts estim\u00e9s&#8230;&#8230;&#8230;&#8230;&#8230;&#8230;&#8230;&#8230;&#8230;&#8230;&#8230;&#8230;&#8230;24 614<br \/>\nBless\u00e9s&#8230;&#8230;&#8230;&#8230;&#8230;&#8230;&#8230;&#8230;&#8230;&#8230;&#8230;&#8230;&#8230;&#8230;&#8230;&#8230;&#8230;.64 985<br \/>\nPrisonniers ou disparus&#8230;&#8230;&#8230;&#8230;&#8230;&#8230;&#8230;&#8230;1 000<\/p>\n<p>Ayons \u00e9galement une pens\u00e9e pour le lourd tribu pay\u00e9 par ceux qui ont combattu dans l&rsquo;ombre de 1940 \u00e0 1945, et qui furent assassin\u00e9s par l&rsquo;ennemi.<\/p>\n<p>* sources : Encyclop\u00e9die Hachette et Quid<\/p>\n<p>Le devoir de souvenir \u00e0 nos compatriotes morts pour la France lors des comm\u00e9morations du 8 mai 1945 et du 11 novembre 1918 au monument aux morts de notre village devient une tradition r\u00e9publicaine de plus en plus, h\u00e9las, ignor\u00e9e du plus grand nombre.<\/p>\n<p>Autre tradition aussi disparue : il \u00e9tait d&rsquo;usage qu&rsquo;une classe de l&rsquo;\u00e9cole du village assiste aux comm\u00e9morations, accompagn\u00e9e de son instituteur ou de son institutrice.<\/p>\n<p>Pierre Bertin Pr\u00e9sident de l&rsquo;Amicale de Anciens Combattants de Chailly-en-Bi\u00e8re<\/p>\n<p>B.M. n\u00b0 61 \u2013 Octobre 2003<\/p>\n","protected":false},"excerpt":{"rendered":"<p>APPEL A LA MEMOIRE DES ENFANTS MORTS POUR LA FRANCE SOUVENEZ- VOUS Premi\u00e8re Guerre Mondiale (1914-1918) dite \u00abLa Grande Guerre\u00bb Mobilis\u00e9s&#8230;&#8230;&#8230; 8 410 000 Morts&#8230;&#8230;&#8230;&#8230;&#8230; 1 357 800 Bless\u00e9s&#8230;&#8230;&#8230;&#8230;. 2 595 000 Prisonniers&#8230;.. 510 000 Seconde Guerre Mondiale (1939-1945) dite \u00abDr\u00f4le de Guerre\u00bb Mobilis\u00e9s&#8230;&#8230;&#8230;&#8230;&#8230;&#8230;&#8230;&#8230;&#8230;&#8230;&#8230;&#8230;.4 300 000 Pertes civiles et militaires&#8230;&#8230;&#8230;.330 000 Dont morts au combat&#8230;&#8230;&#8230;&#8230;&#8230;210 &hellip; <\/p>\n<p><a class=\"more-link btn\" href=\"https:\/\/www.mairie-chailly-en-biere.fr\/?page_id=1601\">Lire la suite<\/a><\/p>\n","protected":false},"author":2,"featured_media":0,"parent":1670,"menu_order":2,"comment_status":"closed","ping_status":"closed","template":"","meta":{"footnotes":""},"class_list":["post-1601","page","type-page","status-publish","hentry","nodate","item-wrap"],"_links":{"self":[{"href":"https:\/\/www.mairie-chailly-en-biere.fr\/index.php?rest_route=\/wp\/v2\/pages\/1601","targetHints":{"allow":["GET"]}}],"collection":[{"href":"https:\/\/www.mairie-chailly-en-biere.fr\/index.php?rest_route=\/wp\/v2\/pages"}],"about":[{"href":"https:\/\/www.mairie-chailly-en-biere.fr\/index.php?rest_route=\/wp\/v2\/types\/page"}],"author":[{"embeddable":true,"href":"https:\/\/www.mairie-chailly-en-biere.fr\/index.php?rest_route=\/wp\/v2\/users\/2"}],"replies":[{"embeddable":true,"href":"https:\/\/www.mairie-chailly-en-biere.fr\/index.php?rest_route=%2Fwp%2Fv2%2Fcomments&post=1601"}],"version-history":[{"count":23,"href":"https:\/\/www.mairie-chailly-en-biere.fr\/index.php?rest_route=\/wp\/v2\/pages\/1601\/revisions"}],"predecessor-version":[{"id":18154,"href":"https:\/\/www.mairie-chailly-en-biere.fr\/index.php?rest_route=\/wp\/v2\/pages\/1601\/revisions\/18154"}],"up":[{"embeddable":true,"href":"https:\/\/www.mairie-chailly-en-biere.fr\/index.php?rest_route=\/wp\/v2\/pages\/1670"}],"wp:attachment":[{"href":"https:\/\/www.mairie-chailly-en-biere.fr\/index.php?rest_route=%2Fwp%2Fv2%2Fmedia&parent=1601"}],"curies":[{"name":"wp","href":"https:\/\/api.w.org\/{rel}","templated":true}]}}