{"id":160,"date":"2010-12-17T06:44:33","date_gmt":"2010-12-17T06:44:33","guid":{"rendered":"https:\/\/www.mairie-chailly-en-biere.fr\/?page_id=160"},"modified":"2015-10-06T13:08:48","modified_gmt":"2015-10-06T13:08:48","slug":"michel-bellec","status":"publish","type":"page","link":"https:\/\/www.mairie-chailly-en-biere.fr\/?page_id=160","title":{"rendered":"Michel Bellec"},"content":{"rendered":"<p><a href=\"https:\/\/www.mairie-chailly-en-biere.fr\/?attachment_id=756\" rel=\"attachment wp-att-756\"><img loading=\"lazy\" decoding=\"async\" class=\"size-medium wp-image-756\" title=\"Mich\u00e8le BELLEC\" src=\"https:\/\/www.mairie-chailly-en-biere.fr\/wp-content\/uploads\/BELLECM-209x300.jpg\" alt=\"Mich\u00e8le BELLEC\" width=\"209\" height=\"300\" \/><\/a><\/p>\n<p>INSTANT D\u2019ETERNITE<\/p>\n<p>avec Michel BELLEC<\/p>\n<p>Michel BELLEC est n\u00e9 le 9 juin 1931. C\u2019est \u00e0 l\u2019\u00e9cole maternelle de la rue Brochant \u00e0 Paris qu\u2019il r\u00e9alise ses premi\u00e8res \u0153uvres. El\u00e8ve du Coll\u00e8ge Technique Estienne (arts et m\u00e9tiers du livre), il y \u00e9tudie le dessin et la chromolithographie dans l\u2019atelier de Georges Capon. Retoucheur offset, graphiste, publicitaire puis directeur artistique dans diff\u00e9rentes agences de publicit\u00e9 \u00e0 Paris, il finit par cr\u00e9er son propre studio \u00ab Quadrature \u00bb. En 1965, il le quitte pour se consacrer uniquement \u00e0 la peinture. Au fil des ann\u00e9es, sa recherche devient de plus en plus d\u00e9pouill\u00e9e, se lib\u00e9rant des r\u00e9f\u00e9rences habituelles. Il n\u2019y a plus, pour l\u2019\u0153il, les pi\u00e8ges du beau.<\/p>\n<p>Dans ses toiles, ses gouaches, ses dessins, ses aquarelles, il exprime ses blessures, sa qu\u00eate d\u2019amour, ses espoirs, son all\u00e9gresse\u2026 \u00ab Le Gribouilleur de talent \u00bb, \u00ab le rustre raffin\u00e9 \u00bb, \u00ab le mystique pa\u00efen \u00bb comme il se d\u00e9finissait lui-m\u00eame a \u00ab tout donn\u00e9 au soleil, tout sauf son ombre \u00bb. La violence de ses toiles \u2013 exercice d\u2019\u00e9quilibre entre analyse raisonn\u00e9e et appel envo\u00fbtant d\u2019un vide vertigineux \u2013 contraste avec la d\u00e9licatesse et la fragilit\u00e9 de ses aquarelles. Les unes lui \u00e9tant n\u00e9cessaires comme antidote aux autres.<\/p>\n<p><a href=\"https:\/\/www.mairie-chailly-en-biere.fr\/?attachment_id=755\" rel=\"attachment wp-att-755\"><img loading=\"lazy\" decoding=\"async\" class=\"size-medium wp-image-755\" title=\"Mich\u00e8le BELLEC\" src=\"https:\/\/www.mairie-chailly-en-biere.fr\/wp-content\/uploads\/bellec4-243x300.jpg\" alt=\"Mich\u00e8le BELLEC\" width=\"243\" height=\"300\" \/><\/a><\/p>\n<p><a href=\"https:\/\/www.mairie-chailly-en-biere.fr\/?attachment_id=754\" rel=\"attachment wp-att-754\"><img loading=\"lazy\" decoding=\"async\" class=\"size-medium wp-image-754\" title=\"Mich\u00e8le BELLEC\" src=\"https:\/\/www.mairie-chailly-en-biere.fr\/wp-content\/uploads\/bellec3-300x240.jpg\" alt=\"Mich\u00e8le BELLEC\" width=\"300\" height=\"240\" \/><\/a><\/p>\n<p>Pr\u00e9sent\u00e9es dans diff\u00e9rentes biennales et salons officiels, ses \u0153uvres sont pr\u00e9sentes partout dans le monde. C\u2019est dans sa galerie-atelier de Barbizon qu\u2019il r\u00e9alisera ses derni\u00e8res expositions.<\/p>\n<p>Le 19 juillet 1996, il est mont\u00e9 vers un sommet d\u2019o\u00f9 il n\u2019est plus descendu restant pour l\u2019\u00e9ternit\u00e9 parmi nous car comme il aimait le dire : \u00ab un artiste ne meurt pas, il reste accroch\u00e9 \u00e0 un clou \u00bb.<\/p>\n<p>M.B.<\/p>\n","protected":false},"excerpt":{"rendered":"<p>INSTANT D\u2019ETERNITE avec Michel BELLEC Michel BELLEC est n\u00e9 le 9 juin 1931. C\u2019est \u00e0 l\u2019\u00e9cole maternelle de la rue Brochant \u00e0 Paris qu\u2019il r\u00e9alise ses premi\u00e8res \u0153uvres. El\u00e8ve du Coll\u00e8ge Technique Estienne (arts et m\u00e9tiers du livre), il y \u00e9tudie le dessin et la chromolithographie dans l\u2019atelier de Georges Capon. Retoucheur offset, graphiste, publicitaire &hellip; <\/p>\n<p><a class=\"more-link btn\" href=\"https:\/\/www.mairie-chailly-en-biere.fr\/?page_id=160\">Lire la suite<\/a><\/p>\n","protected":false},"author":2,"featured_media":0,"parent":1081,"menu_order":1,"comment_status":"closed","ping_status":"closed","template":"","meta":{"footnotes":""},"class_list":["post-160","page","type-page","status-publish","hentry","nodate","item-wrap"],"_links":{"self":[{"href":"https:\/\/www.mairie-chailly-en-biere.fr\/index.php?rest_route=\/wp\/v2\/pages\/160","targetHints":{"allow":["GET"]}}],"collection":[{"href":"https:\/\/www.mairie-chailly-en-biere.fr\/index.php?rest_route=\/wp\/v2\/pages"}],"about":[{"href":"https:\/\/www.mairie-chailly-en-biere.fr\/index.php?rest_route=\/wp\/v2\/types\/page"}],"author":[{"embeddable":true,"href":"https:\/\/www.mairie-chailly-en-biere.fr\/index.php?rest_route=\/wp\/v2\/users\/2"}],"replies":[{"embeddable":true,"href":"https:\/\/www.mairie-chailly-en-biere.fr\/index.php?rest_route=%2Fwp%2Fv2%2Fcomments&post=160"}],"version-history":[{"count":19,"href":"https:\/\/www.mairie-chailly-en-biere.fr\/index.php?rest_route=\/wp\/v2\/pages\/160\/revisions"}],"predecessor-version":[{"id":7771,"href":"https:\/\/www.mairie-chailly-en-biere.fr\/index.php?rest_route=\/wp\/v2\/pages\/160\/revisions\/7771"}],"up":[{"embeddable":true,"href":"https:\/\/www.mairie-chailly-en-biere.fr\/index.php?rest_route=\/wp\/v2\/pages\/1081"}],"wp:attachment":[{"href":"https:\/\/www.mairie-chailly-en-biere.fr\/index.php?rest_route=%2Fwp%2Fv2%2Fmedia&parent=160"}],"curies":[{"name":"wp","href":"https:\/\/api.w.org\/{rel}","templated":true}]}}