{"id":158,"date":"2010-12-17T06:42:40","date_gmt":"2010-12-17T06:42:40","guid":{"rendered":"https:\/\/www.mairie-chailly-en-biere.fr\/?page_id=158"},"modified":"2011-03-09T10:02:13","modified_gmt":"2011-03-09T10:02:13","slug":"chasse-a-chailly","status":"publish","type":"page","link":"https:\/\/www.mairie-chailly-en-biere.fr\/?page_id=158","title":{"rendered":"Chasse \u00e0 Chailly"},"content":{"rendered":"<div id=\"attachment_931\" style=\"width: 300px\" class=\"wp-caption alignleft\"><a href=\"https:\/\/www.mairie-chailly-en-biere.fr\/?attachment_id=931\" rel=\"attachment wp-att-931\"><img loading=\"lazy\" decoding=\"async\" aria-describedby=\"caption-attachment-931\" src=\"https:\/\/www.mairie-chailly-en-biere.fr\/wp-content\/uploads\/Mise-a-mort-300x187.jpg\" alt=\"La chasse aux sangliers\" title=\"La chasse aux sangliers\" width=\"300\" height=\"187\" class=\"size-medium wp-image-931\" srcset=\"https:\/\/www.mairie-chailly-en-biere.fr\/wp-content\/uploads\/Mise-a-mort-300x187.jpg 300w, https:\/\/www.mairie-chailly-en-biere.fr\/wp-content\/uploads\/Mise-a-mort.jpg 400w\" sizes=\"auto, (max-width: 300px) 100vw, 300px\" \/><\/a><p id=\"caption-attachment-931\" class=\"wp-caption-text\">La chasse aux sangliers<\/p><\/div>\n<p><strong>Chasse d&rsquo;hier&#8230;<\/strong><\/p>\n<p>La chasse a de tout temps jou\u00e9 un r\u00f4le important dans l\u2019histoire de Fontainebleau et de Chailly, communes ins\u00e9r\u00e9es dans la for\u00eat. On a toujours eu dans notre pays l\u2019amour de la poursuite des animaux sauvages.<\/p>\n<p>Les Gaulois et les Romains consid\u00e9raient que ces animaux n\u2019avaient pas de ma\u00eetre et appartenaient au premier venu. Les barbares qui envahirent la Gaule n\u2019avaient pas moins le go\u00fbt de la chasse. Les Francs prenaient les oiseaux au moyen de lacs ou de tr\u00e9buchets. La plupart du temps les seigneurs de Chailly, comme Adam 1er, Denis de Chailly chassaient \u00e0 cheval aid\u00e9s par des chiens, chiens et chevaux \u00e9tant \u00e9lev\u00e9s dans les fermes du village. La chasse \u00e0 courre occupait de nombreux Chaillotins. De tous les rois qui chassaient dans la for\u00eat, la plaine et les marais, le plus vertueux fut sans contestation Fran\u00e7ois 1er. Il transforma le relais de chasse en ch\u00e2teau \u00e0 Fontainebleau o\u00f9 l\u2019on peut admirer encore aujourd\u2019hui la galerie des chasses du roi. Chailly y tient sa place dans un tableau.<\/p>\n<div id=\"attachment_768\" style=\"width: 150px\" class=\"wp-caption alignright\"><a href=\"https:\/\/www.mairie-chailly-en-biere.fr\/?attachment_id=768\" rel=\"attachment wp-att-768\"><img loading=\"lazy\" decoding=\"async\" aria-describedby=\"caption-attachment-768\" src=\"https:\/\/www.mairie-chailly-en-biere.fr\/wp-content\/uploads\/Chasse-noir-et-blanc-150x150.jpg\" alt=\"La chasse\" title=\"La chasse\" width=\"150\" height=\"150\" class=\"size-thumbnail wp-image-768\" \/><\/a><p id=\"caption-attachment-768\" class=\"wp-caption-text\">La chasse<\/p><\/div>\n<p>Les r\u00e8glements des chasses apparurent sous Clovis, en 511. le braconnage fut r\u00e9primand\u00e9, et le gibier recens\u00e9 sous Louis XIV. Louis XV passant souvent \u00e0 Chailly pour se rendre \u00e0 Fontainebleau donna \u00e0 la paroisse de Chailly 1 500 livres de ses deniers propres pour la reconstruction du clocher d\u00e9truit par un incendie. Il chassait \u00e0 courre dans la for\u00eat, les Chaillotins \u00e9tant employ\u00e9s comme guetteurs dans le\u00a0 Code des chasses \u00e9tabli sous Louis XIV par Robert de Salnove ;<\/p>\n<div id=\"attachment_930\" style=\"width: 150px\" class=\"wp-caption alignleft\"><a href=\"https:\/\/www.mairie-chailly-en-biere.fr\/?attachment_id=930\" rel=\"attachment wp-att-930\"><img loading=\"lazy\" decoding=\"async\" aria-describedby=\"caption-attachment-930\" src=\"https:\/\/www.mairie-chailly-en-biere.fr\/wp-content\/uploads\/Carte-de-chasse-150x150.jpg\" alt=\"Carte-de-chasse\" title=\"Carte-de-chasse\" width=\"150\" height=\"150\" class=\"size-thumbnail wp-image-930\" \/><\/a><p id=\"caption-attachment-930\" class=\"wp-caption-text\">Carte-de-chasse<\/p><\/div>\n<p>Louis Philippe prot\u00e9gea lui aussi le gibier qui faisait de gros d\u00e9g\u00e2ts dans les cultures. A Chailly on paya des gardiens la\u00a0 nuit pour ne pas que les gibiers p\u00e9n\u00e8trent dans les champs cultiv\u00e9s. Aujourd\u2019hui la chasse reste un sport pris\u00e9 par de de nombreux Chaillotins. Les mara\u00eechers chassent sur leurs terres.<\/p>\n<p>Jean-Paul Lefloch<\/p>\n<div id=\"attachment_943\" style=\"width: 300px\" class=\"wp-caption aligncenter\"><a href=\"https:\/\/www.mairie-chailly-en-biere.fr\/?attachment_id=943\" rel=\"attachment wp-att-943\"><img loading=\"lazy\" decoding=\"async\" aria-describedby=\"caption-attachment-943\" src=\"https:\/\/www.mairie-chailly-en-biere.fr\/wp-content\/uploads\/galeriedescerfs-300x198.jpg\" alt=\"Galerie des cerfs\" title=\"Galerie des cerfs\" width=\"300\" height=\"198\" class=\"size-medium wp-image-943\" srcset=\"https:\/\/www.mairie-chailly-en-biere.fr\/wp-content\/uploads\/galeriedescerfs-300x198.jpg 300w, https:\/\/www.mairie-chailly-en-biere.fr\/wp-content\/uploads\/galeriedescerfs.jpg 500w\" sizes=\"auto, (max-width: 300px) 100vw, 300px\" \/><\/a><p id=\"caption-attachment-943\" class=\"wp-caption-text\">Galerie des cerfs<\/p><\/div>\n<p><strong>Chasse d&rsquo;aujourd&rsquo;hui<\/strong><\/p>\n<p>La soci\u00e9t\u00e9 de chasse de Chailly-en-Bi\u00e8re a \u00e9t\u00e9 fond\u00e9e le 14 juin 1953. Le premier pr\u00e9sident en \u00e9tait Monsieur Cotty. Tous les propri\u00e9taires de terrains de la commune avaient form\u00e9 entre eux, en vue de r\u00e9glementer la chasse sur leurs terres, une soci\u00e9t\u00e9 d\u00e9nomm\u00e9e \u00ab Soci\u00e9t\u00e9 amicale de propri\u00e9taires fonciers de Chailly-en-Bi\u00e8re \u00bb. Le but \u00e9tait de r\u00e9server et de faire garder en commun le droit de chasse sur les propri\u00e9t\u00e9s des membres adh\u00e9rents, de d\u00e9truire les animaux nuisibles et de r\u00e9primer le braconnage.<\/p>\n<p>D\u2019autres pr\u00e9sidents ont suivi : Mme Caron, M. Suir, Mme Suir, M. Trouv\u00e9,\u00a0 M. Hutteau , M. Legave et aujourd\u2019hui moi-m\u00eame.<\/p>\n<p>De nos jours plus aucun propri\u00e9taire terrien ne fait partie du bureau. Les terres sont lou\u00e9es ou certains nous autorisent gracieusement \u00e0 y chasser. Actuellement, une quinzaine de chasseurs tirent lapins, perdreaux, li\u00e8vres, faisons, pigeons sur 60 hectares. La moiti\u00e9 d\u2019entre eux habite notre commune, l\u2019autre moiti\u00e9 les villes et villages avoisinants.<\/p>\n<p>Le territoire se compose de champs, bosquets et boqueteaux. Si le gibier est rare, chacun peut se promener avec ou sans chien, la chasse \u00e0 Chailly \u00e9tant un sport individuel. Quand un chasseur rentre bredouille, il\u00a0 aura toujours eu le plaisir de marcher en pleine nature, esp\u00e9rant apercevoir un lapin ou\u00a0 un pigeon. La chasse \u00e0 Chailly est plus un plaisir de communier avec la nature que d\u2019esp\u00e9rer revenir avec une gibeci\u00e8re d\u00e9bordante. Les pr\u00e9l\u00e8vements sont peu importants chaque ann\u00e9e, mais le plaisir de fouler une terre plus ou moins collante est l\u00e0. Et qu\u2019il pleuve ou qu\u2019il vente, il y aura toujours un chasseur pour essayer de d\u00e9busquer un lapin ou attendre qu\u2019un pigeon veuille bien passer \u00e0 port\u00e9e du fusil.<\/p>\n<p>Notre soci\u00e9t\u00e9 a pour but de r\u00e9unir quelques chasseurs sur le territoire de notre belle commune et de leur offrir un plaisir simple et vrai, celui de la chasse.<\/p>\n","protected":false},"excerpt":{"rendered":"<p>Chasse d&rsquo;hier&#8230; La chasse a de tout temps jou\u00e9 un r\u00f4le important dans l\u2019histoire de Fontainebleau et de Chailly, communes ins\u00e9r\u00e9es dans la for\u00eat. On a toujours eu dans notre pays l\u2019amour de la poursuite des animaux sauvages. Les Gaulois et les Romains consid\u00e9raient que ces animaux n\u2019avaient pas de ma\u00eetre et appartenaient au premier &hellip; <\/p>\n<p><a class=\"more-link btn\" href=\"https:\/\/www.mairie-chailly-en-biere.fr\/?page_id=158\">Lire la suite<\/a><\/p>\n","protected":false},"author":2,"featured_media":0,"parent":1257,"menu_order":0,"comment_status":"closed","ping_status":"closed","template":"","meta":{"footnotes":""},"class_list":["post-158","page","type-page","status-publish","hentry","nodate","item-wrap"],"_links":{"self":[{"href":"https:\/\/www.mairie-chailly-en-biere.fr\/index.php?rest_route=\/wp\/v2\/pages\/158","targetHints":{"allow":["GET"]}}],"collection":[{"href":"https:\/\/www.mairie-chailly-en-biere.fr\/index.php?rest_route=\/wp\/v2\/pages"}],"about":[{"href":"https:\/\/www.mairie-chailly-en-biere.fr\/index.php?rest_route=\/wp\/v2\/types\/page"}],"author":[{"embeddable":true,"href":"https:\/\/www.mairie-chailly-en-biere.fr\/index.php?rest_route=\/wp\/v2\/users\/2"}],"replies":[{"embeddable":true,"href":"https:\/\/www.mairie-chailly-en-biere.fr\/index.php?rest_route=%2Fwp%2Fv2%2Fcomments&post=158"}],"version-history":[{"count":14,"href":"https:\/\/www.mairie-chailly-en-biere.fr\/index.php?rest_route=\/wp\/v2\/pages\/158\/revisions"}],"predecessor-version":[{"id":1308,"href":"https:\/\/www.mairie-chailly-en-biere.fr\/index.php?rest_route=\/wp\/v2\/pages\/158\/revisions\/1308"}],"up":[{"embeddable":true,"href":"https:\/\/www.mairie-chailly-en-biere.fr\/index.php?rest_route=\/wp\/v2\/pages\/1257"}],"wp:attachment":[{"href":"https:\/\/www.mairie-chailly-en-biere.fr\/index.php?rest_route=%2Fwp%2Fv2%2Fmedia&parent=158"}],"curies":[{"name":"wp","href":"https:\/\/api.w.org\/{rel}","templated":true}]}}