{"id":156,"date":"2010-12-17T06:41:30","date_gmt":"2010-12-17T06:41:30","guid":{"rendered":"https:\/\/www.mairie-chailly-en-biere.fr\/?page_id=156"},"modified":"2011-03-09T09:57:05","modified_gmt":"2011-03-09T09:57:05","slug":"les-chaillotins-forestiers","status":"publish","type":"page","link":"https:\/\/www.mairie-chailly-en-biere.fr\/?page_id=156","title":{"rendered":"Les Chaillotins Forestiers"},"content":{"rendered":"<p>D\u00e8s les temps les plus recul\u00e9s on habite la for\u00eat de Fontainebleau. Le premier souverain \u00e0 consid\u00e9rer la valeur naturelle de ces lieux fut Clovis. Le roi Louis VI le Gros fit construire un mur d&rsquo;enceinte de la for\u00eat. Nous poss\u00e9dons du c\u00f4t\u00e9 de Fa\u00ff des vestiges de ce mur. Les Chaillotins se trouvaient li\u00e9s \u00e0 cette for\u00eat et on leur attribua de tr\u00e8s bonne heure, des coutumes qui furent contest\u00e9es par certains rois. Ces usages \u00e9taient pour Chailly perp\u00e9tuels. L&rsquo;affouage (1), le marronnage, le pacage (2), le panage et le petit usage, droit de ramasser sans outils le bois mort pour consommation personnelle.<\/p>\n<p>Au XIIe si\u00e8cle les Moines des Saints P\u00e8res de Melun d\u00e9frichent une partie de la Plaine de Bi\u00e8re. Chailly se trouve l\u00e9g\u00e8rement isol\u00e9e de la for\u00eat. Alors certains Chaillotins partent travailler et habiter en for\u00eat. Si Chailly comptait environ six cents personnes, deux cents au moins vivaient en for\u00eat. Ils \u00e9taient rejoints dans les p\u00e9riodes de guerre et de tumultes par d&rsquo;autres.<\/p>\n<p>Il ne restait plus au village que deux cents personnes environ. Les Chaillotins \u00e9taient d&rsquo;habiles charpentiers, b\u00fbcherons et fendeurs de lattes en ch\u00eane pour les toitures ou le bacula (que l&rsquo;on a retrouv\u00e9 chez Madame Arbaux, la boulang\u00e8re lors de travaux dans sa boutique). Dans les maisons anciennes on trouve encore des vieilles charpentes fa\u00e7onn\u00e9es par des Chaillotins. On trouve \u00e9galement vers le Grand Veneur, des charbonniers dans le bois du m\u00eame nom, au d\u00e9but du XXe si\u00e8cle.<\/p>\n<p>La R\u00e9volution, dans la nuit du 4 ao\u00fbt 1789, abolit tous les privil\u00e8ges. Adieu la banalit\u00e9, chacun peut avoir son four \u00e0 pain et choisir son meunier. Les Chaillotins, s&rsquo;ils travaillent en for\u00eat,\u00a0 n&rsquo;y habitent plus. Pendant la derni\u00e8re guerre les groupes de r\u00e9sistants s&rsquo;y cachent encore et op\u00e8rent leurs actions de d\u00e9fense.<\/p>\n<p>En 1975, apr\u00e8s avoir \u00e9t\u00e9 g\u00e9r\u00e9es par les Eaux et For\u00eats, Fontainebleau et d&rsquo;autres for\u00eats en France passent sous le contr\u00f4le de l&rsquo;Office Nationale des For\u00eats. Une maison de garde forestier est implant\u00e9e dans le village.<\/p>\n<p>Pour le bien de la nature on ne rentre plus en for\u00eat en voiture. Certaines tol\u00e9rances restent pourtant en vigueur :\u00a0 ramassage des champignons, des ch\u00e2taignes ainsi que du muguet.<\/p>\n<p>Fontainebleau, c&rsquo;est aujourd&rsquo;hui 17 000 hectares, un bien pour l&rsquo;oxyg\u00e9nation de notre Ile-de-France. Dans cette for\u00eat, il ne faut pas oublier le gibier et les chasses \u00e0 pied ou \u00e0 courre. Ce sera le sujet du prochain article dans le bulletin.<\/p>\n<p>Jean-Paul LEFLOCH<\/p>\n<p>BM n\u00b0 76 \u2013 octobre 2008<\/p>\n<p>(1)\u00a0\u00a0 Droit de prendre du bois ou de participer au produit de l\u2019exploitation du bois dans les for\u00eats appartenant aux communes : la part de ces bois revenant \u00e0 chaque personne<\/p>\n<p>(2)\u00a0\u00a0 Droit de faire pa\u00eetre le b\u00e9tail<\/p>\n","protected":false},"excerpt":{"rendered":"<p>D\u00e8s les temps les plus recul\u00e9s on habite la for\u00eat de Fontainebleau. Le premier souverain \u00e0 consid\u00e9rer la valeur naturelle de ces lieux fut Clovis. Le roi Louis VI le Gros fit construire un mur d&rsquo;enceinte de la for\u00eat. Nous poss\u00e9dons du c\u00f4t\u00e9 de Fa\u00ff des vestiges de ce mur. Les Chaillotins se trouvaient li\u00e9s &hellip; <\/p>\n<p><a class=\"more-link btn\" href=\"https:\/\/www.mairie-chailly-en-biere.fr\/?page_id=156\">Lire la suite<\/a><\/p>\n","protected":false},"author":2,"featured_media":0,"parent":1257,"menu_order":0,"comment_status":"closed","ping_status":"closed","template":"","meta":{"footnotes":""},"class_list":["post-156","page","type-page","status-publish","hentry","nodate","item-wrap"],"_links":{"self":[{"href":"https:\/\/www.mairie-chailly-en-biere.fr\/index.php?rest_route=\/wp\/v2\/pages\/156","targetHints":{"allow":["GET"]}}],"collection":[{"href":"https:\/\/www.mairie-chailly-en-biere.fr\/index.php?rest_route=\/wp\/v2\/pages"}],"about":[{"href":"https:\/\/www.mairie-chailly-en-biere.fr\/index.php?rest_route=\/wp\/v2\/types\/page"}],"author":[{"embeddable":true,"href":"https:\/\/www.mairie-chailly-en-biere.fr\/index.php?rest_route=\/wp\/v2\/users\/2"}],"replies":[{"embeddable":true,"href":"https:\/\/www.mairie-chailly-en-biere.fr\/index.php?rest_route=%2Fwp%2Fv2%2Fcomments&post=156"}],"version-history":[{"count":2,"href":"https:\/\/www.mairie-chailly-en-biere.fr\/index.php?rest_route=\/wp\/v2\/pages\/156\/revisions"}],"predecessor-version":[{"id":1302,"href":"https:\/\/www.mairie-chailly-en-biere.fr\/index.php?rest_route=\/wp\/v2\/pages\/156\/revisions\/1302"}],"up":[{"embeddable":true,"href":"https:\/\/www.mairie-chailly-en-biere.fr\/index.php?rest_route=\/wp\/v2\/pages\/1257"}],"wp:attachment":[{"href":"https:\/\/www.mairie-chailly-en-biere.fr\/index.php?rest_route=%2Fwp%2Fv2%2Fmedia&parent=156"}],"curies":[{"name":"wp","href":"https:\/\/api.w.org\/{rel}","templated":true}]}}