{"id":154,"date":"2010-12-17T06:40:22","date_gmt":"2010-12-17T06:40:22","guid":{"rendered":"https:\/\/www.mairie-chailly-en-biere.fr\/?page_id=154"},"modified":"2016-08-16T08:38:06","modified_gmt":"2016-08-16T08:38:06","slug":"inondations-chailly-en-biere","status":"publish","type":"page","link":"https:\/\/www.mairie-chailly-en-biere.fr\/?page_id=154","title":{"rendered":"Les inondations de Chailly en Bi\u00e8re"},"content":{"rendered":"<p style=\"text-align: justify;\">Ces derni\u00e8res ann\u00e9es, nous avons subi une pluviom\u00e9trie importante engendrant une mont\u00e9e inhabituelle du niveau de la nappe phr\u00e9atique. De nombreuses caves et sous-sols de maisons anciennes ont, depuis deux ans, \u00e9t\u00e9 inond\u00e9s \u00e0 un niveau avoisinant bien souvent le m\u00e8tre, entra\u00eenant des d\u00e9g\u00e2ts importants aux biens entrepos\u00e9s et pouvant mettre en cause la p\u00e9rennit\u00e9 des \u00e9difices. Apr\u00e8s constitution d&rsquo;un dossier par la commune, le Minist\u00e8re de l&rsquo;Int\u00e9rieur a pris l&rsquo;arr\u00eat\u00e9 du 3 d\u00e9cembre 2001 paru au J.O. le 19 d\u00e9cembre 2001, portant constatation de l&rsquo;\u00e9tat de catastrophe d\u00fb \u00e0 des inondations par remont\u00e9e de nappe phr\u00e9atique du 1er septembre 2000 au 30 juin 2001 \u00e0 Chailly-en-Bi\u00e8re et ceci concerne non seulement la commune de Chailly mais \u00e9galement plusieurs communes situ\u00e9es au-dessus de la nappe de Brie. En fait, les inondations ont dur\u00e9 jusqu&rsquo;\u00e0 peu de temps.<\/p>\n<p style=\"text-align: justify;\">Suivant les informations fournies par le BRGM (Bureau de Recherches G\u00e9ologiques et Mini\u00e8res), le secteur concern\u00e9 est limit\u00e9 au nord par la Seine, \u00e0 l&rsquo;ouest par la rivi\u00e8re Ecole et son affluent le ru de Rebais. Il comporte deux nappes s\u00e9par\u00e9es par un niveau peu perm\u00e9able de marnes vertes :<\/p>\n<p style=\"text-align: justify;\">&#8211; La nappe superficielle du calcaire de Brie<\/p>\n<p style=\"text-align: justify;\">&#8211; La nappe plus profonde du calcaire de Champigny<\/p>\n<p style=\"text-align: justify;\">A titre indicatif, la coupe g\u00e9ologique des terrains dans la zone montre que le plafond de la nappe de la Brie se situe \u00e0 quelques m\u00e8tres en sous-sol et le plancher est \u00e0 moins de 15 m. La nappe est affleurante dans certaines zones (mare aux Ev\u00e9es). Le plafond de la nappe de Champigny est \u00e0 environ moins 32 m. C\u2019est cette nappe qui alimente Chailly en eau potable, la cr\u00e9pine de la pompe se situant \u00e0 moins 72 m dans la for\u00eat.<\/p>\n<p style=\"text-align: justify;\">A l\u2019\u00e9chelle r\u00e9gionale, ces nappes sont rattach\u00e9es au syst\u00e8me aquif\u00e8re Beauce. Les \u00e9tudes r\u00e9alis\u00e9es entre 1981 et 1984 sur les inondations de la Bi\u00e8re, consid\u00e9r\u00e9es \u00e0 cette \u00e9poque comme exceptionnelles, montrent qu&rsquo;\u00e0 l&rsquo;\u00e9chelle locale la nappe du calcaire de Brie, \u00e9galement responsable des inondations observ\u00e9es en 2001, constitue une entit\u00e9 relativement ind\u00e9pendante. La nappe, proche du sol, re\u00e7oit les eaux d&rsquo;infiltration dont la percolation est toutefois retard\u00e9e sur le plateau par la couverture limoneuse peu perm\u00e9able qui retient de nombreuses mares. Au nord, la nappe n&rsquo;est pas en relation avec la Seine (pr\u00e9sence de marnes vertes), tandis qu&rsquo;\u00e0 l&rsquo;ouest la nappe n&rsquo;est en relation avec le ru de Rebais que par la pr\u00e9sence de colluvions. Le secteur de la mare aux Ev\u00e9es constitue une cr\u00eate pi\u00e9zom\u00e9trique (point le plus haut) d\u00e9limitant un \u00e9coulement vers le nord-est (la Seine) et un \u00e9coulement vers le sud-ouest (ru de Rebais). L&rsquo;\u00e9coulement vers le sud (seule relation avec le syst\u00e8me Beauce) est vraisemblablement moins important le gradient hydraulique (pente) \u00e9tant inf\u00e9rieur \u00e0 un pour mille. Enfin, la diff\u00e9rence de charge hydraulique entre les deux nappes au niveau de la cr\u00eate pi\u00e9zom\u00e9trique est de 35 m, ce qui indique une relative ind\u00e9pendance des deux nappes. Tout ceci montre que des pluviom\u00e9tries importantes plusieurs ann\u00e9es de suite cr\u00e9ent des ph\u00e9nom\u00e8nes cumulatifs, les exc\u00e9dents ne rencontrant pas les conditions g\u00e9ologiques n\u00e9cessaires \u00e0 leur \u00e9vacuation.<\/p>\n<p style=\"text-align: justify;\">Devant ces ph\u00e9nom\u00e8nes, les communes appartenant \u00e0 ce syst\u00e8me hydraulique se sont organis\u00e9es, au d\u00e9but des ann\u00e9es 1980, en syndicats intercommunaux afin de r\u00e9aliser un certain nombre de travaux visant, en particulier, \u00e0 l&rsquo;am\u00e9lioration de l&rsquo;\u00e9coulement des eaux de surface par des reprofllages de rus existants et par la cr\u00e9ation d&rsquo;affluents pour \u00e9vacuer les eaux pluviales du r\u00e9seau routier et les eaux us\u00e9es des stations d&rsquo;\u00e9puration. Ces syndicats en assurent un entretien r\u00e9gulier financ\u00e9 par les communes et le Conseil G\u00e9n\u00e9ral. Ceci a conduit \u00e0 des inondations moindres que celles des ann\u00e9es 80 pour une pluviom\u00e9trie sup\u00e9rieure.<\/p>\n<div id=\"attachment_1533\" style=\"width: 300px\" class=\"wp-caption aligncenter\"><a href=\"https:\/\/www.mairie-chailly-en-biere.fr\/?attachment_id=1533\" rel=\"attachment wp-att-1533\"><img loading=\"lazy\" decoding=\"async\" aria-describedby=\"caption-attachment-1533\" class=\"size-medium wp-image-1533\" title=\"Graphique\" src=\"https:\/\/www.mairie-chailly-en-biere.fr\/wp-content\/uploads\/Les-inondations-de-Chailly--300x136.jpg\" alt=\"Graphique\" width=\"300\" height=\"136\" srcset=\"https:\/\/www.mairie-chailly-en-biere.fr\/wp-content\/uploads\/Les-inondations-de-Chailly--300x136.jpg 300w, https:\/\/www.mairie-chailly-en-biere.fr\/wp-content\/uploads\/Les-inondations-de-Chailly-.jpg 500w\" sizes=\"auto, (max-width: 300px) 100vw, 300px\" \/><\/a><p id=\"caption-attachment-1533\" class=\"wp-caption-text\">Graphique<\/p><\/div>\n<p style=\"text-align: justify;\">Les courbes ci-dessus montrent l&rsquo;\u00e9volution de la pluviom\u00e9trie depuis 1948, ann\u00e9e \u00e0 partir de laquelle des relev\u00e9s ont \u00e9t\u00e9 faits pour la r\u00e9gion de Melun. La courbe bleue repr\u00e9sente le total pluviom\u00e9trique annuel. La courbe jaune repr\u00e9sente le niveau de pluviom\u00e9trie \u00e0 partir duquel existe un risque d&rsquo;inondation si la pluviom\u00e9trie annuelle d\u00e9passe ce niveau plusieurs ann\u00e9es. La courbe rouge repr\u00e9sente la moyenne gliss\u00e9e sur 5 ans mat\u00e9rialisant les ph\u00e9nom\u00e8nes cumulatifs ; des inondations se sont produites pendant les p\u00e9riodes d\u00e9passant la ligne jaune. Enfin la ligne noire est une courbe de tendance lin\u00e9aire montrant l&rsquo;\u00e9volution depuis 1948 de la pluviom\u00e9trie. Elle est en progression de 175 mm sur 53 ans.<\/p>\n<p style=\"text-align: right;\">Claude Cottereau<\/p>\n<p style=\"text-align: right;\">B.M. n\u00b0 58 \u2013 Octobre 2002<\/p>\n<p style=\"text-align: justify;\"><img loading=\"lazy\" decoding=\"async\" class=\"alignleft wp-image-8716 size-thumbnail\" src=\"https:\/\/www.mairie-chailly-en-biere.fr\/wp-content\/uploads\/DSC_0053-150x150.jpg\" alt=\"DSC_0053\" width=\"150\" height=\"150\" \/><span style=\"text-decoration: underline;\"><strong>Inondations et rue des B\u00e9cassi\u00e8res<\/strong><\/span><\/p>\n<p style=\"text-align: justify;\">En juin 2016, un nouvel arr\u00eat\u00e9 de catastrophe naturelle a \u00e9t\u00e9 pris par la Pr\u00e9fecture de Seine-et-Marne. Lors de de cet \u00e9pisode, le hameau de Fa\u00ff a \u00e9t\u00e9 fortement touch\u00e9.<\/p>\n<p style=\"text-align: justify;\">Le ru de la Mare-aux-\u00c9v\u00e9es prot\u00e8ge Fa\u00ff depuis 1984 mais c\u2019est un petit bassin\u00a0versant secondaire d\u2019\u00e0 peine 200 ha (le bassin versant du ru de la Mare-aux-\u00c9v\u00e9es avoisine les 7500 ha) qui a \u00e9t\u00e9 la cause des inondations du 30 mai au 4\u00a0juin 2016.<\/p>\n<p style=\"text-align: justify;\"><img loading=\"lazy\" decoding=\"async\" class=\"size-medium wp-image-8717 aligncenter\" src=\"https:\/\/www.mairie-chailly-en-biere.fr\/wp-content\/uploads\/fay-01062016-300x200.jpg\" alt=\"fay-01062016\" width=\"300\" height=\"200\" \/><\/p>\n<p>Dispositions prises par la Municipalit\u00e9 :<\/p>\n<ol>\n<li>installation d&rsquo;une pompe en for\u00eat de 365 m\u00b3\/h<\/li>\n<li>Installation d&rsquo;une pompe de 60 m\u00b3\/h dans le hameau<\/li>\n<li>Fourniture de groupes \u00e9lectrog\u00e8nes<\/li>\n<li>Contact pris syst\u00e9matiquement avec tous les habitants sinistr\u00e9s<\/li>\n<\/ol>\n<p><img loading=\"lazy\" decoding=\"async\" class=\"size-medium wp-image-8724 aligncenter\" src=\"https:\/\/www.mairie-chailly-en-biere.fr\/wp-content\/uploads\/DSC_0011-300x200.jpg\" alt=\"DSC_0011\" width=\"300\" height=\"200\" \/><\/p>\n<p style=\"text-align: justify;\">Le r\u00e9seau RENECOFOR (surveillance europ\u00e9enne des for\u00eats) a mesur\u00e9 145 mm\u00a0de pr\u00e9cipitations entre le mercredi 25 mai et le mercredi 1er juin 2016 (source O.N..F. Fontainebleau), mesure corrobor\u00e9e par les mara\u00eechers de la plaine de Bi\u00e8re. La\u00a0moyenne annuelle des pr\u00e9cipitations en Seine-et-Marne est de 650 mm, aussi les\u00a0150 mm de pr\u00e9cipitations tomb\u00e9s ces 6 jours sont \u00e9quivalents \u00e0 une pluviom\u00e9trie\u00a0de 80 jours. Ces chiffres sont \u00e0 prendre avec pr\u00e9caution et doivent \u00eatre analys\u00e9s\u00a0avec le niveau moyen des pr\u00e9cipitations d\u2019une p\u00e9riode printani\u00e8re, toutefois cette\u00a0situation est exceptionnelle.<\/p>\n<p style=\"text-align: justify;\">\u00c0 noter que le bassin versant du ru de la Mare-aux-\u00c9v\u00e9es repose sur une surface\u00a0d\u2019environ 7500 ha dont environ 50% en For\u00eat de Fontainebleau. Les masses\u00a0d\u2019eau \u00e0 consid\u00e9rer sont de l\u2019ordre de 11 millions de m3\u00a0tomb\u00e9s en 6 jours sur\u00a0l\u2019ensemble du bassin versant soit 5,5 millions de m3\u00a0d\u2019eau sur la partie amont\u00a0du bassin du ru de la Mare-aux-\u00c9v\u00e9es. Heureusement la for\u00eat en cette saison\u00a0constitue un puissant r\u00e9gulateur des eaux de ruissellement de par ses humus\u00a0tr\u00e8s spongieux, ses sols tr\u00e8s poreux, ses zones humides jouant un r\u00f4le de bassin\u00a0naturel de r\u00e9tention et enfin un acc\u00e9l\u00e9rateur tr\u00e8s efficace d\u2019\u00e9vapo-transpiration\u00a0jou\u00e9 par les v\u00e9g\u00e9taux : arbres, arbustes et herbac\u00e9es. Ce r\u00f4le de r\u00e9gulateur aura\u00a0consid\u00e9rablement att\u00e9nu\u00e9 les quantit\u00e9s d\u2019eau rejoignant la Seine, sans quoi les\u00a0d\u00e9g\u00e2ts occasionn\u00e9s dans les villages situ\u00e9s en contrebas auraient \u00e9t\u00e9 beaucoup\u00a0plus importants.<\/p>\n<p style=\"text-align: justify;\">\u00c0 noter toutefois que le hameau de Fa\u00ff situ\u00e9 en sortie de for\u00eat est rest\u00e9 prot\u00e9g\u00e9\u00a0depuis 1981 gr\u00e2ce au ru de la Mare-aux-\u00c9v\u00e9es. C\u2019est le ru des B\u00e9cassi\u00e8res,\u00a0affluent du ru de la Mare-aux-\u00c9v\u00e9es qui a repris son lit fossile, traversant ainsi le\u00a0hameau. \u00c0 noter \u00e9galement que sur Villiers-en-Bi\u00e8re, l\u2019ancien lit du ru de la Mare-aux-\u00c9v\u00e9es\u00a0a \u00e9t\u00e9 \u00e9galement r\u00e9investi.<\/p>\n<p style=\"text-align: right;\">B.M. la Gazette de Chailly-Fa\u00ff n\u00b0 99 &#8211; Ao\u00fbt 2016<\/p>\n<p style=\"text-align: justify;\"><span style=\"text-decoration: underline;\"><strong>Mur de la citerne &#8211; sente Salvaterra<\/strong><\/span><\/p>\n<p style=\"text-align: justify;\">La pouss\u00e9e des eaux aura eu raison du\u00a0mur nord du bassin d\u2019orage de la sente\u00a0Salvaterra. Ce mur de pierre, pourtant\u00a0loin d\u2019\u00eatre \u00e9tanche, n\u2019a pas pu r\u00e9sister \u00e0\u00a0la pression de l\u2019eau provenant du sol voisin\u00a0lors des pr\u00e9cipitations de d\u00e9but juin.<\/p>\n<p><img loading=\"lazy\" decoding=\"async\" class=\"size-medium wp-image-8901 aligncenter\" src=\"https:\/\/www.mairie-chailly-en-biere.fr\/wp-content\/uploads\/citerne-sente-salvaterra-300x214.jpg\" alt=\"citerne-sente-salvaterra\" width=\"300\" height=\"214\" \/><\/p>\n<p style=\"text-align: justify;\">Compte tenu du montant tr\u00e8s \u00e9lev\u00e9 de la\u00a0reconstruction du mur (premier devis de\u00a0150000\u20ac), un march\u00e9 sera \u00e9tabli afin de\u00a0faire jouer la concurrence.\u00a0Sur la commune, il existe trois bassins\u00a0d\u2019orage, appel\u00e9s citernes, un \u00e0 Fa\u00ff, un\u00a0autre pr\u00e8s de la station d\u2019\u00e9puration des\u00a0Pr\u00e9s et enfin celui de la sente Salvaterra.\u00a0Ces bassins sont n\u00e9cessaires \u00e0 l\u2019absorption\u00a0rapide des eaux de ruissellement.\u00a0Ils sont \u00e9quip\u00e9s de pompes permettant\u00a0d\u2019injecter ces masses d\u2019eaux dans le\u00a0r\u00e9seau des eaux pluviales, bien qu\u2019une\u00a0partie p\u00e9n\u00e8tre dans la nappe phr\u00e9atique\u00a0de Brie. \u00c0 noter qu\u2019il existe deux r\u00e9seaux\u00a0distincts sur notre commune, l\u2019un r\u00e9serv\u00e9\u00a0aux eaux us\u00e9es, trait\u00e9es dans nos deux\u00a0stations d\u2019\u00e9puration, l\u2019autre r\u00e9serv\u00e9 aux\u00a0eaux de pluie qui partent dans des puisards\u00a0enterr\u00e9s, les bassins d\u2019orage et\u00a0les lagunes. Ces eaux percolent ensuite\u00a0dans la nappe phr\u00e9atique.\u00a0\u00c0 noter \u00e9galement que pour les particuliers,\u00a0et toutes les constructions r\u00e9centes,\u00a0un puisard pour les eaux de pluies est\u00a0obligatoire. Sa dimension est calcul\u00e9e\u00a0en fonction des surfaces rendues\u00a0\u00e9tanches ; toitures, chemins, terrasses\u2026<\/p>\n<p style=\"text-align: right;\">B.M. la Gazette de Chailly-Fa\u00ff n\u00b0 99 &#8211; Ao\u00fbt 2016<\/p>\n","protected":false},"excerpt":{"rendered":"<p>Ces derni\u00e8res ann\u00e9es, nous avons subi une pluviom\u00e9trie importante engendrant une mont\u00e9e inhabituelle du niveau de la nappe phr\u00e9atique. De nombreuses caves et sous-sols de maisons anciennes ont, depuis deux ans, \u00e9t\u00e9 inond\u00e9s \u00e0 un niveau avoisinant bien souvent le m\u00e8tre, entra\u00eenant des d\u00e9g\u00e2ts importants aux biens entrepos\u00e9s et pouvant mettre en cause la p\u00e9rennit\u00e9 &hellip; <\/p>\n<p><a class=\"more-link btn\" href=\"https:\/\/www.mairie-chailly-en-biere.fr\/?page_id=154\">Lire la suite<\/a><\/p>\n","protected":false},"author":2,"featured_media":0,"parent":124,"menu_order":0,"comment_status":"closed","ping_status":"closed","template":"","meta":{"footnotes":""},"class_list":["post-154","page","type-page","status-publish","hentry","nodate","item-wrap"],"_links":{"self":[{"href":"https:\/\/www.mairie-chailly-en-biere.fr\/index.php?rest_route=\/wp\/v2\/pages\/154","targetHints":{"allow":["GET"]}}],"collection":[{"href":"https:\/\/www.mairie-chailly-en-biere.fr\/index.php?rest_route=\/wp\/v2\/pages"}],"about":[{"href":"https:\/\/www.mairie-chailly-en-biere.fr\/index.php?rest_route=\/wp\/v2\/types\/page"}],"author":[{"embeddable":true,"href":"https:\/\/www.mairie-chailly-en-biere.fr\/index.php?rest_route=\/wp\/v2\/users\/2"}],"replies":[{"embeddable":true,"href":"https:\/\/www.mairie-chailly-en-biere.fr\/index.php?rest_route=%2Fwp%2Fv2%2Fcomments&post=154"}],"version-history":[{"count":15,"href":"https:\/\/www.mairie-chailly-en-biere.fr\/index.php?rest_route=\/wp\/v2\/pages\/154\/revisions"}],"predecessor-version":[{"id":8903,"href":"https:\/\/www.mairie-chailly-en-biere.fr\/index.php?rest_route=\/wp\/v2\/pages\/154\/revisions\/8903"}],"up":[{"embeddable":true,"href":"https:\/\/www.mairie-chailly-en-biere.fr\/index.php?rest_route=\/wp\/v2\/pages\/124"}],"wp:attachment":[{"href":"https:\/\/www.mairie-chailly-en-biere.fr\/index.php?rest_route=%2Fwp%2Fv2%2Fmedia&parent=154"}],"curies":[{"name":"wp","href":"https:\/\/api.w.org\/{rel}","templated":true}]}}