{"id":15252,"date":"2022-02-01T12:54:41","date_gmt":"2022-02-01T12:54:41","guid":{"rendered":"https:\/\/www.mairie-chailly-en-biere.fr\/?page_id=15252"},"modified":"2023-06-20T07:39:59","modified_gmt":"2023-06-20T07:39:59","slug":"chailly-fay-patrimoine-et-culture","status":"publish","type":"page","link":"https:\/\/www.mairie-chailly-en-biere.fr\/?page_id=15252","title":{"rendered":"Chailly-Fa\u00ff, Patrimoine et culture"},"content":{"rendered":"<p style=\"text-align: justify;\"><img loading=\"lazy\" decoding=\"async\" class=\"aligncenter size-medium wp-image-15306\" src=\"https:\/\/www.mairie-chailly-en-biere.fr\/wp-content\/uploads\/LOGO-PATRIMOINE-CULTURE-300x198.jpg\" alt=\"\" width=\"300\" height=\"198\" srcset=\"https:\/\/www.mairie-chailly-en-biere.fr\/wp-content\/uploads\/LOGO-PATRIMOINE-CULTURE-300x198.jpg 300w, https:\/\/www.mairie-chailly-en-biere.fr\/wp-content\/uploads\/LOGO-PATRIMOINE-CULTURE.jpg 319w\" sizes=\"auto, (max-width: 300px) 100vw, 300px\" \/>Vous d\u00e9sirez d\u00e9couvrir l\u2019histoire de notre village, apprendre qu\u2019une voie romaine le traversait, que des rois y sont pass\u00e9s, que l\u2019empereur Napol\u00e9on y a s\u00e9journ\u00e9, qu\u2019un certain Denis de Chailly fut compagnon de Jeanne d\u2019Arc, que Millet s\u2019y est mari\u00e9 et y est enterr\u00e9, que Monet y a peint son d\u00e9jeuner sur l\u2019herbe. Tous ces sujets \u00e9tudi\u00e9s et bien d\u2019autres encore nous permettent de conna\u00eetre le pass\u00e9 de Chailly-en-Bi\u00e8re et de ses hameaux, car de nombreux textes relatent la vie de personnages c\u00e9l\u00e8bres qui, au cours des si\u00e8cles, ont foul\u00e9 le sol de ce village qui m\u00e9rite d\u2019\u00eatre mieux connu et appr\u00e9ci\u00e9.<\/p>\n<p style=\"text-align: justify;\">Vous pouvez adh\u00e9rer \u00e0 l\u2019association dont les membres se r\u00e9unissent une fois par mois ou encore en recherchant dans vos propres archives familiales, contribuer \u00e0 nos recherches en nous pr\u00eatant de \u00a0\u00a0vieilles photos ou documents qui \u00e9voquent notre pass\u00e9 commun \u2026.. Nous essaierons \u00e9galement d\u2019organiser des visites guid\u00e9es du village et des sorties culturelles en lien avec cette histoire.<\/p>\n<p>La cotisation annuelle a \u00e9t\u00e9 fix\u00e9e \u00e0 25 \u20ac.<\/p>\n<p style=\"text-align: right;\">Pr\u00e9sident Patrick Gruel<\/p>\n<p style=\"text-align: right;\">Secr\u00e9taire Philippe Aubry<\/p>\n<p style=\"text-align: right;\">Tr\u00e9sorier Francis Delma\u00ebt<\/p>\n<p><img loading=\"lazy\" decoding=\"async\" class=\"size-medium wp-image-751 aligncenter\" src=\"https:\/\/www.mairie-chailly-en-biere.fr\/wp-content\/uploads\/ANGELUSMILLET-300x249.jpg\" alt=\"ANGELUS-MILLET\" width=\"300\" height=\"249\" srcset=\"https:\/\/www.mairie-chailly-en-biere.fr\/wp-content\/uploads\/ANGELUSMILLET-300x249.jpg 300w, https:\/\/www.mairie-chailly-en-biere.fr\/wp-content\/uploads\/ANGELUSMILLET.jpg 400w\" sizes=\"auto, (max-width: 300px) 100vw, 300px\" \/><\/p>\n<p style=\"text-align: justify;\"><strong><em><a href=\"https:\/\/www.mairie-chailly-en-biere.fr\/wp-content\/uploads\/LANGELUS-DE-JF-MILLET.pdf\">L\u2019Ang\u00e9lus de Millet, un tableau sur lequel est repr\u00e9sent\u00e9e \u00e0 l\u2019horizon, l\u2019\u00e9glise de Chailly \u2026\u2026 Le personnage f\u00e9minin se nomme Ad\u00e8le Moechner et le personnage masculin Edme Mignot \u2026 Si vous voulez en savoir d\u2019avantage, rejoignez-nous\u00a0!<\/a><\/em><\/strong><\/p>\n<p><img loading=\"lazy\" decoding=\"async\" class=\"aligncenter wp-image-16678 size-large\" src=\"https:\/\/www.mairie-chailly-en-biere.fr\/wp-content\/uploads\/ATELIER-INITIATION-GENEALOG-533x700.jpg\" alt=\"\" width=\"533\" height=\"700\" srcset=\"https:\/\/www.mairie-chailly-en-biere.fr\/wp-content\/uploads\/ATELIER-INITIATION-GENEALOG-533x700.jpg 533w, https:\/\/www.mairie-chailly-en-biere.fr\/wp-content\/uploads\/ATELIER-INITIATION-GENEALOG-229x300.jpg 229w, https:\/\/www.mairie-chailly-en-biere.fr\/wp-content\/uploads\/ATELIER-INITIATION-GENEALOG.jpg 538w\" sizes=\"auto, (max-width: 533px) 100vw, 533px\" \/><\/p>\n","protected":false},"excerpt":{"rendered":"<p>Vous d\u00e9sirez d\u00e9couvrir l\u2019histoire de notre village, apprendre qu\u2019une voie romaine le traversait, que des rois y sont pass\u00e9s, que l\u2019empereur Napol\u00e9on y a s\u00e9journ\u00e9, qu\u2019un certain Denis de Chailly fut compagnon de Jeanne d\u2019Arc, que Millet s\u2019y est mari\u00e9 et y est enterr\u00e9, que Monet y a peint son d\u00e9jeuner sur l\u2019herbe. Tous ces &hellip; <\/p>\n<p><a class=\"more-link btn\" href=\"https:\/\/www.mairie-chailly-en-biere.fr\/?page_id=15252\">Lire la suite<\/a><\/p>\n","protected":false},"author":2,"featured_media":0,"parent":12424,"menu_order":0,"comment_status":"closed","ping_status":"closed","template":"","meta":{"footnotes":""},"class_list":["post-15252","page","type-page","status-publish","hentry","nodate","item-wrap"],"_links":{"self":[{"href":"https:\/\/www.mairie-chailly-en-biere.fr\/index.php?rest_route=\/wp\/v2\/pages\/15252","targetHints":{"allow":["GET"]}}],"collection":[{"href":"https:\/\/www.mairie-chailly-en-biere.fr\/index.php?rest_route=\/wp\/v2\/pages"}],"about":[{"href":"https:\/\/www.mairie-chailly-en-biere.fr\/index.php?rest_route=\/wp\/v2\/types\/page"}],"author":[{"embeddable":true,"href":"https:\/\/www.mairie-chailly-en-biere.fr\/index.php?rest_route=\/wp\/v2\/users\/2"}],"replies":[{"embeddable":true,"href":"https:\/\/www.mairie-chailly-en-biere.fr\/index.php?rest_route=%2Fwp%2Fv2%2Fcomments&post=15252"}],"version-history":[{"count":9,"href":"https:\/\/www.mairie-chailly-en-biere.fr\/index.php?rest_route=\/wp\/v2\/pages\/15252\/revisions"}],"predecessor-version":[{"id":16681,"href":"https:\/\/www.mairie-chailly-en-biere.fr\/index.php?rest_route=\/wp\/v2\/pages\/15252\/revisions\/16681"}],"up":[{"embeddable":true,"href":"https:\/\/www.mairie-chailly-en-biere.fr\/index.php?rest_route=\/wp\/v2\/pages\/12424"}],"wp:attachment":[{"href":"https:\/\/www.mairie-chailly-en-biere.fr\/index.php?rest_route=%2Fwp%2Fv2%2Fmedia&parent=15252"}],"curies":[{"name":"wp","href":"https:\/\/api.w.org\/{rel}","templated":true}]}}