{"id":1475,"date":"2011-03-10T14:06:14","date_gmt":"2011-03-10T14:06:14","guid":{"rendered":"https:\/\/www.mairie-chailly-en-biere.fr\/?page_id=1475"},"modified":"2011-03-10T14:17:01","modified_gmt":"2011-03-10T14:17:01","slug":"lauberge-du-cheval-blanc-2","status":"publish","type":"page","link":"https:\/\/www.mairie-chailly-en-biere.fr\/?page_id=1475","title":{"rendered":"L&rsquo;auberge du cheval blanc"},"content":{"rendered":"<div id=\"attachment_1472\" style=\"width: 300px\" class=\"wp-caption alignleft\"><a href=\"https:\/\/www.mairie-chailly-en-biere.fr\/?attachment_id=1472\" rel=\"attachment wp-att-1472\"><img loading=\"lazy\" decoding=\"async\" aria-describedby=\"caption-attachment-1472\" src=\"https:\/\/www.mairie-chailly-en-biere.fr\/wp-content\/uploads\/cheval-blanc1.jpg\" alt=\"1 - Auberge du cheval blanc\" title=\"1 - Auberge du cheval blanc \" width=\"300\" height=\"236\" class=\"size-full wp-image-1472\" \/><\/a><p id=\"caption-attachment-1472\" class=\"wp-caption-text\">1 - Auberge du cheval blanc <\/p><\/div>\n<p>Au si\u00e8cle dernier, elle \u00e9tait assid\u00fbment fr\u00e9quent\u00e9e par les Peintres de l\u2019Ecole de Barbizon (alors hameau de Chailly). Dans la salle du restaurant, quelques-uns d\u2019entre eux ont peint sur les boiseries et les murs en paiement des dettes qu\u2019ils ne pouvaient honorer.<\/p>\n<div id=\"attachment_1474\" style=\"width: 250px\" class=\"wp-caption alignright\"><a href=\"https:\/\/www.mairie-chailly-en-biere.fr\/?attachment_id=1474\" rel=\"attachment wp-att-1474\"><img loading=\"lazy\" decoding=\"async\" aria-describedby=\"caption-attachment-1474\" src=\"https:\/\/www.mairie-chailly-en-biere.fr\/wp-content\/uploads\/chevalblanc3.jpg\" alt=\"3 - Auberge du cheval blanc\" title=\"3 - Auberge du cheval blanc \" width=\"250\" height=\"274\" class=\"size-full wp-image-1474\" \/><\/a><p id=\"caption-attachment-1474\" class=\"wp-caption-text\">3 - Auberge du cheval blanc <\/p><\/div>\n","protected":false},"excerpt":{"rendered":"<p>Au si\u00e8cle dernier, elle \u00e9tait assid\u00fbment fr\u00e9quent\u00e9e par les Peintres de l\u2019Ecole de Barbizon (alors hameau de Chailly). Dans la salle du restaurant, quelques-uns d\u2019entre eux ont peint sur les boiseries et les murs en paiement des dettes qu\u2019ils ne pouvaient honorer.<\/p>\n","protected":false},"author":2,"featured_media":0,"parent":96,"menu_order":0,"comment_status":"closed","ping_status":"closed","template":"","meta":{"footnotes":""},"class_list":["post-1475","page","type-page","status-publish","hentry","nodate","item-wrap"],"_links":{"self":[{"href":"https:\/\/www.mairie-chailly-en-biere.fr\/index.php?rest_route=\/wp\/v2\/pages\/1475","targetHints":{"allow":["GET"]}}],"collection":[{"href":"https:\/\/www.mairie-chailly-en-biere.fr\/index.php?rest_route=\/wp\/v2\/pages"}],"about":[{"href":"https:\/\/www.mairie-chailly-en-biere.fr\/index.php?rest_route=\/wp\/v2\/types\/page"}],"author":[{"embeddable":true,"href":"https:\/\/www.mairie-chailly-en-biere.fr\/index.php?rest_route=\/wp\/v2\/users\/2"}],"replies":[{"embeddable":true,"href":"https:\/\/www.mairie-chailly-en-biere.fr\/index.php?rest_route=%2Fwp%2Fv2%2Fcomments&post=1475"}],"version-history":[{"count":23,"href":"https:\/\/www.mairie-chailly-en-biere.fr\/index.php?rest_route=\/wp\/v2\/pages\/1475\/revisions"}],"predecessor-version":[{"id":1478,"href":"https:\/\/www.mairie-chailly-en-biere.fr\/index.php?rest_route=\/wp\/v2\/pages\/1475\/revisions\/1478"}],"up":[{"embeddable":true,"href":"https:\/\/www.mairie-chailly-en-biere.fr\/index.php?rest_route=\/wp\/v2\/pages\/96"}],"wp:attachment":[{"href":"https:\/\/www.mairie-chailly-en-biere.fr\/index.php?rest_route=%2Fwp%2Fv2%2Fmedia&parent=1475"}],"curies":[{"name":"wp","href":"https:\/\/api.w.org\/{rel}","templated":true}]}}