{"id":145,"date":"2010-12-17T06:35:48","date_gmt":"2010-12-17T06:35:48","guid":{"rendered":"https:\/\/www.mairie-chailly-en-biere.fr\/?page_id=145"},"modified":"2011-03-09T09:26:55","modified_gmt":"2011-03-09T09:26:55","slug":"les-anciens-racontent","status":"publish","type":"page","link":"https:\/\/www.mairie-chailly-en-biere.fr\/?page_id=145","title":{"rendered":"Les Anciens racontent"},"content":{"rendered":"<p>Difficiles \u00e0 comprendre pour nos petits enfants ces ann\u00e9es 1910-1930. Elles furent pour les chaillotines et les chaillotins le virage de leur vie. A travers les t\u00e9moignages des anciens, voici leurs souvenirs.<\/p>\n<p>Chailly recensait en 1911 : 827 habitants et en 1931 Monsieur VALLADE Gilbert fut le 801e chaillotin.<\/p>\n<p>Les jeunes de ce temps rentraient \u00e0 l\u2019\u00e9cole le 1er octobre jusqu\u2019\u00e0 la fin juillet, de 8 h \u00e0 11 h (r\u00e9ellement midi, car les cultivateurs chaillotins avaient refus\u00e9 en 1916 la nouvelle heure en avance de 1 heure sur le fuseau horaire jusqu\u2019en 1940). L\u2019apr\u00e8s-midi l\u2019\u00e9cole reprenait de 1 h \u00e0 4 h, \u00e0 l\u2019\u00e9poque on ne disait pas 13 h \u2013 16 h.<\/p>\n<p>Le matin, avant la classe, les \u00e9l\u00e8ves cassaient des bourr\u00e9es pour allumer le feu dans le grand po\u00eale Godin chapeaut\u00e9 de sa bouillotte, afin d\u2019humidifier l\u2019air. Une odeur tenace d\u2019encre violette flottait, m\u00e9lang\u00e9e \u00e0 celle de la craie tendre.<\/p>\n<p>La tenue vestimentaire s\u2019uniformisait par une blouse noire, les galoches sauf chez les enfants dont les parents plus ais\u00e9s achetaient des chaussures, surtout pour les filles. Les gar\u00e7ons se coiffaient souvent d\u2019une casquette ou d\u2019un b\u00e9ret.<\/p>\n<p>Chailly disposait de trois \u00e9coles pour 90 enfants en moyenne. La le\u00e7on de morale et la page d\u2019\u00e9criture commen\u00e7aient chaque journ\u00e9e scolaire.<\/p>\n<p>\u009d\u00a0\u00a0\u00a0 En 1910, Mademoiselle COLIN, institutrice \u00e0 la Maternelle, accueillait les enfants de 4 ans ; ils en ressortaient entre 6 et 7 ans sachant lire et \u00e9crire. Elle instruisait dans un b\u00e2timent contigu au presbyt\u00e8re (que Monsieur BELLON, aubergiste, avait construit). En 1827, Mademoiselle Mariel Catherine COSTE DE CHAMPERON, propri\u00e9taire du Ch\u00e2teau de Chailly, acquit lesdits immeubles et en fit donation \u00e0 la commune contre une rente de 50 francs.<\/p>\n<p>\u009d\u00a0\u00a0\u00a0 En 1912, Mademoiselle NOSTRY, enseigne \u00e0 l\u2019\u00e9cole des filles dans un b\u00e2timent construit en 1879 \u00e0 l\u2019emplacement de l\u2019actuelle mairie.<\/p>\n<p>\u009d\u00a0\u00a0\u00a0 En 1912, Monsieur HERBELOT, enseigne \u00e0 l\u2019Ecole des gar\u00e7ons (actuelle salle Fran\u00e7ois Desportes) construite en 1885.<\/p>\n<p>Le certificat d\u2019\u00e9tudes, pass\u00e9 \u00e0 Melun, \u00e9tait une cons\u00e9cration tant pour les \u00e9l\u00e8ves que pour les instituteurs.<\/p>\n<p>Durant la scolarit\u00e9, des prix venaient r\u00e9compenser les meilleurs et le Maire distribuait les r\u00e9compenses honorifiques (de 1910 \u00e0 1930, trois Maires se succ\u00e9d\u00e8rent : Monsieur MOREAU R\u00e9my n\u00e9 en 1848, Monsieur DELAUNOY Louis et Monsieur FROMONT Auguste). La manifestation se d\u00e9roulait au 14 juillet sous une grande tente mont\u00e9e place de la Mairie.<\/p>\n<p>A l\u2019occasion de la F\u00eate Nationale, s\u2019organisaient des jeux pour tous les enfants o\u00f9 ils gagnaient des billes, des sifflets et des petites poup\u00e9es. La tente servait ensuite \u00e0 un bal gratuit et les Chaillotins dansaient pendant deux jours d\u2019affil\u00e9e. Cette date suivait de quelques jours la F\u00eate Patronale et un immense man\u00e8ge de chevaux de bois restait mont\u00e9 Place de la Poste (le tour co\u00fbtait 5 centimes). Les festivit\u00e9s termin\u00e9es, les jeunes travaillaient dur dans leur famille).<\/p>\n<p>Un jeudi des ann\u00e9es 20, la commune les mobilise pour ramasser les doryphores dans les pommes de terre ou bien r\u00e9compensaient par des primes pour la destruction des hannetons : un grand sac plein de hannetons 10 sous \u00e0 la Mairie. Les jeunes les capturaient surtout avenue de la Gare (route de Fontainebleau) o\u00f9 ils envahissaient les arbres.<\/p>\n<p>En ce temps-l\u00e0, les jeunes marchaient beaucoup. Au moment des Rameaux, Monsieur l\u2019Abb\u00e9 THIOUX \u2013 cur\u00e9 de l\u2019\u00e9poque \u2013 d\u00e9vou\u00e9 \u00e0 l\u2019histoire de notre village, envoyait les enfants de ch\u0153ur couper le buis au tombeau du Comte de CHATEAUVILLARD (tombeau des chiens).<\/p>\n<p>J.P. LEFLOCH<\/p>\n<p>B.M. n\u00b0 28 \u2013 Septembre 1991<\/p>\n","protected":false},"excerpt":{"rendered":"<p>Difficiles \u00e0 comprendre pour nos petits enfants ces ann\u00e9es 1910-1930. Elles furent pour les chaillotines et les chaillotins le virage de leur vie. A travers les t\u00e9moignages des anciens, voici leurs souvenirs. Chailly recensait en 1911 : 827 habitants et en 1931 Monsieur VALLADE Gilbert fut le 801e chaillotin. Les jeunes de ce temps rentraient &hellip; <\/p>\n<p><a class=\"more-link btn\" href=\"https:\/\/www.mairie-chailly-en-biere.fr\/?page_id=145\">Lire la suite<\/a><\/p>\n","protected":false},"author":2,"featured_media":0,"parent":124,"menu_order":7,"comment_status":"closed","ping_status":"closed","template":"","meta":{"footnotes":""},"class_list":["post-145","page","type-page","status-publish","hentry","nodate","item-wrap"],"_links":{"self":[{"href":"https:\/\/www.mairie-chailly-en-biere.fr\/index.php?rest_route=\/wp\/v2\/pages\/145","targetHints":{"allow":["GET"]}}],"collection":[{"href":"https:\/\/www.mairie-chailly-en-biere.fr\/index.php?rest_route=\/wp\/v2\/pages"}],"about":[{"href":"https:\/\/www.mairie-chailly-en-biere.fr\/index.php?rest_route=\/wp\/v2\/types\/page"}],"author":[{"embeddable":true,"href":"https:\/\/www.mairie-chailly-en-biere.fr\/index.php?rest_route=\/wp\/v2\/users\/2"}],"replies":[{"embeddable":true,"href":"https:\/\/www.mairie-chailly-en-biere.fr\/index.php?rest_route=%2Fwp%2Fv2%2Fcomments&post=145"}],"version-history":[{"count":2,"href":"https:\/\/www.mairie-chailly-en-biere.fr\/index.php?rest_route=\/wp\/v2\/pages\/145\/revisions"}],"predecessor-version":[{"id":1272,"href":"https:\/\/www.mairie-chailly-en-biere.fr\/index.php?rest_route=\/wp\/v2\/pages\/145\/revisions\/1272"}],"up":[{"embeddable":true,"href":"https:\/\/www.mairie-chailly-en-biere.fr\/index.php?rest_route=\/wp\/v2\/pages\/124"}],"wp:attachment":[{"href":"https:\/\/www.mairie-chailly-en-biere.fr\/index.php?rest_route=%2Fwp%2Fv2%2Fmedia&parent=145"}],"curies":[{"name":"wp","href":"https:\/\/api.w.org\/{rel}","templated":true}]}}