{"id":143,"date":"2010-12-17T06:34:41","date_gmt":"2010-12-17T06:34:41","guid":{"rendered":"https:\/\/www.mairie-chailly-en-biere.fr\/?page_id=143"},"modified":"2011-03-10T13:12:19","modified_gmt":"2011-03-10T13:12:19","slug":"petrole-chaillotin","status":"publish","type":"page","link":"https:\/\/www.mairie-chailly-en-biere.fr\/?page_id=143","title":{"rendered":"Le p\u00e9trole chaillotin"},"content":{"rendered":"<p>UN RAJEUNISSEMENT DE 150 MILLIONS D\u2019ANNEES \u00ab LE PETROLE CHAILLOTIN \u00bb<\/p>\n<p>L\u2019histoire commence en 1958, les sp\u00e9cialistes g\u00e9ologues \u00e9tablissaient le pass\u00e9 de notre r\u00e9gion au commencement de l\u2019\u00e9poque tertiaire lorsque la mer stampienne, il y a quelques trente millions d\u2019ann\u00e9es, d\u00e9posa d\u2019\u00e9paisses couches de sable et quand, lors du retrait des eaux, se form\u00e8rent les bancs de gr\u00e8s de la for\u00eat.<\/p>\n<p>Au mois d\u2019octobre de cette m\u00eame ann\u00e9e, l\u2019histoire de la r\u00e9gion chaillotine gagne 150 millions d\u2019ann\u00e9es. La compagnie d\u2019exploitation p\u00e9troli\u00e8re en proc\u00e9dant au forage n\u00b0 1du Bornage forestier de Fa\u00ff-Chailly, venait de trouver \u00e0 1 585 m\u00e8tres de profondeur une couche p\u00e9trolif\u00e8re dans les calcaires bathoniens qui recouvrent le Jurassique moyen. Ainsi, apr\u00e8s le retrait d\u2019une autre mer beaucoup plus \u00e9tendue, l\u2019or noir filtrant \u00e0 travers les interstices de cette roche poreuse avait-il form\u00e9 le gisement qui ne tarda pas \u00e0 transformer la r\u00e9gion chaillotine en un nouveau Texas.<\/p>\n<p>Les travaux et les r\u00e9sultats demeur\u00e8rent secrets. Le Maire de Chailly de l\u2019\u00e9poque \u00e9tait confiant dans l\u2019avenir de ces d\u00e9couvertes p\u00e9trolif\u00e8res.<\/p>\n<p>La m\u00e9thode d\u2019extraction s\u2019effectuait par capillarisation forc\u00e9e : on injectait de l\u2019eau dans les couches calcaires par diff\u00e9rence de densit\u00e9 le p\u00e9trole montait \u00e0 la surface dans les puits for\u00e9s o\u00f9 il \u00e9tait pomp\u00e9.<\/p>\n<p>C\u2019est une douzaine de puits que l\u2019on put compter sur le territoire communal sur 75 dans le bassin de Fontainebleau avec, comme reconnaissance, \u00ab les arbres de No\u00ebl \u00bb ou les pompes \u00e0 balancier. Ils restent ancr\u00e9s dans la m\u00e9moire des chaillotins.<\/p>\n<p>Les premi\u00e8res ann\u00e9es on retira du sol cent mille tonnes par an. Le produit \u00e9tant d\u2019une qualit\u00e9 sup\u00e9rieure, un bon cru nous diraient les vignerons. D\u2019une fluidit\u00e9 exceptionnelle, il n\u00e9cessitait un raffinage moins co\u00fbteux pour le produit fini.<\/p>\n<p>En 1965, ce chiffre descendit \u00e0 soixante mille tonnes. Les ann\u00e9es suivantes virent cette production diminuer, pour devenir si faible qu\u2019il n\u2019\u00e9tait plus rentable pour la Soci\u00e9t\u00e9 ELF d\u2019exploiter le site. Les crises p\u00e9troli\u00e8res successives relan\u00e7aient malgr\u00e9 tout, \u00e0 chaque fois, l\u2019int\u00e9r\u00eat de cette exploitation. ELF avait gard\u00e9 en propri\u00e9t\u00e9 le centre de groupage production situ\u00e9 \u00e0 Fa\u00ff. Aujourd\u2019hui, apr\u00e8s une nouvelle organisation de la recherche p\u00e9troli\u00e8re en Ile-de-France, ce site en devient le pool ou le centre de coordination de la recherche r\u00e9gionale.<\/p>\n<p>Des chaillotins travaill\u00e8rent \u00ab au p\u00e9trole de Chailly \u00bb comme le dit M. Bochet l\u2019homme de confiance de l\u2019entreprise. Il surveillait les pompes injonction et extraction. Combien de fois est-il parti en pleine nuit pour r\u00e9parer, il ne les compte pas, il est aujourd\u2019hui en retraite. Il aura bien \u0153uvr\u00e9 pour que coule l\u2019OR NOIR CHAILLOTIN.<\/p>\n<p>Je remercie M . Brunneval \u2013 responsable local \u2013 qui m\u2019a aimablement accueilli dans ses locaux et m\u2019a gracieusement donn\u00e9 ces renseignements qui apporteront une pierre suppl\u00e9mentaire \u00e0 la construction de notre histoire chaillotine.<\/p>\n<p>J.P. Lefloch.<br \/>\nB.M. n\u00b0 35 \u2013No\u00ebl 1993<\/p>\n<p>L\u2019OR NOIR A CHAILLY<\/p>\n<p>Dans un article de notre bulletin n\u00b0 35 datant de No\u00ebl 1993, M. Jean-Paul LEFLOCH relatait l\u2019histoire du \u00ab p\u00e9trole chaillotin \u00bb.<\/p>\n<p>Il nous a sembl\u00e9 int\u00e9ressant de revenir aux d\u00e9buts de cette \u00e9poque et de la faire d\u00e9couvrir \u00e0 ceux qui ne l\u2019ont pas connue par quelques vues et commentaires suppl\u00e9mentaires.<\/p>\n<p>En 1960, 37 forages \u00e9taient r\u00e9alis\u00e9s. 31 puits \u00e9taient productifs et permettaient de pomper 365 m3 de p\u00e9trole brut par jour. Il \u00e9tait achemin\u00e9 par un r\u00e9seau de 18 km de \u00ab pipe \u00bb depuis chaque forage jusqu\u2019au centre de collecte \u00ab Chailly 1 \u00bb situ\u00e9 \u00e0 Fa\u00ff en bordure de for\u00eat domaniale le long de la RD 115, d\u00e9p\u00f4t actuel de l\u2019entreprise \u00ab Val de Soude \u00bb (Didier GUILLOUART).<\/p>\n<p>Stock\u00e9s dans des r\u00e9servoirs dont la capacit\u00e9 s\u2019\u00e9levait \u00e0 1 000 m3,. les hydrocarbures \u00e9taient ensuite achemin\u00e9s \u00e0 La Rochette par un autre \u00ab pipe \u00bb de 7 km de long.<\/p>\n<p>Des p\u00e9niches les transportaient ensuite aux raffineries, jusqu\u2019en Seine-Maritime (\u00e0 l\u2019\u00e9poque appel\u00e9e Basse-Seine).<\/p>\n<p>R.D.<br \/>\nB.M. n\u00b0 65 \u2013 janvier 2005<\/p>\n","protected":false},"excerpt":{"rendered":"<p>UN RAJEUNISSEMENT DE 150 MILLIONS D\u2019ANNEES \u00ab LE PETROLE CHAILLOTIN \u00bb L\u2019histoire commence en 1958, les sp\u00e9cialistes g\u00e9ologues \u00e9tablissaient le pass\u00e9 de notre r\u00e9gion au commencement de l\u2019\u00e9poque tertiaire lorsque la mer stampienne, il y a quelques trente millions d\u2019ann\u00e9es, d\u00e9posa d\u2019\u00e9paisses couches de sable et quand, lors du retrait des eaux, se form\u00e8rent les &hellip; <\/p>\n<p><a class=\"more-link btn\" href=\"https:\/\/www.mairie-chailly-en-biere.fr\/?page_id=143\">Lire la suite<\/a><\/p>\n","protected":false},"author":2,"featured_media":0,"parent":124,"menu_order":6,"comment_status":"closed","ping_status":"closed","template":"","meta":{"footnotes":""},"class_list":["post-143","page","type-page","status-publish","hentry","nodate","item-wrap"],"_links":{"self":[{"href":"https:\/\/www.mairie-chailly-en-biere.fr\/index.php?rest_route=\/wp\/v2\/pages\/143","targetHints":{"allow":["GET"]}}],"collection":[{"href":"https:\/\/www.mairie-chailly-en-biere.fr\/index.php?rest_route=\/wp\/v2\/pages"}],"about":[{"href":"https:\/\/www.mairie-chailly-en-biere.fr\/index.php?rest_route=\/wp\/v2\/types\/page"}],"author":[{"embeddable":true,"href":"https:\/\/www.mairie-chailly-en-biere.fr\/index.php?rest_route=\/wp\/v2\/users\/2"}],"replies":[{"embeddable":true,"href":"https:\/\/www.mairie-chailly-en-biere.fr\/index.php?rest_route=%2Fwp%2Fv2%2Fcomments&post=143"}],"version-history":[{"count":6,"href":"https:\/\/www.mairie-chailly-en-biere.fr\/index.php?rest_route=\/wp\/v2\/pages\/143\/revisions"}],"predecessor-version":[{"id":1430,"href":"https:\/\/www.mairie-chailly-en-biere.fr\/index.php?rest_route=\/wp\/v2\/pages\/143\/revisions\/1430"}],"up":[{"embeddable":true,"href":"https:\/\/www.mairie-chailly-en-biere.fr\/index.php?rest_route=\/wp\/v2\/pages\/124"}],"wp:attachment":[{"href":"https:\/\/www.mairie-chailly-en-biere.fr\/index.php?rest_route=%2Fwp%2Fv2%2Fmedia&parent=143"}],"curies":[{"name":"wp","href":"https:\/\/api.w.org\/{rel}","templated":true}]}}