{"id":1406,"date":"2011-03-09T13:38:44","date_gmt":"2011-03-09T13:38:44","guid":{"rendered":"https:\/\/www.mairie-chailly-en-biere.fr\/?page_id=1406"},"modified":"2015-04-10T12:50:52","modified_gmt":"2015-04-10T12:50:52","slug":"operation-overlord","status":"publish","type":"page","link":"https:\/\/www.mairie-chailly-en-biere.fr\/?page_id=1406","title":{"rendered":"Op\u00e9ration Overlord"},"content":{"rendered":"<p>55E ANNIVERSAIRE DU D\u00c9BARQUEMENT DES ALLIES EN NORMANDIE<\/p>\n<p>Cette bataille de Normandie a \u00e9t\u00e9 le dernier grand engagement de la Seconde Guerre Mondiale. Elle fut l\u2019une des op\u00e9rations les plus risqu\u00e9es jamais organis\u00e9es : Un rappel de l\u2019engagement de tous ces hommes.<\/p>\n<p>L\u2019OPERATION \u00ab OVERLORD \u00bb<\/p>\n<p style=\"text-align: justify;\">Dans la nuit du 4 au 5 juin 1944, des phrases cod\u00e9es lues \u00e0 la B.B.C. mettent en action les R\u00e9sistance Fran\u00e7aise, qui d\u00e9clenche les multiples sabotages pr\u00e9vus de longue date. Ceux-ci ont lieu dans l\u2019ensemble du territoire national afin de ne pas donner aux Allemands d\u2019indications pr\u00e9cises sur le lieu du d\u00e9barquement. Dans le m\u00eame but, les bombardements massifs effectu\u00e9s par les Anglo-Am\u00e9ricains couvrent un tr\u00e8s vaste espace et ne se limitent pas \u00e0 isoler la Normandie. Mieux les Alli\u00e9s \u00e9pargnent certaines stations radar allemandes situ\u00e9es au nord de la Seine et organisent l\u00e0 de faux pr\u00e9paratifs de d\u00e9barquement. Il s\u2019agit d\u2019une gigantesque op\u00e9ration d\u2019intoxication, qui vise \u00e0 faire croire \u00e0 l\u2019ennemi que le d\u00e9barquement normand n\u2019est qu\u2019une man\u0153uvre de diversion et que le v\u00e9ritable assaut se produira beaucoup plus au nord. Cette man\u0153uvre est couronn\u00e9e de succ\u00e8s et limite l\u2019ampleur de la contre-offensive allemande lors des d\u00e9cisifs premiers jours. En r\u00e9alit\u00e9, depuis 1943, le lieu du d\u00e9barquement est arr\u00eat\u00e9 : ni le Pas-de-Calais ou la Somme en raison des d\u00e9fenses allemandes trop importantes, ni la Bretagne, en dehors du rayon d\u2019action de la chasse bas\u00e9e en Angleterre, mais la Normandie et, plus pr\u00e9cis\u00e9ment, la c\u00f4te du Calvados, afin d\u2019\u00eatre abrit\u00e9 des vents d\u2019ouest par la presqu\u2019\u00eele du Cotentin.<\/p>\n<p style=\"text-align: justify;\">Le 6 juin 1944 converge vers les plages normandes une armada de 4 000 navires de transport et chalands de d\u00e9barquement. Cette premi\u00e8re op\u00e9ration s\u2019effectue sans encombre gr\u00e2ce \u00e0 une totale ma\u00eetrise de la mer \u2013 1 500 bateaux de protection \u2013 et du ciel \u2013 7 500 avions alli\u00e9s contre 300 appareils allemands disponibles. Le plan pr\u00e9voit de mettre \u00e0 terre le premier jour 50 000 hommes, 1500 chars, 3 000 canons et 13 000 v\u00e9hicules divers.<\/p>\n<p style=\"text-align: justify;\">Premi\u00e8re \u00e9tape, entre 0 heure et 3 heures du matin : trois divisions a\u00e9roport\u00e9es (deux am\u00e9ricaines et une britannique) sont largu\u00e9es sur les ailes afin de verrouiller les deux extr\u00e9mit\u00e9s de la t\u00eate de pont. Puis, entre 6 h 30 et 7 h 30, cinq divisions d\u2019infanterie (deux am\u00e9ricaines, deux britanniques, une canadienne) prennent pied sur les plages. Dans l\u2019ensemble, l\u2019op\u00e9ration s\u2019effectue convenablement, sauf pour les troupes qui d\u00e9barquent sur la plage baptis\u00e9e \u00ab Omaha \u00bb.<\/p>\n<p style=\"text-align: justify;\">L\u00e0, d\u00e9sorganis\u00e9e et priv\u00e9e de son mat\u00e9riel lourd par une mer d\u00e9cha\u00een\u00e9e, clou\u00e9e sur la gr\u00e8ve par les importantes d\u00e9fenses allemandes, la division am\u00e9ricaine subit des pertes tr\u00e8s s\u00e9v\u00e8res. Pour une part, la responsabilit\u00e9 de celles-ci incombe aux g\u00e9n\u00e9raux am\u00e9ricains qui n\u2019accord\u00e8rent qu\u2019un faible int\u00e9r\u00eat aux chars transform\u00e9s en engins sp\u00e9ciaux (amphibies, d\u00e9mineurs, bulldozers\u2026). Ce mat\u00e9riau nouveau rendit, en revanche, d\u2019\u00e9minents services aux Anglais et aux Canadiens.<\/p>\n<p style=\"text-align: justify;\">La participation fran\u00e7aise au d\u00e9barquement fut tr\u00e8s faible : 24 navires sur 5500, 177 hommes sur 50 000. 21 de ces 177 Fran\u00e7ais moururent le 6 juin 1944. Au total, 2 500 soldats tomb\u00e8rent ce jour-l\u00e0, dont plus de 1 000 sur la seule plage d\u2019Omaha. Mais la premi\u00e8re \u00e9tape \u00e9tait franchie avec succ\u00e8s et la revanche de 1940 d\u00e9finitivement engag\u00e9e.<\/p>\n<p style=\"text-align: justify;\">BM n\u00b0 49 \u2013 Juin 1999<\/p>\n","protected":false},"excerpt":{"rendered":"<p>55E ANNIVERSAIRE DU D\u00c9BARQUEMENT DES ALLIES EN NORMANDIE Cette bataille de Normandie a \u00e9t\u00e9 le dernier grand engagement de la Seconde Guerre Mondiale. Elle fut l\u2019une des op\u00e9rations les plus risqu\u00e9es jamais organis\u00e9es : Un rappel de l\u2019engagement de tous ces hommes. L\u2019OPERATION \u00ab OVERLORD \u00bb Dans la nuit du 4 au 5 juin 1944, &hellip; <\/p>\n<p><a class=\"more-link btn\" href=\"https:\/\/www.mairie-chailly-en-biere.fr\/?page_id=1406\">Lire la suite<\/a><\/p>\n","protected":false},"author":2,"featured_media":0,"parent":1670,"menu_order":6,"comment_status":"closed","ping_status":"closed","template":"","meta":{"footnotes":""},"class_list":["post-1406","page","type-page","status-publish","hentry","nodate","item-wrap"],"_links":{"self":[{"href":"https:\/\/www.mairie-chailly-en-biere.fr\/index.php?rest_route=\/wp\/v2\/pages\/1406","targetHints":{"allow":["GET"]}}],"collection":[{"href":"https:\/\/www.mairie-chailly-en-biere.fr\/index.php?rest_route=\/wp\/v2\/pages"}],"about":[{"href":"https:\/\/www.mairie-chailly-en-biere.fr\/index.php?rest_route=\/wp\/v2\/types\/page"}],"author":[{"embeddable":true,"href":"https:\/\/www.mairie-chailly-en-biere.fr\/index.php?rest_route=\/wp\/v2\/users\/2"}],"replies":[{"embeddable":true,"href":"https:\/\/www.mairie-chailly-en-biere.fr\/index.php?rest_route=%2Fwp%2Fv2%2Fcomments&post=1406"}],"version-history":[{"count":4,"href":"https:\/\/www.mairie-chailly-en-biere.fr\/index.php?rest_route=\/wp\/v2\/pages\/1406\/revisions"}],"predecessor-version":[{"id":7216,"href":"https:\/\/www.mairie-chailly-en-biere.fr\/index.php?rest_route=\/wp\/v2\/pages\/1406\/revisions\/7216"}],"up":[{"embeddable":true,"href":"https:\/\/www.mairie-chailly-en-biere.fr\/index.php?rest_route=\/wp\/v2\/pages\/1670"}],"wp:attachment":[{"href":"https:\/\/www.mairie-chailly-en-biere.fr\/index.php?rest_route=%2Fwp%2Fv2%2Fmedia&parent=1406"}],"curies":[{"name":"wp","href":"https:\/\/api.w.org\/{rel}","templated":true}]}}