{"id":140,"date":"2010-12-17T06:33:11","date_gmt":"2010-12-17T06:33:11","guid":{"rendered":"https:\/\/www.mairie-chailly-en-biere.fr\/?page_id=140"},"modified":"2011-03-09T09:25:27","modified_gmt":"2011-03-09T09:25:27","slug":"biscotterie-hutteau","status":"publish","type":"page","link":"https:\/\/www.mairie-chailly-en-biere.fr\/?page_id=140","title":{"rendered":"Biscotterie Hutteau"},"content":{"rendered":"<p>Comme le dit la chanson d\u2019Aznavour : \u00ab je vous parle d\u2019un temps que les moins de 20 ans ne peuvent pas conna\u00eetre\u2026 \u00bb.<\/p>\n<p>Eh oui, nous avons eu une biscuiterie \u00e0 Chailly et beaucoup de personnes y ont travaill\u00e9.<\/p>\n<p>Un petit retour en arri\u00e8re ou \u00ab comment naquit cette histoire ? \u00bb.<\/p>\n<p>A Fleury, avant la guerre de 1940, s\u2019\u00e9tait install\u00e9 un brave homme avec son \u00e9pouse et sa fille dans le fonds d\u2019\u00e9picerie-bistrot. Le commerce de village n\u2019\u00e9tait pas facile, surtout \u00e0 cette \u00e9poque, mais ils \u00e9taient tr\u00e8s estim\u00e9s des habitants de la commune.<\/p>\n<p>Puis dans les ann\u00e9es 50\/60, la jeune fille fut en \u00e2ge de se marier. Elle rencontra un prince charmant et convola en justes noces.<\/p>\n<p>Le jeune mari\u00e9 \u00e9tait plein d\u2019id\u00e9es et il n\u2019eut d\u2019obsession et il n\u2019eut d\u2019obsession que de cr\u00e9er sa propre entreprise, son id\u00e9e \u00e9tait une biscotterie.<\/p>\n<p>Ce qui fut dit, fut fait, beau-papa lui pr\u00eata sa grande salle de r\u00e9ception (l\u00e0 o\u00f9 se faisaient les banquets du village) pour y installer les machines et tout le mat\u00e9riel qui serviraient \u00e0 confectionner le pain de mie, le couper en tranches, puis le cuire, faire la mise en sachet, ainsi que ses services administratifs, etc. Et voil\u00e0 comment tout commen\u00e7a !<\/p>\n<p>Apr\u00e8s les balbutiements de d\u00e9part, la reconnaissance de la qualit\u00e9 du produit propos\u00e9, l\u2019affaire prosp\u00e9ra tr\u00e8s rapidement.<\/p>\n<p>Les lieux devinrent bient\u00f4t trop exigus et il fallut rechercher une demeure plus vaste pour agrandir l\u2019entreprise, les biscottes Hutteau \u2013 du nom du cr\u00e9ateur \u2013 commen\u00e7aient \u00e0 \u00eatre connues, la demande devenait r\u00e9elle, les boulangers et \u00e9piciers de la r\u00e9gion \u00e9taient d\u00e9positaires du produit, en un mot \u00ab cela marchait ! \u00bb.<\/p>\n<p>Il prospecta pour trouver un endroit plus vaste et trouva une grande maison \u00e0 Chailly-en-Bi\u00e8re, y fit les transformations et c\u2019est l\u00e0 que la biscotterie Hutteau prit son plein essor\u2026<\/p>\n<p>Fran\u00e7oise Bertin<\/p>\n<p>B.M. n\u00b0 60 \u2013 juin 2003<\/p>\n","protected":false},"excerpt":{"rendered":"<p>Comme le dit la chanson d\u2019Aznavour : \u00ab je vous parle d\u2019un temps que les moins de 20 ans ne peuvent pas conna\u00eetre\u2026 \u00bb. Eh oui, nous avons eu une biscuiterie \u00e0 Chailly et beaucoup de personnes y ont travaill\u00e9. Un petit retour en arri\u00e8re ou \u00ab comment naquit cette histoire ? \u00bb. A Fleury, &hellip; <\/p>\n<p><a class=\"more-link btn\" href=\"https:\/\/www.mairie-chailly-en-biere.fr\/?page_id=140\">Lire la suite<\/a><\/p>\n","protected":false},"author":2,"featured_media":0,"parent":124,"menu_order":5,"comment_status":"closed","ping_status":"closed","template":"","meta":{"footnotes":""},"class_list":["post-140","page","type-page","status-publish","hentry","nodate","item-wrap"],"_links":{"self":[{"href":"https:\/\/www.mairie-chailly-en-biere.fr\/index.php?rest_route=\/wp\/v2\/pages\/140","targetHints":{"allow":["GET"]}}],"collection":[{"href":"https:\/\/www.mairie-chailly-en-biere.fr\/index.php?rest_route=\/wp\/v2\/pages"}],"about":[{"href":"https:\/\/www.mairie-chailly-en-biere.fr\/index.php?rest_route=\/wp\/v2\/types\/page"}],"author":[{"embeddable":true,"href":"https:\/\/www.mairie-chailly-en-biere.fr\/index.php?rest_route=\/wp\/v2\/users\/2"}],"replies":[{"embeddable":true,"href":"https:\/\/www.mairie-chailly-en-biere.fr\/index.php?rest_route=%2Fwp%2Fv2%2Fcomments&post=140"}],"version-history":[{"count":3,"href":"https:\/\/www.mairie-chailly-en-biere.fr\/index.php?rest_route=\/wp\/v2\/pages\/140\/revisions"}],"predecessor-version":[{"id":142,"href":"https:\/\/www.mairie-chailly-en-biere.fr\/index.php?rest_route=\/wp\/v2\/pages\/140\/revisions\/142"}],"up":[{"embeddable":true,"href":"https:\/\/www.mairie-chailly-en-biere.fr\/index.php?rest_route=\/wp\/v2\/pages\/124"}],"wp:attachment":[{"href":"https:\/\/www.mairie-chailly-en-biere.fr\/index.php?rest_route=%2Fwp%2Fv2%2Fmedia&parent=140"}],"curies":[{"name":"wp","href":"https:\/\/api.w.org\/{rel}","templated":true}]}}