{"id":1392,"date":"2011-03-09T13:07:19","date_gmt":"2011-03-09T13:07:19","guid":{"rendered":"https:\/\/www.mairie-chailly-en-biere.fr\/?page_id=1392"},"modified":"2011-03-10T08:23:45","modified_gmt":"2011-03-10T08:23:45","slug":"la-rue-de-la-fosse-aux-loups","status":"publish","type":"page","link":"https:\/\/www.mairie-chailly-en-biere.fr\/?page_id=1392","title":{"rendered":"La rue de la fosse aux loups"},"content":{"rendered":"<div id=\"attachment_1411\" style=\"width: 300px\" class=\"wp-caption alignleft\"><a href=\"https:\/\/www.mairie-chailly-en-biere.fr\/?attachment_id=1411\" rel=\"attachment wp-att-1411\"><img loading=\"lazy\" decoding=\"async\" aria-describedby=\"caption-attachment-1411\" src=\"https:\/\/www.mairie-chailly-en-biere.fr\/wp-content\/uploads\/fosseauxloups-300x194.jpg\" alt=\"rue de la fosse aux loups\" title=\"rue de la fosse aux loups\" width=\"300\" height=\"194\" class=\"size-medium wp-image-1411\" srcset=\"https:\/\/www.mairie-chailly-en-biere.fr\/wp-content\/uploads\/fosseauxloups-300x194.jpg 300w, https:\/\/www.mairie-chailly-en-biere.fr\/wp-content\/uploads\/fosseauxloups.jpg 400w\" sizes=\"auto, (max-width: 300px) 100vw, 300px\" \/><\/a><p id=\"caption-attachment-1411\" class=\"wp-caption-text\">rue de la fosse aux loups<\/p><\/div>\n<p>Cela commence comme une histoire d\u2019enfant : il \u00e9tait une fois le grand m\u00e9chant loup !\u2026<\/p>\n<p>Dans l\u2019Antiquit\u00e9, seuls les romains rendirent hommage aux loups. En effet, les fondateurs de Rome, R\u00e9mus et Romulus, furent sauv\u00e9s par une louve qui les allaita.<\/p>\n<p>Ensuite, ces b\u00eates monstrueuses terroris\u00e8rent petits et grands. Buffon les d\u00e9crivit plus tard comme nuisibles de leur vivant et inutiles apr\u00e8s la mort.<\/p>\n<p>Selon la tradition chr\u00e9tienne, ils \u00e9taient des fl\u00e9aux envoy\u00e9s par Dieu, et d\u00e8s le V\u00e8me si\u00e8cle on invoquait Saint Loup, Ev\u00eaque de Bayeux, pour tuer le mauvais loup. En 813 Charlemagne, un an avant sa mort, d\u00e9signa dans son comt\u00e9 deux officiers charg\u00e9s de la destruction des loups : les Lapar\u00fcs. En 1114, le synode de Saint Jacques de Compostelle \u00e9dicte un canon qui organise la chasse aux loups dans tous les pays de la chr\u00e9tiennet\u00e9 occidentale et c\u2019est ainsi que les chaillotins se motivent pour combattre cette b\u00eate f\u00e9roce.<\/p>\n<p>En 1479, sous Louis XI, Fran\u00e7ois de la Boissi\u00e8re, seigneur de Fa\u00ff, fut grand louvetier. Il avait la charge de la chasse aux loups dans toute la royaut\u00e9.<\/p>\n<p>Sous Louis XVI, habitait dans la rue de la Fosse aux loups. Fran\u00e7ois Goix. On retrouve sa trace dans un document cot\u00e9 B502 des archives d\u00e9partementales o\u00f9 il fait donation \u00e0 ses enfants de sa maison dans la rue du village. Elle fut d\u00e9truite par un incendie \u00e0 la R\u00e9volution car M. Goix \u00e9tait en quelque sorte au service du Roi. Manouvrier de son \u00e9tat, il \u00e9levait la meute de chiens et avait pour mission d\u2019entretenir la \u00ab fosse aux loups \u00bb.<\/p>\n<p>Prolong\u00e9e par la rue de Samois, la rue de la Fosse aux Loups menait d\u00e9j\u00e0, \u00e0 travers les terres cultiv\u00e9es, jusqu\u2019\u00e0 la limite de la for\u00eat de Fontainebleau. Epineux, houx, ronces et fragons infranchissables par les b\u00eates sauvages la cl\u00f4turaient. Le seul passage entretenu par les hommes \u00e9tait la \u00ab br\u00e8che aux loups \u00bb, encore existante, c\u2019est maintenant une propri\u00e9t\u00e9 priv\u00e9e. Derri\u00e8re cette br\u00e8che, une fosse rectangulaire couverte de branchages, au fond conique pour \u00e9viter la fuite de la proie, servait de pi\u00e8ge \u00e0 la b\u00eate forc\u00e9e par les chiens.<\/p>\n<p>Affam\u00e9s, les loups sortaient sournoisement de la for\u00eat aux abords du village. D\u00e8s leur vue, tous les habitants lan\u00e7aient le cri d\u2019appel \u00ab au loup, aux loup \u00bb. La chasse s\u2019organisait. On sortait les chiens qui partaient en battue command\u00e9e par les hommes pr\u00e9vus \u00e0 cet effet, et le loup, forc\u00e9 jusqu\u2019\u00e0 la br\u00e8che, tombait dans la fosse.<\/p>\n<p>L\u2019histoire se termine bien\u2026 les loups ne font plus peur aux petits enfants. Ils ont adopt\u00e9 Mowgli dans le \u00ab Livre de la jungle \u00bb (Rudyard Kippling) et sont devenus vedettes de cin\u00e9ma avec \u00ab Danse avec les loups \u00bb. Apprivois\u00e9s et crois\u00e9s avec des chiens, ils sont maintenant les gardiens fid\u00e8les de nos maisons. La rue de la Fosse aux Loups n\u2019est plus pour eux qu\u2019une petite promenade tranquille.<\/p>\n<p>J.P.L.<br \/>\nB.M. n\u00b0 48 &#8211; Octobre 1996<\/p>\n","protected":false},"excerpt":{"rendered":"<p>Cela commence comme une histoire d\u2019enfant : il \u00e9tait une fois le grand m\u00e9chant loup !\u2026 Dans l\u2019Antiquit\u00e9, seuls les romains rendirent hommage aux loups. En effet, les fondateurs de Rome, R\u00e9mus et Romulus, furent sauv\u00e9s par une louve qui les allaita. Ensuite, ces b\u00eates monstrueuses terroris\u00e8rent petits et grands. Buffon les d\u00e9crivit plus tard &hellip; <\/p>\n<p><a class=\"more-link btn\" href=\"https:\/\/www.mairie-chailly-en-biere.fr\/?page_id=1392\">Lire la suite<\/a><\/p>\n","protected":false},"author":2,"featured_media":0,"parent":101,"menu_order":4,"comment_status":"closed","ping_status":"closed","template":"","meta":{"footnotes":""},"class_list":["post-1392","page","type-page","status-publish","hentry","nodate","item-wrap"],"_links":{"self":[{"href":"https:\/\/www.mairie-chailly-en-biere.fr\/index.php?rest_route=\/wp\/v2\/pages\/1392","targetHints":{"allow":["GET"]}}],"collection":[{"href":"https:\/\/www.mairie-chailly-en-biere.fr\/index.php?rest_route=\/wp\/v2\/pages"}],"about":[{"href":"https:\/\/www.mairie-chailly-en-biere.fr\/index.php?rest_route=\/wp\/v2\/types\/page"}],"author":[{"embeddable":true,"href":"https:\/\/www.mairie-chailly-en-biere.fr\/index.php?rest_route=\/wp\/v2\/users\/2"}],"replies":[{"embeddable":true,"href":"https:\/\/www.mairie-chailly-en-biere.fr\/index.php?rest_route=%2Fwp%2Fv2%2Fcomments&post=1392"}],"version-history":[{"count":7,"href":"https:\/\/www.mairie-chailly-en-biere.fr\/index.php?rest_route=\/wp\/v2\/pages\/1392\/revisions"}],"predecessor-version":[{"id":1413,"href":"https:\/\/www.mairie-chailly-en-biere.fr\/index.php?rest_route=\/wp\/v2\/pages\/1392\/revisions\/1413"}],"up":[{"embeddable":true,"href":"https:\/\/www.mairie-chailly-en-biere.fr\/index.php?rest_route=\/wp\/v2\/pages\/101"}],"wp:attachment":[{"href":"https:\/\/www.mairie-chailly-en-biere.fr\/index.php?rest_route=%2Fwp%2Fv2%2Fmedia&parent=1392"}],"curies":[{"name":"wp","href":"https:\/\/api.w.org\/{rel}","templated":true}]}}