{"id":1379,"date":"2011-03-09T12:43:47","date_gmt":"2011-03-09T12:43:47","guid":{"rendered":"https:\/\/www.mairie-chailly-en-biere.fr\/?page_id=1379"},"modified":"2011-03-11T10:04:23","modified_gmt":"2011-03-11T10:04:23","slug":"le-pere-perrin","status":"publish","type":"page","link":"https:\/\/www.mairie-chailly-en-biere.fr\/?page_id=1379","title":{"rendered":"Le P\u00e8re Perrin"},"content":{"rendered":"<div id=\"attachment_1629\" style=\"width: 200px\" class=\"wp-caption alignleft\"><a href=\"https:\/\/www.mairie-chailly-en-biere.fr\/?attachment_id=1629\" rel=\"attachment wp-att-1629\"><img loading=\"lazy\" decoding=\"async\" aria-describedby=\"caption-attachment-1629\" src=\"https:\/\/www.mairie-chailly-en-biere.fr\/wp-content\/uploads\/LE-PERE-PERRIN_image001.jpg\" alt=\"LE PERE PERRIN\" title=\"LE PERE PERRIN\" width=\"200\" height=\"264\" class=\"size-full wp-image-1629\" \/><\/a><p id=\"caption-attachment-1629\" class=\"wp-caption-text\">LE PERE PERRIN<\/p><\/div>\n<p><strong>Coup de projecteur : le P\u00e8re Perrin<\/strong><\/p>\n<p>On me demande d&rsquo;apporter ma contribution \u00e0 la r\u00e9daction de notre Bulletin Municipal de Chailly. En quelque sorte d&rsquo;ajouter mon Curriculum Vitae \u00e0 celui d&rsquo;autres Chaillotins, d\u00e9j\u00e0 publi\u00e9s. C&rsquo;est ce que l&rsquo;on peut appeler un exercice plut\u00f4t d\u00e9licat.<\/p>\n<p>A mon \u00e2ge, le plus facile est encore de se contenter de suivre tout simplement l&rsquo;ordre chronologique d&rsquo;une vie.<\/p>\n<p>N\u00e9 \u00e0 Paris, au tout premier jour de la Grande Guerre (celle de 14), dans le quartier du Gros-Caillou (pr\u00e9cis\u00e9ment le m\u00eame que celui de M. Claude Cottereau, notre ancien Maire), d&rsquo;une honn\u00eate famille avec un P\u00e8re et une M\u00e8re admirables. L&rsquo;un de mes fr\u00e8res, mon a\u00een\u00e9 de quatre ans, est aussi devenu Pr\u00eatre, actuellement toujours Cur\u00e9 de Faremoutiers : dans le nord du dioc\u00e8se. Apr\u00e8s mes \u00e9tudes de Th\u00e9ologie \u00e0 Meaux, pensant me consacrer \u00e0 l&rsquo;\u00e9ducation de la Jeunesse, dans l&rsquo;Enseignement libre, je commence par \u00eatre Professeur au Coll\u00e8ge Saint Aspais de Melun.<\/p>\n<p>Carri\u00e8re tout de suite interrompue par la seconde guerre mondiale (celle de 40), \u00e0 laquelle je participe comme simple Lieutenant dans la 5e D.L.C. (Division L\u00e9g\u00e8re de Cavalerie), \u00e0 la bataille des Ardennes (Sedan, la Belgique) et celle de la Normandie. Apr\u00e8s la Loire, comme tous, je pleure sur la France, au jour de l&rsquo;in\u00e9vitable Armistice.<\/p>\n<p>Au retour, nouveau professorat, puis vicariat \u00e0 Fontainebleau. Ensuite \u00e0 Montereau o\u00f9 je retrouve, pendant les ann\u00e9es de l&rsquo;Occupation, mon camarade de S\u00e9minaire, l&rsquo;Abb\u00e9 Lemaire, qui devint le Cur\u00e9 bien connu de Ponthierry. On m&rsquo;envoie ensuite comme Cur\u00e9 de campagne \u00e0 Verneuil l&rsquo;Etang. Apr\u00e8s seulement trois ans, j&rsquo;ai la chance de pouvoir partir au Maroc, comme \u00abFidei Donum\u00bb (chaque dioc\u00e8se de France devait fournir un ou deux pr\u00eatres pour les Missions).<\/p>\n<p>Et je resterai quinze ann\u00e9es, \u00e0 ce titre, \u00e0 Casablanca, sans doute les meilleures de ma vie.<\/p>\n<p>Ma Paroisse Saint Louis \u00e9tait en d\u00e9veloppement constant, divis\u00e9e en deux quartiers, Beaus\u00e9jour et l&rsquo;Oasis, sur le mod\u00e8le que j&rsquo;ai retrouv\u00e9 par la suite \u00e0 Chailly et Barbizon.<\/p>\n<p>Beaucoup d&rsquo;activit\u00e9s pastorales avec mes deux vicaires. Entre autres, j&rsquo;ai rencontr\u00e9 l\u00e0 le P\u00e8re Damien Avril, dominicain connu ensuite aux \u00e9missions du Jour du Seigneur de notre t\u00e9l\u00e9vision nationale. Nous nous occupions ensemble de Troupes Scoutes, des Scouts de France, qui \u00e9taient alors authentiquement scoutes et catholiques.<\/p>\n<p>A l&rsquo;arriv\u00e9e d&rsquo;un nouvel \u00e9v\u00eaque \u00e0 Meaux, je suis rappel\u00e9 dans notre dioc\u00e8se, qui commen\u00e7ait d\u00e9j\u00e0 manquer de pr\u00eatres. Rien \u00e0 dire \u00e0 cela, j&rsquo;avais \u00e9t\u00e9 pr\u00eat\u00e9 pour cinq ans et j&rsquo;ai pu rester au Maroc pendant quinze ans. L&rsquo;\u00e9glise que j&rsquo;ai d\u00fb faire construire \u00e0 Casablanca pour nos 15.000 chr\u00e9tiens a \u00e9t\u00e9 revendue, peu apr\u00e8s mon d\u00e9part, pour devenir une mosqu\u00e9e. Les acheteurs musulmans ont promis \u00e0 l&rsquo;Archev\u00eaque : \u00abElle \u00e9tait une Maison de Pri\u00e8re, elle le restera pour invoquer Dieu\u00bb.<\/p>\n<p>De retour en France, on me confie le poste de Villeparisis, 15.000 habitants, en communaut\u00e9 avec deux vicaires. Cinq ann\u00e9es l\u00e0-bas, plut\u00f4t \u00abmissionnaires\u00bb, pas du tout d\u00e9sagr\u00e9able.<\/p>\n<p>Et, enfin, Chailly-en-Bi\u00e8re et Barbizon, dont j&rsquo;avais jusque l\u00e0 tr\u00e8s vaguement entendu parler. Voici maintenant 31 ans, succ\u00e9dant \u00e0 l&rsquo;abb\u00e9 Legros, parti pour \u00eatre Cur\u00e9-Doyen de Nangis.<\/p>\n<p>Depuis le d\u00e9but de ces 31 ann\u00e9es, j&rsquo;ai eu la chance de conna\u00eetre huit Maires. Un seul est d\u00e9c\u00e9d\u00e9, M. Jacquet, que j&rsquo;ai pas vu longtemps et qui venait de faire agrandir la Chapelle de Barbizon. J&rsquo;ai \u00abgard\u00e9\u00bb les sept autres Maires, bien vivants et avec Eux, nous nous sommes retrouv\u00e9s tr\u00e8s r\u00e9cemment pour un d\u00eener plein de souvenir et d&rsquo;amiti\u00e9. J&rsquo;ai plaisir \u00e0 les nommer : M. Bertheau et M. Cottereau (restaurateur de notre \u00e9glise) et M. Lebarq, notre Maire actuel, pour Chailly ; M. Leroux et Mme Avelange pour Barbizon ; M. Boileau et M. Renault, ancien et actuel Maires de Saint Martin.<\/p>\n<p>Grande joie pour un Cur\u00e9 et ses Maires d&rsquo;\u00eatre rest\u00e9s toujours unis dans le service de leurs Concitoyens et Paroissiens.<\/p>\n<p>P. Perrin, Cur\u00e9 de Chailly-en-Bi\u00e8re et Barbizon.<\/p>\n<p>B.M. n\u00b0 48 \u2013 Janvier 1999<\/p>\n","protected":false},"excerpt":{"rendered":"<p>Coup de projecteur : le P\u00e8re Perrin On me demande d&rsquo;apporter ma contribution \u00e0 la r\u00e9daction de notre Bulletin Municipal de Chailly. En quelque sorte d&rsquo;ajouter mon Curriculum Vitae \u00e0 celui d&rsquo;autres Chaillotins, d\u00e9j\u00e0 publi\u00e9s. C&rsquo;est ce que l&rsquo;on peut appeler un exercice plut\u00f4t d\u00e9licat. A mon \u00e2ge, le plus facile est encore de se &hellip; <\/p>\n<p><a class=\"more-link btn\" href=\"https:\/\/www.mairie-chailly-en-biere.fr\/?page_id=1379\">Lire la suite<\/a><\/p>\n","protected":false},"author":2,"featured_media":0,"parent":55,"menu_order":4,"comment_status":"closed","ping_status":"closed","template":"","meta":{"footnotes":""},"class_list":["post-1379","page","type-page","status-publish","hentry","nodate","item-wrap"],"_links":{"self":[{"href":"https:\/\/www.mairie-chailly-en-biere.fr\/index.php?rest_route=\/wp\/v2\/pages\/1379","targetHints":{"allow":["GET"]}}],"collection":[{"href":"https:\/\/www.mairie-chailly-en-biere.fr\/index.php?rest_route=\/wp\/v2\/pages"}],"about":[{"href":"https:\/\/www.mairie-chailly-en-biere.fr\/index.php?rest_route=\/wp\/v2\/types\/page"}],"author":[{"embeddable":true,"href":"https:\/\/www.mairie-chailly-en-biere.fr\/index.php?rest_route=\/wp\/v2\/users\/2"}],"replies":[{"embeddable":true,"href":"https:\/\/www.mairie-chailly-en-biere.fr\/index.php?rest_route=%2Fwp%2Fv2%2Fcomments&post=1379"}],"version-history":[{"count":11,"href":"https:\/\/www.mairie-chailly-en-biere.fr\/index.php?rest_route=\/wp\/v2\/pages\/1379\/revisions"}],"predecessor-version":[{"id":1631,"href":"https:\/\/www.mairie-chailly-en-biere.fr\/index.php?rest_route=\/wp\/v2\/pages\/1379\/revisions\/1631"}],"up":[{"embeddable":true,"href":"https:\/\/www.mairie-chailly-en-biere.fr\/index.php?rest_route=\/wp\/v2\/pages\/55"}],"wp:attachment":[{"href":"https:\/\/www.mairie-chailly-en-biere.fr\/index.php?rest_route=%2Fwp%2Fv2%2Fmedia&parent=1379"}],"curies":[{"name":"wp","href":"https:\/\/api.w.org\/{rel}","templated":true}]}}