{"id":1376,"date":"2011-03-09T12:42:18","date_gmt":"2011-03-09T12:42:18","guid":{"rendered":"https:\/\/www.mairie-chailly-en-biere.fr\/?page_id=1376"},"modified":"2011-03-17T15:03:06","modified_gmt":"2011-03-17T15:03:06","slug":"lucie-gabrielle%e2%80%a6-lucienne-marcelle%e2%80%a6-solange","status":"publish","type":"page","link":"https:\/\/www.mairie-chailly-en-biere.fr\/?page_id=1376","title":{"rendered":"Lucie-Gabrielle\u2026 Lucienne-Marcelle\u2026 Solange"},"content":{"rendered":"<div id=\"attachment_2078\" style=\"width: 243px\" class=\"wp-caption alignleft\"><a href=\"https:\/\/www.mairie-chailly-en-biere.fr\/?attachment_id=2078\" rel=\"attachment wp-att-2078\"><img loading=\"lazy\" decoding=\"async\" aria-describedby=\"caption-attachment-2078\" src=\"https:\/\/www.mairie-chailly-en-biere.fr\/wp-content\/uploads\/cloches2bis1.jpg\" alt=\"B\u00e9n\u00e9diction de &quot;Solange&quot;\" title=\"B\u00e9n\u00e9diction de &quot;Solange&quot;\" width=\"243\" height=\"340\" class=\"size-full wp-image-2078\" srcset=\"https:\/\/www.mairie-chailly-en-biere.fr\/wp-content\/uploads\/cloches2bis1.jpg 243w, https:\/\/www.mairie-chailly-en-biere.fr\/wp-content\/uploads\/cloches2bis1-214x300.jpg 214w\" sizes=\"auto, (max-width: 243px) 100vw, 243px\" \/><\/a><p id=\"caption-attachment-2078\" class=\"wp-caption-text\">B\u00e9n\u00e9diction de &quot;Solange&quot;<\/p><\/div>\n<p>Elles sont trois, elles sont les cloches de Chailly et forment un carillon d\u2019une grande puret\u00e9. Il n\u2019en a pas toujours \u00e9t\u00e9 ainsi, car il arrive parfois que les cloches meurent \u00e0 force de s\u2019\u00e9poumoner pour annoncer \u00e0 toute vol\u00e9e les offices religieux et les grands moments heureux et malheureux.<\/p>\n<p>Voici leur histoire succincte.<\/p>\n<p>Le clocher de l\u2019\u00e9glise appel\u00e9 \u00e0 l\u2019\u00e9poque \u00ab la tour \u00bb fut construit en 1765 gr\u00e2ce \u00e0 une bourse accord\u00e9e par le roi Louis XV. En effet au d\u00e9but de l\u2019an 1764 le cur\u00e9 Guignard et les habitants de Chailly adress\u00e8rent \u00e0 Monsieur Laverdy, contr\u00f4leur g\u00e9n\u00e9ral du roi, un placet afin qu\u2019ils soient aid\u00e9s pour le \u00ab r\u00e9tablissement de l\u2019\u00e9glise et la reconstruction de la tour \u00bb (l\u2019ancienne ainsi qu\u2019une partie de la nef ayant \u00e9t\u00e9 d\u00e9truites en 1763 par un incendie). Sur les recommandations du cardinal de Luynes, alors archev\u00eaque de Sens, le roi accorda sur le tr\u00e9sor royal une somme de 3 288 livres pour l\u2019\u00e9glise et une somme de 9 000 livres pour la reconstruction de la tour.<\/p>\n<p>Deux cloches furent install\u00e9es et b\u00e9nites en 1785 soit 20 ans apr\u00e8s la reconstruction de la tour. Ces deux cloches furent ensuite remplac\u00e9es par un gros bourdon, parce qu\u2019elles s\u2019\u00e9taient peut-\u00eatre f\u00eal\u00e9es.<\/p>\n<p>Cette cloche qui sonna l\u2019Ang\u00e9lus de Millet avait \u00e9t\u00e9 b\u00e9nie le 29 mai 1823. S\u2019\u00e9tant \u00e0 son tour f\u00eal\u00e9e, elle fut remplac\u00e9e par deux cloches qui sont actuellement en place et baptis\u00e9es :<\/p>\n<p>&#8211;  \u00ab Lucie-Gabrielle \u00bb p\u00e8se 491 kg et sonne le Sol di\u00e8se<br \/>\n&#8211; \u00ab Lucienne-Marcelle \u00bb p\u00e8se 336 kg et sonne le La di\u00e8se<\/p>\n<p>et ont eu pour parrains et marraines de fid\u00e8les paroissiens de Chailly :<\/p>\n<p>&#8211; Lucie Drulle et Gabriel Chambraud<br \/>\n&#8211; Lucienne Billard et Marcel Baurain<\/p>\n<p>Elles furent fondues avec le m\u00e9tal du bourdon b\u00e9ni en 1823. Ce remplacement fut r\u00e9alis\u00e9 par l\u2019Abb\u00e9 Legros et elles ont \u00e9t\u00e9 b\u00e9nies par Monseigneur M\u00e9nager, le 4 septembre 1966, en pr\u00e9sence de Monsieur Jacques Bertheau, maire de Chailly-en-Bi\u00e8re et de Monsieur Roger Leroux, maire de Barbizon.<\/p>\n<p>La troisi\u00e8me cloche offerte par notre cur\u00e9, le p\u00e8re Perrin, avec une participation communale, fut b\u00e9nie le 19 septembre 1993 par monseigneur Cornet, \u00e9v\u00eaque de Meaux en pr\u00e9sence de Monsieur Claude Cottereau, Maire de Chailly-en-Bi\u00e8re, et de Madame Gis\u00e8le Avelange, maire de Barbizon. Elle s\u2019appelle \u00ab Solange \u00bb en souvenir d\u2019une jeune s\u0153ur d\u00e9funte de notre cur\u00e9.<\/p>\n<p>Elle p\u00e8se 230 kg, sonne le Do di\u00e8se et a pour parrain et marraine Pierre Dubois, Mich\u00e8le Migonney et Andr\u00e9e Magne.<\/p>\n<p>Elles furent toutes trois fondues par monseigneur Dominique Boll\u00e9e, ma\u00eetre Saintier. Les Boll\u00e9e sont originaires de Breuvannes en Haute-Marne, berceau des fondeurs de cloches. Fondeurs ambulants depuis 1715, ils s\u2019install\u00e8rent en 1838 pr\u00e8s d\u2019Orl\u00e9ans, \u00e0 Saint Jean de Braye.<\/p>\n<p>Claude Cottereau<br \/>\nB.M. n\u00b0 62 &#8211; Janvier 2004<\/p>\n","protected":false},"excerpt":{"rendered":"<p>Elles sont trois, elles sont les cloches de Chailly et forment un carillon d\u2019une grande puret\u00e9. Il n\u2019en a pas toujours \u00e9t\u00e9 ainsi, car il arrive parfois que les cloches meurent \u00e0 force de s\u2019\u00e9poumoner pour annoncer \u00e0 toute vol\u00e9e les offices religieux et les grands moments heureux et malheureux. Voici leur histoire succincte. Le &hellip; <\/p>\n<p><a class=\"more-link btn\" href=\"https:\/\/www.mairie-chailly-en-biere.fr\/?page_id=1376\">Lire la suite<\/a><\/p>\n","protected":false},"author":2,"featured_media":0,"parent":55,"menu_order":3,"comment_status":"closed","ping_status":"closed","template":"","meta":{"footnotes":""},"class_list":["post-1376","page","type-page","status-publish","hentry","nodate","item-wrap"],"_links":{"self":[{"href":"https:\/\/www.mairie-chailly-en-biere.fr\/index.php?rest_route=\/wp\/v2\/pages\/1376","targetHints":{"allow":["GET"]}}],"collection":[{"href":"https:\/\/www.mairie-chailly-en-biere.fr\/index.php?rest_route=\/wp\/v2\/pages"}],"about":[{"href":"https:\/\/www.mairie-chailly-en-biere.fr\/index.php?rest_route=\/wp\/v2\/types\/page"}],"author":[{"embeddable":true,"href":"https:\/\/www.mairie-chailly-en-biere.fr\/index.php?rest_route=\/wp\/v2\/users\/2"}],"replies":[{"embeddable":true,"href":"https:\/\/www.mairie-chailly-en-biere.fr\/index.php?rest_route=%2Fwp%2Fv2%2Fcomments&post=1376"}],"version-history":[{"count":4,"href":"https:\/\/www.mairie-chailly-en-biere.fr\/index.php?rest_route=\/wp\/v2\/pages\/1376\/revisions"}],"predecessor-version":[{"id":1378,"href":"https:\/\/www.mairie-chailly-en-biere.fr\/index.php?rest_route=\/wp\/v2\/pages\/1376\/revisions\/1378"}],"up":[{"embeddable":true,"href":"https:\/\/www.mairie-chailly-en-biere.fr\/index.php?rest_route=\/wp\/v2\/pages\/55"}],"wp:attachment":[{"href":"https:\/\/www.mairie-chailly-en-biere.fr\/index.php?rest_route=%2Fwp%2Fv2%2Fmedia&parent=1376"}],"curies":[{"name":"wp","href":"https:\/\/api.w.org\/{rel}","templated":true}]}}